{"id":122041,"date":"2023-07-14T18:49:40","date_gmt":"2023-07-14T16:49:40","guid":{"rendered":"https:\/\/z-bike.ch\/shop\/unkategorisiert\/bmc-257-amp-al-two\/"},"modified":"2024-11-18T15:00:12","modified_gmt":"2024-11-18T14:00:12","slug":"bmc-257-amp-al-two","status":"publish","type":"product","link":"https:\/\/z-bike.ch\/de\/shop\/e-bike-de\/bmc-257-amp-al-two\/","title":{"rendered":"257 AMP AL TWO"},"content":{"rendered":"<section class=\"wpb-content-wrapper\"><p>[vc_row][vc_column][vc_column_text uncode_shortcode_id=&#8220;303985&#8243; css=&#8220;.vc_custom_1705403303967{padding-bottom: 36px !important;}&#8220;]<\/p>\n<h2>257 AMP AL TWO<\/h2>\n<p>Mit seinem klaren Look, der Liebe zum Detail und der funktionalen Integration ist der 257 AMP TWO Ihr idealer Partner, um Ihren t\u00e4glichen Aktivit\u00e4ten einen Schub zu geben. Sein Premium-Aluminiumrahmen ist leicht, vielseitig und pulverbeschichtet f\u00fcr eine l\u00e4ngere Lebensdauer.<\/p>\n<p>Der BOSCH Performance CX bietet eine kraftvolle und nat\u00fcrliche Tretunterst\u00fctzung, w\u00e4hrend der 625 Wh Hochleistungs-Akku lange Intervalle zwischen den Aufladungen garantiert. Das Kiox Display ist einfach zu bedienen und bietet dank der Konnektivit\u00e4t mit Bosch eBike Connect eine Vielzahl von Funktionen.<\/p>\n<h2>Einfache Kraft<\/h2>\n<p>Der BOSCH Performance CX Motor, nat\u00fcrlich s\u00fcchtig machend und leistungsstark, kombiniert mit dem ICS MTT Vorbau, der den Komfort verbessert, und der hochwertigen Beleuchtung vermittelt Ihnen das Gef\u00fchl von Geschwindigkeit und Sicherheit.<\/p>\n<h2>Speed is in the details<\/h2>\n<p>Entworfen, um den Asphalt mit einer modernen und eleganten \u00c4sthetik zu z\u00e4hmen.<\/p>\n<p>[\/vc_column_text][vc_single_image media=&#8220;118654&#8243; media_width_percent=&#8220;100&#8243; uncode_shortcode_id=&#8220;225296&#8243;][\/vc_column][\/vc_row]<\/p>\n<\/section>","protected":false},"excerpt":{"rendered":"<p>[vc_row][vc_column][vc_column_text uncode_shortcode_id=&#8220;303985&#8243; css=&#8220;.vc_custom_1705403303967{padding-bottom: 36px !important;}&#8220;] 257 AMP AL TWO Mit seinem klaren Look, der Liebe zum Detail und der funktionalen [&hellip;]<\/p>\n","protected":false},"featured_media":121356,"comment_status":"open","ping_status":"closed","template":"","meta":[],"product_cat":[283],"product_tag":[],"yoast_head":"<!-- This site is optimized with the Yoast SEO plugin v23.6 - https:\/\/yoast.com\/wordpress\/plugins\/seo\/ -->\n<title>257 AMP AL TWO - Z-Bike<\/title>\n<meta name=\"robots\" content=\"index, follow, max-snippet:-1, max-image-preview:large, max-video-preview:-1\" \/>\n<link rel=\"canonical\" href=\"https:\/\/z-bike.ch\/de\/shop\/e-bike-de\/bmc-257-amp-al-two\/\" \/>\n<meta property=\"og:locale\" content=\"de_DE\" \/>\n<meta property=\"og:type\" content=\"article\" \/>\n<meta property=\"og:title\" content=\"257 AMP AL TWO - Z-Bike\" \/>\n<meta property=\"og:description\" content=\"[vc_row][vc_column][vc_column_text uncode_shortcode_id=&#8220;303985&#8243; css=&#8220;.vc_custom_1705403303967{padding-bottom: 36px !important;}&#8220;] 257 AMP AL TWO Mit seinem klaren Look, der Liebe zum Detail und der funktionalen [&hellip;]\" \/>\n<meta property=\"og:url\" content=\"https:\/\/z-bike.ch\/de\/shop\/e-bike-de\/bmc-257-amp-al-two\/\" \/>\n<meta property=\"og:site_name\" content=\"Z-Bike\" \/>\n<meta property=\"article:publisher\" content=\"https:\/\/www.facebook.com\/zbikelugano\" \/>\n<meta property=\"article:modified_time\" content=\"2024-11-18T14:00:12+00:00\" \/>\n<meta property=\"og:image\" content=\"https:\/\/z-bike.ch\/wp-content\/uploads\/2023\/07\/Bmc_257AMP_AL_TWO-removebg-1.png\" \/>\n\t<meta property=\"og:image:width\" content=\"2000\" \/>\n\t<meta property=\"og:image:height\" content=\"1200\" \/>\n\t<meta property=\"og:image:type\" content=\"image\/png\" \/>\n<meta name=\"twitter:card\" content=\"summary_large_image\" \/>\n<meta name=\"twitter:label1\" content=\"Gesch\u00e4tzte Lesezeit\" \/>\n\t<meta name=\"twitter:data1\" content=\"1\u00a0Minute\" \/>\n<script type=\"application\/ld+json\" class=\"yoast-schema-graph\">{\"@context\":\"https:\/\/schema.org\",\"@graph\":[{\"@type\":\"WebPage\",\"@id\":\"https:\/\/z-bike.ch\/de\/shop\/e-bike-de\/bmc-257-amp-al-two\/\",\"url\":\"https:\/\/z-bike.ch\/de\/shop\/e-bike-de\/bmc-257-amp-al-two\/\",\"name\":\"257 AMP AL TWO - Z-Bike\",\"isPartOf\":{\"@id\":\"https:\/\/z-bike.ch\/#website\"},\"primaryImageOfPage\":{\"@id\":\"https:\/\/z-bike.ch\/de\/shop\/e-bike-de\/bmc-257-amp-al-two\/#primaryimage\"},\"image\":{\"@id\":\"https:\/\/z-bike.ch\/de\/shop\/e-bike-de\/bmc-257-amp-al-two\/#primaryimage\"},\"thumbnailUrl\":\"https:\/\/z-bike.ch\/wp-content\/uploads\/2023\/07\/Bmc_257AMP_AL_TWO-removebg-1.png\",\"datePublished\":\"2023-07-14T16:49:40+00:00\",\"dateModified\":\"2024-11-18T14:00:12+00:00\",\"breadcrumb\":{\"@id\":\"https:\/\/z-bike.ch\/de\/shop\/e-bike-de\/bmc-257-amp-al-two\/#breadcrumb\"},\"inLanguage\":\"de\",\"potentialAction\":[{\"@type\":\"ReadAction\",\"target\":[\"https:\/\/z-bike.ch\/de\/shop\/e-bike-de\/bmc-257-amp-al-two\/\"]}]},{\"@type\":\"ImageObject\",\"inLanguage\":\"de\",\"@id\":\"https:\/\/z-bike.ch\/de\/shop\/e-bike-de\/bmc-257-amp-al-two\/#primaryimage\",\"url\":\"https:\/\/z-bike.ch\/wp-content\/uploads\/2023\/07\/Bmc_257AMP_AL_TWO-removebg-1.png\",\"contentUrl\":\"https:\/\/z-bike.ch\/wp-content\/uploads\/2023\/07\/Bmc_257AMP_AL_TWO-removebg-1.png\",\"width\":2000,\"height\":1200},{\"@type\":\"BreadcrumbList\",\"@id\":\"https:\/\/z-bike.ch\/de\/shop\/e-bike-de\/bmc-257-amp-al-two\/#breadcrumb\",\"itemListElement\":[{\"@type\":\"ListItem\",\"position\":1,\"name\":\"Home\",\"item\":\"https:\/\/z-bike.ch\/de\/\"},{\"@type\":\"ListItem\",\"position\":2,\"name\":\"Shop\",\"item\":\"https:\/\/z-bike.ch\/de\/shop-3\/\"},{\"@type\":\"ListItem\",\"position\":3,\"name\":\"257 AMP AL TWO\"}]},{\"@type\":\"WebSite\",\"@id\":\"https:\/\/z-bike.ch\/#website\",\"url\":\"https:\/\/z-bike.ch\/\",\"name\":\"Z-Bike\",\"description\":\"Bici Elettriche Online Svizzera: Miglior Prezzo | Consegna Rapida\",\"publisher\":{\"@id\":\"https:\/\/z-bike.ch\/#organization\"},\"alternateName\":\"ZBike\",\"potentialAction\":[{\"@type\":\"SearchAction\",\"target\":{\"@type\":\"EntryPoint\",\"urlTemplate\":\"https:\/\/z-bike.ch\/?s={search_term_string}\"},\"query-input\":{\"@type\":\"PropertyValueSpecification\",\"valueRequired\":true,\"valueName\":\"search_term_string\"}}],\"inLanguage\":\"de\"},{\"@type\":\"Organization\",\"@id\":\"https:\/\/z-bike.ch\/#organization\",\"name\":\"Z-Bike\",\"url\":\"https:\/\/z-bike.ch\/\",\"logo\":{\"@type\":\"ImageObject\",\"inLanguage\":\"de\",\"@id\":\"https:\/\/z-bike.ch\/#\/schema\/logo\/image\/\",\"url\":\"https:\/\/z-bike.ch\/wp-content\/uploads\/2023\/07\/logo_z-bike_ori.svg\",\"contentUrl\":\"https:\/\/z-bike.ch\/wp-content\/uploads\/2023\/07\/logo_z-bike_ori.svg\",\"width\":1,\"height\":1,\"caption\":\"Z-Bike\"},\"image\":{\"@id\":\"https:\/\/z-bike.ch\/#\/schema\/logo\/image\/\"},\"sameAs\":[\"https:\/\/www.facebook.com\/zbikelugano\",\"https:\/\/www.instagram.com\/zbike.ebike\"]}]}<\/script>\n<!-- \/ Yoast SEO plugin. -->","yoast_head_json":{"title":"257 AMP AL TWO - Z-Bike","robots":{"index":"index","follow":"follow","max-snippet":"max-snippet:-1","max-image-preview":"max-image-preview:large","max-video-preview":"max-video-preview:-1"},"canonical":"https:\/\/z-bike.ch\/de\/shop\/e-bike-de\/bmc-257-amp-al-two\/","og_locale":"de_DE","og_type":"article","og_title":"257 AMP AL TWO - Z-Bike","og_description":"[vc_row][vc_column][vc_column_text uncode_shortcode_id=&#8220;303985&#8243; css=&#8220;.vc_custom_1705403303967{padding-bottom: 36px !important;}&#8220;] 257 AMP AL TWO Mit seinem klaren Look, der Liebe zum Detail und der funktionalen [&hellip;]","og_url":"https:\/\/z-bike.ch\/de\/shop\/e-bike-de\/bmc-257-amp-al-two\/","og_site_name":"Z-Bike","article_publisher":"https:\/\/www.facebook.com\/zbikelugano","article_modified_time":"2024-11-18T14:00:12+00:00","og_image":[{"width":2000,"height":1200,"url":"https:\/\/z-bike.ch\/wp-content\/uploads\/2023\/07\/Bmc_257AMP_AL_TWO-removebg-1.png","type":"image\/png"}],"twitter_card":"summary_large_image","twitter_misc":{"Gesch\u00e4tzte Lesezeit":"1\u00a0Minute"},"schema":{"@context":"https:\/\/schema.org","@graph":[{"@type":"WebPage","@id":"https:\/\/z-bike.ch\/de\/shop\/e-bike-de\/bmc-257-amp-al-two\/","url":"https:\/\/z-bike.ch\/de\/shop\/e-bike-de\/bmc-257-amp-al-two\/","name":"257 AMP AL TWO - Z-Bike","isPartOf":{"@id":"https:\/\/z-bike.ch\/#website"},"primaryImageOfPage":{"@id":"https:\/\/z-bike.ch\/de\/shop\/e-bike-de\/bmc-257-amp-al-two\/#primaryimage"},"image":{"@id":"https:\/\/z-bike.ch\/de\/shop\/e-bike-de\/bmc-257-amp-al-two\/#primaryimage"},"thumbnailUrl":"https:\/\/z-bike.ch\/wp-content\/uploads\/2023\/07\/Bmc_257AMP_AL_TWO-removebg-1.png","datePublished":"2023-07-14T16:49:40+00:00","dateModified":"2024-11-18T14:00:12+00:00","breadcrumb":{"@id":"https:\/\/z-bike.ch\/de\/shop\/e-bike-de\/bmc-257-amp-al-two\/#breadcrumb"},"inLanguage":"de","potentialAction":[{"@type":"ReadAction","target":["https:\/\/z-bike.ch\/de\/shop\/e-bike-de\/bmc-257-amp-al-two\/"]}]},{"@type":"ImageObject","inLanguage":"de","@id":"https:\/\/z-bike.ch\/de\/shop\/e-bike-de\/bmc-257-amp-al-two\/#primaryimage","url":"https:\/\/z-bike.ch\/wp-content\/uploads\/2023\/07\/Bmc_257AMP_AL_TWO-removebg-1.png","contentUrl":"https:\/\/z-bike.ch\/wp-content\/uploads\/2023\/07\/Bmc_257AMP_AL_TWO-removebg-1.png","width":2000,"height":1200},{"@type":"BreadcrumbList","@id":"https:\/\/z-bike.ch\/de\/shop\/e-bike-de\/bmc-257-amp-al-two\/#breadcrumb","itemListElement":[{"@type":"ListItem","position":1,"name":"Home","item":"https:\/\/z-bike.ch\/de\/"},{"@type":"ListItem","position":2,"name":"Shop","item":"https:\/\/z-bike.ch\/de\/shop-3\/"},{"@type":"ListItem","position":3,"name":"257 AMP AL TWO"}]},{"@type":"WebSite","@id":"https:\/\/z-bike.ch\/#website","url":"https:\/\/z-bike.ch\/","name":"Z-Bike","description":"Bici Elettriche Online Svizzera: Miglior Prezzo | Consegna Rapida","publisher":{"@id":"https:\/\/z-bike.ch\/#organization"},"alternateName":"ZBike","potentialAction":[{"@type":"SearchAction","target":{"@type":"EntryPoint","urlTemplate":"https:\/\/z-bike.ch\/?s={search_term_string}"},"query-input":{"@type":"PropertyValueSpecification","valueRequired":true,"valueName":"search_term_string"}}],"inLanguage":"de"},{"@type":"Organization","@id":"https:\/\/z-bike.ch\/#organization","name":"Z-Bike","url":"https:\/\/z-bike.ch\/","logo":{"@type":"ImageObject","inLanguage":"de","@id":"https:\/\/z-bike.ch\/#\/schema\/logo\/image\/","url":"https:\/\/z-bike.ch\/wp-content\/uploads\/2023\/07\/logo_z-bike_ori.svg","contentUrl":"https:\/\/z-bike.ch\/wp-content\/uploads\/2023\/07\/logo_z-bike_ori.svg","width":1,"height":1,"caption":"Z-Bike"},"image":{"@id":"https:\/\/z-bike.ch\/#\/schema\/logo\/image\/"},"sameAs":["https:\/\/www.facebook.com\/zbikelugano","https:\/\/www.instagram.com\/zbike.ebike"]}]}},"_links":{"self":[{"href":"https:\/\/z-bike.ch\/de\/wp-json\/wp\/v2\/product\/122041"}],"collection":[{"href":"https:\/\/z-bike.ch\/de\/wp-json\/wp\/v2\/product"}],"about":[{"href":"https:\/\/z-bike.ch\/de\/wp-json\/wp\/v2\/types\/product"}],"replies":[{"embeddable":true,"href":"https:\/\/z-bike.ch\/de\/wp-json\/wp\/v2\/comments?post=122041"}],"wp:featuredmedia":[{"embeddable":true,"href":"https:\/\/z-bike.ch\/de\/wp-json\/wp\/v2\/media\/121356"}],"wp:attachment":[{"href":"https:\/\/z-bike.ch\/de\/wp-json\/wp\/v2\/media?parent=122041"}],"wp:term":[{"taxonomy":"product_cat","embeddable":true,"href":"https:\/\/z-bike.ch\/de\/wp-json\/wp\/v2\/product_cat?post=122041"},{"taxonomy":"product_tag","embeddable":true,"href":"https:\/\/z-bike.ch\/de\/wp-json\/wp\/v2\/product_tag?post=122041"}],"curies":[{"name":"wp","href":"https:\/\/api.w.org\/{rel}","templated":true}]}}