{"id":122201,"date":"2023-08-08T11:09:59","date_gmt":"2023-08-08T09:09:59","guid":{"rendered":"https:\/\/z-bike.ch\/shop\/unkategorisiert\/trail-neo-4\/"},"modified":"2024-11-18T15:00:10","modified_gmt":"2024-11-18T14:00:10","slug":"trail-neo-4","status":"publish","type":"product","link":"https:\/\/z-bike.ch\/de\/shop\/e-bike-de\/trail-neo-4\/","title":{"rendered":"Trail Neo 4"},"content":{"rendered":"<section class=\"wpb-content-wrapper\"><p>[vc_row][vc_column][vc_column_text uncode_shortcode_id=&#8220;785557&#8243; css=&#8220;.vc_custom_1704808809178{padding-bottom: 36px !important;}&#8220;]<\/p>\n<h2>Zu allem bereit<\/h2>\n<p>Der Trail Neo ist dank seiner authentischen Mountainbike-Spezifikationen besonders: leistungsstarke hydraulische Bremsen, ein breiter Lenker und ein kurzer Vorbau. Dank vorverdrahteter Lichtkabel und intelligenter Halterungen f\u00fcr Kotfl\u00fcgel und Gep\u00e4cktr\u00e4ger ist es auch \u00e4u\u00dferst vielseitig einsetzbar.<\/p>\n<h2>Ein Meisterwerk des Rahmens<\/h2>\n<p>Leicht und reaktionsschnell, steif und flink auf jedem Gel\u00e4nde, von den schwierigsten Wegen bis zu den Stra\u00dfen der Stadt. Der progressive Rahmen des Trail und die perfekt integrierte Antriebseinheit von Bosch basieren auf unserer beispiellosen Erfahrung in der Aluminiumverarbeitung.<\/p>\n<h2>Einfache Handhabung und Kontrolle<\/h2>\n<p>Kurze Low-Liner sorgen f\u00fcr Agilit\u00e4t und Traktion, der offene Lenkwinkel sorgt f\u00fcr optimale Stabilit\u00e4t, w\u00e4hrend Batterie und Antriebseinheit so zentral und niedrig wie m\u00f6glich platziert sind. All dies gibt Ihnen ein erstaunliches Gef\u00fchl von Agilit\u00e4t und Stabilit\u00e4t.[\/vc_column_text][\/vc_column][\/vc_row]<\/p>\n<\/section>","protected":false},"excerpt":{"rendered":"<p>[vc_row][vc_column][vc_column_text uncode_shortcode_id=&#8220;785557&#8243; css=&#8220;.vc_custom_1704808809178{padding-bottom: 36px !important;}&#8220;] Zu allem bereit Der Trail Neo ist dank seiner authentischen Mountainbike-Spezifikationen besonders: leistungsstarke hydraulische Bremsen, [&hellip;]<\/p>\n","protected":false},"featured_media":123525,"comment_status":"open","ping_status":"closed","template":"","meta":[],"product_cat":[283],"product_tag":[],"yoast_head":"<!-- This site is optimized with the Yoast SEO plugin v23.6 - https:\/\/yoast.com\/wordpress\/plugins\/seo\/ -->\n<title>Trail Neo 4 - Z-Bike<\/title>\n<meta name=\"robots\" content=\"index, follow, max-snippet:-1, max-image-preview:large, max-video-preview:-1\" \/>\n<link rel=\"canonical\" href=\"https:\/\/z-bike.ch\/de\/shop\/e-bike-de\/trail-neo-4\/\" \/>\n<meta property=\"og:locale\" content=\"de_DE\" \/>\n<meta property=\"og:type\" content=\"article\" \/>\n<meta property=\"og:title\" content=\"Trail Neo 4 - Z-Bike\" \/>\n<meta property=\"og:description\" content=\"[vc_row][vc_column][vc_column_text uncode_shortcode_id=&#8220;785557&#8243; css=&#8220;.vc_custom_1704808809178{padding-bottom: 36px !important;}&#8220;] Zu allem bereit Der Trail Neo ist dank seiner authentischen Mountainbike-Spezifikationen besonders: leistungsstarke hydraulische Bremsen, [&hellip;]\" \/>\n<meta property=\"og:url\" content=\"https:\/\/z-bike.ch\/de\/shop\/e-bike-de\/trail-neo-4\/\" \/>\n<meta property=\"og:site_name\" content=\"Z-Bike\" \/>\n<meta property=\"article:publisher\" content=\"https:\/\/www.facebook.com\/zbikelugano\" \/>\n<meta property=\"article:modified_time\" content=\"2024-11-18T14:00:10+00:00\" \/>\n<meta property=\"og:image\" content=\"https:\/\/z-bike.ch\/wp-content\/uploads\/2023\/08\/Trail_4_Sabbia-removebgPS.png\" \/>\n\t<meta property=\"og:image:width\" content=\"1197\" \/>\n\t<meta property=\"og:image:height\" content=\"690\" \/>\n\t<meta property=\"og:image:type\" content=\"image\/png\" \/>\n<meta name=\"twitter:card\" content=\"summary_large_image\" \/>\n<meta name=\"twitter:label1\" content=\"Gesch\u00e4tzte Lesezeit\" \/>\n\t<meta name=\"twitter:data1\" content=\"1\u00a0Minute\" \/>\n<script type=\"application\/ld+json\" class=\"yoast-schema-graph\">{\"@context\":\"https:\/\/schema.org\",\"@graph\":[{\"@type\":\"WebPage\",\"@id\":\"https:\/\/z-bike.ch\/de\/shop\/e-bike-de\/trail-neo-4\/\",\"url\":\"https:\/\/z-bike.ch\/de\/shop\/e-bike-de\/trail-neo-4\/\",\"name\":\"Trail Neo 4 - Z-Bike\",\"isPartOf\":{\"@id\":\"https:\/\/z-bike.ch\/#website\"},\"primaryImageOfPage\":{\"@id\":\"https:\/\/z-bike.ch\/de\/shop\/e-bike-de\/trail-neo-4\/#primaryimage\"},\"image\":{\"@id\":\"https:\/\/z-bike.ch\/de\/shop\/e-bike-de\/trail-neo-4\/#primaryimage\"},\"thumbnailUrl\":\"https:\/\/z-bike.ch\/wp-content\/uploads\/2023\/08\/Trail_4_Sabbia-removebgPS.png\",\"datePublished\":\"2023-08-08T09:09:59+00:00\",\"dateModified\":\"2024-11-18T14:00:10+00:00\",\"breadcrumb\":{\"@id\":\"https:\/\/z-bike.ch\/de\/shop\/e-bike-de\/trail-neo-4\/#breadcrumb\"},\"inLanguage\":\"de\",\"potentialAction\":[{\"@type\":\"ReadAction\",\"target\":[\"https:\/\/z-bike.ch\/de\/shop\/e-bike-de\/trail-neo-4\/\"]}]},{\"@type\":\"ImageObject\",\"inLanguage\":\"de\",\"@id\":\"https:\/\/z-bike.ch\/de\/shop\/e-bike-de\/trail-neo-4\/#primaryimage\",\"url\":\"https:\/\/z-bike.ch\/wp-content\/uploads\/2023\/08\/Trail_4_Sabbia-removebgPS.png\",\"contentUrl\":\"https:\/\/z-bike.ch\/wp-content\/uploads\/2023\/08\/Trail_4_Sabbia-removebgPS.png\",\"width\":1197,\"height\":690},{\"@type\":\"BreadcrumbList\",\"@id\":\"https:\/\/z-bike.ch\/de\/shop\/e-bike-de\/trail-neo-4\/#breadcrumb\",\"itemListElement\":[{\"@type\":\"ListItem\",\"position\":1,\"name\":\"Home\",\"item\":\"https:\/\/z-bike.ch\/de\/\"},{\"@type\":\"ListItem\",\"position\":2,\"name\":\"Shop\",\"item\":\"https:\/\/z-bike.ch\/de\/shop-3\/\"},{\"@type\":\"ListItem\",\"position\":3,\"name\":\"Trail Neo 4\"}]},{\"@type\":\"WebSite\",\"@id\":\"https:\/\/z-bike.ch\/#website\",\"url\":\"https:\/\/z-bike.ch\/\",\"name\":\"Z-Bike\",\"description\":\"Bici Elettriche Online Svizzera: Miglior Prezzo | Consegna Rapida\",\"publisher\":{\"@id\":\"https:\/\/z-bike.ch\/#organization\"},\"alternateName\":\"ZBike\",\"potentialAction\":[{\"@type\":\"SearchAction\",\"target\":{\"@type\":\"EntryPoint\",\"urlTemplate\":\"https:\/\/z-bike.ch\/?s={search_term_string}\"},\"query-input\":{\"@type\":\"PropertyValueSpecification\",\"valueRequired\":true,\"valueName\":\"search_term_string\"}}],\"inLanguage\":\"de\"},{\"@type\":\"Organization\",\"@id\":\"https:\/\/z-bike.ch\/#organization\",\"name\":\"Z-Bike\",\"url\":\"https:\/\/z-bike.ch\/\",\"logo\":{\"@type\":\"ImageObject\",\"inLanguage\":\"de\",\"@id\":\"https:\/\/z-bike.ch\/#\/schema\/logo\/image\/\",\"url\":\"https:\/\/z-bike.ch\/wp-content\/uploads\/2023\/07\/logo_z-bike_ori.svg\",\"contentUrl\":\"https:\/\/z-bike.ch\/wp-content\/uploads\/2023\/07\/logo_z-bike_ori.svg\",\"width\":1,\"height\":1,\"caption\":\"Z-Bike\"},\"image\":{\"@id\":\"https:\/\/z-bike.ch\/#\/schema\/logo\/image\/\"},\"sameAs\":[\"https:\/\/www.facebook.com\/zbikelugano\",\"https:\/\/www.instagram.com\/zbike.ebike\"]}]}<\/script>\n<!-- \/ Yoast SEO plugin. -->","yoast_head_json":{"title":"Trail Neo 4 - Z-Bike","robots":{"index":"index","follow":"follow","max-snippet":"max-snippet:-1","max-image-preview":"max-image-preview:large","max-video-preview":"max-video-preview:-1"},"canonical":"https:\/\/z-bike.ch\/de\/shop\/e-bike-de\/trail-neo-4\/","og_locale":"de_DE","og_type":"article","og_title":"Trail Neo 4 - Z-Bike","og_description":"[vc_row][vc_column][vc_column_text uncode_shortcode_id=&#8220;785557&#8243; css=&#8220;.vc_custom_1704808809178{padding-bottom: 36px !important;}&#8220;] Zu allem bereit Der Trail Neo ist dank seiner authentischen Mountainbike-Spezifikationen besonders: leistungsstarke hydraulische Bremsen, [&hellip;]","og_url":"https:\/\/z-bike.ch\/de\/shop\/e-bike-de\/trail-neo-4\/","og_site_name":"Z-Bike","article_publisher":"https:\/\/www.facebook.com\/zbikelugano","article_modified_time":"2024-11-18T14:00:10+00:00","og_image":[{"width":1197,"height":690,"url":"https:\/\/z-bike.ch\/wp-content\/uploads\/2023\/08\/Trail_4_Sabbia-removebgPS.png","type":"image\/png"}],"twitter_card":"summary_large_image","twitter_misc":{"Gesch\u00e4tzte Lesezeit":"1\u00a0Minute"},"schema":{"@context":"https:\/\/schema.org","@graph":[{"@type":"WebPage","@id":"https:\/\/z-bike.ch\/de\/shop\/e-bike-de\/trail-neo-4\/","url":"https:\/\/z-bike.ch\/de\/shop\/e-bike-de\/trail-neo-4\/","name":"Trail Neo 4 - Z-Bike","isPartOf":{"@id":"https:\/\/z-bike.ch\/#website"},"primaryImageOfPage":{"@id":"https:\/\/z-bike.ch\/de\/shop\/e-bike-de\/trail-neo-4\/#primaryimage"},"image":{"@id":"https:\/\/z-bike.ch\/de\/shop\/e-bike-de\/trail-neo-4\/#primaryimage"},"thumbnailUrl":"https:\/\/z-bike.ch\/wp-content\/uploads\/2023\/08\/Trail_4_Sabbia-removebgPS.png","datePublished":"2023-08-08T09:09:59+00:00","dateModified":"2024-11-18T14:00:10+00:00","breadcrumb":{"@id":"https:\/\/z-bike.ch\/de\/shop\/e-bike-de\/trail-neo-4\/#breadcrumb"},"inLanguage":"de","potentialAction":[{"@type":"ReadAction","target":["https:\/\/z-bike.ch\/de\/shop\/e-bike-de\/trail-neo-4\/"]}]},{"@type":"ImageObject","inLanguage":"de","@id":"https:\/\/z-bike.ch\/de\/shop\/e-bike-de\/trail-neo-4\/#primaryimage","url":"https:\/\/z-bike.ch\/wp-content\/uploads\/2023\/08\/Trail_4_Sabbia-removebgPS.png","contentUrl":"https:\/\/z-bike.ch\/wp-content\/uploads\/2023\/08\/Trail_4_Sabbia-removebgPS.png","width":1197,"height":690},{"@type":"BreadcrumbList","@id":"https:\/\/z-bike.ch\/de\/shop\/e-bike-de\/trail-neo-4\/#breadcrumb","itemListElement":[{"@type":"ListItem","position":1,"name":"Home","item":"https:\/\/z-bike.ch\/de\/"},{"@type":"ListItem","position":2,"name":"Shop","item":"https:\/\/z-bike.ch\/de\/shop-3\/"},{"@type":"ListItem","position":3,"name":"Trail Neo 4"}]},{"@type":"WebSite","@id":"https:\/\/z-bike.ch\/#website","url":"https:\/\/z-bike.ch\/","name":"Z-Bike","description":"Bici Elettriche Online Svizzera: Miglior Prezzo | Consegna Rapida","publisher":{"@id":"https:\/\/z-bike.ch\/#organization"},"alternateName":"ZBike","potentialAction":[{"@type":"SearchAction","target":{"@type":"EntryPoint","urlTemplate":"https:\/\/z-bike.ch\/?s={search_term_string}"},"query-input":{"@type":"PropertyValueSpecification","valueRequired":true,"valueName":"search_term_string"}}],"inLanguage":"de"},{"@type":"Organization","@id":"https:\/\/z-bike.ch\/#organization","name":"Z-Bike","url":"https:\/\/z-bike.ch\/","logo":{"@type":"ImageObject","inLanguage":"de","@id":"https:\/\/z-bike.ch\/#\/schema\/logo\/image\/","url":"https:\/\/z-bike.ch\/wp-content\/uploads\/2023\/07\/logo_z-bike_ori.svg","contentUrl":"https:\/\/z-bike.ch\/wp-content\/uploads\/2023\/07\/logo_z-bike_ori.svg","width":1,"height":1,"caption":"Z-Bike"},"image":{"@id":"https:\/\/z-bike.ch\/#\/schema\/logo\/image\/"},"sameAs":["https:\/\/www.facebook.com\/zbikelugano","https:\/\/www.instagram.com\/zbike.ebike"]}]}},"_links":{"self":[{"href":"https:\/\/z-bike.ch\/de\/wp-json\/wp\/v2\/product\/122201"}],"collection":[{"href":"https:\/\/z-bike.ch\/de\/wp-json\/wp\/v2\/product"}],"about":[{"href":"https:\/\/z-bike.ch\/de\/wp-json\/wp\/v2\/types\/product"}],"replies":[{"embeddable":true,"href":"https:\/\/z-bike.ch\/de\/wp-json\/wp\/v2\/comments?post=122201"}],"wp:featuredmedia":[{"embeddable":true,"href":"https:\/\/z-bike.ch\/de\/wp-json\/wp\/v2\/media\/123525"}],"wp:attachment":[{"href":"https:\/\/z-bike.ch\/de\/wp-json\/wp\/v2\/media?parent=122201"}],"wp:term":[{"taxonomy":"product_cat","embeddable":true,"href":"https:\/\/z-bike.ch\/de\/wp-json\/wp\/v2\/product_cat?post=122201"},{"taxonomy":"product_tag","embeddable":true,"href":"https:\/\/z-bike.ch\/de\/wp-json\/wp\/v2\/product_tag?post=122201"}],"curies":[{"name":"wp","href":"https:\/\/api.w.org\/{rel}","templated":true}]}}