{"id":122556,"date":"2023-09-28T13:12:44","date_gmt":"2023-09-28T11:12:44","guid":{"rendered":"https:\/\/z-bike.ch\/shop\/unkategorisiert\/mavaro-neo-3\/"},"modified":"2024-02-05T17:59:23","modified_gmt":"2024-02-05T16:59:23","slug":"mavaro-neo-3","status":"publish","type":"product","link":"https:\/\/z-bike.ch\/de\/shop\/e-bike-de\/mavaro-neo-3\/","title":{"rendered":"Mavaro Neo 3"},"content":{"rendered":"<section class=\"wpb-content-wrapper\"><p>[vc_row][vc_column][vc_column_text uncode_shortcode_id=&#8220;783852&#8243; css=&#8220;.vc_custom_1706010205929{padding-bottom: 36px !important;}&#8220;]<\/p>\n<h2>Movement That Moves You<\/h2>\n<p>Ein E-Bike, das die Art der Fortbewegung ver\u00e4ndert. Funktion trifft auf Vergn\u00fcgen. Bequemlichkeit trifft auf Leistungsverm\u00f6gen. Speed trifft auf Style. Besser kannst du dich nicht fortbewegen.<\/p>\n<h2>Power mit Stil<\/h2>\n<p>Modernes zweckgerichtetes Design, schnittige Integration und ma\u00dfstabsetzende Bosch-Antriebe. M\u00fchelose Beschleunigung, bestechende Vielseitigkeit und eine Reichweite von bis zu 120 km mit nur einer einzigen Akkuladung. Urbane Bewegung, neu gedacht.<\/p>\n<h2>Souver\u00e4n und leistungsstark<\/h2>\n<p>Messerscharfes Handling, eine aufrechte Sitzposition sowie Sicherheitsfeatures wie die automatische Lichtsteuerung. Auf dem Mavaro Neo hast du jederzeit alles unter Kontrolle.<\/p>\n<h2>Der reinste Komfort.<\/h2>\n<p>Vom Tiefeinstieg-Rahmen f\u00fcr leichtes Auf- und Absteigen, \u00fcber die HeadShok Federgabel, die jedes Schlagloch glattb\u00fcgelt, bis hin zu den griffigen Reifen. Alles am Mavaro Neo wurde f\u00fcr ein maximal angenehmes Fahrgef\u00fchl entwickelt, ob in der City oder auf Tour.[\/vc_column_text][vc_single_image media=&#8220;120604&#8243; media_width_percent=&#8220;100&#8243; uncode_shortcode_id=&#8220;170848&#8243;][\/vc_column][\/vc_row]<\/p>\n<\/section>","protected":false},"excerpt":{"rendered":"<p>[vc_row][vc_column][vc_column_text uncode_shortcode_id=&#8220;783852&#8243; css=&#8220;.vc_custom_1706010205929{padding-bottom: 36px !important;}&#8220;] Movement That Moves You Ein E-Bike, das die Art der Fortbewegung ver\u00e4ndert. Funktion trifft auf [&hellip;]<\/p>\n","protected":false},"featured_media":121908,"comment_status":"open","ping_status":"closed","template":"","meta":[],"product_cat":[283],"product_tag":[],"yoast_head":"<!-- This site is optimized with the Yoast SEO plugin v23.6 - https:\/\/yoast.com\/wordpress\/plugins\/seo\/ -->\n<title>Mavaro Neo 3 - Z-Bike<\/title>\n<meta name=\"robots\" content=\"index, follow, max-snippet:-1, max-image-preview:large, max-video-preview:-1\" \/>\n<link rel=\"canonical\" href=\"https:\/\/z-bike.ch\/de\/shop\/e-bike-de\/mavaro-neo-3\/\" \/>\n<meta property=\"og:locale\" content=\"de_DE\" \/>\n<meta property=\"og:type\" content=\"article\" \/>\n<meta property=\"og:title\" content=\"Mavaro Neo 3 - Z-Bike\" \/>\n<meta property=\"og:description\" content=\"[vc_row][vc_column][vc_column_text uncode_shortcode_id=&#8220;783852&#8243; css=&#8220;.vc_custom_1706010205929{padding-bottom: 36px !important;}&#8220;] Movement That Moves You Ein E-Bike, das die Art der Fortbewegung ver\u00e4ndert. Funktion trifft auf [&hellip;]\" \/>\n<meta property=\"og:url\" content=\"https:\/\/z-bike.ch\/de\/shop\/e-bike-de\/mavaro-neo-3\/\" \/>\n<meta property=\"og:site_name\" content=\"Z-Bike\" \/>\n<meta property=\"article:publisher\" content=\"https:\/\/www.facebook.com\/zbikelugano\" \/>\n<meta property=\"article:modified_time\" content=\"2024-02-05T16:59:23+00:00\" \/>\n<meta property=\"og:image\" content=\"https:\/\/z-bike.ch\/wp-content\/uploads\/2023\/09\/C21_C64301U_Mavaro_Neo_3_RGD_PD.png\" \/>\n\t<meta property=\"og:image:width\" content=\"1700\" \/>\n\t<meta property=\"og:image:height\" content=\"998\" \/>\n\t<meta property=\"og:image:type\" content=\"image\/png\" \/>\n<meta name=\"twitter:card\" content=\"summary_large_image\" \/>\n<meta name=\"twitter:label1\" content=\"Gesch\u00e4tzte Lesezeit\" \/>\n\t<meta name=\"twitter:data1\" content=\"1\u00a0Minute\" \/>\n<script type=\"application\/ld+json\" class=\"yoast-schema-graph\">{\"@context\":\"https:\/\/schema.org\",\"@graph\":[{\"@type\":\"WebPage\",\"@id\":\"https:\/\/z-bike.ch\/de\/shop\/e-bike-de\/mavaro-neo-3\/\",\"url\":\"https:\/\/z-bike.ch\/de\/shop\/e-bike-de\/mavaro-neo-3\/\",\"name\":\"Mavaro Neo 3 - Z-Bike\",\"isPartOf\":{\"@id\":\"https:\/\/z-bike.ch\/#website\"},\"primaryImageOfPage\":{\"@id\":\"https:\/\/z-bike.ch\/de\/shop\/e-bike-de\/mavaro-neo-3\/#primaryimage\"},\"image\":{\"@id\":\"https:\/\/z-bike.ch\/de\/shop\/e-bike-de\/mavaro-neo-3\/#primaryimage\"},\"thumbnailUrl\":\"https:\/\/z-bike.ch\/wp-content\/uploads\/2023\/09\/C21_C64301U_Mavaro_Neo_3_RGD_PD.png\",\"datePublished\":\"2023-09-28T11:12:44+00:00\",\"dateModified\":\"2024-02-05T16:59:23+00:00\",\"breadcrumb\":{\"@id\":\"https:\/\/z-bike.ch\/de\/shop\/e-bike-de\/mavaro-neo-3\/#breadcrumb\"},\"inLanguage\":\"de\",\"potentialAction\":[{\"@type\":\"ReadAction\",\"target\":[\"https:\/\/z-bike.ch\/de\/shop\/e-bike-de\/mavaro-neo-3\/\"]}]},{\"@type\":\"ImageObject\",\"inLanguage\":\"de\",\"@id\":\"https:\/\/z-bike.ch\/de\/shop\/e-bike-de\/mavaro-neo-3\/#primaryimage\",\"url\":\"https:\/\/z-bike.ch\/wp-content\/uploads\/2023\/09\/C21_C64301U_Mavaro_Neo_3_RGD_PD.png\",\"contentUrl\":\"https:\/\/z-bike.ch\/wp-content\/uploads\/2023\/09\/C21_C64301U_Mavaro_Neo_3_RGD_PD.png\",\"width\":1700,\"height\":998},{\"@type\":\"BreadcrumbList\",\"@id\":\"https:\/\/z-bike.ch\/de\/shop\/e-bike-de\/mavaro-neo-3\/#breadcrumb\",\"itemListElement\":[{\"@type\":\"ListItem\",\"position\":1,\"name\":\"Home\",\"item\":\"https:\/\/z-bike.ch\/de\/\"},{\"@type\":\"ListItem\",\"position\":2,\"name\":\"Shop\",\"item\":\"https:\/\/z-bike.ch\/de\/shop-3\/\"},{\"@type\":\"ListItem\",\"position\":3,\"name\":\"Mavaro Neo 3\"}]},{\"@type\":\"WebSite\",\"@id\":\"https:\/\/z-bike.ch\/#website\",\"url\":\"https:\/\/z-bike.ch\/\",\"name\":\"Z-Bike\",\"description\":\"Bici Elettriche Online Svizzera: Miglior Prezzo | Consegna Rapida\",\"publisher\":{\"@id\":\"https:\/\/z-bike.ch\/#organization\"},\"alternateName\":\"ZBike\",\"potentialAction\":[{\"@type\":\"SearchAction\",\"target\":{\"@type\":\"EntryPoint\",\"urlTemplate\":\"https:\/\/z-bike.ch\/?s={search_term_string}\"},\"query-input\":{\"@type\":\"PropertyValueSpecification\",\"valueRequired\":true,\"valueName\":\"search_term_string\"}}],\"inLanguage\":\"de\"},{\"@type\":\"Organization\",\"@id\":\"https:\/\/z-bike.ch\/#organization\",\"name\":\"Z-Bike\",\"url\":\"https:\/\/z-bike.ch\/\",\"logo\":{\"@type\":\"ImageObject\",\"inLanguage\":\"de\",\"@id\":\"https:\/\/z-bike.ch\/#\/schema\/logo\/image\/\",\"url\":\"https:\/\/z-bike.ch\/wp-content\/uploads\/2023\/07\/logo_z-bike_ori.svg\",\"contentUrl\":\"https:\/\/z-bike.ch\/wp-content\/uploads\/2023\/07\/logo_z-bike_ori.svg\",\"width\":1,\"height\":1,\"caption\":\"Z-Bike\"},\"image\":{\"@id\":\"https:\/\/z-bike.ch\/#\/schema\/logo\/image\/\"},\"sameAs\":[\"https:\/\/www.facebook.com\/zbikelugano\",\"https:\/\/www.instagram.com\/zbike.ebike\"]}]}<\/script>\n<!-- \/ Yoast SEO plugin. -->","yoast_head_json":{"title":"Mavaro Neo 3 - Z-Bike","robots":{"index":"index","follow":"follow","max-snippet":"max-snippet:-1","max-image-preview":"max-image-preview:large","max-video-preview":"max-video-preview:-1"},"canonical":"https:\/\/z-bike.ch\/de\/shop\/e-bike-de\/mavaro-neo-3\/","og_locale":"de_DE","og_type":"article","og_title":"Mavaro Neo 3 - Z-Bike","og_description":"[vc_row][vc_column][vc_column_text uncode_shortcode_id=&#8220;783852&#8243; css=&#8220;.vc_custom_1706010205929{padding-bottom: 36px !important;}&#8220;] Movement That Moves You Ein E-Bike, das die Art der Fortbewegung ver\u00e4ndert. Funktion trifft auf [&hellip;]","og_url":"https:\/\/z-bike.ch\/de\/shop\/e-bike-de\/mavaro-neo-3\/","og_site_name":"Z-Bike","article_publisher":"https:\/\/www.facebook.com\/zbikelugano","article_modified_time":"2024-02-05T16:59:23+00:00","og_image":[{"width":1700,"height":998,"url":"https:\/\/z-bike.ch\/wp-content\/uploads\/2023\/09\/C21_C64301U_Mavaro_Neo_3_RGD_PD.png","type":"image\/png"}],"twitter_card":"summary_large_image","twitter_misc":{"Gesch\u00e4tzte Lesezeit":"1\u00a0Minute"},"schema":{"@context":"https:\/\/schema.org","@graph":[{"@type":"WebPage","@id":"https:\/\/z-bike.ch\/de\/shop\/e-bike-de\/mavaro-neo-3\/","url":"https:\/\/z-bike.ch\/de\/shop\/e-bike-de\/mavaro-neo-3\/","name":"Mavaro Neo 3 - Z-Bike","isPartOf":{"@id":"https:\/\/z-bike.ch\/#website"},"primaryImageOfPage":{"@id":"https:\/\/z-bike.ch\/de\/shop\/e-bike-de\/mavaro-neo-3\/#primaryimage"},"image":{"@id":"https:\/\/z-bike.ch\/de\/shop\/e-bike-de\/mavaro-neo-3\/#primaryimage"},"thumbnailUrl":"https:\/\/z-bike.ch\/wp-content\/uploads\/2023\/09\/C21_C64301U_Mavaro_Neo_3_RGD_PD.png","datePublished":"2023-09-28T11:12:44+00:00","dateModified":"2024-02-05T16:59:23+00:00","breadcrumb":{"@id":"https:\/\/z-bike.ch\/de\/shop\/e-bike-de\/mavaro-neo-3\/#breadcrumb"},"inLanguage":"de","potentialAction":[{"@type":"ReadAction","target":["https:\/\/z-bike.ch\/de\/shop\/e-bike-de\/mavaro-neo-3\/"]}]},{"@type":"ImageObject","inLanguage":"de","@id":"https:\/\/z-bike.ch\/de\/shop\/e-bike-de\/mavaro-neo-3\/#primaryimage","url":"https:\/\/z-bike.ch\/wp-content\/uploads\/2023\/09\/C21_C64301U_Mavaro_Neo_3_RGD_PD.png","contentUrl":"https:\/\/z-bike.ch\/wp-content\/uploads\/2023\/09\/C21_C64301U_Mavaro_Neo_3_RGD_PD.png","width":1700,"height":998},{"@type":"BreadcrumbList","@id":"https:\/\/z-bike.ch\/de\/shop\/e-bike-de\/mavaro-neo-3\/#breadcrumb","itemListElement":[{"@type":"ListItem","position":1,"name":"Home","item":"https:\/\/z-bike.ch\/de\/"},{"@type":"ListItem","position":2,"name":"Shop","item":"https:\/\/z-bike.ch\/de\/shop-3\/"},{"@type":"ListItem","position":3,"name":"Mavaro Neo 3"}]},{"@type":"WebSite","@id":"https:\/\/z-bike.ch\/#website","url":"https:\/\/z-bike.ch\/","name":"Z-Bike","description":"Bici Elettriche Online Svizzera: Miglior Prezzo | Consegna Rapida","publisher":{"@id":"https:\/\/z-bike.ch\/#organization"},"alternateName":"ZBike","potentialAction":[{"@type":"SearchAction","target":{"@type":"EntryPoint","urlTemplate":"https:\/\/z-bike.ch\/?s={search_term_string}"},"query-input":{"@type":"PropertyValueSpecification","valueRequired":true,"valueName":"search_term_string"}}],"inLanguage":"de"},{"@type":"Organization","@id":"https:\/\/z-bike.ch\/#organization","name":"Z-Bike","url":"https:\/\/z-bike.ch\/","logo":{"@type":"ImageObject","inLanguage":"de","@id":"https:\/\/z-bike.ch\/#\/schema\/logo\/image\/","url":"https:\/\/z-bike.ch\/wp-content\/uploads\/2023\/07\/logo_z-bike_ori.svg","contentUrl":"https:\/\/z-bike.ch\/wp-content\/uploads\/2023\/07\/logo_z-bike_ori.svg","width":1,"height":1,"caption":"Z-Bike"},"image":{"@id":"https:\/\/z-bike.ch\/#\/schema\/logo\/image\/"},"sameAs":["https:\/\/www.facebook.com\/zbikelugano","https:\/\/www.instagram.com\/zbike.ebike"]}]}},"_links":{"self":[{"href":"https:\/\/z-bike.ch\/de\/wp-json\/wp\/v2\/product\/122556"}],"collection":[{"href":"https:\/\/z-bike.ch\/de\/wp-json\/wp\/v2\/product"}],"about":[{"href":"https:\/\/z-bike.ch\/de\/wp-json\/wp\/v2\/types\/product"}],"replies":[{"embeddable":true,"href":"https:\/\/z-bike.ch\/de\/wp-json\/wp\/v2\/comments?post=122556"}],"wp:featuredmedia":[{"embeddable":true,"href":"https:\/\/z-bike.ch\/de\/wp-json\/wp\/v2\/media\/121908"}],"wp:attachment":[{"href":"https:\/\/z-bike.ch\/de\/wp-json\/wp\/v2\/media?parent=122556"}],"wp:term":[{"taxonomy":"product_cat","embeddable":true,"href":"https:\/\/z-bike.ch\/de\/wp-json\/wp\/v2\/product_cat?post=122556"},{"taxonomy":"product_tag","embeddable":true,"href":"https:\/\/z-bike.ch\/de\/wp-json\/wp\/v2\/product_tag?post=122556"}],"curies":[{"name":"wp","href":"https:\/\/api.w.org\/{rel}","templated":true}]}}