{"id":123051,"date":"2024-02-23T18:31:19","date_gmt":"2024-02-23T17:31:19","guid":{"rendered":"https:\/\/z-bike.ch\/?post_type=product&#038;p=123051"},"modified":"2025-06-24T18:05:21","modified_gmt":"2025-06-24T16:05:21","slug":"turbo-levo-sl-comp-carbon","status":"publish","type":"product","link":"https:\/\/z-bike.ch\/de\/shop\/e-bike\/turbo-levo-sl-comp-carbon\/","title":{"rendered":"Turbo Levo SL Comp Carbon"},"content":{"rendered":"<section class=\"wpb-content-wrapper\"><p>[vc_row][vc_column][vc_column_text uncode_shortcode_id=&#8220;105279&#8243; css=&#8220;.vc_custom_1708706817932{padding-bottom: 36px !important;}&#8220;]<\/p>\n<h2>Maneggevolezza superiore<\/h2>\n<p>\u00c8 tutta una questione di guida. Costruita per sperimentare una fiducia estrema sul trail, anche sui sentieri pi\u00f9 impervi. La Levo SL \u00e8 snella e reattiva, e allo stesso tempo, abbastanza robusta da sopportare i colpi.<\/p>\n<h2>Capacit\u00e0 ineguagliabile<\/h2>\n<p>Regolate la geometria della vostra Levo SL con tre opzioni di angolo sterzo e con la possibilit\u00e0 di montare (o meno) le ruote miste. Le sospensioni Ride Dynamic Tuned Suspension offrono un supporto intelligente sia sulle piccole asperit\u00e0, sia in caso di urti pi\u00f9 grandi.<\/p>\n<h2>Assistenza di prima categoria<\/h2>\n<p>Una volta stabilito gli standard di capacit\u00e0 e maneggevolezza, abbiamo potenziato l&#8217;esperienza con la potenza incredibilmente naturale del motore Specialized SL 1.2, avanzato, completamente integrato e silenzioso, che abbiamo potenziato con il 43% di coppia e il 33% di potenza in pi\u00f9 rispetto al suo predecessore.<\/p>\n<h2>Tecnologia telaio e geometria<\/h2>\n<p>Guarda e scopri la tecnologia che consente a Levo di offrire la guida migliore, amplificata. Gli argomenti includono il design del telaio, Specialized Ride Dynamics, la geometria e come personalizzare la geometria e le dimensioni delle ruote per adattarle al tuo stile e al terreno.<\/p>\n<h2>Motore SL 1.2<\/h2>\n<p>Pedalare lontano con una sensazione vivace richiede leggerezza e un&#8217;autonomia epica per poter percorrere pi\u00f9 sentieri, senza sacrificare l&#8217;agilit\u00e0. La SL 1.2 \u00e8 il sistema per e-bike pi\u00f9 efficiente al mondo e garantisce il massimo rapporto peso\/rapporto. Fornisce il 33% di potenza in pi\u00f9 (320 Watt) rispetto al suo predecessore con una sensazione soprannaturale, mentre il 43% di coppia in pi\u00f9 (50 Nm).[\/vc_column_text][\/vc_column][\/vc_row]<\/p>\n<\/section>","protected":false},"excerpt":{"rendered":"<p>[vc_row][vc_column][vc_column_text uncode_shortcode_id=&#8220;105279&#8243; css=&#8220;.vc_custom_1708706817932{padding-bottom: 36px !important;}&#8220;] Maneggevolezza superiore \u00c8 tutta una questione di guida. Costruita per sperimentare una fiducia estrema sul [&hellip;]<\/p>\n","protected":false},"featured_media":123072,"comment_status":"open","ping_status":"closed","template":"","meta":[],"product_cat":[34],"product_tag":[],"yoast_head":"<!-- This site is optimized with the Yoast SEO plugin v23.6 - https:\/\/yoast.com\/wordpress\/plugins\/seo\/ -->\n<title>Turbo Levo SL Comp Carbon - Z-Bike<\/title>\n<meta name=\"robots\" content=\"index, follow, max-snippet:-1, max-image-preview:large, max-video-preview:-1\" \/>\n<link rel=\"canonical\" href=\"https:\/\/z-bike.ch\/shop\/e-bike\/turbo-levo-sl-comp-carbon\/\" \/>\n<meta property=\"og:locale\" content=\"de_DE\" \/>\n<meta property=\"og:type\" content=\"article\" \/>\n<meta property=\"og:title\" content=\"Turbo Levo SL Comp Carbon - Z-Bike\" \/>\n<meta property=\"og:description\" content=\"[vc_row][vc_column][vc_column_text uncode_shortcode_id=&#8220;105279&#8243; css=&#8220;.vc_custom_1708706817932{padding-bottom: 36px !important;}&#8220;] Maneggevolezza superiore \u00c8 tutta una questione di guida. Costruita per sperimentare una fiducia estrema sul [&hellip;]\" \/>\n<meta property=\"og:url\" content=\"https:\/\/z-bike.ch\/shop\/e-bike\/turbo-levo-sl-comp-carbon\/\" \/>\n<meta property=\"og:site_name\" content=\"Z-Bike\" \/>\n<meta property=\"article:publisher\" content=\"https:\/\/www.facebook.com\/zbikelugano\" \/>\n<meta property=\"article:modified_time\" content=\"2025-06-24T16:05:21+00:00\" \/>\n<meta property=\"og:image\" content=\"https:\/\/z-bike.ch\/wp-content\/uploads\/2024\/02\/96822-52_LEVO-SL-COMP-CARBON-BLZ-BLK-SILDST_HERO.png\" \/>\n\t<meta property=\"og:image:width\" content=\"1700\" \/>\n\t<meta property=\"og:image:height\" content=\"953\" \/>\n\t<meta property=\"og:image:type\" content=\"image\/png\" \/>\n<meta name=\"twitter:card\" content=\"summary_large_image\" \/>\n<meta name=\"twitter:label1\" content=\"Gesch\u00e4tzte Lesezeit\" \/>\n\t<meta name=\"twitter:data1\" content=\"1\u00a0Minute\" \/>\n<script type=\"application\/ld+json\" class=\"yoast-schema-graph\">{\"@context\":\"https:\/\/schema.org\",\"@graph\":[{\"@type\":\"WebPage\",\"@id\":\"https:\/\/z-bike.ch\/shop\/e-bike\/turbo-levo-sl-comp-carbon\/\",\"url\":\"https:\/\/z-bike.ch\/shop\/e-bike\/turbo-levo-sl-comp-carbon\/\",\"name\":\"Turbo Levo SL Comp Carbon - Z-Bike\",\"isPartOf\":{\"@id\":\"https:\/\/z-bike.ch\/#website\"},\"primaryImageOfPage\":{\"@id\":\"https:\/\/z-bike.ch\/shop\/e-bike\/turbo-levo-sl-comp-carbon\/#primaryimage\"},\"image\":{\"@id\":\"https:\/\/z-bike.ch\/shop\/e-bike\/turbo-levo-sl-comp-carbon\/#primaryimage\"},\"thumbnailUrl\":\"https:\/\/z-bike.ch\/wp-content\/uploads\/2024\/02\/96822-52_LEVO-SL-COMP-CARBON-BLZ-BLK-SILDST_HERO.png\",\"datePublished\":\"2024-02-23T17:31:19+00:00\",\"dateModified\":\"2025-06-24T16:05:21+00:00\",\"breadcrumb\":{\"@id\":\"https:\/\/z-bike.ch\/shop\/e-bike\/turbo-levo-sl-comp-carbon\/#breadcrumb\"},\"inLanguage\":\"de\",\"potentialAction\":[{\"@type\":\"ReadAction\",\"target\":[\"https:\/\/z-bike.ch\/shop\/e-bike\/turbo-levo-sl-comp-carbon\/\"]}]},{\"@type\":\"ImageObject\",\"inLanguage\":\"de\",\"@id\":\"https:\/\/z-bike.ch\/shop\/e-bike\/turbo-levo-sl-comp-carbon\/#primaryimage\",\"url\":\"https:\/\/z-bike.ch\/wp-content\/uploads\/2024\/02\/96822-52_LEVO-SL-COMP-CARBON-BLZ-BLK-SILDST_HERO.png\",\"contentUrl\":\"https:\/\/z-bike.ch\/wp-content\/uploads\/2024\/02\/96822-52_LEVO-SL-COMP-CARBON-BLZ-BLK-SILDST_HERO.png\",\"width\":1700,\"height\":953},{\"@type\":\"BreadcrumbList\",\"@id\":\"https:\/\/z-bike.ch\/shop\/e-bike\/turbo-levo-sl-comp-carbon\/#breadcrumb\",\"itemListElement\":[{\"@type\":\"ListItem\",\"position\":1,\"name\":\"Home\",\"item\":\"https:\/\/z-bike.ch\/de\/\"},{\"@type\":\"ListItem\",\"position\":2,\"name\":\"Shop\",\"item\":\"https:\/\/z-bike.ch\/de\/shop-3\/\"},{\"@type\":\"ListItem\",\"position\":3,\"name\":\"Turbo Levo SL Comp Carbon\"}]},{\"@type\":\"WebSite\",\"@id\":\"https:\/\/z-bike.ch\/#website\",\"url\":\"https:\/\/z-bike.ch\/\",\"name\":\"Z-Bike\",\"description\":\"Bici Elettriche Online Svizzera: Miglior Prezzo | Consegna Rapida\",\"publisher\":{\"@id\":\"https:\/\/z-bike.ch\/#organization\"},\"alternateName\":\"ZBike\",\"potentialAction\":[{\"@type\":\"SearchAction\",\"target\":{\"@type\":\"EntryPoint\",\"urlTemplate\":\"https:\/\/z-bike.ch\/?s={search_term_string}\"},\"query-input\":{\"@type\":\"PropertyValueSpecification\",\"valueRequired\":true,\"valueName\":\"search_term_string\"}}],\"inLanguage\":\"de\"},{\"@type\":\"Organization\",\"@id\":\"https:\/\/z-bike.ch\/#organization\",\"name\":\"Z-Bike\",\"url\":\"https:\/\/z-bike.ch\/\",\"logo\":{\"@type\":\"ImageObject\",\"inLanguage\":\"de\",\"@id\":\"https:\/\/z-bike.ch\/#\/schema\/logo\/image\/\",\"url\":\"https:\/\/z-bike.ch\/wp-content\/uploads\/2023\/07\/logo_z-bike_ori.svg\",\"contentUrl\":\"https:\/\/z-bike.ch\/wp-content\/uploads\/2023\/07\/logo_z-bike_ori.svg\",\"width\":1,\"height\":1,\"caption\":\"Z-Bike\"},\"image\":{\"@id\":\"https:\/\/z-bike.ch\/#\/schema\/logo\/image\/\"},\"sameAs\":[\"https:\/\/www.facebook.com\/zbikelugano\",\"https:\/\/www.instagram.com\/zbike.ebike\"]}]}<\/script>\n<!-- \/ Yoast SEO plugin. -->","yoast_head_json":{"title":"Turbo Levo SL Comp Carbon - Z-Bike","robots":{"index":"index","follow":"follow","max-snippet":"max-snippet:-1","max-image-preview":"max-image-preview:large","max-video-preview":"max-video-preview:-1"},"canonical":"https:\/\/z-bike.ch\/shop\/e-bike\/turbo-levo-sl-comp-carbon\/","og_locale":"de_DE","og_type":"article","og_title":"Turbo Levo SL Comp Carbon - Z-Bike","og_description":"[vc_row][vc_column][vc_column_text uncode_shortcode_id=&#8220;105279&#8243; css=&#8220;.vc_custom_1708706817932{padding-bottom: 36px !important;}&#8220;] Maneggevolezza superiore \u00c8 tutta una questione di guida. Costruita per sperimentare una fiducia estrema sul [&hellip;]","og_url":"https:\/\/z-bike.ch\/shop\/e-bike\/turbo-levo-sl-comp-carbon\/","og_site_name":"Z-Bike","article_publisher":"https:\/\/www.facebook.com\/zbikelugano","article_modified_time":"2025-06-24T16:05:21+00:00","og_image":[{"width":1700,"height":953,"url":"https:\/\/z-bike.ch\/wp-content\/uploads\/2024\/02\/96822-52_LEVO-SL-COMP-CARBON-BLZ-BLK-SILDST_HERO.png","type":"image\/png"}],"twitter_card":"summary_large_image","twitter_misc":{"Gesch\u00e4tzte Lesezeit":"1\u00a0Minute"},"schema":{"@context":"https:\/\/schema.org","@graph":[{"@type":"WebPage","@id":"https:\/\/z-bike.ch\/shop\/e-bike\/turbo-levo-sl-comp-carbon\/","url":"https:\/\/z-bike.ch\/shop\/e-bike\/turbo-levo-sl-comp-carbon\/","name":"Turbo Levo SL Comp Carbon - Z-Bike","isPartOf":{"@id":"https:\/\/z-bike.ch\/#website"},"primaryImageOfPage":{"@id":"https:\/\/z-bike.ch\/shop\/e-bike\/turbo-levo-sl-comp-carbon\/#primaryimage"},"image":{"@id":"https:\/\/z-bike.ch\/shop\/e-bike\/turbo-levo-sl-comp-carbon\/#primaryimage"},"thumbnailUrl":"https:\/\/z-bike.ch\/wp-content\/uploads\/2024\/02\/96822-52_LEVO-SL-COMP-CARBON-BLZ-BLK-SILDST_HERO.png","datePublished":"2024-02-23T17:31:19+00:00","dateModified":"2025-06-24T16:05:21+00:00","breadcrumb":{"@id":"https:\/\/z-bike.ch\/shop\/e-bike\/turbo-levo-sl-comp-carbon\/#breadcrumb"},"inLanguage":"de","potentialAction":[{"@type":"ReadAction","target":["https:\/\/z-bike.ch\/shop\/e-bike\/turbo-levo-sl-comp-carbon\/"]}]},{"@type":"ImageObject","inLanguage":"de","@id":"https:\/\/z-bike.ch\/shop\/e-bike\/turbo-levo-sl-comp-carbon\/#primaryimage","url":"https:\/\/z-bike.ch\/wp-content\/uploads\/2024\/02\/96822-52_LEVO-SL-COMP-CARBON-BLZ-BLK-SILDST_HERO.png","contentUrl":"https:\/\/z-bike.ch\/wp-content\/uploads\/2024\/02\/96822-52_LEVO-SL-COMP-CARBON-BLZ-BLK-SILDST_HERO.png","width":1700,"height":953},{"@type":"BreadcrumbList","@id":"https:\/\/z-bike.ch\/shop\/e-bike\/turbo-levo-sl-comp-carbon\/#breadcrumb","itemListElement":[{"@type":"ListItem","position":1,"name":"Home","item":"https:\/\/z-bike.ch\/de\/"},{"@type":"ListItem","position":2,"name":"Shop","item":"https:\/\/z-bike.ch\/de\/shop-3\/"},{"@type":"ListItem","position":3,"name":"Turbo Levo SL Comp Carbon"}]},{"@type":"WebSite","@id":"https:\/\/z-bike.ch\/#website","url":"https:\/\/z-bike.ch\/","name":"Z-Bike","description":"Bici Elettriche Online Svizzera: Miglior Prezzo | Consegna Rapida","publisher":{"@id":"https:\/\/z-bike.ch\/#organization"},"alternateName":"ZBike","potentialAction":[{"@type":"SearchAction","target":{"@type":"EntryPoint","urlTemplate":"https:\/\/z-bike.ch\/?s={search_term_string}"},"query-input":{"@type":"PropertyValueSpecification","valueRequired":true,"valueName":"search_term_string"}}],"inLanguage":"de"},{"@type":"Organization","@id":"https:\/\/z-bike.ch\/#organization","name":"Z-Bike","url":"https:\/\/z-bike.ch\/","logo":{"@type":"ImageObject","inLanguage":"de","@id":"https:\/\/z-bike.ch\/#\/schema\/logo\/image\/","url":"https:\/\/z-bike.ch\/wp-content\/uploads\/2023\/07\/logo_z-bike_ori.svg","contentUrl":"https:\/\/z-bike.ch\/wp-content\/uploads\/2023\/07\/logo_z-bike_ori.svg","width":1,"height":1,"caption":"Z-Bike"},"image":{"@id":"https:\/\/z-bike.ch\/#\/schema\/logo\/image\/"},"sameAs":["https:\/\/www.facebook.com\/zbikelugano","https:\/\/www.instagram.com\/zbike.ebike"]}]}},"_links":{"self":[{"href":"https:\/\/z-bike.ch\/de\/wp-json\/wp\/v2\/product\/123051"}],"collection":[{"href":"https:\/\/z-bike.ch\/de\/wp-json\/wp\/v2\/product"}],"about":[{"href":"https:\/\/z-bike.ch\/de\/wp-json\/wp\/v2\/types\/product"}],"replies":[{"embeddable":true,"href":"https:\/\/z-bike.ch\/de\/wp-json\/wp\/v2\/comments?post=123051"}],"wp:featuredmedia":[{"embeddable":true,"href":"https:\/\/z-bike.ch\/de\/wp-json\/wp\/v2\/media\/123072"}],"wp:attachment":[{"href":"https:\/\/z-bike.ch\/de\/wp-json\/wp\/v2\/media?parent=123051"}],"wp:term":[{"taxonomy":"product_cat","embeddable":true,"href":"https:\/\/z-bike.ch\/de\/wp-json\/wp\/v2\/product_cat?post=123051"},{"taxonomy":"product_tag","embeddable":true,"href":"https:\/\/z-bike.ch\/de\/wp-json\/wp\/v2\/product_tag?post=123051"}],"curies":[{"name":"wp","href":"https:\/\/api.w.org\/{rel}","templated":true}]}}