{"id":124237,"date":"2024-09-16T17:32:05","date_gmt":"2024-09-16T15:32:05","guid":{"rendered":"https:\/\/z-bike.ch\/shop\/unkategorisiert\/4060-z-lt-gx\/"},"modified":"2024-11-18T12:34:31","modified_gmt":"2024-11-18T11:34:31","slug":"4060-z-lt-gx","status":"publish","type":"product","link":"https:\/\/z-bike.ch\/de\/shop\/e-bike-de\/4060-z-lt-gx\/","title":{"rendered":"4060 Z LT GX"},"content":{"rendered":"<section class=\"wpb-content-wrapper\"><p>[vc_row][vc_column][vc_column_text uncode_shortcode_id=&#8220;780151&#8243; css=&#8220;.vc_custom_1727792428742{padding-bottom: 36px !important;}&#8220;]Mit der Kraft, um h\u00e4rter zu spielen, und der F\u00e4higkeit, dich weiter zu bringen, dominiert das 4060 Z LT GX die anspruchsvollsten Strecken in einem rasanten Tempo. Ein Enduro-Bike mit einem zus\u00e4tzlichen Gang \u2013 dieses Bike ist f\u00fcr diejenigen, die die h\u00e4rtesten Anstiege bezwingen und genug Energie in Reserve f\u00fcr die Abfahrten haben wollen. Der Vollcarbonrahmen, die hochwertigen Federungen und die erstklassige Ausstattung lassen keine Kompromisse zu.<\/p>\n<h2>Kompromisslose Geometrie<\/h2>\n<p>Die Integration von Motor und Batterie verbessert das Fahrerlebnis, ohne die Geometrie oder Dynamik zu beeintr\u00e4chtigen. Wir bewahren das urspr\u00fcngliche Fahrgef\u00fchl mit einer integrierten elektrischen Unterst\u00fctzung.<\/p>\n<h2>Power Play<\/h2>\n<p>Der neueste EP801-Motor von Shimano bietet ein starkes Drehmoment von 85 Nm bei nur 2,6 kg Gewicht f\u00fcr die Antriebseinheit. Die kompakte Bauweise und das minimalistische Design tragen dazu bei, den Schwerpunkt des Fahrrads niedrig zu halten, genau dort, wo er sein sollte.<\/p>\n<h2>Inklusive Batterie<\/h2>\n<p>Die Darfon-Batterie bietet eine Kapazit\u00e4t von 720 Wh in einem schlanken Profil, sodass du weiter fahren und l\u00e4nger Spa\u00df haben kannst.<\/p>\n<h2>Hochwertige Federung<\/h2>\n<p>Das Design unserer Federung mit virtuellem Drehpunkt, aktiviert durch den unteren Link, bewegt sich auf Enduro Max-Lagern und bleibt besonders sensibel zu Beginn des Federwegs f\u00fcr endlose Traktion, w\u00e4hrend es progressiv wird, wenn es ernst wird.[\/vc_column_text][vc_single_image media=&#8220;124193&#8243; media_width_percent=&#8220;100&#8243; uncode_shortcode_id=&#8220;182324&#8243;][\/vc_column][\/vc_row]<\/p>\n<\/section>","protected":false},"excerpt":{"rendered":"<p>[vc_row][vc_column][vc_column_text uncode_shortcode_id=&#8220;780151&#8243; css=&#8220;.vc_custom_1727792428742{padding-bottom: 36px !important;}&#8220;]Mit der Kraft, um h\u00e4rter zu spielen, und der F\u00e4higkeit, dich weiter zu bringen, dominiert das [&hellip;]<\/p>\n","protected":false},"featured_media":124202,"comment_status":"open","ping_status":"closed","template":"","meta":[],"product_cat":[283],"product_tag":[489],"yoast_head":"<!-- This site is optimized with the Yoast SEO plugin v23.6 - https:\/\/yoast.com\/wordpress\/plugins\/seo\/ -->\n<title>4060 Z LT GX - Z-Bike<\/title>\n<meta name=\"robots\" content=\"index, follow, max-snippet:-1, max-image-preview:large, max-video-preview:-1\" \/>\n<link rel=\"canonical\" href=\"https:\/\/z-bike.ch\/de\/shop\/e-bike-de\/4060-z-lt-gx\/\" \/>\n<meta property=\"og:locale\" content=\"de_DE\" \/>\n<meta property=\"og:type\" content=\"article\" \/>\n<meta property=\"og:title\" content=\"4060 Z LT GX - Z-Bike\" \/>\n<meta property=\"og:description\" content=\"[vc_row][vc_column][vc_column_text uncode_shortcode_id=&#8220;780151&#8243; css=&#8220;.vc_custom_1727792428742{padding-bottom: 36px !important;}&#8220;]Mit der Kraft, um h\u00e4rter zu spielen, und der F\u00e4higkeit, dich weiter zu bringen, dominiert das [&hellip;]\" \/>\n<meta property=\"og:url\" content=\"https:\/\/z-bike.ch\/de\/shop\/e-bike-de\/4060-z-lt-gx\/\" \/>\n<meta property=\"og:site_name\" content=\"Z-Bike\" \/>\n<meta property=\"article:publisher\" content=\"https:\/\/www.facebook.com\/zbikelugano\" \/>\n<meta property=\"article:modified_time\" content=\"2024-11-18T11:34:31+00:00\" \/>\n<meta property=\"og:image\" content=\"https:\/\/z-bike.ch\/wp-content\/uploads\/2024\/09\/80476ec0-9835-44e5-8ae4-6598efe4a4b6_e98bf073-d457-4c03-b9ee-02e37a1dc3c9_1800x1800-removebg.png\" \/>\n\t<meta property=\"og:image:width\" content=\"1800\" \/>\n\t<meta property=\"og:image:height\" content=\"1106\" \/>\n\t<meta property=\"og:image:type\" content=\"image\/png\" \/>\n<meta name=\"twitter:card\" content=\"summary_large_image\" \/>\n<meta name=\"twitter:label1\" content=\"Gesch\u00e4tzte Lesezeit\" \/>\n\t<meta name=\"twitter:data1\" content=\"1\u00a0Minute\" \/>\n<script type=\"application\/ld+json\" class=\"yoast-schema-graph\">{\"@context\":\"https:\/\/schema.org\",\"@graph\":[{\"@type\":\"WebPage\",\"@id\":\"https:\/\/z-bike.ch\/de\/shop\/e-bike-de\/4060-z-lt-gx\/\",\"url\":\"https:\/\/z-bike.ch\/de\/shop\/e-bike-de\/4060-z-lt-gx\/\",\"name\":\"4060 Z LT GX - Z-Bike\",\"isPartOf\":{\"@id\":\"https:\/\/z-bike.ch\/#website\"},\"primaryImageOfPage\":{\"@id\":\"https:\/\/z-bike.ch\/de\/shop\/e-bike-de\/4060-z-lt-gx\/#primaryimage\"},\"image\":{\"@id\":\"https:\/\/z-bike.ch\/de\/shop\/e-bike-de\/4060-z-lt-gx\/#primaryimage\"},\"thumbnailUrl\":\"https:\/\/z-bike.ch\/wp-content\/uploads\/2024\/09\/80476ec0-9835-44e5-8ae4-6598efe4a4b6_e98bf073-d457-4c03-b9ee-02e37a1dc3c9_1800x1800-removebg.png\",\"datePublished\":\"2024-09-16T15:32:05+00:00\",\"dateModified\":\"2024-11-18T11:34:31+00:00\",\"breadcrumb\":{\"@id\":\"https:\/\/z-bike.ch\/de\/shop\/e-bike-de\/4060-z-lt-gx\/#breadcrumb\"},\"inLanguage\":\"de\",\"potentialAction\":[{\"@type\":\"ReadAction\",\"target\":[\"https:\/\/z-bike.ch\/de\/shop\/e-bike-de\/4060-z-lt-gx\/\"]}]},{\"@type\":\"ImageObject\",\"inLanguage\":\"de\",\"@id\":\"https:\/\/z-bike.ch\/de\/shop\/e-bike-de\/4060-z-lt-gx\/#primaryimage\",\"url\":\"https:\/\/z-bike.ch\/wp-content\/uploads\/2024\/09\/80476ec0-9835-44e5-8ae4-6598efe4a4b6_e98bf073-d457-4c03-b9ee-02e37a1dc3c9_1800x1800-removebg.png\",\"contentUrl\":\"https:\/\/z-bike.ch\/wp-content\/uploads\/2024\/09\/80476ec0-9835-44e5-8ae4-6598efe4a4b6_e98bf073-d457-4c03-b9ee-02e37a1dc3c9_1800x1800-removebg.png\",\"width\":1800,\"height\":1106},{\"@type\":\"BreadcrumbList\",\"@id\":\"https:\/\/z-bike.ch\/de\/shop\/e-bike-de\/4060-z-lt-gx\/#breadcrumb\",\"itemListElement\":[{\"@type\":\"ListItem\",\"position\":1,\"name\":\"Home\",\"item\":\"https:\/\/z-bike.ch\/de\/\"},{\"@type\":\"ListItem\",\"position\":2,\"name\":\"Shop\",\"item\":\"https:\/\/z-bike.ch\/de\/shop-3\/\"},{\"@type\":\"ListItem\",\"position\":3,\"name\":\"4060 Z LT GX\"}]},{\"@type\":\"WebSite\",\"@id\":\"https:\/\/z-bike.ch\/#website\",\"url\":\"https:\/\/z-bike.ch\/\",\"name\":\"Z-Bike\",\"description\":\"Bici Elettriche Online Svizzera: Miglior Prezzo | Consegna Rapida\",\"publisher\":{\"@id\":\"https:\/\/z-bike.ch\/#organization\"},\"alternateName\":\"ZBike\",\"potentialAction\":[{\"@type\":\"SearchAction\",\"target\":{\"@type\":\"EntryPoint\",\"urlTemplate\":\"https:\/\/z-bike.ch\/?s={search_term_string}\"},\"query-input\":{\"@type\":\"PropertyValueSpecification\",\"valueRequired\":true,\"valueName\":\"search_term_string\"}}],\"inLanguage\":\"de\"},{\"@type\":\"Organization\",\"@id\":\"https:\/\/z-bike.ch\/#organization\",\"name\":\"Z-Bike\",\"url\":\"https:\/\/z-bike.ch\/\",\"logo\":{\"@type\":\"ImageObject\",\"inLanguage\":\"de\",\"@id\":\"https:\/\/z-bike.ch\/#\/schema\/logo\/image\/\",\"url\":\"https:\/\/z-bike.ch\/wp-content\/uploads\/2023\/07\/logo_z-bike_ori.svg\",\"contentUrl\":\"https:\/\/z-bike.ch\/wp-content\/uploads\/2023\/07\/logo_z-bike_ori.svg\",\"width\":1,\"height\":1,\"caption\":\"Z-Bike\"},\"image\":{\"@id\":\"https:\/\/z-bike.ch\/#\/schema\/logo\/image\/\"},\"sameAs\":[\"https:\/\/www.facebook.com\/zbikelugano\",\"https:\/\/www.instagram.com\/zbike.ebike\"]}]}<\/script>\n<!-- \/ Yoast SEO plugin. -->","yoast_head_json":{"title":"4060 Z LT GX - Z-Bike","robots":{"index":"index","follow":"follow","max-snippet":"max-snippet:-1","max-image-preview":"max-image-preview:large","max-video-preview":"max-video-preview:-1"},"canonical":"https:\/\/z-bike.ch\/de\/shop\/e-bike-de\/4060-z-lt-gx\/","og_locale":"de_DE","og_type":"article","og_title":"4060 Z LT GX - Z-Bike","og_description":"[vc_row][vc_column][vc_column_text uncode_shortcode_id=&#8220;780151&#8243; css=&#8220;.vc_custom_1727792428742{padding-bottom: 36px !important;}&#8220;]Mit der Kraft, um h\u00e4rter zu spielen, und der F\u00e4higkeit, dich weiter zu bringen, dominiert das [&hellip;]","og_url":"https:\/\/z-bike.ch\/de\/shop\/e-bike-de\/4060-z-lt-gx\/","og_site_name":"Z-Bike","article_publisher":"https:\/\/www.facebook.com\/zbikelugano","article_modified_time":"2024-11-18T11:34:31+00:00","og_image":[{"width":1800,"height":1106,"url":"https:\/\/z-bike.ch\/wp-content\/uploads\/2024\/09\/80476ec0-9835-44e5-8ae4-6598efe4a4b6_e98bf073-d457-4c03-b9ee-02e37a1dc3c9_1800x1800-removebg.png","type":"image\/png"}],"twitter_card":"summary_large_image","twitter_misc":{"Gesch\u00e4tzte Lesezeit":"1\u00a0Minute"},"schema":{"@context":"https:\/\/schema.org","@graph":[{"@type":"WebPage","@id":"https:\/\/z-bike.ch\/de\/shop\/e-bike-de\/4060-z-lt-gx\/","url":"https:\/\/z-bike.ch\/de\/shop\/e-bike-de\/4060-z-lt-gx\/","name":"4060 Z LT GX - Z-Bike","isPartOf":{"@id":"https:\/\/z-bike.ch\/#website"},"primaryImageOfPage":{"@id":"https:\/\/z-bike.ch\/de\/shop\/e-bike-de\/4060-z-lt-gx\/#primaryimage"},"image":{"@id":"https:\/\/z-bike.ch\/de\/shop\/e-bike-de\/4060-z-lt-gx\/#primaryimage"},"thumbnailUrl":"https:\/\/z-bike.ch\/wp-content\/uploads\/2024\/09\/80476ec0-9835-44e5-8ae4-6598efe4a4b6_e98bf073-d457-4c03-b9ee-02e37a1dc3c9_1800x1800-removebg.png","datePublished":"2024-09-16T15:32:05+00:00","dateModified":"2024-11-18T11:34:31+00:00","breadcrumb":{"@id":"https:\/\/z-bike.ch\/de\/shop\/e-bike-de\/4060-z-lt-gx\/#breadcrumb"},"inLanguage":"de","potentialAction":[{"@type":"ReadAction","target":["https:\/\/z-bike.ch\/de\/shop\/e-bike-de\/4060-z-lt-gx\/"]}]},{"@type":"ImageObject","inLanguage":"de","@id":"https:\/\/z-bike.ch\/de\/shop\/e-bike-de\/4060-z-lt-gx\/#primaryimage","url":"https:\/\/z-bike.ch\/wp-content\/uploads\/2024\/09\/80476ec0-9835-44e5-8ae4-6598efe4a4b6_e98bf073-d457-4c03-b9ee-02e37a1dc3c9_1800x1800-removebg.png","contentUrl":"https:\/\/z-bike.ch\/wp-content\/uploads\/2024\/09\/80476ec0-9835-44e5-8ae4-6598efe4a4b6_e98bf073-d457-4c03-b9ee-02e37a1dc3c9_1800x1800-removebg.png","width":1800,"height":1106},{"@type":"BreadcrumbList","@id":"https:\/\/z-bike.ch\/de\/shop\/e-bike-de\/4060-z-lt-gx\/#breadcrumb","itemListElement":[{"@type":"ListItem","position":1,"name":"Home","item":"https:\/\/z-bike.ch\/de\/"},{"@type":"ListItem","position":2,"name":"Shop","item":"https:\/\/z-bike.ch\/de\/shop-3\/"},{"@type":"ListItem","position":3,"name":"4060 Z LT GX"}]},{"@type":"WebSite","@id":"https:\/\/z-bike.ch\/#website","url":"https:\/\/z-bike.ch\/","name":"Z-Bike","description":"Bici Elettriche Online Svizzera: Miglior Prezzo | Consegna Rapida","publisher":{"@id":"https:\/\/z-bike.ch\/#organization"},"alternateName":"ZBike","potentialAction":[{"@type":"SearchAction","target":{"@type":"EntryPoint","urlTemplate":"https:\/\/z-bike.ch\/?s={search_term_string}"},"query-input":{"@type":"PropertyValueSpecification","valueRequired":true,"valueName":"search_term_string"}}],"inLanguage":"de"},{"@type":"Organization","@id":"https:\/\/z-bike.ch\/#organization","name":"Z-Bike","url":"https:\/\/z-bike.ch\/","logo":{"@type":"ImageObject","inLanguage":"de","@id":"https:\/\/z-bike.ch\/#\/schema\/logo\/image\/","url":"https:\/\/z-bike.ch\/wp-content\/uploads\/2023\/07\/logo_z-bike_ori.svg","contentUrl":"https:\/\/z-bike.ch\/wp-content\/uploads\/2023\/07\/logo_z-bike_ori.svg","width":1,"height":1,"caption":"Z-Bike"},"image":{"@id":"https:\/\/z-bike.ch\/#\/schema\/logo\/image\/"},"sameAs":["https:\/\/www.facebook.com\/zbikelugano","https:\/\/www.instagram.com\/zbike.ebike"]}]}},"_links":{"self":[{"href":"https:\/\/z-bike.ch\/de\/wp-json\/wp\/v2\/product\/124237"}],"collection":[{"href":"https:\/\/z-bike.ch\/de\/wp-json\/wp\/v2\/product"}],"about":[{"href":"https:\/\/z-bike.ch\/de\/wp-json\/wp\/v2\/types\/product"}],"replies":[{"embeddable":true,"href":"https:\/\/z-bike.ch\/de\/wp-json\/wp\/v2\/comments?post=124237"}],"wp:featuredmedia":[{"embeddable":true,"href":"https:\/\/z-bike.ch\/de\/wp-json\/wp\/v2\/media\/124202"}],"wp:attachment":[{"href":"https:\/\/z-bike.ch\/de\/wp-json\/wp\/v2\/media?parent=124237"}],"wp:term":[{"taxonomy":"product_cat","embeddable":true,"href":"https:\/\/z-bike.ch\/de\/wp-json\/wp\/v2\/product_cat?post=124237"},{"taxonomy":"product_tag","embeddable":true,"href":"https:\/\/z-bike.ch\/de\/wp-json\/wp\/v2\/product_tag?post=124237"}],"curies":[{"name":"wp","href":"https:\/\/api.w.org\/{rel}","templated":true}]}}