{"id":124449,"date":"2024-02-22T13:16:19","date_gmt":"2024-02-22T12:16:19","guid":{"rendered":"https:\/\/z-bike.ch\/shop\/unkategorisiert\/turbo-levo-carbon\/"},"modified":"2024-11-26T18:36:57","modified_gmt":"2024-11-26T17:36:57","slug":"turbo-levo-carbon","status":"publish","type":"product","link":"https:\/\/z-bike.ch\/de\/shop\/e-bike-de\/turbo-levo-carbon\/","title":{"rendered":"Turbo Levo Carbon"},"content":{"rendered":"<section class=\"wpb-content-wrapper\"><p>[vc_row][vc_column][vc_column_text uncode_shortcode_id=&#8220;883113&#8243; css=&#8220;.vc_custom_1732641910580{padding-bottom: 36px !important;}&#8220;]Quando wir sagen: &#8222;The unbelievable power to ride more trails&#8220;, meinen wir, dass die Turbo Levo eine unvergleichliche Kombination aus Fahrqualit\u00e4t, voll nutzbarer Leistung und herausragender Reichweite darstellt. Das Ergebnis von 40 Jahren Erfahrung in der Entwicklung der besten Mountainbikes der Welt. Seit ihrer Einf\u00fchrung setzt die Turbo Levo Ma\u00dfst\u00e4be im e-MTB-Markt, und diese Version hebt die Messlatte erneut.<\/p>\n<h2>MOTOR<\/h2>\n<p>Der integrierte Turbo Full Power 2.2-Motor und die fortschrittliche Steuerungseinheit, die TCU, liefern 90 Nm Drehmoment und 565 Watt Leistung f\u00fcr eine Reichweite von bis zu f\u00fcnf Stunden, damit du l\u00e4nger und schneller fahren kannst. Batterie mit 700 Wh.<\/p>\n<h2>DISPLAY<\/h2>\n<p>Die TCU ist mehr als ein einfacher &#8222;Ein\/Aus&#8220;-Knopf, sie ist das Gehirn des Bikes. Sie zeigt die Akkuladung und den gew\u00e4hlten Unterst\u00fctzungsmodus an. Zudem kann sie \u00fcber ANT+ mit optionalen Ger\u00e4ten kommunizieren, um zus\u00e4tzliche n\u00fctzliche Informationen anzuzeigen.<\/p>\n<h2>DESIGN<\/h2>\n<p>Das Design mit unterschiedlichen Laufradgr\u00f6\u00dfen &#8211; 27,5&#8243; hinten und 29&#8243; vorne &#8211; sorgt f\u00fcr eine besonders agile Fahrweise. Der gro\u00dfz\u00fcgige Lenker positioniert dich zentral auf dem Bike, um Traktion und Kontrolle in Kurven zu optimieren. Das niedrige Tretlager, der flache Lenkwinkel und der reduzierte Gabel-Offset garantieren Stabilit\u00e4t auf technischem Terrain.<\/p>\n<h2>GEOMETRIE<\/h2>\n<p>Die Turbo Levo erm\u00f6glicht es dir, die Leistung an deinen Fahrstil und das Gel\u00e4nde anzupassen. Der Lenkwinkel kann zwischen 63 und 65,5 Grad eingestellt werden. Die Tretlagerh\u00f6he l\u00e4sst sich um 7 mm erh\u00f6hen oder absenken.<\/p>\n<h2>FEDERWEG<\/h2>\n<p>Der 150-mm-Federweg der Turbo Levo absorbiert sowohl kleine Unebenheiten als auch gro\u00dfe kantige Hindernisse und bietet gleichzeitig eine unglaubliche Effizienz bei der Kraft\u00fcbertragung.[\/vc_column_text][\/vc_column][\/vc_row]<\/p>\n<\/section>","protected":false},"excerpt":{"rendered":"<p>[vc_row][vc_column][vc_column_text uncode_shortcode_id=&#8220;883113&#8243; css=&#8220;.vc_custom_1732641910580{padding-bottom: 36px !important;}&#8220;]Quando wir sagen: &#8222;The unbelievable power to ride more trails&#8220;, meinen wir, dass die Turbo Levo [&hellip;]<\/p>\n","protected":false},"featured_media":122957,"comment_status":"open","ping_status":"closed","template":"","meta":[],"product_cat":[283],"product_tag":[],"yoast_head":"<!-- This site is optimized with the Yoast SEO plugin v23.6 - https:\/\/yoast.com\/wordpress\/plugins\/seo\/ -->\n<title>Turbo Levo Carbon - Z-Bike<\/title>\n<meta name=\"robots\" content=\"index, follow, max-snippet:-1, max-image-preview:large, max-video-preview:-1\" \/>\n<link rel=\"canonical\" href=\"https:\/\/z-bike.ch\/de\/shop\/e-bike-de\/turbo-levo-carbon\/\" \/>\n<meta property=\"og:locale\" content=\"de_DE\" \/>\n<meta property=\"og:type\" content=\"article\" \/>\n<meta property=\"og:title\" content=\"Turbo Levo Carbon - Z-Bike\" \/>\n<meta property=\"og:description\" content=\"[vc_row][vc_column][vc_column_text uncode_shortcode_id=&#8220;883113&#8243; css=&#8220;.vc_custom_1732641910580{padding-bottom: 36px !important;}&#8220;]Quando wir sagen: &#8222;The unbelievable power to ride more trails&#8220;, meinen wir, dass die Turbo Levo [&hellip;]\" \/>\n<meta property=\"og:url\" content=\"https:\/\/z-bike.ch\/de\/shop\/e-bike-de\/turbo-levo-carbon\/\" \/>\n<meta property=\"og:site_name\" content=\"Z-Bike\" \/>\n<meta property=\"article:publisher\" content=\"https:\/\/www.facebook.com\/zbikelugano\" \/>\n<meta property=\"article:modified_time\" content=\"2024-11-26T17:36:57+00:00\" \/>\n<meta property=\"og:image\" content=\"https:\/\/z-bike.ch\/wp-content\/uploads\/2024\/02\/95223-77_LEVO-CARBON-SMK-BLK_HERO.png\" \/>\n\t<meta property=\"og:image:width\" content=\"1700\" \/>\n\t<meta property=\"og:image:height\" content=\"953\" \/>\n\t<meta property=\"og:image:type\" content=\"image\/png\" \/>\n<meta name=\"twitter:card\" content=\"summary_large_image\" \/>\n<meta name=\"twitter:label1\" content=\"Gesch\u00e4tzte Lesezeit\" \/>\n\t<meta name=\"twitter:data1\" content=\"1\u00a0Minute\" \/>\n<script type=\"application\/ld+json\" class=\"yoast-schema-graph\">{\"@context\":\"https:\/\/schema.org\",\"@graph\":[{\"@type\":\"WebPage\",\"@id\":\"https:\/\/z-bike.ch\/de\/shop\/e-bike-de\/turbo-levo-carbon\/\",\"url\":\"https:\/\/z-bike.ch\/de\/shop\/e-bike-de\/turbo-levo-carbon\/\",\"name\":\"Turbo Levo Carbon - Z-Bike\",\"isPartOf\":{\"@id\":\"https:\/\/z-bike.ch\/#website\"},\"primaryImageOfPage\":{\"@id\":\"https:\/\/z-bike.ch\/de\/shop\/e-bike-de\/turbo-levo-carbon\/#primaryimage\"},\"image\":{\"@id\":\"https:\/\/z-bike.ch\/de\/shop\/e-bike-de\/turbo-levo-carbon\/#primaryimage\"},\"thumbnailUrl\":\"https:\/\/z-bike.ch\/wp-content\/uploads\/2024\/02\/95223-77_LEVO-CARBON-SMK-BLK_HERO.png\",\"datePublished\":\"2024-02-22T12:16:19+00:00\",\"dateModified\":\"2024-11-26T17:36:57+00:00\",\"breadcrumb\":{\"@id\":\"https:\/\/z-bike.ch\/de\/shop\/e-bike-de\/turbo-levo-carbon\/#breadcrumb\"},\"inLanguage\":\"de\",\"potentialAction\":[{\"@type\":\"ReadAction\",\"target\":[\"https:\/\/z-bike.ch\/de\/shop\/e-bike-de\/turbo-levo-carbon\/\"]}]},{\"@type\":\"ImageObject\",\"inLanguage\":\"de\",\"@id\":\"https:\/\/z-bike.ch\/de\/shop\/e-bike-de\/turbo-levo-carbon\/#primaryimage\",\"url\":\"https:\/\/z-bike.ch\/wp-content\/uploads\/2024\/02\/95223-77_LEVO-CARBON-SMK-BLK_HERO.png\",\"contentUrl\":\"https:\/\/z-bike.ch\/wp-content\/uploads\/2024\/02\/95223-77_LEVO-CARBON-SMK-BLK_HERO.png\",\"width\":1700,\"height\":953},{\"@type\":\"BreadcrumbList\",\"@id\":\"https:\/\/z-bike.ch\/de\/shop\/e-bike-de\/turbo-levo-carbon\/#breadcrumb\",\"itemListElement\":[{\"@type\":\"ListItem\",\"position\":1,\"name\":\"Home\",\"item\":\"https:\/\/z-bike.ch\/de\/\"},{\"@type\":\"ListItem\",\"position\":2,\"name\":\"Shop\",\"item\":\"https:\/\/z-bike.ch\/de\/shop-3\/\"},{\"@type\":\"ListItem\",\"position\":3,\"name\":\"Turbo Levo Carbon\"}]},{\"@type\":\"WebSite\",\"@id\":\"https:\/\/z-bike.ch\/#website\",\"url\":\"https:\/\/z-bike.ch\/\",\"name\":\"Z-Bike\",\"description\":\"Bici Elettriche Online Svizzera: Miglior Prezzo | Consegna Rapida\",\"publisher\":{\"@id\":\"https:\/\/z-bike.ch\/#organization\"},\"alternateName\":\"ZBike\",\"potentialAction\":[{\"@type\":\"SearchAction\",\"target\":{\"@type\":\"EntryPoint\",\"urlTemplate\":\"https:\/\/z-bike.ch\/?s={search_term_string}\"},\"query-input\":{\"@type\":\"PropertyValueSpecification\",\"valueRequired\":true,\"valueName\":\"search_term_string\"}}],\"inLanguage\":\"de\"},{\"@type\":\"Organization\",\"@id\":\"https:\/\/z-bike.ch\/#organization\",\"name\":\"Z-Bike\",\"url\":\"https:\/\/z-bike.ch\/\",\"logo\":{\"@type\":\"ImageObject\",\"inLanguage\":\"de\",\"@id\":\"https:\/\/z-bike.ch\/#\/schema\/logo\/image\/\",\"url\":\"https:\/\/z-bike.ch\/wp-content\/uploads\/2023\/07\/logo_z-bike_ori.svg\",\"contentUrl\":\"https:\/\/z-bike.ch\/wp-content\/uploads\/2023\/07\/logo_z-bike_ori.svg\",\"width\":1,\"height\":1,\"caption\":\"Z-Bike\"},\"image\":{\"@id\":\"https:\/\/z-bike.ch\/#\/schema\/logo\/image\/\"},\"sameAs\":[\"https:\/\/www.facebook.com\/zbikelugano\",\"https:\/\/www.instagram.com\/zbike.ebike\"]}]}<\/script>\n<!-- \/ Yoast SEO plugin. -->","yoast_head_json":{"title":"Turbo Levo Carbon - Z-Bike","robots":{"index":"index","follow":"follow","max-snippet":"max-snippet:-1","max-image-preview":"max-image-preview:large","max-video-preview":"max-video-preview:-1"},"canonical":"https:\/\/z-bike.ch\/de\/shop\/e-bike-de\/turbo-levo-carbon\/","og_locale":"de_DE","og_type":"article","og_title":"Turbo Levo Carbon - Z-Bike","og_description":"[vc_row][vc_column][vc_column_text uncode_shortcode_id=&#8220;883113&#8243; css=&#8220;.vc_custom_1732641910580{padding-bottom: 36px !important;}&#8220;]Quando wir sagen: &#8222;The unbelievable power to ride more trails&#8220;, meinen wir, dass die Turbo Levo [&hellip;]","og_url":"https:\/\/z-bike.ch\/de\/shop\/e-bike-de\/turbo-levo-carbon\/","og_site_name":"Z-Bike","article_publisher":"https:\/\/www.facebook.com\/zbikelugano","article_modified_time":"2024-11-26T17:36:57+00:00","og_image":[{"width":1700,"height":953,"url":"https:\/\/z-bike.ch\/wp-content\/uploads\/2024\/02\/95223-77_LEVO-CARBON-SMK-BLK_HERO.png","type":"image\/png"}],"twitter_card":"summary_large_image","twitter_misc":{"Gesch\u00e4tzte Lesezeit":"1\u00a0Minute"},"schema":{"@context":"https:\/\/schema.org","@graph":[{"@type":"WebPage","@id":"https:\/\/z-bike.ch\/de\/shop\/e-bike-de\/turbo-levo-carbon\/","url":"https:\/\/z-bike.ch\/de\/shop\/e-bike-de\/turbo-levo-carbon\/","name":"Turbo Levo Carbon - Z-Bike","isPartOf":{"@id":"https:\/\/z-bike.ch\/#website"},"primaryImageOfPage":{"@id":"https:\/\/z-bike.ch\/de\/shop\/e-bike-de\/turbo-levo-carbon\/#primaryimage"},"image":{"@id":"https:\/\/z-bike.ch\/de\/shop\/e-bike-de\/turbo-levo-carbon\/#primaryimage"},"thumbnailUrl":"https:\/\/z-bike.ch\/wp-content\/uploads\/2024\/02\/95223-77_LEVO-CARBON-SMK-BLK_HERO.png","datePublished":"2024-02-22T12:16:19+00:00","dateModified":"2024-11-26T17:36:57+00:00","breadcrumb":{"@id":"https:\/\/z-bike.ch\/de\/shop\/e-bike-de\/turbo-levo-carbon\/#breadcrumb"},"inLanguage":"de","potentialAction":[{"@type":"ReadAction","target":["https:\/\/z-bike.ch\/de\/shop\/e-bike-de\/turbo-levo-carbon\/"]}]},{"@type":"ImageObject","inLanguage":"de","@id":"https:\/\/z-bike.ch\/de\/shop\/e-bike-de\/turbo-levo-carbon\/#primaryimage","url":"https:\/\/z-bike.ch\/wp-content\/uploads\/2024\/02\/95223-77_LEVO-CARBON-SMK-BLK_HERO.png","contentUrl":"https:\/\/z-bike.ch\/wp-content\/uploads\/2024\/02\/95223-77_LEVO-CARBON-SMK-BLK_HERO.png","width":1700,"height":953},{"@type":"BreadcrumbList","@id":"https:\/\/z-bike.ch\/de\/shop\/e-bike-de\/turbo-levo-carbon\/#breadcrumb","itemListElement":[{"@type":"ListItem","position":1,"name":"Home","item":"https:\/\/z-bike.ch\/de\/"},{"@type":"ListItem","position":2,"name":"Shop","item":"https:\/\/z-bike.ch\/de\/shop-3\/"},{"@type":"ListItem","position":3,"name":"Turbo Levo Carbon"}]},{"@type":"WebSite","@id":"https:\/\/z-bike.ch\/#website","url":"https:\/\/z-bike.ch\/","name":"Z-Bike","description":"Bici Elettriche Online Svizzera: Miglior Prezzo | Consegna Rapida","publisher":{"@id":"https:\/\/z-bike.ch\/#organization"},"alternateName":"ZBike","potentialAction":[{"@type":"SearchAction","target":{"@type":"EntryPoint","urlTemplate":"https:\/\/z-bike.ch\/?s={search_term_string}"},"query-input":{"@type":"PropertyValueSpecification","valueRequired":true,"valueName":"search_term_string"}}],"inLanguage":"de"},{"@type":"Organization","@id":"https:\/\/z-bike.ch\/#organization","name":"Z-Bike","url":"https:\/\/z-bike.ch\/","logo":{"@type":"ImageObject","inLanguage":"de","@id":"https:\/\/z-bike.ch\/#\/schema\/logo\/image\/","url":"https:\/\/z-bike.ch\/wp-content\/uploads\/2023\/07\/logo_z-bike_ori.svg","contentUrl":"https:\/\/z-bike.ch\/wp-content\/uploads\/2023\/07\/logo_z-bike_ori.svg","width":1,"height":1,"caption":"Z-Bike"},"image":{"@id":"https:\/\/z-bike.ch\/#\/schema\/logo\/image\/"},"sameAs":["https:\/\/www.facebook.com\/zbikelugano","https:\/\/www.instagram.com\/zbike.ebike"]}]}},"_links":{"self":[{"href":"https:\/\/z-bike.ch\/de\/wp-json\/wp\/v2\/product\/124449"}],"collection":[{"href":"https:\/\/z-bike.ch\/de\/wp-json\/wp\/v2\/product"}],"about":[{"href":"https:\/\/z-bike.ch\/de\/wp-json\/wp\/v2\/types\/product"}],"replies":[{"embeddable":true,"href":"https:\/\/z-bike.ch\/de\/wp-json\/wp\/v2\/comments?post=124449"}],"wp:featuredmedia":[{"embeddable":true,"href":"https:\/\/z-bike.ch\/de\/wp-json\/wp\/v2\/media\/122957"}],"wp:attachment":[{"href":"https:\/\/z-bike.ch\/de\/wp-json\/wp\/v2\/media?parent=124449"}],"wp:term":[{"taxonomy":"product_cat","embeddable":true,"href":"https:\/\/z-bike.ch\/de\/wp-json\/wp\/v2\/product_cat?post=124449"},{"taxonomy":"product_tag","embeddable":true,"href":"https:\/\/z-bike.ch\/de\/wp-json\/wp\/v2\/product_tag?post=124449"}],"curies":[{"name":"wp","href":"https:\/\/api.w.org\/{rel}","templated":true}]}}