{"id":124864,"date":"2024-12-03T12:24:05","date_gmt":"2024-12-03T11:24:05","guid":{"rendered":"https:\/\/z-bike.ch\/shop\/unkategorisiert\/tarmac-sl8-pro\/"},"modified":"2025-08-19T11:27:21","modified_gmt":"2025-08-19T09:27:21","slug":"tarmac-sl8-pro","status":"publish","type":"product","link":"https:\/\/z-bike.ch\/de\/shop\/muscolari-de\/tarmac-sl8-pro\/","title":{"rendered":"Tarmac SL8 Pro"},"content":{"rendered":"<section class=\"wpb-content-wrapper\"><p>[vc_row][vc_column][vc_column_text uncode_shortcode_id=&#8220;828027&#8243; css=&#8220;.vc_custom_1733223924229{padding-bottom: 36px !important;}&#8220;]<\/p>\n<p class=\"sc-6d8c0e1d-3 bXLFhn\">Keine Fahrrad ist so schnell wie das Tarmac SL8, dank einer Kombination aus Aerodynamik, Leichtigkeit und Fahrqualit\u00e4t, die zuvor als unm\u00f6glich galt. Nach acht Generationen und \u00fcber zwei Jahrzehnten der Entwicklung ist es nicht nur das schnellste Tarmac aller Zeiten: Es ist das schnellste Rennrad der Welt. Sind deine Beine bereit?  <\/p>\n<p>Aerodynamik oder Leichtigkeit allein gewinnen keine Rennen: Was z\u00e4hlt, ist die Geschwindigkeit. Um diese Geschwindigkeit zu erreichen, muss eine kompromisslose Kombination aus Aerodynamik, Leichtigkeit, Steifigkeit und Sto\u00dfd\u00e4mpfung geschaffen werden. Dank komplexer Simulationen, die auf realen Daten basieren, hat unser Ride Science Team best\u00e4tigt, dass das Tarmac SL8 das schnellste Rennrad auf jeder Strecke ist: &#8211; 16,6 Sekunden schneller auf 40 km flachem Gel\u00e4nde, 128 Sekunden schneller auf der Strecke der Milano-Sanremo, 20 Sekunden schneller beim Aufstieg des Tourmalet.  <\/p>\n<h2 class=\"sc-6d8c0e1d-3 bXLFhn\">AERODYNAMIK<\/h2>\n<p class=\"sc-6d8c0e1d-3 bXLFhn\">Wir nutzen die Aerodynamik dort, wo sie am meisten ben\u00f6tigt wird, und haben dabei unser schnellstes Stra\u00dfenrad aller Zeiten geschaffen \u2013 ja, sogar aerodynamischer als das Venge. Der vordere Bereich wurde optimiert, um den gr\u00f6\u00dftm\u00f6glichen Vorteil zu erzielen. Der Gabelschaft wurde hinter dem vorderen Teil des Steuerrohrs positioniert, um einen deutlich geringeren aerodynamischen Widerstand zu bieten. Dank der neuen UCI-Regeln konnten wir f\u00fcr das SL8 den schmalsten und aerodynamischsten Sattelst\u00fctzenbereich verwenden, den wir je entwickelt haben, um sicherzustellen, dass die turbulente Luft im Bereich der Beine leichter nach hinten \u00fcber das Fahrrad flie\u00dfen kann.   <\/p>\n<h2 class=\"sc-6d8c0e1d-3 bXLFhn\">LEICHTIGKEIT<\/h2>\n<p class=\"sc-6d8c0e1d-3 bXLFhn\">Um das Tarmac SL8 zu entwickeln und das aerodynamischste Fahrrad zu bauen, w\u00e4hrend wir die minimalen Gewichtsanforderungen der UCI einhielten, haben wir uns von den Erkenntnissen aus der Entwicklung des Aethos inspirieren lassen. Das Team hat einen Rahmen mit nur 685 Gramm erstellt, der 15 % leichter ist als der Tarmac SL7 und leichter als jedes andere Fahrrad im World Tour*. Indem wir uns auf das gr\u00f6\u00dftm\u00f6gliche Gewichtseinsparungspotential im Bereich des Oberrohrs, des Sitzrohrs und im hinteren Teil des Fahrrads konzentrierten, haben wir die Lehren aus dem Aethos-Projekt \u00fcbernommen. Die Formen des Rahmens reagieren so effizient auf die Belastungen, dass wir die Materialdicke reduzieren und \u00dcberfl\u00fcssiges eliminieren konnten. *Au\u00dfer in dem Fall, als Kasper Asgreen mit unserem Aethos-Rahmen von 585 Gramm w\u00e4hrend einer Etappe der Tour fuhr.    <\/p>\n<h2 class=\"sc-6d8c0e1d-3 bXLFhn\">FAHRQUALIT\u00c4T<\/h2>\n<p class=\"sc-6d8c0e1d-3 bXLFhn\">Das Steifigkeits-Gewichts-Verh\u00e4ltnis des Tarmac SL8 ist um 33 % besser als das des SL7. Das Tarmac SL8 setzt einen neuen Ma\u00dfstab in Bezug auf Fahrverhalten: Es ist pr\u00e4zise in den anspruchsvollsten Situationen und reagiert sofort und effizient auf die Pedaleingaben. W\u00e4hrend die Bereiche, die f\u00fcr die Kraft\u00fcbertragung und Fahrpr\u00e4zision verantwortlich sind, steifer denn je sind, bietet das Tarmac SL8 mehr Komfort, indem es 6 % mehr St\u00f6\u00dfe vom Boden filtert und es erm\u00f6glicht, Kurven mit einem Gef\u00fchl von Agilit\u00e4t und Balance zu nehmen, das einzigartig im Rennradbereich ist. Das neue Tarmac SL8 beh\u00e4lt die bew\u00e4hrte Geometrie des SL7-Modells bei, mit dem gleichen gro\u00dfz\u00fcgigen Reifenfreiraum von 32 mm, sodass bei Bedarf auch Reifen mit h\u00f6herem Volumen verwendet werden k\u00f6nnen.   <\/p>\n<h2 class=\"sc-6d8c0e1d-3 bXLFhn\">JENSEITS DER GESCHLECHTERUNTERSCHIEDE<\/h2>\n<p class=\"sc-6d8c0e1d-3 bXLFhn\">In der Realit\u00e4t k\u00f6nnen viel mehr Unterschiede zwischen zwei m\u00e4nnlichen Radfahrern bestehen als zwischen einem Mann und einer Frau. Wir entwerfen auf der Grundlage des Einzelnen, und unsere Philosophie ist einfach: Keine Unterschiede schaffen, wo keine sind. Jeder Radfahrer, egal ob Mann oder Frau, kann von den Vorteilen des Tarmac SL8 profitieren. Es ist an der Zeit, dar\u00fcber hinauszugehen.   <\/p>\n<p class=\"sc-6d8c0e1d-3 bXLFhn\">Das Tarmac SL8 Pro ist mit der SRAM Force eTap AXS Schaltgruppe mit Powermeter, Roval Rapide CL II Tubeless-Ready-Laufr\u00e4dern, einem SL7 Vorbau und dem Roval Rapide Lenker ausgestattet \u2013 es ist rennbereit.<\/p>\n<p>[\/vc_column_text][\/vc_column][\/vc_row]<\/p>\n<\/section>","protected":false},"excerpt":{"rendered":"<p>[vc_row][vc_column][vc_column_text uncode_shortcode_id=&#8220;828027&#8243; css=&#8220;.vc_custom_1733223924229{padding-bottom: 36px !important;}&#8220;] Keine Fahrrad ist so schnell wie das Tarmac SL8, dank einer Kombination aus Aerodynamik, Leichtigkeit [&hellip;]<\/p>\n","protected":false},"featured_media":124523,"comment_status":"open","ping_status":"closed","template":"","meta":[],"product_cat":[429],"product_tag":[489],"yoast_head":"<!-- This site is optimized with the Yoast SEO plugin v23.6 - https:\/\/yoast.com\/wordpress\/plugins\/seo\/ -->\n<title>Tarmac SL8 Pro - Z-Bike<\/title>\n<meta name=\"robots\" content=\"index, follow, max-snippet:-1, max-image-preview:large, max-video-preview:-1\" \/>\n<link rel=\"canonical\" href=\"https:\/\/z-bike.ch\/de\/shop\/muscolari-de\/tarmac-sl8-pro\/\" \/>\n<meta property=\"og:locale\" content=\"de_DE\" \/>\n<meta property=\"og:type\" content=\"article\" \/>\n<meta property=\"og:title\" content=\"Tarmac SL8 Pro - Z-Bike\" \/>\n<meta property=\"og:description\" content=\"[vc_row][vc_column][vc_column_text uncode_shortcode_id=&#8220;828027&#8243; css=&#8220;.vc_custom_1733223924229{padding-bottom: 36px !important;}&#8220;] Keine Fahrrad ist so schnell wie das Tarmac SL8, dank einer Kombination aus Aerodynamik, Leichtigkeit [&hellip;]\" \/>\n<meta property=\"og:url\" content=\"https:\/\/z-bike.ch\/de\/shop\/muscolari-de\/tarmac-sl8-pro\/\" \/>\n<meta property=\"og:site_name\" content=\"Z-Bike\" \/>\n<meta property=\"article:publisher\" content=\"https:\/\/www.facebook.com\/zbikelugano\" \/>\n<meta property=\"article:modified_time\" content=\"2025-08-19T09:27:21+00:00\" \/>\n<meta property=\"og:image\" content=\"https:\/\/z-bike.ch\/wp-content\/uploads\/2024\/12\/90625-00_TARMAC-SL8-SW-ETAP-SLDMET-REDPRL-METWHTSIL_HERO-PDP3.png\" \/>\n\t<meta property=\"og:image:width\" content=\"2000\" \/>\n\t<meta property=\"og:image:height\" content=\"1125\" \/>\n\t<meta property=\"og:image:type\" content=\"image\/png\" \/>\n<meta name=\"twitter:card\" content=\"summary_large_image\" \/>\n<meta name=\"twitter:label1\" content=\"Gesch\u00e4tzte Lesezeit\" \/>\n\t<meta name=\"twitter:data1\" content=\"3\u00a0Minuten\" \/>\n<script type=\"application\/ld+json\" class=\"yoast-schema-graph\">{\"@context\":\"https:\/\/schema.org\",\"@graph\":[{\"@type\":\"WebPage\",\"@id\":\"https:\/\/z-bike.ch\/de\/shop\/muscolari-de\/tarmac-sl8-pro\/\",\"url\":\"https:\/\/z-bike.ch\/de\/shop\/muscolari-de\/tarmac-sl8-pro\/\",\"name\":\"Tarmac SL8 Pro - Z-Bike\",\"isPartOf\":{\"@id\":\"https:\/\/z-bike.ch\/#website\"},\"primaryImageOfPage\":{\"@id\":\"https:\/\/z-bike.ch\/de\/shop\/muscolari-de\/tarmac-sl8-pro\/#primaryimage\"},\"image\":{\"@id\":\"https:\/\/z-bike.ch\/de\/shop\/muscolari-de\/tarmac-sl8-pro\/#primaryimage\"},\"thumbnailUrl\":\"https:\/\/z-bike.ch\/wp-content\/uploads\/2024\/12\/90625-00_TARMAC-SL8-SW-ETAP-SLDMET-REDPRL-METWHTSIL_HERO-PDP3.png\",\"datePublished\":\"2024-12-03T11:24:05+00:00\",\"dateModified\":\"2025-08-19T09:27:21+00:00\",\"breadcrumb\":{\"@id\":\"https:\/\/z-bike.ch\/de\/shop\/muscolari-de\/tarmac-sl8-pro\/#breadcrumb\"},\"inLanguage\":\"de\",\"potentialAction\":[{\"@type\":\"ReadAction\",\"target\":[\"https:\/\/z-bike.ch\/de\/shop\/muscolari-de\/tarmac-sl8-pro\/\"]}]},{\"@type\":\"ImageObject\",\"inLanguage\":\"de\",\"@id\":\"https:\/\/z-bike.ch\/de\/shop\/muscolari-de\/tarmac-sl8-pro\/#primaryimage\",\"url\":\"https:\/\/z-bike.ch\/wp-content\/uploads\/2024\/12\/90625-00_TARMAC-SL8-SW-ETAP-SLDMET-REDPRL-METWHTSIL_HERO-PDP3.png\",\"contentUrl\":\"https:\/\/z-bike.ch\/wp-content\/uploads\/2024\/12\/90625-00_TARMAC-SL8-SW-ETAP-SLDMET-REDPRL-METWHTSIL_HERO-PDP3.png\",\"width\":2000,\"height\":1125},{\"@type\":\"BreadcrumbList\",\"@id\":\"https:\/\/z-bike.ch\/de\/shop\/muscolari-de\/tarmac-sl8-pro\/#breadcrumb\",\"itemListElement\":[{\"@type\":\"ListItem\",\"position\":1,\"name\":\"Home\",\"item\":\"https:\/\/z-bike.ch\/de\/\"},{\"@type\":\"ListItem\",\"position\":2,\"name\":\"Shop\",\"item\":\"https:\/\/z-bike.ch\/de\/shop-3\/\"},{\"@type\":\"ListItem\",\"position\":3,\"name\":\"Tarmac SL8 Pro\"}]},{\"@type\":\"WebSite\",\"@id\":\"https:\/\/z-bike.ch\/#website\",\"url\":\"https:\/\/z-bike.ch\/\",\"name\":\"Z-Bike\",\"description\":\"Bici Elettriche Online Svizzera: Miglior Prezzo | Consegna Rapida\",\"publisher\":{\"@id\":\"https:\/\/z-bike.ch\/#organization\"},\"alternateName\":\"ZBike\",\"potentialAction\":[{\"@type\":\"SearchAction\",\"target\":{\"@type\":\"EntryPoint\",\"urlTemplate\":\"https:\/\/z-bike.ch\/?s={search_term_string}\"},\"query-input\":{\"@type\":\"PropertyValueSpecification\",\"valueRequired\":true,\"valueName\":\"search_term_string\"}}],\"inLanguage\":\"de\"},{\"@type\":\"Organization\",\"@id\":\"https:\/\/z-bike.ch\/#organization\",\"name\":\"Z-Bike\",\"url\":\"https:\/\/z-bike.ch\/\",\"logo\":{\"@type\":\"ImageObject\",\"inLanguage\":\"de\",\"@id\":\"https:\/\/z-bike.ch\/#\/schema\/logo\/image\/\",\"url\":\"https:\/\/z-bike.ch\/wp-content\/uploads\/2023\/07\/logo_z-bike_ori.svg\",\"contentUrl\":\"https:\/\/z-bike.ch\/wp-content\/uploads\/2023\/07\/logo_z-bike_ori.svg\",\"width\":1,\"height\":1,\"caption\":\"Z-Bike\"},\"image\":{\"@id\":\"https:\/\/z-bike.ch\/#\/schema\/logo\/image\/\"},\"sameAs\":[\"https:\/\/www.facebook.com\/zbikelugano\",\"https:\/\/www.instagram.com\/zbike.ebike\"]}]}<\/script>\n<!-- \/ Yoast SEO plugin. -->","yoast_head_json":{"title":"Tarmac SL8 Pro - Z-Bike","robots":{"index":"index","follow":"follow","max-snippet":"max-snippet:-1","max-image-preview":"max-image-preview:large","max-video-preview":"max-video-preview:-1"},"canonical":"https:\/\/z-bike.ch\/de\/shop\/muscolari-de\/tarmac-sl8-pro\/","og_locale":"de_DE","og_type":"article","og_title":"Tarmac SL8 Pro - Z-Bike","og_description":"[vc_row][vc_column][vc_column_text uncode_shortcode_id=&#8220;828027&#8243; css=&#8220;.vc_custom_1733223924229{padding-bottom: 36px !important;}&#8220;] Keine Fahrrad ist so schnell wie das Tarmac SL8, dank einer Kombination aus Aerodynamik, Leichtigkeit [&hellip;]","og_url":"https:\/\/z-bike.ch\/de\/shop\/muscolari-de\/tarmac-sl8-pro\/","og_site_name":"Z-Bike","article_publisher":"https:\/\/www.facebook.com\/zbikelugano","article_modified_time":"2025-08-19T09:27:21+00:00","og_image":[{"width":2000,"height":1125,"url":"https:\/\/z-bike.ch\/wp-content\/uploads\/2024\/12\/90625-00_TARMAC-SL8-SW-ETAP-SLDMET-REDPRL-METWHTSIL_HERO-PDP3.png","type":"image\/png"}],"twitter_card":"summary_large_image","twitter_misc":{"Gesch\u00e4tzte Lesezeit":"3\u00a0Minuten"},"schema":{"@context":"https:\/\/schema.org","@graph":[{"@type":"WebPage","@id":"https:\/\/z-bike.ch\/de\/shop\/muscolari-de\/tarmac-sl8-pro\/","url":"https:\/\/z-bike.ch\/de\/shop\/muscolari-de\/tarmac-sl8-pro\/","name":"Tarmac SL8 Pro - Z-Bike","isPartOf":{"@id":"https:\/\/z-bike.ch\/#website"},"primaryImageOfPage":{"@id":"https:\/\/z-bike.ch\/de\/shop\/muscolari-de\/tarmac-sl8-pro\/#primaryimage"},"image":{"@id":"https:\/\/z-bike.ch\/de\/shop\/muscolari-de\/tarmac-sl8-pro\/#primaryimage"},"thumbnailUrl":"https:\/\/z-bike.ch\/wp-content\/uploads\/2024\/12\/90625-00_TARMAC-SL8-SW-ETAP-SLDMET-REDPRL-METWHTSIL_HERO-PDP3.png","datePublished":"2024-12-03T11:24:05+00:00","dateModified":"2025-08-19T09:27:21+00:00","breadcrumb":{"@id":"https:\/\/z-bike.ch\/de\/shop\/muscolari-de\/tarmac-sl8-pro\/#breadcrumb"},"inLanguage":"de","potentialAction":[{"@type":"ReadAction","target":["https:\/\/z-bike.ch\/de\/shop\/muscolari-de\/tarmac-sl8-pro\/"]}]},{"@type":"ImageObject","inLanguage":"de","@id":"https:\/\/z-bike.ch\/de\/shop\/muscolari-de\/tarmac-sl8-pro\/#primaryimage","url":"https:\/\/z-bike.ch\/wp-content\/uploads\/2024\/12\/90625-00_TARMAC-SL8-SW-ETAP-SLDMET-REDPRL-METWHTSIL_HERO-PDP3.png","contentUrl":"https:\/\/z-bike.ch\/wp-content\/uploads\/2024\/12\/90625-00_TARMAC-SL8-SW-ETAP-SLDMET-REDPRL-METWHTSIL_HERO-PDP3.png","width":2000,"height":1125},{"@type":"BreadcrumbList","@id":"https:\/\/z-bike.ch\/de\/shop\/muscolari-de\/tarmac-sl8-pro\/#breadcrumb","itemListElement":[{"@type":"ListItem","position":1,"name":"Home","item":"https:\/\/z-bike.ch\/de\/"},{"@type":"ListItem","position":2,"name":"Shop","item":"https:\/\/z-bike.ch\/de\/shop-3\/"},{"@type":"ListItem","position":3,"name":"Tarmac SL8 Pro"}]},{"@type":"WebSite","@id":"https:\/\/z-bike.ch\/#website","url":"https:\/\/z-bike.ch\/","name":"Z-Bike","description":"Bici Elettriche Online Svizzera: Miglior Prezzo | Consegna Rapida","publisher":{"@id":"https:\/\/z-bike.ch\/#organization"},"alternateName":"ZBike","potentialAction":[{"@type":"SearchAction","target":{"@type":"EntryPoint","urlTemplate":"https:\/\/z-bike.ch\/?s={search_term_string}"},"query-input":{"@type":"PropertyValueSpecification","valueRequired":true,"valueName":"search_term_string"}}],"inLanguage":"de"},{"@type":"Organization","@id":"https:\/\/z-bike.ch\/#organization","name":"Z-Bike","url":"https:\/\/z-bike.ch\/","logo":{"@type":"ImageObject","inLanguage":"de","@id":"https:\/\/z-bike.ch\/#\/schema\/logo\/image\/","url":"https:\/\/z-bike.ch\/wp-content\/uploads\/2023\/07\/logo_z-bike_ori.svg","contentUrl":"https:\/\/z-bike.ch\/wp-content\/uploads\/2023\/07\/logo_z-bike_ori.svg","width":1,"height":1,"caption":"Z-Bike"},"image":{"@id":"https:\/\/z-bike.ch\/#\/schema\/logo\/image\/"},"sameAs":["https:\/\/www.facebook.com\/zbikelugano","https:\/\/www.instagram.com\/zbike.ebike"]}]}},"_links":{"self":[{"href":"https:\/\/z-bike.ch\/de\/wp-json\/wp\/v2\/product\/124864"}],"collection":[{"href":"https:\/\/z-bike.ch\/de\/wp-json\/wp\/v2\/product"}],"about":[{"href":"https:\/\/z-bike.ch\/de\/wp-json\/wp\/v2\/types\/product"}],"replies":[{"embeddable":true,"href":"https:\/\/z-bike.ch\/de\/wp-json\/wp\/v2\/comments?post=124864"}],"wp:featuredmedia":[{"embeddable":true,"href":"https:\/\/z-bike.ch\/de\/wp-json\/wp\/v2\/media\/124523"}],"wp:attachment":[{"href":"https:\/\/z-bike.ch\/de\/wp-json\/wp\/v2\/media?parent=124864"}],"wp:term":[{"taxonomy":"product_cat","embeddable":true,"href":"https:\/\/z-bike.ch\/de\/wp-json\/wp\/v2\/product_cat?post=124864"},{"taxonomy":"product_tag","embeddable":true,"href":"https:\/\/z-bike.ch\/de\/wp-json\/wp\/v2\/product_tag?post=124864"}],"curies":[{"name":"wp","href":"https:\/\/api.w.org\/{rel}","templated":true}]}}