{"id":125165,"date":"2025-02-07T15:26:48","date_gmt":"2025-02-07T14:26:48","guid":{"rendered":"https:\/\/z-bike.ch\/shop\/unkategorisiert\/vaero-dura-ace\/"},"modified":"2025-02-14T17:52:19","modified_gmt":"2025-02-14T16:52:19","slug":"vaero-dura-ace","status":"publish","type":"product","link":"https:\/\/z-bike.ch\/de\/shop\/muscolari-de\/vaero-dura-ace\/","title":{"rendered":"VAERO Dura Ace"},"content":{"rendered":"<section class=\"wpb-content-wrapper\"><p>[vc_row][vc_column][vc_column_text uncode_shortcode_id=&#8220;119179&#8243; css=&#8220;.vc_custom_1738938718127{padding-bottom: 36px !important;}&#8220;]Die Vaero Dura Ace von Whistlebikes ist ein Rennrad, das Spitzenleistung, modernste Technologie und aerodynamisches Design perfekt vereint. Entwickelt f\u00fcr anspruchsvolle Radsportler, kombiniert dieses Fahrrad hochwertige Materialien mit erstklassigen Komponenten, um Effizienz und Zuverl\u00e4ssigkeit unter allen Bedingungen zu gew\u00e4hrleisten. Hier ist ein \u00dcberblick \u00fcber seine wichtigsten Merkmale:<\/p>\n<h2>Aerodynamisches Design und flie\u00dfende Linien<\/h2>\n<p>Die Vaero Dura Ace ist darauf ausgelegt, den Luftwiderstand auf ein Minimum zu reduzieren, sodass der Fahrer hohe Geschwindigkeiten mit minimalem Kraftaufwand halten kann. Ihre eleganten Linien und das bis ins Detail durchdachte Profil sind nicht nur ein stilistisches Statement, sondern eine echte Waffe in Sachen Performance.<\/p>\n<h2>Hochwertiger Rahmen<\/h2>\n<p>Hergestellt aus sorgf\u00e4ltig ausgew\u00e4hlten Materialien, garantiert der Rahmen der Vaero Dura Ace Leichtigkeit, Robustheit und Steifigkeit. Er bietet eine stabile und reaktionsschnelle Struktur, die in der Lage ist, die Belastungen intensiver Rennen und Trainingseinheiten m\u00fchelos zu absorbieren.<\/p>\n<h2>Dura-Ace Komponenten<\/h2>\n<p>Im Herzen des Fahrrads steckt die renommierte Shimano Dura-Ace-Gruppe, ein Synonym f\u00fcr Pr\u00e4zision und Zuverl\u00e4ssigkeit. Diese High-End-Ausstattung gew\u00e4hrleistet sanfte und reaktionsschnelle Schaltvorg\u00e4nge, sorgt f\u00fcr eine optimale Kraft\u00fcbertragung und garantiert konstante Leistung unter allen Bedingungen.<\/p>\n<h2>Optimierte Geometrie<\/h2>\n<p>Die Position des Fahrers wurde sorgf\u00e4ltig optimiert, um maximale Effizienz und Komfort zu gew\u00e4hrleisten. Sie reduziert die Erm\u00fcdung bei langen Distanzen und erm\u00f6glicht es, anspruchsvolle Strecken mit h\u00f6chster Sicherheit zu bew\u00e4ltigen.<\/p>\n<h2>Technologie und Innovation<\/h2>\n<p>Jedes Detail der Vaero Dura Ace ist das Ergebnis intensiver Forschung und Entwicklung, mit dem Ziel, ein hochmodernes Fahrrad zu bieten, das sowohl den Anforderungen von Profis als auch von begeisterten Stra\u00dfenradfahrern gerecht wird.[\/vc_column_text][vc_single_image media=&#8220;125061&#8243; media_width_percent=&#8220;70&#8243; alignment=&#8220;center&#8220; uncode_shortcode_id=&#8220;151458&#8243;][\/vc_column][\/vc_row]<\/p>\n<\/section>","protected":false},"excerpt":{"rendered":"<p>[vc_row][vc_column][vc_column_text uncode_shortcode_id=&#8220;119179&#8243; css=&#8220;.vc_custom_1738938718127{padding-bottom: 36px !important;}&#8220;]Die Vaero Dura Ace von Whistlebikes ist ein Rennrad, das Spitzenleistung, modernste Technologie und aerodynamisches Design [&hellip;]<\/p>\n","protected":false},"featured_media":125059,"comment_status":"open","ping_status":"closed","template":"","meta":[],"product_cat":[429],"product_tag":[450,489],"yoast_head":"<!-- This site is optimized with the Yoast SEO plugin v23.6 - https:\/\/yoast.com\/wordpress\/plugins\/seo\/ -->\n<title>VAERO Dura Ace - Z-Bike<\/title>\n<meta name=\"robots\" content=\"index, follow, max-snippet:-1, max-image-preview:large, max-video-preview:-1\" \/>\n<link rel=\"canonical\" href=\"https:\/\/z-bike.ch\/de\/shop\/muscolari-de\/vaero-dura-ace\/\" \/>\n<meta property=\"og:locale\" content=\"de_DE\" \/>\n<meta property=\"og:type\" content=\"article\" \/>\n<meta property=\"og:title\" content=\"VAERO Dura Ace - Z-Bike\" \/>\n<meta property=\"og:description\" content=\"[vc_row][vc_column][vc_column_text uncode_shortcode_id=&#8220;119179&#8243; css=&#8220;.vc_custom_1738938718127{padding-bottom: 36px !important;}&#8220;]Die Vaero Dura Ace von Whistlebikes ist ein Rennrad, das Spitzenleistung, modernste Technologie und aerodynamisches Design [&hellip;]\" \/>\n<meta property=\"og:url\" content=\"https:\/\/z-bike.ch\/de\/shop\/muscolari-de\/vaero-dura-ace\/\" \/>\n<meta property=\"og:site_name\" content=\"Z-Bike\" \/>\n<meta property=\"article:publisher\" content=\"https:\/\/www.facebook.com\/zbikelugano\" \/>\n<meta property=\"article:modified_time\" content=\"2025-02-14T16:52:19+00:00\" \/>\n<meta property=\"og:image\" content=\"https:\/\/z-bike.ch\/wp-content\/uploads\/2025\/02\/Whistle_MY23_BRushC42LT1Corsa-1.png\" \/>\n\t<meta property=\"og:image:width\" content=\"1937\" \/>\n\t<meta property=\"og:image:height\" content=\"1183\" \/>\n\t<meta property=\"og:image:type\" content=\"image\/png\" \/>\n<meta name=\"twitter:card\" content=\"summary_large_image\" \/>\n<meta name=\"twitter:label1\" content=\"Gesch\u00e4tzte Lesezeit\" \/>\n\t<meta name=\"twitter:data1\" content=\"2\u00a0Minuten\" \/>\n<script type=\"application\/ld+json\" class=\"yoast-schema-graph\">{\"@context\":\"https:\/\/schema.org\",\"@graph\":[{\"@type\":\"WebPage\",\"@id\":\"https:\/\/z-bike.ch\/de\/shop\/muscolari-de\/vaero-dura-ace\/\",\"url\":\"https:\/\/z-bike.ch\/de\/shop\/muscolari-de\/vaero-dura-ace\/\",\"name\":\"VAERO Dura Ace - Z-Bike\",\"isPartOf\":{\"@id\":\"https:\/\/z-bike.ch\/#website\"},\"primaryImageOfPage\":{\"@id\":\"https:\/\/z-bike.ch\/de\/shop\/muscolari-de\/vaero-dura-ace\/#primaryimage\"},\"image\":{\"@id\":\"https:\/\/z-bike.ch\/de\/shop\/muscolari-de\/vaero-dura-ace\/#primaryimage\"},\"thumbnailUrl\":\"https:\/\/z-bike.ch\/wp-content\/uploads\/2025\/02\/Whistle_MY23_BRushC42LT1Corsa-1.png\",\"datePublished\":\"2025-02-07T14:26:48+00:00\",\"dateModified\":\"2025-02-14T16:52:19+00:00\",\"breadcrumb\":{\"@id\":\"https:\/\/z-bike.ch\/de\/shop\/muscolari-de\/vaero-dura-ace\/#breadcrumb\"},\"inLanguage\":\"de\",\"potentialAction\":[{\"@type\":\"ReadAction\",\"target\":[\"https:\/\/z-bike.ch\/de\/shop\/muscolari-de\/vaero-dura-ace\/\"]}]},{\"@type\":\"ImageObject\",\"inLanguage\":\"de\",\"@id\":\"https:\/\/z-bike.ch\/de\/shop\/muscolari-de\/vaero-dura-ace\/#primaryimage\",\"url\":\"https:\/\/z-bike.ch\/wp-content\/uploads\/2025\/02\/Whistle_MY23_BRushC42LT1Corsa-1.png\",\"contentUrl\":\"https:\/\/z-bike.ch\/wp-content\/uploads\/2025\/02\/Whistle_MY23_BRushC42LT1Corsa-1.png\",\"width\":1937,\"height\":1183},{\"@type\":\"BreadcrumbList\",\"@id\":\"https:\/\/z-bike.ch\/de\/shop\/muscolari-de\/vaero-dura-ace\/#breadcrumb\",\"itemListElement\":[{\"@type\":\"ListItem\",\"position\":1,\"name\":\"Home\",\"item\":\"https:\/\/z-bike.ch\/de\/\"},{\"@type\":\"ListItem\",\"position\":2,\"name\":\"Shop\",\"item\":\"https:\/\/z-bike.ch\/de\/shop-3\/\"},{\"@type\":\"ListItem\",\"position\":3,\"name\":\"VAERO Dura Ace\"}]},{\"@type\":\"WebSite\",\"@id\":\"https:\/\/z-bike.ch\/#website\",\"url\":\"https:\/\/z-bike.ch\/\",\"name\":\"Z-Bike\",\"description\":\"Bici Elettriche Online Svizzera: Miglior Prezzo | Consegna Rapida\",\"publisher\":{\"@id\":\"https:\/\/z-bike.ch\/#organization\"},\"alternateName\":\"ZBike\",\"potentialAction\":[{\"@type\":\"SearchAction\",\"target\":{\"@type\":\"EntryPoint\",\"urlTemplate\":\"https:\/\/z-bike.ch\/?s={search_term_string}\"},\"query-input\":{\"@type\":\"PropertyValueSpecification\",\"valueRequired\":true,\"valueName\":\"search_term_string\"}}],\"inLanguage\":\"de\"},{\"@type\":\"Organization\",\"@id\":\"https:\/\/z-bike.ch\/#organization\",\"name\":\"Z-Bike\",\"url\":\"https:\/\/z-bike.ch\/\",\"logo\":{\"@type\":\"ImageObject\",\"inLanguage\":\"de\",\"@id\":\"https:\/\/z-bike.ch\/#\/schema\/logo\/image\/\",\"url\":\"https:\/\/z-bike.ch\/wp-content\/uploads\/2023\/07\/logo_z-bike_ori.svg\",\"contentUrl\":\"https:\/\/z-bike.ch\/wp-content\/uploads\/2023\/07\/logo_z-bike_ori.svg\",\"width\":1,\"height\":1,\"caption\":\"Z-Bike\"},\"image\":{\"@id\":\"https:\/\/z-bike.ch\/#\/schema\/logo\/image\/\"},\"sameAs\":[\"https:\/\/www.facebook.com\/zbikelugano\",\"https:\/\/www.instagram.com\/zbike.ebike\"]}]}<\/script>\n<!-- \/ Yoast SEO plugin. -->","yoast_head_json":{"title":"VAERO Dura Ace - Z-Bike","robots":{"index":"index","follow":"follow","max-snippet":"max-snippet:-1","max-image-preview":"max-image-preview:large","max-video-preview":"max-video-preview:-1"},"canonical":"https:\/\/z-bike.ch\/de\/shop\/muscolari-de\/vaero-dura-ace\/","og_locale":"de_DE","og_type":"article","og_title":"VAERO Dura Ace - Z-Bike","og_description":"[vc_row][vc_column][vc_column_text uncode_shortcode_id=&#8220;119179&#8243; css=&#8220;.vc_custom_1738938718127{padding-bottom: 36px !important;}&#8220;]Die Vaero Dura Ace von Whistlebikes ist ein Rennrad, das Spitzenleistung, modernste Technologie und aerodynamisches Design [&hellip;]","og_url":"https:\/\/z-bike.ch\/de\/shop\/muscolari-de\/vaero-dura-ace\/","og_site_name":"Z-Bike","article_publisher":"https:\/\/www.facebook.com\/zbikelugano","article_modified_time":"2025-02-14T16:52:19+00:00","og_image":[{"width":1937,"height":1183,"url":"https:\/\/z-bike.ch\/wp-content\/uploads\/2025\/02\/Whistle_MY23_BRushC42LT1Corsa-1.png","type":"image\/png"}],"twitter_card":"summary_large_image","twitter_misc":{"Gesch\u00e4tzte Lesezeit":"2\u00a0Minuten"},"schema":{"@context":"https:\/\/schema.org","@graph":[{"@type":"WebPage","@id":"https:\/\/z-bike.ch\/de\/shop\/muscolari-de\/vaero-dura-ace\/","url":"https:\/\/z-bike.ch\/de\/shop\/muscolari-de\/vaero-dura-ace\/","name":"VAERO Dura Ace - Z-Bike","isPartOf":{"@id":"https:\/\/z-bike.ch\/#website"},"primaryImageOfPage":{"@id":"https:\/\/z-bike.ch\/de\/shop\/muscolari-de\/vaero-dura-ace\/#primaryimage"},"image":{"@id":"https:\/\/z-bike.ch\/de\/shop\/muscolari-de\/vaero-dura-ace\/#primaryimage"},"thumbnailUrl":"https:\/\/z-bike.ch\/wp-content\/uploads\/2025\/02\/Whistle_MY23_BRushC42LT1Corsa-1.png","datePublished":"2025-02-07T14:26:48+00:00","dateModified":"2025-02-14T16:52:19+00:00","breadcrumb":{"@id":"https:\/\/z-bike.ch\/de\/shop\/muscolari-de\/vaero-dura-ace\/#breadcrumb"},"inLanguage":"de","potentialAction":[{"@type":"ReadAction","target":["https:\/\/z-bike.ch\/de\/shop\/muscolari-de\/vaero-dura-ace\/"]}]},{"@type":"ImageObject","inLanguage":"de","@id":"https:\/\/z-bike.ch\/de\/shop\/muscolari-de\/vaero-dura-ace\/#primaryimage","url":"https:\/\/z-bike.ch\/wp-content\/uploads\/2025\/02\/Whistle_MY23_BRushC42LT1Corsa-1.png","contentUrl":"https:\/\/z-bike.ch\/wp-content\/uploads\/2025\/02\/Whistle_MY23_BRushC42LT1Corsa-1.png","width":1937,"height":1183},{"@type":"BreadcrumbList","@id":"https:\/\/z-bike.ch\/de\/shop\/muscolari-de\/vaero-dura-ace\/#breadcrumb","itemListElement":[{"@type":"ListItem","position":1,"name":"Home","item":"https:\/\/z-bike.ch\/de\/"},{"@type":"ListItem","position":2,"name":"Shop","item":"https:\/\/z-bike.ch\/de\/shop-3\/"},{"@type":"ListItem","position":3,"name":"VAERO Dura Ace"}]},{"@type":"WebSite","@id":"https:\/\/z-bike.ch\/#website","url":"https:\/\/z-bike.ch\/","name":"Z-Bike","description":"Bici Elettriche Online Svizzera: Miglior Prezzo | Consegna Rapida","publisher":{"@id":"https:\/\/z-bike.ch\/#organization"},"alternateName":"ZBike","potentialAction":[{"@type":"SearchAction","target":{"@type":"EntryPoint","urlTemplate":"https:\/\/z-bike.ch\/?s={search_term_string}"},"query-input":{"@type":"PropertyValueSpecification","valueRequired":true,"valueName":"search_term_string"}}],"inLanguage":"de"},{"@type":"Organization","@id":"https:\/\/z-bike.ch\/#organization","name":"Z-Bike","url":"https:\/\/z-bike.ch\/","logo":{"@type":"ImageObject","inLanguage":"de","@id":"https:\/\/z-bike.ch\/#\/schema\/logo\/image\/","url":"https:\/\/z-bike.ch\/wp-content\/uploads\/2023\/07\/logo_z-bike_ori.svg","contentUrl":"https:\/\/z-bike.ch\/wp-content\/uploads\/2023\/07\/logo_z-bike_ori.svg","width":1,"height":1,"caption":"Z-Bike"},"image":{"@id":"https:\/\/z-bike.ch\/#\/schema\/logo\/image\/"},"sameAs":["https:\/\/www.facebook.com\/zbikelugano","https:\/\/www.instagram.com\/zbike.ebike"]}]}},"_links":{"self":[{"href":"https:\/\/z-bike.ch\/de\/wp-json\/wp\/v2\/product\/125165"}],"collection":[{"href":"https:\/\/z-bike.ch\/de\/wp-json\/wp\/v2\/product"}],"about":[{"href":"https:\/\/z-bike.ch\/de\/wp-json\/wp\/v2\/types\/product"}],"replies":[{"embeddable":true,"href":"https:\/\/z-bike.ch\/de\/wp-json\/wp\/v2\/comments?post=125165"}],"wp:featuredmedia":[{"embeddable":true,"href":"https:\/\/z-bike.ch\/de\/wp-json\/wp\/v2\/media\/125059"}],"wp:attachment":[{"href":"https:\/\/z-bike.ch\/de\/wp-json\/wp\/v2\/media?parent=125165"}],"wp:term":[{"taxonomy":"product_cat","embeddable":true,"href":"https:\/\/z-bike.ch\/de\/wp-json\/wp\/v2\/product_cat?post=125165"},{"taxonomy":"product_tag","embeddable":true,"href":"https:\/\/z-bike.ch\/de\/wp-json\/wp\/v2\/product_tag?post=125165"}],"curies":[{"name":"wp","href":"https:\/\/api.w.org\/{rel}","templated":true}]}}