{"id":125169,"date":"2025-02-10T15:30:27","date_gmt":"2025-02-10T14:30:27","guid":{"rendered":"https:\/\/z-bike.ch\/shop\/unkategorisiert\/mavaro-4-low-stepthru\/"},"modified":"2025-02-14T17:52:56","modified_gmt":"2025-02-14T16:52:56","slug":"mavaro-4-low-stepthru","status":"publish","type":"product","link":"https:\/\/z-bike.ch\/de\/shop\/e-bike-de\/mavaro-4-low-stepthru\/","title":{"rendered":"Mavaro 4 Low StepThru"},"content":{"rendered":"<section class=\"wpb-content-wrapper\"><p>[vc_row][vc_column][vc_column_text uncode_shortcode_id=&#8220;149548&#8243; css=&#8220;.vc_custom_1739198032559{padding-bottom: 36px !important;}&#8220;]<\/p>\n<h2>Die beste Art, dich fortzubewegen<\/h2>\n<p>Eine E-Bike, das die Kunst der Fortbewegung neu definiert. Funktionalit\u00e4t trifft auf Fahrvergn\u00fcgen. Komfort verbindet sich mit Praktikabilit\u00e4t. Geschwindigkeit verschmilzt mit Stil. Die beste Art, dich fortzubewegen \u2013 egal, ob du ein Ziel hast oder einfach nur die Fahrt genie\u00dft.<\/p>\n<h2>Modellbeschreibung<\/h2>\n<p>Diese komfortable und vielseitige E-Bike wurde entwickelt, um sich schnell, einfach und mit viel Spa\u00df durch die Stadt zu bewegen. Ausgestattet mit unserem leichten und robusten SmartForm C2 Aluminiumrahmen im Low-Step-Thru-Design. Die zuverl\u00e4ssige Bosch ActiveLine-Motorisierung in Kombination mit einer 500-Wh-Batterie sorgt f\u00fcr eine gro\u00dfe Reichweite bei geringem Gewicht. Der Gates Carbon Drive-Riemenantrieb in Verbindung mit der Shimano Nexus 5-Nabenschaltung garantiert sanfte und ger\u00e4uschlose Gangwechsel. Alles, was du f\u00fcr Erledigungen, den t\u00e4glichen Arbeitsweg oder einfach f\u00fcr eine genussvolle Fahrt brauchst.<\/p>\n<h2>St\u00e4rken<\/h2>\n<p>Der SmartForm C2 Aluminium <strong>rahmen<\/strong> ist leicht und dennoch robust, mit einem integrierten Reflektor im Steuerrohr.<\/p>\n<p>Der Bosch Active Line Plus<strong> Motor<\/strong> ist sanft und leise, bietet ein Drehmoment von bis zu 50 Nm und eine maximale Unterst\u00fctzung von 250 %.<\/p>\n<p>Bosch PowerTube 500Wh <strong>Batterie<\/strong> f\u00fcr eine optimale Balance zwischen Reichweite und Gewicht.<\/p>\n<p>Ergonomisches Purion 200 Farb<strong>display<\/strong>. Alle wichtigen Informationen und Bedienelemente stets griffbereit.<\/p>\n<p>Der Shimano Nexus 5-Gang <strong>Nabenschalter<\/strong> ist langlebig, zuverl\u00e4ssig und sorgt f\u00fcr eine sanfte Gangschaltung, sodass du immer den richtigen Gang w\u00e4hlen kannst.<\/p>\n<p>Der Gates Carbonriemen bietet eine saubere, leise und st\u00f6rungsfreie <strong>Kraft\u00fcbertragung<\/strong>.[\/vc_column_text][\/vc_column][\/vc_row]<\/p>\n<\/section>","protected":false},"excerpt":{"rendered":"<p>[vc_row][vc_column][vc_column_text uncode_shortcode_id=&#8220;149548&#8243; css=&#8220;.vc_custom_1739198032559{padding-bottom: 36px !important;}&#8220;] Die beste Art, dich fortzubewegen Eine E-Bike, das die Kunst der Fortbewegung neu definiert. Funktionalit\u00e4t [&hellip;]<\/p>\n","protected":false},"featured_media":125072,"comment_status":"open","ping_status":"closed","template":"","meta":[],"product_cat":[283],"product_tag":[450,489],"yoast_head":"<!-- This site is optimized with the Yoast SEO plugin v23.6 - https:\/\/yoast.com\/wordpress\/plugins\/seo\/ -->\n<title>Mavaro 4 Low StepThru - Z-Bike<\/title>\n<meta name=\"robots\" content=\"index, follow, max-snippet:-1, max-image-preview:large, max-video-preview:-1\" \/>\n<link rel=\"canonical\" href=\"https:\/\/z-bike.ch\/de\/shop\/e-bike-de\/mavaro-4-low-stepthru\/\" \/>\n<meta property=\"og:locale\" content=\"de_DE\" \/>\n<meta property=\"og:type\" content=\"article\" \/>\n<meta property=\"og:title\" content=\"Mavaro 4 Low StepThru - Z-Bike\" \/>\n<meta property=\"og:description\" content=\"[vc_row][vc_column][vc_column_text uncode_shortcode_id=&#8220;149548&#8243; css=&#8220;.vc_custom_1739198032559{padding-bottom: 36px !important;}&#8220;] Die beste Art, dich fortzubewegen Eine E-Bike, das die Kunst der Fortbewegung neu definiert. Funktionalit\u00e4t [&hellip;]\" \/>\n<meta property=\"og:url\" content=\"https:\/\/z-bike.ch\/de\/shop\/e-bike-de\/mavaro-4-low-stepthru\/\" \/>\n<meta property=\"og:site_name\" content=\"Z-Bike\" \/>\n<meta property=\"article:publisher\" content=\"https:\/\/www.facebook.com\/zbikelugano\" \/>\n<meta property=\"article:modified_time\" content=\"2025-02-14T16:52:56+00:00\" \/>\n<meta property=\"og:image\" content=\"https:\/\/z-bike.ch\/wp-content\/uploads\/2025\/02\/C24_C68263U_Mavaro_Neo_4_LSTH_CAS_PD.png\" \/>\n\t<meta property=\"og:image:width\" content=\"1700\" \/>\n\t<meta property=\"og:image:height\" content=\"1002\" \/>\n\t<meta property=\"og:image:type\" content=\"image\/png\" \/>\n<meta name=\"twitter:card\" content=\"summary_large_image\" \/>\n<meta name=\"twitter:label1\" content=\"Gesch\u00e4tzte Lesezeit\" \/>\n\t<meta name=\"twitter:data1\" content=\"1\u00a0Minute\" \/>\n<script type=\"application\/ld+json\" class=\"yoast-schema-graph\">{\"@context\":\"https:\/\/schema.org\",\"@graph\":[{\"@type\":\"WebPage\",\"@id\":\"https:\/\/z-bike.ch\/de\/shop\/e-bike-de\/mavaro-4-low-stepthru\/\",\"url\":\"https:\/\/z-bike.ch\/de\/shop\/e-bike-de\/mavaro-4-low-stepthru\/\",\"name\":\"Mavaro 4 Low StepThru - Z-Bike\",\"isPartOf\":{\"@id\":\"https:\/\/z-bike.ch\/#website\"},\"primaryImageOfPage\":{\"@id\":\"https:\/\/z-bike.ch\/de\/shop\/e-bike-de\/mavaro-4-low-stepthru\/#primaryimage\"},\"image\":{\"@id\":\"https:\/\/z-bike.ch\/de\/shop\/e-bike-de\/mavaro-4-low-stepthru\/#primaryimage\"},\"thumbnailUrl\":\"https:\/\/z-bike.ch\/wp-content\/uploads\/2025\/02\/C24_C68263U_Mavaro_Neo_4_LSTH_CAS_PD.png\",\"datePublished\":\"2025-02-10T14:30:27+00:00\",\"dateModified\":\"2025-02-14T16:52:56+00:00\",\"breadcrumb\":{\"@id\":\"https:\/\/z-bike.ch\/de\/shop\/e-bike-de\/mavaro-4-low-stepthru\/#breadcrumb\"},\"inLanguage\":\"de\",\"potentialAction\":[{\"@type\":\"ReadAction\",\"target\":[\"https:\/\/z-bike.ch\/de\/shop\/e-bike-de\/mavaro-4-low-stepthru\/\"]}]},{\"@type\":\"ImageObject\",\"inLanguage\":\"de\",\"@id\":\"https:\/\/z-bike.ch\/de\/shop\/e-bike-de\/mavaro-4-low-stepthru\/#primaryimage\",\"url\":\"https:\/\/z-bike.ch\/wp-content\/uploads\/2025\/02\/C24_C68263U_Mavaro_Neo_4_LSTH_CAS_PD.png\",\"contentUrl\":\"https:\/\/z-bike.ch\/wp-content\/uploads\/2025\/02\/C24_C68263U_Mavaro_Neo_4_LSTH_CAS_PD.png\",\"width\":1700,\"height\":1002},{\"@type\":\"BreadcrumbList\",\"@id\":\"https:\/\/z-bike.ch\/de\/shop\/e-bike-de\/mavaro-4-low-stepthru\/#breadcrumb\",\"itemListElement\":[{\"@type\":\"ListItem\",\"position\":1,\"name\":\"Home\",\"item\":\"https:\/\/z-bike.ch\/de\/\"},{\"@type\":\"ListItem\",\"position\":2,\"name\":\"Shop\",\"item\":\"https:\/\/z-bike.ch\/de\/shop-3\/\"},{\"@type\":\"ListItem\",\"position\":3,\"name\":\"Mavaro 4 Low StepThru\"}]},{\"@type\":\"WebSite\",\"@id\":\"https:\/\/z-bike.ch\/#website\",\"url\":\"https:\/\/z-bike.ch\/\",\"name\":\"Z-Bike\",\"description\":\"Bici Elettriche Online Svizzera: Miglior Prezzo | Consegna Rapida\",\"publisher\":{\"@id\":\"https:\/\/z-bike.ch\/#organization\"},\"alternateName\":\"ZBike\",\"potentialAction\":[{\"@type\":\"SearchAction\",\"target\":{\"@type\":\"EntryPoint\",\"urlTemplate\":\"https:\/\/z-bike.ch\/?s={search_term_string}\"},\"query-input\":{\"@type\":\"PropertyValueSpecification\",\"valueRequired\":true,\"valueName\":\"search_term_string\"}}],\"inLanguage\":\"de\"},{\"@type\":\"Organization\",\"@id\":\"https:\/\/z-bike.ch\/#organization\",\"name\":\"Z-Bike\",\"url\":\"https:\/\/z-bike.ch\/\",\"logo\":{\"@type\":\"ImageObject\",\"inLanguage\":\"de\",\"@id\":\"https:\/\/z-bike.ch\/#\/schema\/logo\/image\/\",\"url\":\"https:\/\/z-bike.ch\/wp-content\/uploads\/2023\/07\/logo_z-bike_ori.svg\",\"contentUrl\":\"https:\/\/z-bike.ch\/wp-content\/uploads\/2023\/07\/logo_z-bike_ori.svg\",\"width\":1,\"height\":1,\"caption\":\"Z-Bike\"},\"image\":{\"@id\":\"https:\/\/z-bike.ch\/#\/schema\/logo\/image\/\"},\"sameAs\":[\"https:\/\/www.facebook.com\/zbikelugano\",\"https:\/\/www.instagram.com\/zbike.ebike\"]}]}<\/script>\n<!-- \/ Yoast SEO plugin. -->","yoast_head_json":{"title":"Mavaro 4 Low StepThru - Z-Bike","robots":{"index":"index","follow":"follow","max-snippet":"max-snippet:-1","max-image-preview":"max-image-preview:large","max-video-preview":"max-video-preview:-1"},"canonical":"https:\/\/z-bike.ch\/de\/shop\/e-bike-de\/mavaro-4-low-stepthru\/","og_locale":"de_DE","og_type":"article","og_title":"Mavaro 4 Low StepThru - Z-Bike","og_description":"[vc_row][vc_column][vc_column_text uncode_shortcode_id=&#8220;149548&#8243; css=&#8220;.vc_custom_1739198032559{padding-bottom: 36px !important;}&#8220;] Die beste Art, dich fortzubewegen Eine E-Bike, das die Kunst der Fortbewegung neu definiert. Funktionalit\u00e4t [&hellip;]","og_url":"https:\/\/z-bike.ch\/de\/shop\/e-bike-de\/mavaro-4-low-stepthru\/","og_site_name":"Z-Bike","article_publisher":"https:\/\/www.facebook.com\/zbikelugano","article_modified_time":"2025-02-14T16:52:56+00:00","og_image":[{"width":1700,"height":1002,"url":"https:\/\/z-bike.ch\/wp-content\/uploads\/2025\/02\/C24_C68263U_Mavaro_Neo_4_LSTH_CAS_PD.png","type":"image\/png"}],"twitter_card":"summary_large_image","twitter_misc":{"Gesch\u00e4tzte Lesezeit":"1\u00a0Minute"},"schema":{"@context":"https:\/\/schema.org","@graph":[{"@type":"WebPage","@id":"https:\/\/z-bike.ch\/de\/shop\/e-bike-de\/mavaro-4-low-stepthru\/","url":"https:\/\/z-bike.ch\/de\/shop\/e-bike-de\/mavaro-4-low-stepthru\/","name":"Mavaro 4 Low StepThru - Z-Bike","isPartOf":{"@id":"https:\/\/z-bike.ch\/#website"},"primaryImageOfPage":{"@id":"https:\/\/z-bike.ch\/de\/shop\/e-bike-de\/mavaro-4-low-stepthru\/#primaryimage"},"image":{"@id":"https:\/\/z-bike.ch\/de\/shop\/e-bike-de\/mavaro-4-low-stepthru\/#primaryimage"},"thumbnailUrl":"https:\/\/z-bike.ch\/wp-content\/uploads\/2025\/02\/C24_C68263U_Mavaro_Neo_4_LSTH_CAS_PD.png","datePublished":"2025-02-10T14:30:27+00:00","dateModified":"2025-02-14T16:52:56+00:00","breadcrumb":{"@id":"https:\/\/z-bike.ch\/de\/shop\/e-bike-de\/mavaro-4-low-stepthru\/#breadcrumb"},"inLanguage":"de","potentialAction":[{"@type":"ReadAction","target":["https:\/\/z-bike.ch\/de\/shop\/e-bike-de\/mavaro-4-low-stepthru\/"]}]},{"@type":"ImageObject","inLanguage":"de","@id":"https:\/\/z-bike.ch\/de\/shop\/e-bike-de\/mavaro-4-low-stepthru\/#primaryimage","url":"https:\/\/z-bike.ch\/wp-content\/uploads\/2025\/02\/C24_C68263U_Mavaro_Neo_4_LSTH_CAS_PD.png","contentUrl":"https:\/\/z-bike.ch\/wp-content\/uploads\/2025\/02\/C24_C68263U_Mavaro_Neo_4_LSTH_CAS_PD.png","width":1700,"height":1002},{"@type":"BreadcrumbList","@id":"https:\/\/z-bike.ch\/de\/shop\/e-bike-de\/mavaro-4-low-stepthru\/#breadcrumb","itemListElement":[{"@type":"ListItem","position":1,"name":"Home","item":"https:\/\/z-bike.ch\/de\/"},{"@type":"ListItem","position":2,"name":"Shop","item":"https:\/\/z-bike.ch\/de\/shop-3\/"},{"@type":"ListItem","position":3,"name":"Mavaro 4 Low StepThru"}]},{"@type":"WebSite","@id":"https:\/\/z-bike.ch\/#website","url":"https:\/\/z-bike.ch\/","name":"Z-Bike","description":"Bici Elettriche Online Svizzera: Miglior Prezzo | Consegna Rapida","publisher":{"@id":"https:\/\/z-bike.ch\/#organization"},"alternateName":"ZBike","potentialAction":[{"@type":"SearchAction","target":{"@type":"EntryPoint","urlTemplate":"https:\/\/z-bike.ch\/?s={search_term_string}"},"query-input":{"@type":"PropertyValueSpecification","valueRequired":true,"valueName":"search_term_string"}}],"inLanguage":"de"},{"@type":"Organization","@id":"https:\/\/z-bike.ch\/#organization","name":"Z-Bike","url":"https:\/\/z-bike.ch\/","logo":{"@type":"ImageObject","inLanguage":"de","@id":"https:\/\/z-bike.ch\/#\/schema\/logo\/image\/","url":"https:\/\/z-bike.ch\/wp-content\/uploads\/2023\/07\/logo_z-bike_ori.svg","contentUrl":"https:\/\/z-bike.ch\/wp-content\/uploads\/2023\/07\/logo_z-bike_ori.svg","width":1,"height":1,"caption":"Z-Bike"},"image":{"@id":"https:\/\/z-bike.ch\/#\/schema\/logo\/image\/"},"sameAs":["https:\/\/www.facebook.com\/zbikelugano","https:\/\/www.instagram.com\/zbike.ebike"]}]}},"_links":{"self":[{"href":"https:\/\/z-bike.ch\/de\/wp-json\/wp\/v2\/product\/125169"}],"collection":[{"href":"https:\/\/z-bike.ch\/de\/wp-json\/wp\/v2\/product"}],"about":[{"href":"https:\/\/z-bike.ch\/de\/wp-json\/wp\/v2\/types\/product"}],"replies":[{"embeddable":true,"href":"https:\/\/z-bike.ch\/de\/wp-json\/wp\/v2\/comments?post=125169"}],"wp:featuredmedia":[{"embeddable":true,"href":"https:\/\/z-bike.ch\/de\/wp-json\/wp\/v2\/media\/125072"}],"wp:attachment":[{"href":"https:\/\/z-bike.ch\/de\/wp-json\/wp\/v2\/media?parent=125169"}],"wp:term":[{"taxonomy":"product_cat","embeddable":true,"href":"https:\/\/z-bike.ch\/de\/wp-json\/wp\/v2\/product_cat?post=125169"},{"taxonomy":"product_tag","embeddable":true,"href":"https:\/\/z-bike.ch\/de\/wp-json\/wp\/v2\/product_tag?post=125169"}],"curies":[{"name":"wp","href":"https:\/\/api.w.org\/{rel}","templated":true}]}}