{"id":125172,"date":"2025-02-10T15:56:31","date_gmt":"2025-02-10T14:56:31","guid":{"rendered":"https:\/\/z-bike.ch\/shop\/unkategorisiert\/mavaro-3-low-stepthru\/"},"modified":"2025-02-14T17:53:12","modified_gmt":"2025-02-14T16:53:12","slug":"mavaro-3-low-stepthru","status":"publish","type":"product","link":"https:\/\/z-bike.ch\/de\/shop\/e-bike-de\/mavaro-3-low-stepthru\/","title":{"rendered":"Mavaro 3 Low StepThru"},"content":{"rendered":"<section class=\"wpb-content-wrapper\"><p>[vc_row][vc_column][vc_column_text uncode_shortcode_id=&#8220;207609&#8243; css=&#8220;.vc_custom_1739198381525{padding-bottom: 36px !important;}&#8220;]<\/p>\n<h2>Die beste Art, dich fortzubewegen<\/h2>\n<p>Ein E-Bike, das die Kunst der Fortbewegung neu definiert. Funktionalit\u00e4t trifft auf Vergn\u00fcgen. Komfort trifft auf Praktikabilit\u00e4t. Geschwindigkeit trifft auf Stil. Die beste Art, sich fortzubewegen, egal ob du von einem Punkt zum anderen f\u00e4hrst oder keine bestimmte Ziel hast.<\/p>\n<h2>Per cosa ist es konzipiert?<\/h2>\n<p>Einfach bequem.<\/p>\n<h2>St\u00e4rken<\/h2>\n<p><strong>Telaio<\/strong> Low step-thru in alluminio SmartForm C2 \/ Forcella HeadShok con escursione 50mm<\/p>\n<p>Gates <strong>Carbonriemenantrieb<\/strong> mit Shimano Nexus 5-Gang-Nabenschaltung.<\/p>\n<p><strong>Bosch Smart System<\/strong> \u2013 Bosch Performance Line Motor 250 W \/ 625 Wh Batterie \/ Reichweite: bis zu 140 km.<\/p>\n<p>[\/vc_column_text][\/vc_column][\/vc_row]<\/p>\n<\/section>","protected":false},"excerpt":{"rendered":"<p>[vc_row][vc_column][vc_column_text uncode_shortcode_id=&#8220;207609&#8243; css=&#8220;.vc_custom_1739198381525{padding-bottom: 36px !important;}&#8220;] Die beste Art, dich fortzubewegen Ein E-Bike, das die Kunst der Fortbewegung neu definiert. Funktionalit\u00e4t [&hellip;]<\/p>\n","protected":false},"featured_media":125111,"comment_status":"open","ping_status":"closed","template":"","meta":[],"product_cat":[283],"product_tag":[450,489],"yoast_head":"<!-- This site is optimized with the Yoast SEO plugin v23.6 - https:\/\/yoast.com\/wordpress\/plugins\/seo\/ -->\n<title>Mavaro 3 Low StepThru - Z-Bike<\/title>\n<meta name=\"robots\" content=\"index, follow, max-snippet:-1, max-image-preview:large, max-video-preview:-1\" \/>\n<link rel=\"canonical\" href=\"https:\/\/z-bike.ch\/de\/shop\/e-bike-de\/mavaro-3-low-stepthru\/\" \/>\n<meta property=\"og:locale\" content=\"de_DE\" \/>\n<meta property=\"og:type\" content=\"article\" \/>\n<meta property=\"og:title\" content=\"Mavaro 3 Low StepThru - Z-Bike\" \/>\n<meta property=\"og:description\" content=\"[vc_row][vc_column][vc_column_text uncode_shortcode_id=&#8220;207609&#8243; css=&#8220;.vc_custom_1739198381525{padding-bottom: 36px !important;}&#8220;] Die beste Art, dich fortzubewegen Ein E-Bike, das die Kunst der Fortbewegung neu definiert. Funktionalit\u00e4t [&hellip;]\" \/>\n<meta property=\"og:url\" content=\"https:\/\/z-bike.ch\/de\/shop\/e-bike-de\/mavaro-3-low-stepthru\/\" \/>\n<meta property=\"og:site_name\" content=\"Z-Bike\" \/>\n<meta property=\"article:publisher\" content=\"https:\/\/www.facebook.com\/zbikelugano\" \/>\n<meta property=\"article:modified_time\" content=\"2025-02-14T16:53:12+00:00\" \/>\n<meta property=\"og:image\" content=\"https:\/\/z-bike.ch\/wp-content\/uploads\/2025\/02\/C24_C68263U_Mavaro_Neo_3_LSTH_CAS_PD-removebg-Recuperato.png\" \/>\n\t<meta property=\"og:image:width\" content=\"1700\" \/>\n\t<meta property=\"og:image:height\" content=\"1002\" \/>\n\t<meta property=\"og:image:type\" content=\"image\/png\" \/>\n<meta name=\"twitter:card\" content=\"summary_large_image\" \/>\n<meta name=\"twitter:label1\" content=\"Gesch\u00e4tzte Lesezeit\" \/>\n\t<meta name=\"twitter:data1\" content=\"1\u00a0Minute\" \/>\n<script type=\"application\/ld+json\" class=\"yoast-schema-graph\">{\"@context\":\"https:\/\/schema.org\",\"@graph\":[{\"@type\":\"WebPage\",\"@id\":\"https:\/\/z-bike.ch\/de\/shop\/e-bike-de\/mavaro-3-low-stepthru\/\",\"url\":\"https:\/\/z-bike.ch\/de\/shop\/e-bike-de\/mavaro-3-low-stepthru\/\",\"name\":\"Mavaro 3 Low StepThru - Z-Bike\",\"isPartOf\":{\"@id\":\"https:\/\/z-bike.ch\/#website\"},\"primaryImageOfPage\":{\"@id\":\"https:\/\/z-bike.ch\/de\/shop\/e-bike-de\/mavaro-3-low-stepthru\/#primaryimage\"},\"image\":{\"@id\":\"https:\/\/z-bike.ch\/de\/shop\/e-bike-de\/mavaro-3-low-stepthru\/#primaryimage\"},\"thumbnailUrl\":\"https:\/\/z-bike.ch\/wp-content\/uploads\/2025\/02\/C24_C68263U_Mavaro_Neo_3_LSTH_CAS_PD-removebg-Recuperato.png\",\"datePublished\":\"2025-02-10T14:56:31+00:00\",\"dateModified\":\"2025-02-14T16:53:12+00:00\",\"breadcrumb\":{\"@id\":\"https:\/\/z-bike.ch\/de\/shop\/e-bike-de\/mavaro-3-low-stepthru\/#breadcrumb\"},\"inLanguage\":\"de\",\"potentialAction\":[{\"@type\":\"ReadAction\",\"target\":[\"https:\/\/z-bike.ch\/de\/shop\/e-bike-de\/mavaro-3-low-stepthru\/\"]}]},{\"@type\":\"ImageObject\",\"inLanguage\":\"de\",\"@id\":\"https:\/\/z-bike.ch\/de\/shop\/e-bike-de\/mavaro-3-low-stepthru\/#primaryimage\",\"url\":\"https:\/\/z-bike.ch\/wp-content\/uploads\/2025\/02\/C24_C68263U_Mavaro_Neo_3_LSTH_CAS_PD-removebg-Recuperato.png\",\"contentUrl\":\"https:\/\/z-bike.ch\/wp-content\/uploads\/2025\/02\/C24_C68263U_Mavaro_Neo_3_LSTH_CAS_PD-removebg-Recuperato.png\",\"width\":1700,\"height\":1002},{\"@type\":\"BreadcrumbList\",\"@id\":\"https:\/\/z-bike.ch\/de\/shop\/e-bike-de\/mavaro-3-low-stepthru\/#breadcrumb\",\"itemListElement\":[{\"@type\":\"ListItem\",\"position\":1,\"name\":\"Home\",\"item\":\"https:\/\/z-bike.ch\/de\/\"},{\"@type\":\"ListItem\",\"position\":2,\"name\":\"Shop\",\"item\":\"https:\/\/z-bike.ch\/de\/shop-3\/\"},{\"@type\":\"ListItem\",\"position\":3,\"name\":\"Mavaro 3 Low StepThru\"}]},{\"@type\":\"WebSite\",\"@id\":\"https:\/\/z-bike.ch\/#website\",\"url\":\"https:\/\/z-bike.ch\/\",\"name\":\"Z-Bike\",\"description\":\"Bici Elettriche Online Svizzera: Miglior Prezzo | Consegna Rapida\",\"publisher\":{\"@id\":\"https:\/\/z-bike.ch\/#organization\"},\"alternateName\":\"ZBike\",\"potentialAction\":[{\"@type\":\"SearchAction\",\"target\":{\"@type\":\"EntryPoint\",\"urlTemplate\":\"https:\/\/z-bike.ch\/?s={search_term_string}\"},\"query-input\":{\"@type\":\"PropertyValueSpecification\",\"valueRequired\":true,\"valueName\":\"search_term_string\"}}],\"inLanguage\":\"de\"},{\"@type\":\"Organization\",\"@id\":\"https:\/\/z-bike.ch\/#organization\",\"name\":\"Z-Bike\",\"url\":\"https:\/\/z-bike.ch\/\",\"logo\":{\"@type\":\"ImageObject\",\"inLanguage\":\"de\",\"@id\":\"https:\/\/z-bike.ch\/#\/schema\/logo\/image\/\",\"url\":\"https:\/\/z-bike.ch\/wp-content\/uploads\/2023\/07\/logo_z-bike_ori.svg\",\"contentUrl\":\"https:\/\/z-bike.ch\/wp-content\/uploads\/2023\/07\/logo_z-bike_ori.svg\",\"width\":1,\"height\":1,\"caption\":\"Z-Bike\"},\"image\":{\"@id\":\"https:\/\/z-bike.ch\/#\/schema\/logo\/image\/\"},\"sameAs\":[\"https:\/\/www.facebook.com\/zbikelugano\",\"https:\/\/www.instagram.com\/zbike.ebike\"]}]}<\/script>\n<!-- \/ Yoast SEO plugin. -->","yoast_head_json":{"title":"Mavaro 3 Low StepThru - Z-Bike","robots":{"index":"index","follow":"follow","max-snippet":"max-snippet:-1","max-image-preview":"max-image-preview:large","max-video-preview":"max-video-preview:-1"},"canonical":"https:\/\/z-bike.ch\/de\/shop\/e-bike-de\/mavaro-3-low-stepthru\/","og_locale":"de_DE","og_type":"article","og_title":"Mavaro 3 Low StepThru - Z-Bike","og_description":"[vc_row][vc_column][vc_column_text uncode_shortcode_id=&#8220;207609&#8243; css=&#8220;.vc_custom_1739198381525{padding-bottom: 36px !important;}&#8220;] Die beste Art, dich fortzubewegen Ein E-Bike, das die Kunst der Fortbewegung neu definiert. Funktionalit\u00e4t [&hellip;]","og_url":"https:\/\/z-bike.ch\/de\/shop\/e-bike-de\/mavaro-3-low-stepthru\/","og_site_name":"Z-Bike","article_publisher":"https:\/\/www.facebook.com\/zbikelugano","article_modified_time":"2025-02-14T16:53:12+00:00","og_image":[{"width":1700,"height":1002,"url":"https:\/\/z-bike.ch\/wp-content\/uploads\/2025\/02\/C24_C68263U_Mavaro_Neo_3_LSTH_CAS_PD-removebg-Recuperato.png","type":"image\/png"}],"twitter_card":"summary_large_image","twitter_misc":{"Gesch\u00e4tzte Lesezeit":"1\u00a0Minute"},"schema":{"@context":"https:\/\/schema.org","@graph":[{"@type":"WebPage","@id":"https:\/\/z-bike.ch\/de\/shop\/e-bike-de\/mavaro-3-low-stepthru\/","url":"https:\/\/z-bike.ch\/de\/shop\/e-bike-de\/mavaro-3-low-stepthru\/","name":"Mavaro 3 Low StepThru - Z-Bike","isPartOf":{"@id":"https:\/\/z-bike.ch\/#website"},"primaryImageOfPage":{"@id":"https:\/\/z-bike.ch\/de\/shop\/e-bike-de\/mavaro-3-low-stepthru\/#primaryimage"},"image":{"@id":"https:\/\/z-bike.ch\/de\/shop\/e-bike-de\/mavaro-3-low-stepthru\/#primaryimage"},"thumbnailUrl":"https:\/\/z-bike.ch\/wp-content\/uploads\/2025\/02\/C24_C68263U_Mavaro_Neo_3_LSTH_CAS_PD-removebg-Recuperato.png","datePublished":"2025-02-10T14:56:31+00:00","dateModified":"2025-02-14T16:53:12+00:00","breadcrumb":{"@id":"https:\/\/z-bike.ch\/de\/shop\/e-bike-de\/mavaro-3-low-stepthru\/#breadcrumb"},"inLanguage":"de","potentialAction":[{"@type":"ReadAction","target":["https:\/\/z-bike.ch\/de\/shop\/e-bike-de\/mavaro-3-low-stepthru\/"]}]},{"@type":"ImageObject","inLanguage":"de","@id":"https:\/\/z-bike.ch\/de\/shop\/e-bike-de\/mavaro-3-low-stepthru\/#primaryimage","url":"https:\/\/z-bike.ch\/wp-content\/uploads\/2025\/02\/C24_C68263U_Mavaro_Neo_3_LSTH_CAS_PD-removebg-Recuperato.png","contentUrl":"https:\/\/z-bike.ch\/wp-content\/uploads\/2025\/02\/C24_C68263U_Mavaro_Neo_3_LSTH_CAS_PD-removebg-Recuperato.png","width":1700,"height":1002},{"@type":"BreadcrumbList","@id":"https:\/\/z-bike.ch\/de\/shop\/e-bike-de\/mavaro-3-low-stepthru\/#breadcrumb","itemListElement":[{"@type":"ListItem","position":1,"name":"Home","item":"https:\/\/z-bike.ch\/de\/"},{"@type":"ListItem","position":2,"name":"Shop","item":"https:\/\/z-bike.ch\/de\/shop-3\/"},{"@type":"ListItem","position":3,"name":"Mavaro 3 Low StepThru"}]},{"@type":"WebSite","@id":"https:\/\/z-bike.ch\/#website","url":"https:\/\/z-bike.ch\/","name":"Z-Bike","description":"Bici Elettriche Online Svizzera: Miglior Prezzo | Consegna Rapida","publisher":{"@id":"https:\/\/z-bike.ch\/#organization"},"alternateName":"ZBike","potentialAction":[{"@type":"SearchAction","target":{"@type":"EntryPoint","urlTemplate":"https:\/\/z-bike.ch\/?s={search_term_string}"},"query-input":{"@type":"PropertyValueSpecification","valueRequired":true,"valueName":"search_term_string"}}],"inLanguage":"de"},{"@type":"Organization","@id":"https:\/\/z-bike.ch\/#organization","name":"Z-Bike","url":"https:\/\/z-bike.ch\/","logo":{"@type":"ImageObject","inLanguage":"de","@id":"https:\/\/z-bike.ch\/#\/schema\/logo\/image\/","url":"https:\/\/z-bike.ch\/wp-content\/uploads\/2023\/07\/logo_z-bike_ori.svg","contentUrl":"https:\/\/z-bike.ch\/wp-content\/uploads\/2023\/07\/logo_z-bike_ori.svg","width":1,"height":1,"caption":"Z-Bike"},"image":{"@id":"https:\/\/z-bike.ch\/#\/schema\/logo\/image\/"},"sameAs":["https:\/\/www.facebook.com\/zbikelugano","https:\/\/www.instagram.com\/zbike.ebike"]}]}},"_links":{"self":[{"href":"https:\/\/z-bike.ch\/de\/wp-json\/wp\/v2\/product\/125172"}],"collection":[{"href":"https:\/\/z-bike.ch\/de\/wp-json\/wp\/v2\/product"}],"about":[{"href":"https:\/\/z-bike.ch\/de\/wp-json\/wp\/v2\/types\/product"}],"replies":[{"embeddable":true,"href":"https:\/\/z-bike.ch\/de\/wp-json\/wp\/v2\/comments?post=125172"}],"wp:featuredmedia":[{"embeddable":true,"href":"https:\/\/z-bike.ch\/de\/wp-json\/wp\/v2\/media\/125111"}],"wp:attachment":[{"href":"https:\/\/z-bike.ch\/de\/wp-json\/wp\/v2\/media?parent=125172"}],"wp:term":[{"taxonomy":"product_cat","embeddable":true,"href":"https:\/\/z-bike.ch\/de\/wp-json\/wp\/v2\/product_cat?post=125172"},{"taxonomy":"product_tag","embeddable":true,"href":"https:\/\/z-bike.ch\/de\/wp-json\/wp\/v2\/product_tag?post=125172"}],"curies":[{"name":"wp","href":"https:\/\/api.w.org\/{rel}","templated":true}]}}