{"id":125177,"date":"2024-12-06T09:36:46","date_gmt":"2024-12-06T08:36:46","guid":{"rendered":"https:\/\/z-bike.ch\/shop\/unkategorisiert\/epic-wc-expert\/"},"modified":"2025-08-19T11:09:31","modified_gmt":"2025-08-19T09:09:31","slug":"epic-wc-expert","status":"publish","type":"product","link":"https:\/\/z-bike.ch\/de\/shop\/muscolari-de\/epic-wc-expert\/","title":{"rendered":"Epic WC Expert"},"content":{"rendered":"<section class=\"wpb-content-wrapper\"><p>[vc_row][vc_column][vc_column_text uncode_shortcode_id=&#8220;890168&#8243; css=&#8220;.vc_custom_1733420890678{padding-bottom: 36px !important;}&#8220;]<\/p>\n<h2 class=\"sc-6d8c0e1d-3 bXLFhn\">Denk schneller.<\/h2>\n<p class=\"sc-6d8c0e1d-3 bXLFhn\">Das Epic World Cup ist das schnellste XC-Rennrad auf flie\u00dfenden Strecken, dank einer unvergleichlichen Kombination aus Effizienz, Kontrolle und Leichtigkeit. Der Champion Christopher dr\u00fcckt es so aus: \u201eDieses Fahrrad bietet mir alles, was ich mir von einem Hardtail w\u00fcnschen k\u00f6nnte, mit der zus\u00e4tzlichen Kontrolle und den F\u00e4higkeiten eines Fully.\u201c Um diese Rennmaschine zu erschaffen, haben wir einen vollst\u00e4ndig integrierten Entwicklungsansatz verfolgt und einen v\u00f6llig neuen Sto\u00dfd\u00e4mpfer erfunden, dank vier Jahrzehnten an Siegen auf der Offroad-Rennb\u00fchne.<\/p>\n<h2 class=\"sc-6d8c0e1d-3 bXLFhn\">REFERENZRAHMEN<\/h2>\n<p class=\"sc-6d8c0e1d-3 bXLFhn\">Um die maximale Geschwindigkeit durch eine perfekte Effizienz bei der Kraft\u00fcbertragung und eine ultra-pr\u00e4zise Lenkung zu erreichen, hat unser Ingenieurteam den neuen Standard in Bezug auf Torsionssteifigkeit und Steifigkeit im Tretlagerbereich gesetzt. Das doppelte Diamant-Layout ist das fortschrittlichste in der Geschichte von Specialized und unterst\u00fctzt das Ziel der Steifigkeit, indem es den Sto\u00dfd\u00e4mpfer als strukturelles Element integriert.<\/p>\n<h2 class=\"sc-6d8c0e1d-3 bXLFhn\">SCHNELLE D\u00c4MPFUNGSSYSTEME<\/h2>\n<p class=\"sc-6d8c0e1d-3 bXLFhn\">Das Specialized Ride Dynamics Team hat eine revolution\u00e4re Technologie f\u00fcr die Epic World Cup entwickelt, um ihr die Effizienz und Reaktionsf\u00e4higkeit eines Hardtails zu verleihen und zus\u00e4tzlich die Kontrolle und die F\u00e4higkeiten eines Fully zu bieten. Der RockShox SID Deluxe WCID (World Cup Integrated Design) D\u00e4mpfer mit unabh\u00e4ngig einstellbaren positiven und negativen Luftfedern verleiht der Epic WC das begehrte &#8222;Ansprechverhalten&#8220; eines Hardtails, kombiniert mit einem Gewicht, das den Boden f\u00f6rmlich verschlingt, und erm\u00f6glicht es, das Setup je nach Strecke oder pers\u00f6nlichen Vorlieben anzupassen.<\/p>\n<h2 class=\"sc-6d8c0e1d-3 bXLFhn\">JENSEITS DER EIGENEN KATEGORIE<\/h2>\n<p class=\"sc-6d8c0e1d-3 bXLFhn\">Die 75 mm Federweg der Epic World Cup verhalten sich, als w\u00e4ren sie viel mehr. Wenn das Fahrrad im &#8222;Firm&#8220;-Modus gefahren wird, bietet es die gleiche positive Federung wie ein Fahrrad mit 100 mm Federweg, das auf einen Sag von 25% eingestellt ist. Die Optimierung des Luftvolumens und der D\u00e4mpfungseigenschaften erm\u00f6glicht es der Epic WC, St\u00f6\u00dfe genauso zu bew\u00e4ltigen wie ein Fahrrad mit gro\u00dfz\u00fcgigerem Federweg. Der speziell entwickelte MegaJounce Puffer bietet eine starke Unterst\u00fctzung am Endanschlag, um die heftigsten St\u00f6\u00dfe zu absorbieren.<\/p>\n<h2 class=\"sc-6d8c0e1d-3 bXLFhn\">BRAIN<\/h2>\n<p class=\"sc-6d8c0e1d-3 bXLFhn\">W\u00e4hrend der revolution\u00e4re SID Deluxe WCID D\u00e4mpfer die perfekte Mischung aus D\u00e4mpfung und Festigkeit am Hinterbau bietet, ist der BRAIN in der Gabel aktiv und lebendig, mit der Position-Sensitive-Technologie und 15 mm sag, ohne dass ein Lock-Out oder Hebel bet\u00e4tigt werden muss.<\/p>\n<h2 class=\"sc-6d8c0e1d-3 bXLFhn\">LEICHTIGKEIT<\/h2>\n<p class=\"sc-6d8c0e1d-3 bXLFhn\">Mit einem Rahmengewicht von nur 1765 Gramm (lackiert, mit D\u00e4mpfer und Kleinteilen) ist die Epic World Cup das leichteste Modell auf dem Markt. Diese Leichtigkeit \u00fcbersetzt sich in explosive Beschleunigungen, maximale Effizienz beim Klettern und eine beeindruckende Handhabung. Die Kombination dieser Eigenschaften ergibt Geschwindigkeit. Es ist uns gelungen, einen so leichten und gleichzeitig steifen Rahmen zu entwerfen, dank der Erkenntnisse, die wir beim Design des Aethos gewonnen haben, insbesondere in Bezug auf das Carbon-Layup.<\/p>\n<p class=\"sc-6d8c0e1d-3 bXLFhn\">Die neue Epic World Cup mit der Ride Dynamics Developed Suspension Technology verf\u00fcgt \u00fcber 75 mm Federweg am Hinterrad. Dank der neuen Technologie ist das Treten sehr effizient, und diese Epic ist bereit f\u00fcr die anspruchsvollsten Abfahrten.<\/p>\n<p class=\"sc-6d8c0e1d-3 bXLFhn\">Die SRAM GX Schaltung ist leistungsstark und robust, perfekt f\u00fcr die anspruchsvollen Strecken von XC-Rennen.<\/p>\n<p class=\"sc-6d8c0e1d-3 bXLFhn\">SID SL Gabel mit Brain, 110 mm Federweg.<\/p>\n<p>[\/vc_column_text][\/vc_column][\/vc_row]<\/p>\n<\/section>","protected":false},"excerpt":{"rendered":"<p>[vc_row][vc_column][vc_column_text uncode_shortcode_id=&#8220;890168&#8243; css=&#8220;.vc_custom_1733420890678{padding-bottom: 36px !important;}&#8220;] Denk schneller. Das Epic World Cup ist das schnellste XC-Rennrad auf flie\u00dfenden Strecken, dank einer [&hellip;]<\/p>\n","protected":false},"featured_media":124802,"comment_status":"open","ping_status":"closed","template":"","meta":[],"product_cat":[429],"product_tag":[489],"yoast_head":"<!-- This site is optimized with the Yoast SEO plugin v23.6 - https:\/\/yoast.com\/wordpress\/plugins\/seo\/ -->\n<title>Epic WC Expert - Z-Bike<\/title>\n<meta name=\"robots\" content=\"index, follow, max-snippet:-1, max-image-preview:large, max-video-preview:-1\" \/>\n<link rel=\"canonical\" href=\"https:\/\/z-bike.ch\/de\/shop\/muscolari-de\/epic-wc-expert\/\" \/>\n<meta property=\"og:locale\" content=\"de_DE\" \/>\n<meta property=\"og:type\" content=\"article\" \/>\n<meta property=\"og:title\" content=\"Epic WC Expert - Z-Bike\" \/>\n<meta property=\"og:description\" content=\"[vc_row][vc_column][vc_column_text uncode_shortcode_id=&#8220;890168&#8243; css=&#8220;.vc_custom_1733420890678{padding-bottom: 36px !important;}&#8220;] Denk schneller. Das Epic World Cup ist das schnellste XC-Rennrad auf flie\u00dfenden Strecken, dank einer [&hellip;]\" \/>\n<meta property=\"og:url\" content=\"https:\/\/z-bike.ch\/de\/shop\/muscolari-de\/epic-wc-expert\/\" \/>\n<meta property=\"og:site_name\" content=\"Z-Bike\" \/>\n<meta property=\"article:publisher\" content=\"https:\/\/www.facebook.com\/zbikelugano\" \/>\n<meta property=\"article:modified_time\" content=\"2025-08-19T09:09:31+00:00\" \/>\n<meta property=\"og:image\" content=\"https:\/\/z-bike.ch\/wp-content\/uploads\/2024\/12\/94925-33_TARMAC-SL8-EXPERT-DPLAKEMET-GRNPRL_HERO-PDP-9-1-1.png\" \/>\n\t<meta property=\"og:image:width\" content=\"2000\" \/>\n\t<meta property=\"og:image:height\" content=\"1125\" \/>\n\t<meta property=\"og:image:type\" content=\"image\/png\" \/>\n<meta name=\"twitter:card\" content=\"summary_large_image\" \/>\n<meta name=\"twitter:label1\" content=\"Gesch\u00e4tzte Lesezeit\" \/>\n\t<meta name=\"twitter:data1\" content=\"3\u00a0Minuten\" \/>\n<script type=\"application\/ld+json\" class=\"yoast-schema-graph\">{\"@context\":\"https:\/\/schema.org\",\"@graph\":[{\"@type\":\"WebPage\",\"@id\":\"https:\/\/z-bike.ch\/de\/shop\/muscolari-de\/epic-wc-expert\/\",\"url\":\"https:\/\/z-bike.ch\/de\/shop\/muscolari-de\/epic-wc-expert\/\",\"name\":\"Epic WC Expert - Z-Bike\",\"isPartOf\":{\"@id\":\"https:\/\/z-bike.ch\/#website\"},\"primaryImageOfPage\":{\"@id\":\"https:\/\/z-bike.ch\/de\/shop\/muscolari-de\/epic-wc-expert\/#primaryimage\"},\"image\":{\"@id\":\"https:\/\/z-bike.ch\/de\/shop\/muscolari-de\/epic-wc-expert\/#primaryimage\"},\"thumbnailUrl\":\"https:\/\/z-bike.ch\/wp-content\/uploads\/2024\/12\/94925-33_TARMAC-SL8-EXPERT-DPLAKEMET-GRNPRL_HERO-PDP-9-1-1.png\",\"datePublished\":\"2024-12-06T08:36:46+00:00\",\"dateModified\":\"2025-08-19T09:09:31+00:00\",\"breadcrumb\":{\"@id\":\"https:\/\/z-bike.ch\/de\/shop\/muscolari-de\/epic-wc-expert\/#breadcrumb\"},\"inLanguage\":\"de\",\"potentialAction\":[{\"@type\":\"ReadAction\",\"target\":[\"https:\/\/z-bike.ch\/de\/shop\/muscolari-de\/epic-wc-expert\/\"]}]},{\"@type\":\"ImageObject\",\"inLanguage\":\"de\",\"@id\":\"https:\/\/z-bike.ch\/de\/shop\/muscolari-de\/epic-wc-expert\/#primaryimage\",\"url\":\"https:\/\/z-bike.ch\/wp-content\/uploads\/2024\/12\/94925-33_TARMAC-SL8-EXPERT-DPLAKEMET-GRNPRL_HERO-PDP-9-1-1.png\",\"contentUrl\":\"https:\/\/z-bike.ch\/wp-content\/uploads\/2024\/12\/94925-33_TARMAC-SL8-EXPERT-DPLAKEMET-GRNPRL_HERO-PDP-9-1-1.png\",\"width\":2000,\"height\":1125},{\"@type\":\"BreadcrumbList\",\"@id\":\"https:\/\/z-bike.ch\/de\/shop\/muscolari-de\/epic-wc-expert\/#breadcrumb\",\"itemListElement\":[{\"@type\":\"ListItem\",\"position\":1,\"name\":\"Home\",\"item\":\"https:\/\/z-bike.ch\/de\/\"},{\"@type\":\"ListItem\",\"position\":2,\"name\":\"Shop\",\"item\":\"https:\/\/z-bike.ch\/de\/shop-3\/\"},{\"@type\":\"ListItem\",\"position\":3,\"name\":\"Epic WC Expert\"}]},{\"@type\":\"WebSite\",\"@id\":\"https:\/\/z-bike.ch\/#website\",\"url\":\"https:\/\/z-bike.ch\/\",\"name\":\"Z-Bike\",\"description\":\"Bici Elettriche Online Svizzera: Miglior Prezzo | Consegna Rapida\",\"publisher\":{\"@id\":\"https:\/\/z-bike.ch\/#organization\"},\"alternateName\":\"ZBike\",\"potentialAction\":[{\"@type\":\"SearchAction\",\"target\":{\"@type\":\"EntryPoint\",\"urlTemplate\":\"https:\/\/z-bike.ch\/?s={search_term_string}\"},\"query-input\":{\"@type\":\"PropertyValueSpecification\",\"valueRequired\":true,\"valueName\":\"search_term_string\"}}],\"inLanguage\":\"de\"},{\"@type\":\"Organization\",\"@id\":\"https:\/\/z-bike.ch\/#organization\",\"name\":\"Z-Bike\",\"url\":\"https:\/\/z-bike.ch\/\",\"logo\":{\"@type\":\"ImageObject\",\"inLanguage\":\"de\",\"@id\":\"https:\/\/z-bike.ch\/#\/schema\/logo\/image\/\",\"url\":\"https:\/\/z-bike.ch\/wp-content\/uploads\/2023\/07\/logo_z-bike_ori.svg\",\"contentUrl\":\"https:\/\/z-bike.ch\/wp-content\/uploads\/2023\/07\/logo_z-bike_ori.svg\",\"width\":1,\"height\":1,\"caption\":\"Z-Bike\"},\"image\":{\"@id\":\"https:\/\/z-bike.ch\/#\/schema\/logo\/image\/\"},\"sameAs\":[\"https:\/\/www.facebook.com\/zbikelugano\",\"https:\/\/www.instagram.com\/zbike.ebike\"]}]}<\/script>\n<!-- \/ Yoast SEO plugin. -->","yoast_head_json":{"title":"Epic WC Expert - Z-Bike","robots":{"index":"index","follow":"follow","max-snippet":"max-snippet:-1","max-image-preview":"max-image-preview:large","max-video-preview":"max-video-preview:-1"},"canonical":"https:\/\/z-bike.ch\/de\/shop\/muscolari-de\/epic-wc-expert\/","og_locale":"de_DE","og_type":"article","og_title":"Epic WC Expert - Z-Bike","og_description":"[vc_row][vc_column][vc_column_text uncode_shortcode_id=&#8220;890168&#8243; css=&#8220;.vc_custom_1733420890678{padding-bottom: 36px !important;}&#8220;] Denk schneller. Das Epic World Cup ist das schnellste XC-Rennrad auf flie\u00dfenden Strecken, dank einer [&hellip;]","og_url":"https:\/\/z-bike.ch\/de\/shop\/muscolari-de\/epic-wc-expert\/","og_site_name":"Z-Bike","article_publisher":"https:\/\/www.facebook.com\/zbikelugano","article_modified_time":"2025-08-19T09:09:31+00:00","og_image":[{"width":2000,"height":1125,"url":"https:\/\/z-bike.ch\/wp-content\/uploads\/2024\/12\/94925-33_TARMAC-SL8-EXPERT-DPLAKEMET-GRNPRL_HERO-PDP-9-1-1.png","type":"image\/png"}],"twitter_card":"summary_large_image","twitter_misc":{"Gesch\u00e4tzte Lesezeit":"3\u00a0Minuten"},"schema":{"@context":"https:\/\/schema.org","@graph":[{"@type":"WebPage","@id":"https:\/\/z-bike.ch\/de\/shop\/muscolari-de\/epic-wc-expert\/","url":"https:\/\/z-bike.ch\/de\/shop\/muscolari-de\/epic-wc-expert\/","name":"Epic WC Expert - Z-Bike","isPartOf":{"@id":"https:\/\/z-bike.ch\/#website"},"primaryImageOfPage":{"@id":"https:\/\/z-bike.ch\/de\/shop\/muscolari-de\/epic-wc-expert\/#primaryimage"},"image":{"@id":"https:\/\/z-bike.ch\/de\/shop\/muscolari-de\/epic-wc-expert\/#primaryimage"},"thumbnailUrl":"https:\/\/z-bike.ch\/wp-content\/uploads\/2024\/12\/94925-33_TARMAC-SL8-EXPERT-DPLAKEMET-GRNPRL_HERO-PDP-9-1-1.png","datePublished":"2024-12-06T08:36:46+00:00","dateModified":"2025-08-19T09:09:31+00:00","breadcrumb":{"@id":"https:\/\/z-bike.ch\/de\/shop\/muscolari-de\/epic-wc-expert\/#breadcrumb"},"inLanguage":"de","potentialAction":[{"@type":"ReadAction","target":["https:\/\/z-bike.ch\/de\/shop\/muscolari-de\/epic-wc-expert\/"]}]},{"@type":"ImageObject","inLanguage":"de","@id":"https:\/\/z-bike.ch\/de\/shop\/muscolari-de\/epic-wc-expert\/#primaryimage","url":"https:\/\/z-bike.ch\/wp-content\/uploads\/2024\/12\/94925-33_TARMAC-SL8-EXPERT-DPLAKEMET-GRNPRL_HERO-PDP-9-1-1.png","contentUrl":"https:\/\/z-bike.ch\/wp-content\/uploads\/2024\/12\/94925-33_TARMAC-SL8-EXPERT-DPLAKEMET-GRNPRL_HERO-PDP-9-1-1.png","width":2000,"height":1125},{"@type":"BreadcrumbList","@id":"https:\/\/z-bike.ch\/de\/shop\/muscolari-de\/epic-wc-expert\/#breadcrumb","itemListElement":[{"@type":"ListItem","position":1,"name":"Home","item":"https:\/\/z-bike.ch\/de\/"},{"@type":"ListItem","position":2,"name":"Shop","item":"https:\/\/z-bike.ch\/de\/shop-3\/"},{"@type":"ListItem","position":3,"name":"Epic WC Expert"}]},{"@type":"WebSite","@id":"https:\/\/z-bike.ch\/#website","url":"https:\/\/z-bike.ch\/","name":"Z-Bike","description":"Bici Elettriche Online Svizzera: Miglior Prezzo | Consegna Rapida","publisher":{"@id":"https:\/\/z-bike.ch\/#organization"},"alternateName":"ZBike","potentialAction":[{"@type":"SearchAction","target":{"@type":"EntryPoint","urlTemplate":"https:\/\/z-bike.ch\/?s={search_term_string}"},"query-input":{"@type":"PropertyValueSpecification","valueRequired":true,"valueName":"search_term_string"}}],"inLanguage":"de"},{"@type":"Organization","@id":"https:\/\/z-bike.ch\/#organization","name":"Z-Bike","url":"https:\/\/z-bike.ch\/","logo":{"@type":"ImageObject","inLanguage":"de","@id":"https:\/\/z-bike.ch\/#\/schema\/logo\/image\/","url":"https:\/\/z-bike.ch\/wp-content\/uploads\/2023\/07\/logo_z-bike_ori.svg","contentUrl":"https:\/\/z-bike.ch\/wp-content\/uploads\/2023\/07\/logo_z-bike_ori.svg","width":1,"height":1,"caption":"Z-Bike"},"image":{"@id":"https:\/\/z-bike.ch\/#\/schema\/logo\/image\/"},"sameAs":["https:\/\/www.facebook.com\/zbikelugano","https:\/\/www.instagram.com\/zbike.ebike"]}]}},"_links":{"self":[{"href":"https:\/\/z-bike.ch\/de\/wp-json\/wp\/v2\/product\/125177"}],"collection":[{"href":"https:\/\/z-bike.ch\/de\/wp-json\/wp\/v2\/product"}],"about":[{"href":"https:\/\/z-bike.ch\/de\/wp-json\/wp\/v2\/types\/product"}],"replies":[{"embeddable":true,"href":"https:\/\/z-bike.ch\/de\/wp-json\/wp\/v2\/comments?post=125177"}],"wp:featuredmedia":[{"embeddable":true,"href":"https:\/\/z-bike.ch\/de\/wp-json\/wp\/v2\/media\/124802"}],"wp:attachment":[{"href":"https:\/\/z-bike.ch\/de\/wp-json\/wp\/v2\/media?parent=125177"}],"wp:term":[{"taxonomy":"product_cat","embeddable":true,"href":"https:\/\/z-bike.ch\/de\/wp-json\/wp\/v2\/product_cat?post=125177"},{"taxonomy":"product_tag","embeddable":true,"href":"https:\/\/z-bike.ch\/de\/wp-json\/wp\/v2\/product_tag?post=125177"}],"curies":[{"name":"wp","href":"https:\/\/api.w.org\/{rel}","templated":true}]}}