{"id":125223,"date":"2024-12-06T10:50:39","date_gmt":"2024-12-06T09:50:39","guid":{"rendered":"https:\/\/z-bike.ch\/shop\/unkategorisiert\/riprock-20\/"},"modified":"2025-08-19T11:09:09","modified_gmt":"2025-08-19T09:09:09","slug":"riprock-20","status":"publish","type":"product","link":"https:\/\/z-bike.ch\/de\/shop\/muscolari-de\/riprock-20\/","title":{"rendered":"Riprock 20"},"content":{"rendered":"<section class=\"wpb-content-wrapper\"><p>[vc_row][vc_column][vc_column_text uncode_shortcode_id=&#8220;913016&#8243; css=&#8220;.vc_custom_1733477373298{padding-bottom: 36px !important;}&#8220;]<\/p>\n<p class=\"sc-6d8c0e1d-3 bXLFhn\">Die Abwesenheit von Angst bedeutet Freiheit. Ohne Furcht zu treten erfordert ein Fahrrad, das der Vorstellungskraft der Kinder gerecht wird. Die Riprock ist ein Mountainbike f\u00fcr Kinder mit allen Merkmalen von Erwachsenenr\u00e4dern, wie moderner Geometrie, Ground Control Reifen, hydraulischen Scheibenbremsen und internem Kabelf\u00fchrungssystem. Mit einer breiten Gangspannweite ist die Riprock das perfekte Mountainbike, um kleine Biker zu inspirieren, h\u00f6her zu klettern und mit vollem Vertrauen hinunterzufahren. Auch der Komfort ist entscheidend f\u00fcr dieses Vertrauen, und mit der Riprock wurde alles daf\u00fcr getan, eine korrekte Position, eine bequeme Handhabung und die richtigen Proportionen zu gew\u00e4hrleisten.    <\/p>\n<h2>SICHERHEIT<\/h2>\n<p class=\"sc-6d8c0e1d-3 bXLFhn\">Die Updates und speziell f\u00fcr Kinder entwickelten Merkmale vermitteln Vertrauen. Ein 130 mm Bridge-Sattel, ein engerer Q-Faktor und k\u00fcrzere Kurbeln sorgen f\u00fcr eine bessere Ausrichtung von H\u00fcfte, Knie und Kn\u00f6chel, wodurch das Verletzungsrisiko verringert und der Komfort f\u00fcr das Kind erh\u00f6ht wird. Schmale Griffe und eine aktualisierte Rahmengeometrie verbessern die Man\u00f6vrierbarkeit und ermutigen kleine Radfahrer, mehr zu fahren.  <\/p>\n<h2>ZUBEH\u00d6R<\/h2>\n<p class=\"sc-6d8c0e1d-3 bXLFhn\">Der 130 mm Bridge-Sattel, der reduzierte Q-Faktor (Abstand zwischen den Pedalen) und die k\u00fcrzeren Kurbeln verbessern die Ausrichtung von H\u00fcfte, Knie und Fu\u00df, wodurch das Risiko von Sportverletzungen verringert und die Tretleistung gesteigert wird. Griffe mit geeignetem Durchmesser und eine neue Rahmeng geometrie bieten eine verbesserte Man\u00f6vrierbarkeit und regen kleine Biker dazu an, \u00f6fter zu fahren. <\/p>\n<h2>RAHMEN<\/h2>\n<p class=\"sc-6d8c0e1d-3 bXLFhn\">Ein leichter Rahmen, eine erneuerte Geometrie und eine Schaltung mit breitem \u00dcbersetzungsbereich machen dieses Fahrrad perfekt, damit Kinder die Anstiege problemlos meistern k\u00f6nnen.<\/p>\n<p>[\/vc_column_text][\/vc_column][\/vc_row]<\/p>\n<\/section>","protected":false},"excerpt":{"rendered":"<p>[vc_row][vc_column][vc_column_text uncode_shortcode_id=&#8220;913016&#8243; css=&#8220;.vc_custom_1733477373298{padding-bottom: 36px !important;}&#8220;] Die Abwesenheit von Angst bedeutet Freiheit. Ohne Furcht zu treten erfordert ein Fahrrad, das der [&hellip;]<\/p>\n","protected":false},"featured_media":124826,"comment_status":"open","ping_status":"closed","template":"","meta":[],"product_cat":[429],"product_tag":[489],"yoast_head":"<!-- This site is optimized with the Yoast SEO plugin v23.6 - https:\/\/yoast.com\/wordpress\/plugins\/seo\/ -->\n<title>Riprock 20 - Z-Bike<\/title>\n<meta name=\"robots\" content=\"index, follow, max-snippet:-1, max-image-preview:large, max-video-preview:-1\" \/>\n<link rel=\"canonical\" href=\"https:\/\/z-bike.ch\/de\/shop\/muscolari-de\/riprock-20\/\" \/>\n<meta property=\"og:locale\" content=\"de_DE\" \/>\n<meta property=\"og:type\" content=\"article\" \/>\n<meta property=\"og:title\" content=\"Riprock 20 - Z-Bike\" \/>\n<meta property=\"og:description\" content=\"[vc_row][vc_column][vc_column_text uncode_shortcode_id=&#8220;913016&#8243; css=&#8220;.vc_custom_1733477373298{padding-bottom: 36px !important;}&#8220;] Die Abwesenheit von Angst bedeutet Freiheit. Ohne Furcht zu treten erfordert ein Fahrrad, das der [&hellip;]\" \/>\n<meta property=\"og:url\" content=\"https:\/\/z-bike.ch\/de\/shop\/muscolari-de\/riprock-20\/\" \/>\n<meta property=\"og:site_name\" content=\"Z-Bike\" \/>\n<meta property=\"article:publisher\" content=\"https:\/\/www.facebook.com\/zbikelugano\" \/>\n<meta property=\"article:modified_time\" content=\"2025-08-19T09:09:09+00:00\" \/>\n<meta property=\"og:image\" content=\"https:\/\/z-bike.ch\/wp-content\/uploads\/2024\/12\/94925-33_TARMAC-SL8-EXPERT-DPLAKEMET-GRNPRL_HERO-PDP-14-1-1.png\" \/>\n\t<meta property=\"og:image:width\" content=\"2000\" \/>\n\t<meta property=\"og:image:height\" content=\"1125\" \/>\n\t<meta property=\"og:image:type\" content=\"image\/png\" \/>\n<meta name=\"twitter:card\" content=\"summary_large_image\" \/>\n<meta name=\"twitter:label1\" content=\"Gesch\u00e4tzte Lesezeit\" \/>\n\t<meta name=\"twitter:data1\" content=\"1\u00a0Minute\" \/>\n<script type=\"application\/ld+json\" class=\"yoast-schema-graph\">{\"@context\":\"https:\/\/schema.org\",\"@graph\":[{\"@type\":\"WebPage\",\"@id\":\"https:\/\/z-bike.ch\/de\/shop\/muscolari-de\/riprock-20\/\",\"url\":\"https:\/\/z-bike.ch\/de\/shop\/muscolari-de\/riprock-20\/\",\"name\":\"Riprock 20 - Z-Bike\",\"isPartOf\":{\"@id\":\"https:\/\/z-bike.ch\/#website\"},\"primaryImageOfPage\":{\"@id\":\"https:\/\/z-bike.ch\/de\/shop\/muscolari-de\/riprock-20\/#primaryimage\"},\"image\":{\"@id\":\"https:\/\/z-bike.ch\/de\/shop\/muscolari-de\/riprock-20\/#primaryimage\"},\"thumbnailUrl\":\"https:\/\/z-bike.ch\/wp-content\/uploads\/2024\/12\/94925-33_TARMAC-SL8-EXPERT-DPLAKEMET-GRNPRL_HERO-PDP-14-1-1.png\",\"datePublished\":\"2024-12-06T09:50:39+00:00\",\"dateModified\":\"2025-08-19T09:09:09+00:00\",\"breadcrumb\":{\"@id\":\"https:\/\/z-bike.ch\/de\/shop\/muscolari-de\/riprock-20\/#breadcrumb\"},\"inLanguage\":\"de\",\"potentialAction\":[{\"@type\":\"ReadAction\",\"target\":[\"https:\/\/z-bike.ch\/de\/shop\/muscolari-de\/riprock-20\/\"]}]},{\"@type\":\"ImageObject\",\"inLanguage\":\"de\",\"@id\":\"https:\/\/z-bike.ch\/de\/shop\/muscolari-de\/riprock-20\/#primaryimage\",\"url\":\"https:\/\/z-bike.ch\/wp-content\/uploads\/2024\/12\/94925-33_TARMAC-SL8-EXPERT-DPLAKEMET-GRNPRL_HERO-PDP-14-1-1.png\",\"contentUrl\":\"https:\/\/z-bike.ch\/wp-content\/uploads\/2024\/12\/94925-33_TARMAC-SL8-EXPERT-DPLAKEMET-GRNPRL_HERO-PDP-14-1-1.png\",\"width\":2000,\"height\":1125},{\"@type\":\"BreadcrumbList\",\"@id\":\"https:\/\/z-bike.ch\/de\/shop\/muscolari-de\/riprock-20\/#breadcrumb\",\"itemListElement\":[{\"@type\":\"ListItem\",\"position\":1,\"name\":\"Home\",\"item\":\"https:\/\/z-bike.ch\/de\/\"},{\"@type\":\"ListItem\",\"position\":2,\"name\":\"Shop\",\"item\":\"https:\/\/z-bike.ch\/de\/shop-3\/\"},{\"@type\":\"ListItem\",\"position\":3,\"name\":\"Riprock 20\"}]},{\"@type\":\"WebSite\",\"@id\":\"https:\/\/z-bike.ch\/#website\",\"url\":\"https:\/\/z-bike.ch\/\",\"name\":\"Z-Bike\",\"description\":\"Bici Elettriche Online Svizzera: Miglior Prezzo | Consegna Rapida\",\"publisher\":{\"@id\":\"https:\/\/z-bike.ch\/#organization\"},\"alternateName\":\"ZBike\",\"potentialAction\":[{\"@type\":\"SearchAction\",\"target\":{\"@type\":\"EntryPoint\",\"urlTemplate\":\"https:\/\/z-bike.ch\/?s={search_term_string}\"},\"query-input\":{\"@type\":\"PropertyValueSpecification\",\"valueRequired\":true,\"valueName\":\"search_term_string\"}}],\"inLanguage\":\"de\"},{\"@type\":\"Organization\",\"@id\":\"https:\/\/z-bike.ch\/#organization\",\"name\":\"Z-Bike\",\"url\":\"https:\/\/z-bike.ch\/\",\"logo\":{\"@type\":\"ImageObject\",\"inLanguage\":\"de\",\"@id\":\"https:\/\/z-bike.ch\/#\/schema\/logo\/image\/\",\"url\":\"https:\/\/z-bike.ch\/wp-content\/uploads\/2023\/07\/logo_z-bike_ori.svg\",\"contentUrl\":\"https:\/\/z-bike.ch\/wp-content\/uploads\/2023\/07\/logo_z-bike_ori.svg\",\"width\":1,\"height\":1,\"caption\":\"Z-Bike\"},\"image\":{\"@id\":\"https:\/\/z-bike.ch\/#\/schema\/logo\/image\/\"},\"sameAs\":[\"https:\/\/www.facebook.com\/zbikelugano\",\"https:\/\/www.instagram.com\/zbike.ebike\"]}]}<\/script>\n<!-- \/ Yoast SEO plugin. -->","yoast_head_json":{"title":"Riprock 20 - Z-Bike","robots":{"index":"index","follow":"follow","max-snippet":"max-snippet:-1","max-image-preview":"max-image-preview:large","max-video-preview":"max-video-preview:-1"},"canonical":"https:\/\/z-bike.ch\/de\/shop\/muscolari-de\/riprock-20\/","og_locale":"de_DE","og_type":"article","og_title":"Riprock 20 - Z-Bike","og_description":"[vc_row][vc_column][vc_column_text uncode_shortcode_id=&#8220;913016&#8243; css=&#8220;.vc_custom_1733477373298{padding-bottom: 36px !important;}&#8220;] Die Abwesenheit von Angst bedeutet Freiheit. Ohne Furcht zu treten erfordert ein Fahrrad, das der [&hellip;]","og_url":"https:\/\/z-bike.ch\/de\/shop\/muscolari-de\/riprock-20\/","og_site_name":"Z-Bike","article_publisher":"https:\/\/www.facebook.com\/zbikelugano","article_modified_time":"2025-08-19T09:09:09+00:00","og_image":[{"width":2000,"height":1125,"url":"https:\/\/z-bike.ch\/wp-content\/uploads\/2024\/12\/94925-33_TARMAC-SL8-EXPERT-DPLAKEMET-GRNPRL_HERO-PDP-14-1-1.png","type":"image\/png"}],"twitter_card":"summary_large_image","twitter_misc":{"Gesch\u00e4tzte Lesezeit":"1\u00a0Minute"},"schema":{"@context":"https:\/\/schema.org","@graph":[{"@type":"WebPage","@id":"https:\/\/z-bike.ch\/de\/shop\/muscolari-de\/riprock-20\/","url":"https:\/\/z-bike.ch\/de\/shop\/muscolari-de\/riprock-20\/","name":"Riprock 20 - Z-Bike","isPartOf":{"@id":"https:\/\/z-bike.ch\/#website"},"primaryImageOfPage":{"@id":"https:\/\/z-bike.ch\/de\/shop\/muscolari-de\/riprock-20\/#primaryimage"},"image":{"@id":"https:\/\/z-bike.ch\/de\/shop\/muscolari-de\/riprock-20\/#primaryimage"},"thumbnailUrl":"https:\/\/z-bike.ch\/wp-content\/uploads\/2024\/12\/94925-33_TARMAC-SL8-EXPERT-DPLAKEMET-GRNPRL_HERO-PDP-14-1-1.png","datePublished":"2024-12-06T09:50:39+00:00","dateModified":"2025-08-19T09:09:09+00:00","breadcrumb":{"@id":"https:\/\/z-bike.ch\/de\/shop\/muscolari-de\/riprock-20\/#breadcrumb"},"inLanguage":"de","potentialAction":[{"@type":"ReadAction","target":["https:\/\/z-bike.ch\/de\/shop\/muscolari-de\/riprock-20\/"]}]},{"@type":"ImageObject","inLanguage":"de","@id":"https:\/\/z-bike.ch\/de\/shop\/muscolari-de\/riprock-20\/#primaryimage","url":"https:\/\/z-bike.ch\/wp-content\/uploads\/2024\/12\/94925-33_TARMAC-SL8-EXPERT-DPLAKEMET-GRNPRL_HERO-PDP-14-1-1.png","contentUrl":"https:\/\/z-bike.ch\/wp-content\/uploads\/2024\/12\/94925-33_TARMAC-SL8-EXPERT-DPLAKEMET-GRNPRL_HERO-PDP-14-1-1.png","width":2000,"height":1125},{"@type":"BreadcrumbList","@id":"https:\/\/z-bike.ch\/de\/shop\/muscolari-de\/riprock-20\/#breadcrumb","itemListElement":[{"@type":"ListItem","position":1,"name":"Home","item":"https:\/\/z-bike.ch\/de\/"},{"@type":"ListItem","position":2,"name":"Shop","item":"https:\/\/z-bike.ch\/de\/shop-3\/"},{"@type":"ListItem","position":3,"name":"Riprock 20"}]},{"@type":"WebSite","@id":"https:\/\/z-bike.ch\/#website","url":"https:\/\/z-bike.ch\/","name":"Z-Bike","description":"Bici Elettriche Online Svizzera: Miglior Prezzo | Consegna Rapida","publisher":{"@id":"https:\/\/z-bike.ch\/#organization"},"alternateName":"ZBike","potentialAction":[{"@type":"SearchAction","target":{"@type":"EntryPoint","urlTemplate":"https:\/\/z-bike.ch\/?s={search_term_string}"},"query-input":{"@type":"PropertyValueSpecification","valueRequired":true,"valueName":"search_term_string"}}],"inLanguage":"de"},{"@type":"Organization","@id":"https:\/\/z-bike.ch\/#organization","name":"Z-Bike","url":"https:\/\/z-bike.ch\/","logo":{"@type":"ImageObject","inLanguage":"de","@id":"https:\/\/z-bike.ch\/#\/schema\/logo\/image\/","url":"https:\/\/z-bike.ch\/wp-content\/uploads\/2023\/07\/logo_z-bike_ori.svg","contentUrl":"https:\/\/z-bike.ch\/wp-content\/uploads\/2023\/07\/logo_z-bike_ori.svg","width":1,"height":1,"caption":"Z-Bike"},"image":{"@id":"https:\/\/z-bike.ch\/#\/schema\/logo\/image\/"},"sameAs":["https:\/\/www.facebook.com\/zbikelugano","https:\/\/www.instagram.com\/zbike.ebike"]}]}},"_links":{"self":[{"href":"https:\/\/z-bike.ch\/de\/wp-json\/wp\/v2\/product\/125223"}],"collection":[{"href":"https:\/\/z-bike.ch\/de\/wp-json\/wp\/v2\/product"}],"about":[{"href":"https:\/\/z-bike.ch\/de\/wp-json\/wp\/v2\/types\/product"}],"replies":[{"embeddable":true,"href":"https:\/\/z-bike.ch\/de\/wp-json\/wp\/v2\/comments?post=125223"}],"wp:featuredmedia":[{"embeddable":true,"href":"https:\/\/z-bike.ch\/de\/wp-json\/wp\/v2\/media\/124826"}],"wp:attachment":[{"href":"https:\/\/z-bike.ch\/de\/wp-json\/wp\/v2\/media?parent=125223"}],"wp:term":[{"taxonomy":"product_cat","embeddable":true,"href":"https:\/\/z-bike.ch\/de\/wp-json\/wp\/v2\/product_cat?post=125223"},{"taxonomy":"product_tag","embeddable":true,"href":"https:\/\/z-bike.ch\/de\/wp-json\/wp\/v2\/product_tag?post=125223"}],"curies":[{"name":"wp","href":"https:\/\/api.w.org\/{rel}","templated":true}]}}