{"id":125357,"date":"2025-02-12T16:53:24","date_gmt":"2025-02-12T15:53:24","guid":{"rendered":"https:\/\/z-bike.ch\/shop\/unkategorisiert\/enduro-comp\/"},"modified":"2025-02-14T17:57:34","modified_gmt":"2025-02-14T16:57:34","slug":"enduro-comp","status":"publish","type":"product","link":"https:\/\/z-bike.ch\/de\/shop\/muscolari-de\/enduro-comp\/","title":{"rendered":"Enduro Comp"},"content":{"rendered":"<section class=\"wpb-content-wrapper\"><p>[vc_row][vc_column][vc_column_text uncode_shortcode_id=&#8220;117972&#8243; css=&#8220;.vc_custom_1739374919123{padding-bottom: 36px !important;}&#8220;]La Enduro Comp \u00e8 imbattibile in termini di qualit\u00e0\/prezzo. Il telaio in carbonio FACT 11m \u00e8 completato con tanti componenti ad alte prestazioni come i potenti freni a disco a quattro pistoni TRP Trail EVO, la trasmissione monocorona Shimano con un\u2019ampia gamma di rapporti e la forcella RockShox. Il forcellino UDH (Universal Derailleur Hanger) di SRAM \u00e8 compatibile con i deragliatori a montaggio diretto.<\/p>\n<h2>UNGLAUBLICH LEISTUNGSF\u00c4HIG<\/h2>\n<p>Enduro und Demo k\u00f6nnten ganz klar Geschwister sein \u2013 dies liegt offensichtlich daran, dass sie viel Downhill-DNA teilen. Eine weiter nach hinten gerichtete Raderhebungskurve reduziert die Geschwindigkeitseinbu\u00dfen bei gro\u00dfen Hindernissen. Ein tief liegender, nach vorn gerichteter D\u00e4mpfer sorgt daf\u00fcr, dass das Bike auch bei hohen Geschwindigkeiten satt liegt und ein sicheres Gef\u00fchl vermittelt. Auch die ausgewogene Steifigkeit des Rahmens hilft dabei, ein pr\u00e4zises Lenkverhalten und Spurstabilit\u00e4t zu generieren. Rechnet man all das zusammen, erh\u00e4ltst du ein Bike, das auch auf den steilsten und steinigsten Trails immer die Kontrolle beh\u00e4lt.<\/p>\n<h2>ERSTAUNLICH SCHNELL \u2013 BERGAUF WIE BERGAB<\/h2>\n<p>Wenn du in die Pedale trittst, beschleunigt das neue Enduro viel schneller, als man es von einem Downhill-Boliden erwarten w\u00fcrde. Warum das so ist? Erstens haben wir den Anti-Squat-Wert erh\u00f6ht, sodass das Fahrwerk Antriebseinfl\u00fcssen besser widersteht. Zweitens wurden der Winkel der Kettenstrebe und die Anlenkung am oberen Ende des D\u00e4mpfers neu ausgerichtet, um die Effizienz zu erh\u00f6hen. Das Endergebnis? Weniger Wippen, mehr Geschwindigkeit.<\/p>\n<h2>RICHTIG SCHNELL AUF DER RICHTIGEN GR\u00d6SSE<\/h2>\n<p>Nur dann, wenn du auf der zu dir passenden Gr\u00f6\u00dfe sitzt, kannst du Vertrauen aufbauen und richtig schnell werden. Der Unterschied zwischen den Sitzrohrl\u00e4ngen und dem Stack f\u00e4llt zwischen den verschiedenen Rahmengr\u00f6\u00dfen nicht gro\u00df aus, sodass du jede Rahmengr\u00f6\u00dfe w\u00e4hlen kannst, die sowohl deiner K\u00f6rpergr\u00f6\u00dfe als auch deinem Fahrstil entspricht. Die progressive Geometrie des Enduro sorgt nebenbei daf\u00fcr, dass das Bergab- wie Bergauffahren bestens funktioniert. Dar\u00fcber hinaus erh\u00e4ltst du mit dem flacheren Steuerrohrwinkel, gr\u00f6\u00dferen Reach und steileren Sitzrohrwinkel \u00fcber alle Gr\u00f6\u00dfen hinweg ein schnelleres und leistungsf\u00e4higeres Bike \u2013 unabh\u00e4ngig von der Gr\u00f6\u00dfe.<\/p>\n<h2>UNERBITTLICHER ALS DU<\/h2>\n<p>Unsere vollgefederten Bikes sind f\u00fcr unerbittliche Leistung gebaut, halten jahrelangen harten Belastungen stand und werden durch den besten Support und die besten Taktiken unterst\u00fctzt, damit du immer auf dem Trail bleibst. Unser unschlagbarer, lebenslanger und uneingeschr\u00e4nkter Ersatz der Fahrwerkslager f\u00fcr Erstbesitzer ist nur ein Beispiel daf\u00fcr, dass wir immer f\u00fcr dich da sind.[\/vc_column_text][\/vc_column][\/vc_row]<\/p>\n<\/section>","protected":false},"excerpt":{"rendered":"<p>[vc_row][vc_column][vc_column_text uncode_shortcode_id=&#8220;117972&#8243; css=&#8220;.vc_custom_1739374919123{padding-bottom: 36px !important;}&#8220;]La Enduro Comp \u00e8 imbattibile in termini di qualit\u00e0\/prezzo. Il telaio in carbonio FACT 11m \u00e8 [&hellip;]<\/p>\n","protected":false},"featured_media":125348,"comment_status":"open","ping_status":"closed","template":"","meta":[],"product_cat":[429],"product_tag":[450,489],"yoast_head":"<!-- This site is optimized with the Yoast SEO plugin v23.6 - https:\/\/yoast.com\/wordpress\/plugins\/seo\/ -->\n<title>Enduro Comp - Z-Bike<\/title>\n<meta name=\"robots\" content=\"index, follow, max-snippet:-1, max-image-preview:large, max-video-preview:-1\" \/>\n<link rel=\"canonical\" href=\"https:\/\/z-bike.ch\/de\/shop\/muscolari-de\/enduro-comp\/\" \/>\n<meta property=\"og:locale\" content=\"de_DE\" \/>\n<meta property=\"og:type\" content=\"article\" \/>\n<meta property=\"og:title\" content=\"Enduro Comp - Z-Bike\" \/>\n<meta property=\"og:description\" content=\"[vc_row][vc_column][vc_column_text uncode_shortcode_id=&#8220;117972&#8243; css=&#8220;.vc_custom_1739374919123{padding-bottom: 36px !important;}&#8220;]La Enduro Comp \u00e8 imbattibile in termini di qualit\u00e0\/prezzo. Il telaio in carbonio FACT 11m \u00e8 [&hellip;]\" \/>\n<meta property=\"og:url\" content=\"https:\/\/z-bike.ch\/de\/shop\/muscolari-de\/enduro-comp\/\" \/>\n<meta property=\"og:site_name\" content=\"Z-Bike\" \/>\n<meta property=\"article:publisher\" content=\"https:\/\/www.facebook.com\/zbikelugano\" \/>\n<meta property=\"article:modified_time\" content=\"2025-02-14T16:57:34+00:00\" \/>\n<meta property=\"og:image\" content=\"https:\/\/z-bike.ch\/wp-content\/uploads\/2025\/02\/10-90625-00_TARMAC-SL8-SW-ETAP-SLDMET-REDPRL-METWHTSIL_HERO-PDP-11.55.08.png\" \/>\n\t<meta property=\"og:image:width\" content=\"2812\" \/>\n\t<meta property=\"og:image:height\" content=\"1718\" \/>\n\t<meta property=\"og:image:type\" content=\"image\/png\" \/>\n<meta name=\"twitter:card\" content=\"summary_large_image\" \/>\n<meta name=\"twitter:label1\" content=\"Gesch\u00e4tzte Lesezeit\" \/>\n\t<meta name=\"twitter:data1\" content=\"2\u00a0Minuten\" \/>\n<script type=\"application\/ld+json\" class=\"yoast-schema-graph\">{\"@context\":\"https:\/\/schema.org\",\"@graph\":[{\"@type\":\"WebPage\",\"@id\":\"https:\/\/z-bike.ch\/de\/shop\/muscolari-de\/enduro-comp\/\",\"url\":\"https:\/\/z-bike.ch\/de\/shop\/muscolari-de\/enduro-comp\/\",\"name\":\"Enduro Comp - Z-Bike\",\"isPartOf\":{\"@id\":\"https:\/\/z-bike.ch\/#website\"},\"primaryImageOfPage\":{\"@id\":\"https:\/\/z-bike.ch\/de\/shop\/muscolari-de\/enduro-comp\/#primaryimage\"},\"image\":{\"@id\":\"https:\/\/z-bike.ch\/de\/shop\/muscolari-de\/enduro-comp\/#primaryimage\"},\"thumbnailUrl\":\"https:\/\/z-bike.ch\/wp-content\/uploads\/2025\/02\/10-90625-00_TARMAC-SL8-SW-ETAP-SLDMET-REDPRL-METWHTSIL_HERO-PDP-11.55.08.png\",\"datePublished\":\"2025-02-12T15:53:24+00:00\",\"dateModified\":\"2025-02-14T16:57:34+00:00\",\"breadcrumb\":{\"@id\":\"https:\/\/z-bike.ch\/de\/shop\/muscolari-de\/enduro-comp\/#breadcrumb\"},\"inLanguage\":\"de\",\"potentialAction\":[{\"@type\":\"ReadAction\",\"target\":[\"https:\/\/z-bike.ch\/de\/shop\/muscolari-de\/enduro-comp\/\"]}]},{\"@type\":\"ImageObject\",\"inLanguage\":\"de\",\"@id\":\"https:\/\/z-bike.ch\/de\/shop\/muscolari-de\/enduro-comp\/#primaryimage\",\"url\":\"https:\/\/z-bike.ch\/wp-content\/uploads\/2025\/02\/10-90625-00_TARMAC-SL8-SW-ETAP-SLDMET-REDPRL-METWHTSIL_HERO-PDP-11.55.08.png\",\"contentUrl\":\"https:\/\/z-bike.ch\/wp-content\/uploads\/2025\/02\/10-90625-00_TARMAC-SL8-SW-ETAP-SLDMET-REDPRL-METWHTSIL_HERO-PDP-11.55.08.png\",\"width\":2812,\"height\":1718},{\"@type\":\"BreadcrumbList\",\"@id\":\"https:\/\/z-bike.ch\/de\/shop\/muscolari-de\/enduro-comp\/#breadcrumb\",\"itemListElement\":[{\"@type\":\"ListItem\",\"position\":1,\"name\":\"Home\",\"item\":\"https:\/\/z-bike.ch\/de\/\"},{\"@type\":\"ListItem\",\"position\":2,\"name\":\"Shop\",\"item\":\"https:\/\/z-bike.ch\/de\/shop-3\/\"},{\"@type\":\"ListItem\",\"position\":3,\"name\":\"Enduro Comp\"}]},{\"@type\":\"WebSite\",\"@id\":\"https:\/\/z-bike.ch\/#website\",\"url\":\"https:\/\/z-bike.ch\/\",\"name\":\"Z-Bike\",\"description\":\"Bici Elettriche Online Svizzera: Miglior Prezzo | Consegna Rapida\",\"publisher\":{\"@id\":\"https:\/\/z-bike.ch\/#organization\"},\"alternateName\":\"ZBike\",\"potentialAction\":[{\"@type\":\"SearchAction\",\"target\":{\"@type\":\"EntryPoint\",\"urlTemplate\":\"https:\/\/z-bike.ch\/?s={search_term_string}\"},\"query-input\":{\"@type\":\"PropertyValueSpecification\",\"valueRequired\":true,\"valueName\":\"search_term_string\"}}],\"inLanguage\":\"de\"},{\"@type\":\"Organization\",\"@id\":\"https:\/\/z-bike.ch\/#organization\",\"name\":\"Z-Bike\",\"url\":\"https:\/\/z-bike.ch\/\",\"logo\":{\"@type\":\"ImageObject\",\"inLanguage\":\"de\",\"@id\":\"https:\/\/z-bike.ch\/#\/schema\/logo\/image\/\",\"url\":\"https:\/\/z-bike.ch\/wp-content\/uploads\/2023\/07\/logo_z-bike_ori.svg\",\"contentUrl\":\"https:\/\/z-bike.ch\/wp-content\/uploads\/2023\/07\/logo_z-bike_ori.svg\",\"width\":1,\"height\":1,\"caption\":\"Z-Bike\"},\"image\":{\"@id\":\"https:\/\/z-bike.ch\/#\/schema\/logo\/image\/\"},\"sameAs\":[\"https:\/\/www.facebook.com\/zbikelugano\",\"https:\/\/www.instagram.com\/zbike.ebike\"]}]}<\/script>\n<!-- \/ Yoast SEO plugin. -->","yoast_head_json":{"title":"Enduro Comp - Z-Bike","robots":{"index":"index","follow":"follow","max-snippet":"max-snippet:-1","max-image-preview":"max-image-preview:large","max-video-preview":"max-video-preview:-1"},"canonical":"https:\/\/z-bike.ch\/de\/shop\/muscolari-de\/enduro-comp\/","og_locale":"de_DE","og_type":"article","og_title":"Enduro Comp - Z-Bike","og_description":"[vc_row][vc_column][vc_column_text uncode_shortcode_id=&#8220;117972&#8243; css=&#8220;.vc_custom_1739374919123{padding-bottom: 36px !important;}&#8220;]La Enduro Comp \u00e8 imbattibile in termini di qualit\u00e0\/prezzo. Il telaio in carbonio FACT 11m \u00e8 [&hellip;]","og_url":"https:\/\/z-bike.ch\/de\/shop\/muscolari-de\/enduro-comp\/","og_site_name":"Z-Bike","article_publisher":"https:\/\/www.facebook.com\/zbikelugano","article_modified_time":"2025-02-14T16:57:34+00:00","og_image":[{"width":2812,"height":1718,"url":"https:\/\/z-bike.ch\/wp-content\/uploads\/2025\/02\/10-90625-00_TARMAC-SL8-SW-ETAP-SLDMET-REDPRL-METWHTSIL_HERO-PDP-11.55.08.png","type":"image\/png"}],"twitter_card":"summary_large_image","twitter_misc":{"Gesch\u00e4tzte Lesezeit":"2\u00a0Minuten"},"schema":{"@context":"https:\/\/schema.org","@graph":[{"@type":"WebPage","@id":"https:\/\/z-bike.ch\/de\/shop\/muscolari-de\/enduro-comp\/","url":"https:\/\/z-bike.ch\/de\/shop\/muscolari-de\/enduro-comp\/","name":"Enduro Comp - Z-Bike","isPartOf":{"@id":"https:\/\/z-bike.ch\/#website"},"primaryImageOfPage":{"@id":"https:\/\/z-bike.ch\/de\/shop\/muscolari-de\/enduro-comp\/#primaryimage"},"image":{"@id":"https:\/\/z-bike.ch\/de\/shop\/muscolari-de\/enduro-comp\/#primaryimage"},"thumbnailUrl":"https:\/\/z-bike.ch\/wp-content\/uploads\/2025\/02\/10-90625-00_TARMAC-SL8-SW-ETAP-SLDMET-REDPRL-METWHTSIL_HERO-PDP-11.55.08.png","datePublished":"2025-02-12T15:53:24+00:00","dateModified":"2025-02-14T16:57:34+00:00","breadcrumb":{"@id":"https:\/\/z-bike.ch\/de\/shop\/muscolari-de\/enduro-comp\/#breadcrumb"},"inLanguage":"de","potentialAction":[{"@type":"ReadAction","target":["https:\/\/z-bike.ch\/de\/shop\/muscolari-de\/enduro-comp\/"]}]},{"@type":"ImageObject","inLanguage":"de","@id":"https:\/\/z-bike.ch\/de\/shop\/muscolari-de\/enduro-comp\/#primaryimage","url":"https:\/\/z-bike.ch\/wp-content\/uploads\/2025\/02\/10-90625-00_TARMAC-SL8-SW-ETAP-SLDMET-REDPRL-METWHTSIL_HERO-PDP-11.55.08.png","contentUrl":"https:\/\/z-bike.ch\/wp-content\/uploads\/2025\/02\/10-90625-00_TARMAC-SL8-SW-ETAP-SLDMET-REDPRL-METWHTSIL_HERO-PDP-11.55.08.png","width":2812,"height":1718},{"@type":"BreadcrumbList","@id":"https:\/\/z-bike.ch\/de\/shop\/muscolari-de\/enduro-comp\/#breadcrumb","itemListElement":[{"@type":"ListItem","position":1,"name":"Home","item":"https:\/\/z-bike.ch\/de\/"},{"@type":"ListItem","position":2,"name":"Shop","item":"https:\/\/z-bike.ch\/de\/shop-3\/"},{"@type":"ListItem","position":3,"name":"Enduro Comp"}]},{"@type":"WebSite","@id":"https:\/\/z-bike.ch\/#website","url":"https:\/\/z-bike.ch\/","name":"Z-Bike","description":"Bici Elettriche Online Svizzera: Miglior Prezzo | Consegna Rapida","publisher":{"@id":"https:\/\/z-bike.ch\/#organization"},"alternateName":"ZBike","potentialAction":[{"@type":"SearchAction","target":{"@type":"EntryPoint","urlTemplate":"https:\/\/z-bike.ch\/?s={search_term_string}"},"query-input":{"@type":"PropertyValueSpecification","valueRequired":true,"valueName":"search_term_string"}}],"inLanguage":"de"},{"@type":"Organization","@id":"https:\/\/z-bike.ch\/#organization","name":"Z-Bike","url":"https:\/\/z-bike.ch\/","logo":{"@type":"ImageObject","inLanguage":"de","@id":"https:\/\/z-bike.ch\/#\/schema\/logo\/image\/","url":"https:\/\/z-bike.ch\/wp-content\/uploads\/2023\/07\/logo_z-bike_ori.svg","contentUrl":"https:\/\/z-bike.ch\/wp-content\/uploads\/2023\/07\/logo_z-bike_ori.svg","width":1,"height":1,"caption":"Z-Bike"},"image":{"@id":"https:\/\/z-bike.ch\/#\/schema\/logo\/image\/"},"sameAs":["https:\/\/www.facebook.com\/zbikelugano","https:\/\/www.instagram.com\/zbike.ebike"]}]}},"_links":{"self":[{"href":"https:\/\/z-bike.ch\/de\/wp-json\/wp\/v2\/product\/125357"}],"collection":[{"href":"https:\/\/z-bike.ch\/de\/wp-json\/wp\/v2\/product"}],"about":[{"href":"https:\/\/z-bike.ch\/de\/wp-json\/wp\/v2\/types\/product"}],"replies":[{"embeddable":true,"href":"https:\/\/z-bike.ch\/de\/wp-json\/wp\/v2\/comments?post=125357"}],"wp:featuredmedia":[{"embeddable":true,"href":"https:\/\/z-bike.ch\/de\/wp-json\/wp\/v2\/media\/125348"}],"wp:attachment":[{"href":"https:\/\/z-bike.ch\/de\/wp-json\/wp\/v2\/media?parent=125357"}],"wp:term":[{"taxonomy":"product_cat","embeddable":true,"href":"https:\/\/z-bike.ch\/de\/wp-json\/wp\/v2\/product_cat?post=125357"},{"taxonomy":"product_tag","embeddable":true,"href":"https:\/\/z-bike.ch\/de\/wp-json\/wp\/v2\/product_tag?post=125357"}],"curies":[{"name":"wp","href":"https:\/\/api.w.org\/{rel}","templated":true}]}}