{"id":125434,"date":"2025-02-13T11:26:04","date_gmt":"2025-02-13T10:26:04","guid":{"rendered":"https:\/\/z-bike.ch\/shop\/unkategorisiert\/tesoro-automatiq-low-step-thru\/"},"modified":"2025-02-14T17:58:14","modified_gmt":"2025-02-14T16:58:14","slug":"tesoro-automatiq-low-step-thru","status":"publish","type":"product","link":"https:\/\/z-bike.ch\/de\/shop\/e-bike-de\/tesoro-automatiq-low-step-thru\/","title":{"rendered":"Tesoro Automatiq Low Step-Thru"},"content":{"rendered":"<section class=\"wpb-content-wrapper\"><p>[vc_row][vc_column][vc_column_text uncode_shortcode_id=&#8220;212125&#8243; css=&#8220;.vc_custom_1739441358998{padding-bottom: 36px !important;}&#8220;]<\/p>\n<h2>Nur eine Radtour entfernt<\/h2>\n<p>In diesem potenten E-Urbanbike schl\u00e4gt das ungez\u00e4hmte und robuste Herz eines Entdeckers. Dank der riesigen Reichweite, den langlebigen Komponenten und griffigen Allterrain-Reifen bringt dich das Tesoro problemlos durch die Woche und l\u00e4sst dich am Wochenende dem Alltag entfliehen.<\/p>\n<h2>Modellbeschreibung<\/h2>\n<p>Mit dem Tesoro Automatiq ist das R\u00e4tselraten beim Radfahren vorbei. Mit dem CX-Motor von Bosch, der Sie vorw\u00e4rts bringt, und einem 800-Wh-Akku, der f\u00fcr eine gute Zeit sorgt, erledigt dieses E-Bike die ganze harte Arbeit, damit Sie es nicht tun m\u00fcssen. Der Enviolo Automatiq-Antrieb \u00fcbernimmt automatisch die Schaltvorg\u00e4nge &#8211; einfach in die Pedale treten und die Fahrt genie\u00dfen. Das Tesoro Automatiq mit seinem leichten Aluminiumrahmen und den hydraulischen 4-Kolben-Bremsen ist bereit, \u00fcberall dorthin zu fahren, wo Sie es hinhaben m\u00f6chten, und verf\u00fcgt \u00fcber mehr als genug Energie f\u00fcr den Hin- und R\u00fcckweg. Vergessen Sie das Schalten. Das ist Freiheit auf zwei R\u00e4dern.<\/p>\n<h2>Das, wof\u00fcr es gemacht ist<\/h2>\n<p>Trekking-Abenteuer, holprige Pendelstrecken und wilde Erkundungstouren<\/p>\n<h2>St\u00e4rken<\/h2>\n<p>Ein robuster und agiler <strong>Rahmen <\/strong>mit tiefem Durchstieg aus SmartForm C1 Aluminium mit integriertem Gep\u00e4cktr\u00e4ger, Schutzblechen und Frontgep\u00e4cktr\u00e4ger<br \/>\nBoschs leistungsst\u00e4rkste <strong>Smart System <\/strong>Antriebseinheit mit dem 2025er Performance Line CX Motor, Kiox 300 Display und einem 800 Wh gro\u00dfen PowerTube-Akku f\u00fcr bis zu 185 km Reichweite<br \/>\n<strong>Enviolo AUTOMATiQ <\/strong>stufenlose Nabenschaltung mit vollautomischen, geschmeidigen Gangwechseln und einem Gates CDX Riemenantrieb.<br \/>\nRackLock<strong> Heckgep\u00e4cktr\u00e4ger<\/strong> mit praktischem, integriertem und besonders gro\u00dfem B\u00fcgelschloss<br \/>\nKomfortsteigernde Parallelogramm-<strong>Sattelst\u00fctze<\/strong><br \/>\nMit RackTime 2.0 kompatiblem <strong>Frontgep\u00e4cktr\u00e4ger<\/strong>[\/vc_column_text][vc_single_image media=&#8220;125417&#8243; media_width_percent=&#8220;70&#8243; alignment=&#8220;center&#8220; uncode_shortcode_id=&#8220;571337&#8243;][\/vc_column][\/vc_row]<\/p>\n<\/section>","protected":false},"excerpt":{"rendered":"<p>[vc_row][vc_column][vc_column_text uncode_shortcode_id=&#8220;212125&#8243; css=&#8220;.vc_custom_1739441358998{padding-bottom: 36px !important;}&#8220;] Nur eine Radtour entfernt In diesem potenten E-Urbanbike schl\u00e4gt das ungez\u00e4hmte und robuste Herz eines [&hellip;]<\/p>\n","protected":false},"featured_media":125421,"comment_status":"open","ping_status":"closed","template":"","meta":[],"product_cat":[283],"product_tag":[450,489],"yoast_head":"<!-- This site is optimized with the Yoast SEO plugin v23.6 - https:\/\/yoast.com\/wordpress\/plugins\/seo\/ -->\n<title>Tesoro Automatiq Low Step-Thru - Z-Bike<\/title>\n<meta name=\"robots\" content=\"index, follow, max-snippet:-1, max-image-preview:large, max-video-preview:-1\" \/>\n<link rel=\"canonical\" href=\"https:\/\/z-bike.ch\/de\/shop\/e-bike-de\/tesoro-automatiq-low-step-thru\/\" \/>\n<meta property=\"og:locale\" content=\"de_DE\" \/>\n<meta property=\"og:type\" content=\"article\" \/>\n<meta property=\"og:title\" content=\"Tesoro Automatiq Low Step-Thru - Z-Bike\" \/>\n<meta property=\"og:description\" content=\"[vc_row][vc_column][vc_column_text uncode_shortcode_id=&#8220;212125&#8243; css=&#8220;.vc_custom_1739441358998{padding-bottom: 36px !important;}&#8220;] Nur eine Radtour entfernt In diesem potenten E-Urbanbike schl\u00e4gt das ungez\u00e4hmte und robuste Herz eines [&hellip;]\" \/>\n<meta property=\"og:url\" content=\"https:\/\/z-bike.ch\/de\/shop\/e-bike-de\/tesoro-automatiq-low-step-thru\/\" \/>\n<meta property=\"og:site_name\" content=\"Z-Bike\" \/>\n<meta property=\"article:publisher\" content=\"https:\/\/www.facebook.com\/zbikelugano\" \/>\n<meta property=\"article:modified_time\" content=\"2025-02-14T16:58:14+00:00\" \/>\n<meta property=\"og:image\" content=\"https:\/\/z-bike.ch\/wp-content\/uploads\/2025\/02\/2-C25_C66165U_Tesoro_Neo_X_Automatiq_EU_SGN_PD.png\" \/>\n\t<meta property=\"og:image:width\" content=\"1700\" \/>\n\t<meta property=\"og:image:height\" content=\"1072\" \/>\n\t<meta property=\"og:image:type\" content=\"image\/png\" \/>\n<meta name=\"twitter:card\" content=\"summary_large_image\" \/>\n<meta name=\"twitter:label1\" content=\"Gesch\u00e4tzte Lesezeit\" \/>\n\t<meta name=\"twitter:data1\" content=\"1\u00a0Minute\" \/>\n<script type=\"application\/ld+json\" class=\"yoast-schema-graph\">{\"@context\":\"https:\/\/schema.org\",\"@graph\":[{\"@type\":\"WebPage\",\"@id\":\"https:\/\/z-bike.ch\/de\/shop\/e-bike-de\/tesoro-automatiq-low-step-thru\/\",\"url\":\"https:\/\/z-bike.ch\/de\/shop\/e-bike-de\/tesoro-automatiq-low-step-thru\/\",\"name\":\"Tesoro Automatiq Low Step-Thru - Z-Bike\",\"isPartOf\":{\"@id\":\"https:\/\/z-bike.ch\/#website\"},\"primaryImageOfPage\":{\"@id\":\"https:\/\/z-bike.ch\/de\/shop\/e-bike-de\/tesoro-automatiq-low-step-thru\/#primaryimage\"},\"image\":{\"@id\":\"https:\/\/z-bike.ch\/de\/shop\/e-bike-de\/tesoro-automatiq-low-step-thru\/#primaryimage\"},\"thumbnailUrl\":\"https:\/\/z-bike.ch\/wp-content\/uploads\/2025\/02\/2-C25_C66165U_Tesoro_Neo_X_Automatiq_EU_SGN_PD.png\",\"datePublished\":\"2025-02-13T10:26:04+00:00\",\"dateModified\":\"2025-02-14T16:58:14+00:00\",\"breadcrumb\":{\"@id\":\"https:\/\/z-bike.ch\/de\/shop\/e-bike-de\/tesoro-automatiq-low-step-thru\/#breadcrumb\"},\"inLanguage\":\"de\",\"potentialAction\":[{\"@type\":\"ReadAction\",\"target\":[\"https:\/\/z-bike.ch\/de\/shop\/e-bike-de\/tesoro-automatiq-low-step-thru\/\"]}]},{\"@type\":\"ImageObject\",\"inLanguage\":\"de\",\"@id\":\"https:\/\/z-bike.ch\/de\/shop\/e-bike-de\/tesoro-automatiq-low-step-thru\/#primaryimage\",\"url\":\"https:\/\/z-bike.ch\/wp-content\/uploads\/2025\/02\/2-C25_C66165U_Tesoro_Neo_X_Automatiq_EU_SGN_PD.png\",\"contentUrl\":\"https:\/\/z-bike.ch\/wp-content\/uploads\/2025\/02\/2-C25_C66165U_Tesoro_Neo_X_Automatiq_EU_SGN_PD.png\",\"width\":1700,\"height\":1072},{\"@type\":\"BreadcrumbList\",\"@id\":\"https:\/\/z-bike.ch\/de\/shop\/e-bike-de\/tesoro-automatiq-low-step-thru\/#breadcrumb\",\"itemListElement\":[{\"@type\":\"ListItem\",\"position\":1,\"name\":\"Home\",\"item\":\"https:\/\/z-bike.ch\/de\/\"},{\"@type\":\"ListItem\",\"position\":2,\"name\":\"Shop\",\"item\":\"https:\/\/z-bike.ch\/de\/shop-3\/\"},{\"@type\":\"ListItem\",\"position\":3,\"name\":\"Tesoro Automatiq Low Step-Thru\"}]},{\"@type\":\"WebSite\",\"@id\":\"https:\/\/z-bike.ch\/#website\",\"url\":\"https:\/\/z-bike.ch\/\",\"name\":\"Z-Bike\",\"description\":\"Bici Elettriche Online Svizzera: Miglior Prezzo | Consegna Rapida\",\"publisher\":{\"@id\":\"https:\/\/z-bike.ch\/#organization\"},\"alternateName\":\"ZBike\",\"potentialAction\":[{\"@type\":\"SearchAction\",\"target\":{\"@type\":\"EntryPoint\",\"urlTemplate\":\"https:\/\/z-bike.ch\/?s={search_term_string}\"},\"query-input\":{\"@type\":\"PropertyValueSpecification\",\"valueRequired\":true,\"valueName\":\"search_term_string\"}}],\"inLanguage\":\"de\"},{\"@type\":\"Organization\",\"@id\":\"https:\/\/z-bike.ch\/#organization\",\"name\":\"Z-Bike\",\"url\":\"https:\/\/z-bike.ch\/\",\"logo\":{\"@type\":\"ImageObject\",\"inLanguage\":\"de\",\"@id\":\"https:\/\/z-bike.ch\/#\/schema\/logo\/image\/\",\"url\":\"https:\/\/z-bike.ch\/wp-content\/uploads\/2023\/07\/logo_z-bike_ori.svg\",\"contentUrl\":\"https:\/\/z-bike.ch\/wp-content\/uploads\/2023\/07\/logo_z-bike_ori.svg\",\"width\":1,\"height\":1,\"caption\":\"Z-Bike\"},\"image\":{\"@id\":\"https:\/\/z-bike.ch\/#\/schema\/logo\/image\/\"},\"sameAs\":[\"https:\/\/www.facebook.com\/zbikelugano\",\"https:\/\/www.instagram.com\/zbike.ebike\"]}]}<\/script>\n<!-- \/ Yoast SEO plugin. -->","yoast_head_json":{"title":"Tesoro Automatiq Low Step-Thru - Z-Bike","robots":{"index":"index","follow":"follow","max-snippet":"max-snippet:-1","max-image-preview":"max-image-preview:large","max-video-preview":"max-video-preview:-1"},"canonical":"https:\/\/z-bike.ch\/de\/shop\/e-bike-de\/tesoro-automatiq-low-step-thru\/","og_locale":"de_DE","og_type":"article","og_title":"Tesoro Automatiq Low Step-Thru - Z-Bike","og_description":"[vc_row][vc_column][vc_column_text uncode_shortcode_id=&#8220;212125&#8243; css=&#8220;.vc_custom_1739441358998{padding-bottom: 36px !important;}&#8220;] Nur eine Radtour entfernt In diesem potenten E-Urbanbike schl\u00e4gt das ungez\u00e4hmte und robuste Herz eines [&hellip;]","og_url":"https:\/\/z-bike.ch\/de\/shop\/e-bike-de\/tesoro-automatiq-low-step-thru\/","og_site_name":"Z-Bike","article_publisher":"https:\/\/www.facebook.com\/zbikelugano","article_modified_time":"2025-02-14T16:58:14+00:00","og_image":[{"width":1700,"height":1072,"url":"https:\/\/z-bike.ch\/wp-content\/uploads\/2025\/02\/2-C25_C66165U_Tesoro_Neo_X_Automatiq_EU_SGN_PD.png","type":"image\/png"}],"twitter_card":"summary_large_image","twitter_misc":{"Gesch\u00e4tzte Lesezeit":"1\u00a0Minute"},"schema":{"@context":"https:\/\/schema.org","@graph":[{"@type":"WebPage","@id":"https:\/\/z-bike.ch\/de\/shop\/e-bike-de\/tesoro-automatiq-low-step-thru\/","url":"https:\/\/z-bike.ch\/de\/shop\/e-bike-de\/tesoro-automatiq-low-step-thru\/","name":"Tesoro Automatiq Low Step-Thru - Z-Bike","isPartOf":{"@id":"https:\/\/z-bike.ch\/#website"},"primaryImageOfPage":{"@id":"https:\/\/z-bike.ch\/de\/shop\/e-bike-de\/tesoro-automatiq-low-step-thru\/#primaryimage"},"image":{"@id":"https:\/\/z-bike.ch\/de\/shop\/e-bike-de\/tesoro-automatiq-low-step-thru\/#primaryimage"},"thumbnailUrl":"https:\/\/z-bike.ch\/wp-content\/uploads\/2025\/02\/2-C25_C66165U_Tesoro_Neo_X_Automatiq_EU_SGN_PD.png","datePublished":"2025-02-13T10:26:04+00:00","dateModified":"2025-02-14T16:58:14+00:00","breadcrumb":{"@id":"https:\/\/z-bike.ch\/de\/shop\/e-bike-de\/tesoro-automatiq-low-step-thru\/#breadcrumb"},"inLanguage":"de","potentialAction":[{"@type":"ReadAction","target":["https:\/\/z-bike.ch\/de\/shop\/e-bike-de\/tesoro-automatiq-low-step-thru\/"]}]},{"@type":"ImageObject","inLanguage":"de","@id":"https:\/\/z-bike.ch\/de\/shop\/e-bike-de\/tesoro-automatiq-low-step-thru\/#primaryimage","url":"https:\/\/z-bike.ch\/wp-content\/uploads\/2025\/02\/2-C25_C66165U_Tesoro_Neo_X_Automatiq_EU_SGN_PD.png","contentUrl":"https:\/\/z-bike.ch\/wp-content\/uploads\/2025\/02\/2-C25_C66165U_Tesoro_Neo_X_Automatiq_EU_SGN_PD.png","width":1700,"height":1072},{"@type":"BreadcrumbList","@id":"https:\/\/z-bike.ch\/de\/shop\/e-bike-de\/tesoro-automatiq-low-step-thru\/#breadcrumb","itemListElement":[{"@type":"ListItem","position":1,"name":"Home","item":"https:\/\/z-bike.ch\/de\/"},{"@type":"ListItem","position":2,"name":"Shop","item":"https:\/\/z-bike.ch\/de\/shop-3\/"},{"@type":"ListItem","position":3,"name":"Tesoro Automatiq Low Step-Thru"}]},{"@type":"WebSite","@id":"https:\/\/z-bike.ch\/#website","url":"https:\/\/z-bike.ch\/","name":"Z-Bike","description":"Bici Elettriche Online Svizzera: Miglior Prezzo | Consegna Rapida","publisher":{"@id":"https:\/\/z-bike.ch\/#organization"},"alternateName":"ZBike","potentialAction":[{"@type":"SearchAction","target":{"@type":"EntryPoint","urlTemplate":"https:\/\/z-bike.ch\/?s={search_term_string}"},"query-input":{"@type":"PropertyValueSpecification","valueRequired":true,"valueName":"search_term_string"}}],"inLanguage":"de"},{"@type":"Organization","@id":"https:\/\/z-bike.ch\/#organization","name":"Z-Bike","url":"https:\/\/z-bike.ch\/","logo":{"@type":"ImageObject","inLanguage":"de","@id":"https:\/\/z-bike.ch\/#\/schema\/logo\/image\/","url":"https:\/\/z-bike.ch\/wp-content\/uploads\/2023\/07\/logo_z-bike_ori.svg","contentUrl":"https:\/\/z-bike.ch\/wp-content\/uploads\/2023\/07\/logo_z-bike_ori.svg","width":1,"height":1,"caption":"Z-Bike"},"image":{"@id":"https:\/\/z-bike.ch\/#\/schema\/logo\/image\/"},"sameAs":["https:\/\/www.facebook.com\/zbikelugano","https:\/\/www.instagram.com\/zbike.ebike"]}]}},"_links":{"self":[{"href":"https:\/\/z-bike.ch\/de\/wp-json\/wp\/v2\/product\/125434"}],"collection":[{"href":"https:\/\/z-bike.ch\/de\/wp-json\/wp\/v2\/product"}],"about":[{"href":"https:\/\/z-bike.ch\/de\/wp-json\/wp\/v2\/types\/product"}],"replies":[{"embeddable":true,"href":"https:\/\/z-bike.ch\/de\/wp-json\/wp\/v2\/comments?post=125434"}],"wp:featuredmedia":[{"embeddable":true,"href":"https:\/\/z-bike.ch\/de\/wp-json\/wp\/v2\/media\/125421"}],"wp:attachment":[{"href":"https:\/\/z-bike.ch\/de\/wp-json\/wp\/v2\/media?parent=125434"}],"wp:term":[{"taxonomy":"product_cat","embeddable":true,"href":"https:\/\/z-bike.ch\/de\/wp-json\/wp\/v2\/product_cat?post=125434"},{"taxonomy":"product_tag","embeddable":true,"href":"https:\/\/z-bike.ch\/de\/wp-json\/wp\/v2\/product_tag?post=125434"}],"curies":[{"name":"wp","href":"https:\/\/api.w.org\/{rel}","templated":true}]}}