{"id":125500,"date":"2025-02-12T12:35:20","date_gmt":"2025-02-12T11:35:20","guid":{"rendered":"https:\/\/z-bike.ch\/shop\/unkategorisiert\/stumpjumper-15-expert\/"},"modified":"2025-02-14T17:56:26","modified_gmt":"2025-02-14T16:56:26","slug":"stumpjumper-15-expert","status":"publish","type":"product","link":"https:\/\/z-bike.ch\/de\/shop\/muscolari-de\/stumpjumper-15-expert\/","title":{"rendered":"Stumpjumper 15 Expert"},"content":{"rendered":"<section class=\"wpb-content-wrapper\"><p>[vc_row][vc_column][vc_column_text uncode_shortcode_id=&#8220;180992&#8243; css=&#8220;.vc_custom_1739360189262{padding-bottom: 36px !important;}&#8220;]Der Stumpjumper 15 mit GENIE bietet mir die Vorteile eines Bikes mit gro\u00dfz\u00fcgigem Federweg und zugleich die Vorteile eines Bikes mit geringerem Federweg \u2013 alles in einem. &#8211; Allan Cooke.<br \/>\nDas Stumpjumper 15 Expert ist hier und bereit, jeden Kompromiss im Trailgame auszul\u00f6schen. Gro\u00dfe Hindernisse verschlingen wie ein Bike mit gro\u00dfz\u00fcgigem Federweg? Erledigt. Kontrolle, Verspieltheit und Effizienz wie ein XC-Bike? Erledigt. Umfassende Anpassungsm\u00f6glichkeiten, um es perfekt f\u00fcr den einzigen Biker zu machen, der wirklich z\u00e4hlt: dich? Erledigt, erledigt, erledigt.<\/p>\n<h2>NOCH KOMPETENTER<\/h2>\n<p>Unsere neue GENIE D\u00e4mpfertechnologie vereint ein spiel- und sprungfreudiges Fahrgef\u00fchl mit den Downhill-Kapazit\u00e4ten von Endurobikes.<\/p>\n<h2>NOCH KONTROLLIERBARER<\/h2>\n<p>Das Stumpjumper 15 besitzt bessere Traktionseigenschaften als unser \u201eBike of the Year\u201c Stumpjumper EVO.<\/p>\n<h2>ENDLOS KONFIGURIERBAR<\/h2>\n<p>Sechs unterschiedliche Geometrie-Einstellungen, Mullet oder Full 29er, ver\u00e4nderbare Federkurve und vieles mehr.<\/p>\n<h2>GENIE L\u00c4SST KEINE W\u00dcNSCHE OFFEN<\/h2>\n<p>Unser neuester Streich in Sachen Innovation ist GENIE. Diese von uns entwickelte, zum Patent angemeldete Luftfedertechnologie erf\u00fcllt die drei W\u00fcnsche jedes Bikers: das Gef\u00fchl und die Kontrolle einer Stahlfeder, eine bessere Durchschlagsresistenz im Vergleich zu einer Standard-Luftfeder und eine einstellbare Plattform f\u00fcr ein verspieltes Fahrgef\u00fchl.<br \/>\nDER &#8222;GENIE\u201c: GENIE kombiniert die lineare Steifigkeit einer Stahlfeder, die die Kontrolle in der &#8222;Schlagzone\u201c verbessert, mit der progressiven Federkennlinie einer Luftfeder am Ende des Federwegs, um Durchschl\u00e4ge zu verhindern. Wirklich, es ist das Beste aus beiden Welten \u2013 Coil und Luft \u2013 mit zus\u00e4tzlichen Einstellm\u00f6glichkeiten. Verabschiede dich von Kompromissen und begr\u00fc\u00dfe die Zukunft der Federung.<\/p>\n<h2>BESSERES STOSSKRAFTMANAGEMENT<\/h2>\n<p>Mit einer um 16,3 % besseren Schlagkraftbew\u00e4ltigung im Vergleich zu einem herk\u00f6mmlichen Luftfederd\u00e4mpfer sorgt GENIE daf\u00fcr, dass sich der Stumpy 15 wie ein Bike mit gr\u00f6\u00dferem Federweg anf\u00fchlt. Zum Beispiel nutzen sowohl der Stumpjumper 15 (mit 145 mm Hinterradfederweg) als auch unser Enduro (mit 170 mm Federweg) jeweils 101 mm Hub, um eine Sto\u00dfkraft von 1080 N zu absorbieren.<\/p>\n<h2>MEHR TRAKTION<\/h2>\n<p>Ausf\u00fchrliche Tests im Labor und auf den Trails haben au\u00dferdem gezeigt, dass das Stumpjumper 15 mit GENIE gegen\u00fcber einem herk\u00f6mmlichen luftgefederten D\u00e4mpfer 57% bessere Traktionseigenschaften besitzt. Unsere neue GENIE Technologie bietet dir die geschmeidige Performance einer Stahlfeder, die im Durchschnitt f\u00fcr mehr Bodenkontakt deines Hinterrads sorgt als ein normaler luftgefederter D\u00e4mpfer. Deine Kr\u00e4fte werden besser \u00fcbertragen und du erh\u00e4ltst dadurch einfach mehr Kontrolle.<\/p>\n<h2>WENIGER BOTTOM-OUTS<\/h2>\n<p>39 % weniger Durchschlagereignisse im Vergleich zu einer Standard-Luftfeder. Bei starken Schl\u00e4gen profitierst du von der progressiven Kennlinie im letzten 30 % des GENIE-Federwegs. Dank des zweiphasigen Verhaltens reduziert GENIE die H\u00e4ufigkeit und die Schwere von Durchschl\u00e4gen.<\/p>\n<h2>PROGRESSIVE TRAILGEOMETRIE<\/h2>\n<p>Die Geometrie dieses Bikes bietet beeindruckende F\u00e4higkeiten, wenn es darauf ankommt, Agilit\u00e4t in engen Passagen und Effizienz beim Klettern. Das ger\u00e4umige Cockpit positioniert dich zentral auf dem Bike und optimiert so Traktion und Kontrolle in den Kurven. Das tiefe Tretlager, der flache Lenkwinkel und der optimierte Gabel-Offset sorgen f\u00fcr Stabilit\u00e4t, selbst auf technischem Terrain.<\/p>\n<h2>DEIN WEG<\/h2>\n<p>Der Stumpjumper 15 integriert die Geometrieverstellung nahtlos und macht ihn zur anpassbarsten Trailbike aller Zeiten. Sechs verschiedene Geometrieeinstellungen erm\u00f6glichen es dir, die Performance an jeden Fahrstil und jedes Terrain anzupassen. Der Lenkwinkel und die Tretlagerh\u00f6he k\u00f6nnen pr\u00e4zise angepasst werden, um entweder mehr Stabilit\u00e4t oder Bodenfreiheit zu gew\u00e4hrleisten.<\/p>\n<h2>MULLET ODER FULL 29ER:<\/h2>\n<p>Mit unseren Aftermarket-Links kannst du w\u00e4hlen: entweder gro\u00dfe Laufr\u00e4der vorne und hinten oder ein 27,5-Zoll-Hinterrad f\u00fcr ein agileres, verspielteres Fahrverhalten. Egal, wof\u00fcr du dich entscheidest \u2013 die Geometrie bleibt unver\u00e4ndert.<\/p>\n<h2>SWAT BOX<\/h2>\n<p>Das SWAT 4.0-Fach am Stumpjumper 15 vergr\u00f6\u00dfert den Stauraum im Unterrohr.[\/vc_column_text][vc_single_image media=&#8220;125230&#8243; media_width_percent=&#8220;100&#8243; uncode_shortcode_id=&#8220;174751&#8243;][\/vc_column][\/vc_row]<\/p>\n<\/section>","protected":false},"excerpt":{"rendered":"<p>[vc_row][vc_column][vc_column_text uncode_shortcode_id=&#8220;180992&#8243; css=&#8220;.vc_custom_1739360189262{padding-bottom: 36px !important;}&#8220;]Der Stumpjumper 15 mit GENIE bietet mir die Vorteile eines Bikes mit gro\u00dfz\u00fcgigem Federweg und zugleich [&hellip;]<\/p>\n","protected":false},"featured_media":125273,"comment_status":"open","ping_status":"closed","template":"","meta":[],"product_cat":[429],"product_tag":[450,489],"yoast_head":"<!-- This site is optimized with the Yoast SEO plugin v23.6 - https:\/\/yoast.com\/wordpress\/plugins\/seo\/ -->\n<title>Stumpjumper 15 Expert - Z-Bike<\/title>\n<meta name=\"robots\" content=\"index, follow, max-snippet:-1, max-image-preview:large, max-video-preview:-1\" \/>\n<link rel=\"canonical\" href=\"https:\/\/z-bike.ch\/de\/shop\/muscolari-de\/stumpjumper-15-expert\/\" \/>\n<meta property=\"og:locale\" content=\"de_DE\" \/>\n<meta property=\"og:type\" content=\"article\" \/>\n<meta property=\"og:title\" content=\"Stumpjumper 15 Expert - Z-Bike\" \/>\n<meta property=\"og:description\" content=\"[vc_row][vc_column][vc_column_text uncode_shortcode_id=&#8220;180992&#8243; css=&#8220;.vc_custom_1739360189262{padding-bottom: 36px !important;}&#8220;]Der Stumpjumper 15 mit GENIE bietet mir die Vorteile eines Bikes mit gro\u00dfz\u00fcgigem Federweg und zugleich [&hellip;]\" \/>\n<meta property=\"og:url\" content=\"https:\/\/z-bike.ch\/de\/shop\/muscolari-de\/stumpjumper-15-expert\/\" \/>\n<meta property=\"og:site_name\" content=\"Z-Bike\" \/>\n<meta property=\"article:publisher\" content=\"https:\/\/www.facebook.com\/zbikelugano\" \/>\n<meta property=\"article:modified_time\" content=\"2025-02-14T16:56:26+00:00\" \/>\n<meta property=\"og:image\" content=\"https:\/\/z-bike.ch\/wp-content\/uploads\/2025\/02\/4-90625-00_TARMAC-SL8-SW-ETAP-SLDMET-REDPRL-METWHTSIL_HERO-PDP-11.55.08.png\" \/>\n\t<meta property=\"og:image:width\" content=\"2812\" \/>\n\t<meta property=\"og:image:height\" content=\"1718\" \/>\n\t<meta property=\"og:image:type\" content=\"image\/png\" \/>\n<meta name=\"twitter:card\" content=\"summary_large_image\" \/>\n<meta name=\"twitter:label1\" content=\"Gesch\u00e4tzte Lesezeit\" \/>\n\t<meta name=\"twitter:data1\" content=\"3\u00a0Minuten\" \/>\n<script type=\"application\/ld+json\" class=\"yoast-schema-graph\">{\"@context\":\"https:\/\/schema.org\",\"@graph\":[{\"@type\":\"WebPage\",\"@id\":\"https:\/\/z-bike.ch\/de\/shop\/muscolari-de\/stumpjumper-15-expert\/\",\"url\":\"https:\/\/z-bike.ch\/de\/shop\/muscolari-de\/stumpjumper-15-expert\/\",\"name\":\"Stumpjumper 15 Expert - Z-Bike\",\"isPartOf\":{\"@id\":\"https:\/\/z-bike.ch\/#website\"},\"primaryImageOfPage\":{\"@id\":\"https:\/\/z-bike.ch\/de\/shop\/muscolari-de\/stumpjumper-15-expert\/#primaryimage\"},\"image\":{\"@id\":\"https:\/\/z-bike.ch\/de\/shop\/muscolari-de\/stumpjumper-15-expert\/#primaryimage\"},\"thumbnailUrl\":\"https:\/\/z-bike.ch\/wp-content\/uploads\/2025\/02\/4-90625-00_TARMAC-SL8-SW-ETAP-SLDMET-REDPRL-METWHTSIL_HERO-PDP-11.55.08.png\",\"datePublished\":\"2025-02-12T11:35:20+00:00\",\"dateModified\":\"2025-02-14T16:56:26+00:00\",\"breadcrumb\":{\"@id\":\"https:\/\/z-bike.ch\/de\/shop\/muscolari-de\/stumpjumper-15-expert\/#breadcrumb\"},\"inLanguage\":\"de\",\"potentialAction\":[{\"@type\":\"ReadAction\",\"target\":[\"https:\/\/z-bike.ch\/de\/shop\/muscolari-de\/stumpjumper-15-expert\/\"]}]},{\"@type\":\"ImageObject\",\"inLanguage\":\"de\",\"@id\":\"https:\/\/z-bike.ch\/de\/shop\/muscolari-de\/stumpjumper-15-expert\/#primaryimage\",\"url\":\"https:\/\/z-bike.ch\/wp-content\/uploads\/2025\/02\/4-90625-00_TARMAC-SL8-SW-ETAP-SLDMET-REDPRL-METWHTSIL_HERO-PDP-11.55.08.png\",\"contentUrl\":\"https:\/\/z-bike.ch\/wp-content\/uploads\/2025\/02\/4-90625-00_TARMAC-SL8-SW-ETAP-SLDMET-REDPRL-METWHTSIL_HERO-PDP-11.55.08.png\",\"width\":2812,\"height\":1718},{\"@type\":\"BreadcrumbList\",\"@id\":\"https:\/\/z-bike.ch\/de\/shop\/muscolari-de\/stumpjumper-15-expert\/#breadcrumb\",\"itemListElement\":[{\"@type\":\"ListItem\",\"position\":1,\"name\":\"Home\",\"item\":\"https:\/\/z-bike.ch\/de\/\"},{\"@type\":\"ListItem\",\"position\":2,\"name\":\"Shop\",\"item\":\"https:\/\/z-bike.ch\/de\/shop-3\/\"},{\"@type\":\"ListItem\",\"position\":3,\"name\":\"Stumpjumper 15 Expert\"}]},{\"@type\":\"WebSite\",\"@id\":\"https:\/\/z-bike.ch\/#website\",\"url\":\"https:\/\/z-bike.ch\/\",\"name\":\"Z-Bike\",\"description\":\"Bici Elettriche Online Svizzera: Miglior Prezzo | Consegna Rapida\",\"publisher\":{\"@id\":\"https:\/\/z-bike.ch\/#organization\"},\"alternateName\":\"ZBike\",\"potentialAction\":[{\"@type\":\"SearchAction\",\"target\":{\"@type\":\"EntryPoint\",\"urlTemplate\":\"https:\/\/z-bike.ch\/?s={search_term_string}\"},\"query-input\":{\"@type\":\"PropertyValueSpecification\",\"valueRequired\":true,\"valueName\":\"search_term_string\"}}],\"inLanguage\":\"de\"},{\"@type\":\"Organization\",\"@id\":\"https:\/\/z-bike.ch\/#organization\",\"name\":\"Z-Bike\",\"url\":\"https:\/\/z-bike.ch\/\",\"logo\":{\"@type\":\"ImageObject\",\"inLanguage\":\"de\",\"@id\":\"https:\/\/z-bike.ch\/#\/schema\/logo\/image\/\",\"url\":\"https:\/\/z-bike.ch\/wp-content\/uploads\/2023\/07\/logo_z-bike_ori.svg\",\"contentUrl\":\"https:\/\/z-bike.ch\/wp-content\/uploads\/2023\/07\/logo_z-bike_ori.svg\",\"width\":1,\"height\":1,\"caption\":\"Z-Bike\"},\"image\":{\"@id\":\"https:\/\/z-bike.ch\/#\/schema\/logo\/image\/\"},\"sameAs\":[\"https:\/\/www.facebook.com\/zbikelugano\",\"https:\/\/www.instagram.com\/zbike.ebike\"]}]}<\/script>\n<!-- \/ Yoast SEO plugin. -->","yoast_head_json":{"title":"Stumpjumper 15 Expert - Z-Bike","robots":{"index":"index","follow":"follow","max-snippet":"max-snippet:-1","max-image-preview":"max-image-preview:large","max-video-preview":"max-video-preview:-1"},"canonical":"https:\/\/z-bike.ch\/de\/shop\/muscolari-de\/stumpjumper-15-expert\/","og_locale":"de_DE","og_type":"article","og_title":"Stumpjumper 15 Expert - Z-Bike","og_description":"[vc_row][vc_column][vc_column_text uncode_shortcode_id=&#8220;180992&#8243; css=&#8220;.vc_custom_1739360189262{padding-bottom: 36px !important;}&#8220;]Der Stumpjumper 15 mit GENIE bietet mir die Vorteile eines Bikes mit gro\u00dfz\u00fcgigem Federweg und zugleich [&hellip;]","og_url":"https:\/\/z-bike.ch\/de\/shop\/muscolari-de\/stumpjumper-15-expert\/","og_site_name":"Z-Bike","article_publisher":"https:\/\/www.facebook.com\/zbikelugano","article_modified_time":"2025-02-14T16:56:26+00:00","og_image":[{"width":2812,"height":1718,"url":"https:\/\/z-bike.ch\/wp-content\/uploads\/2025\/02\/4-90625-00_TARMAC-SL8-SW-ETAP-SLDMET-REDPRL-METWHTSIL_HERO-PDP-11.55.08.png","type":"image\/png"}],"twitter_card":"summary_large_image","twitter_misc":{"Gesch\u00e4tzte Lesezeit":"3\u00a0Minuten"},"schema":{"@context":"https:\/\/schema.org","@graph":[{"@type":"WebPage","@id":"https:\/\/z-bike.ch\/de\/shop\/muscolari-de\/stumpjumper-15-expert\/","url":"https:\/\/z-bike.ch\/de\/shop\/muscolari-de\/stumpjumper-15-expert\/","name":"Stumpjumper 15 Expert - Z-Bike","isPartOf":{"@id":"https:\/\/z-bike.ch\/#website"},"primaryImageOfPage":{"@id":"https:\/\/z-bike.ch\/de\/shop\/muscolari-de\/stumpjumper-15-expert\/#primaryimage"},"image":{"@id":"https:\/\/z-bike.ch\/de\/shop\/muscolari-de\/stumpjumper-15-expert\/#primaryimage"},"thumbnailUrl":"https:\/\/z-bike.ch\/wp-content\/uploads\/2025\/02\/4-90625-00_TARMAC-SL8-SW-ETAP-SLDMET-REDPRL-METWHTSIL_HERO-PDP-11.55.08.png","datePublished":"2025-02-12T11:35:20+00:00","dateModified":"2025-02-14T16:56:26+00:00","breadcrumb":{"@id":"https:\/\/z-bike.ch\/de\/shop\/muscolari-de\/stumpjumper-15-expert\/#breadcrumb"},"inLanguage":"de","potentialAction":[{"@type":"ReadAction","target":["https:\/\/z-bike.ch\/de\/shop\/muscolari-de\/stumpjumper-15-expert\/"]}]},{"@type":"ImageObject","inLanguage":"de","@id":"https:\/\/z-bike.ch\/de\/shop\/muscolari-de\/stumpjumper-15-expert\/#primaryimage","url":"https:\/\/z-bike.ch\/wp-content\/uploads\/2025\/02\/4-90625-00_TARMAC-SL8-SW-ETAP-SLDMET-REDPRL-METWHTSIL_HERO-PDP-11.55.08.png","contentUrl":"https:\/\/z-bike.ch\/wp-content\/uploads\/2025\/02\/4-90625-00_TARMAC-SL8-SW-ETAP-SLDMET-REDPRL-METWHTSIL_HERO-PDP-11.55.08.png","width":2812,"height":1718},{"@type":"BreadcrumbList","@id":"https:\/\/z-bike.ch\/de\/shop\/muscolari-de\/stumpjumper-15-expert\/#breadcrumb","itemListElement":[{"@type":"ListItem","position":1,"name":"Home","item":"https:\/\/z-bike.ch\/de\/"},{"@type":"ListItem","position":2,"name":"Shop","item":"https:\/\/z-bike.ch\/de\/shop-3\/"},{"@type":"ListItem","position":3,"name":"Stumpjumper 15 Expert"}]},{"@type":"WebSite","@id":"https:\/\/z-bike.ch\/#website","url":"https:\/\/z-bike.ch\/","name":"Z-Bike","description":"Bici Elettriche Online Svizzera: Miglior Prezzo | Consegna Rapida","publisher":{"@id":"https:\/\/z-bike.ch\/#organization"},"alternateName":"ZBike","potentialAction":[{"@type":"SearchAction","target":{"@type":"EntryPoint","urlTemplate":"https:\/\/z-bike.ch\/?s={search_term_string}"},"query-input":{"@type":"PropertyValueSpecification","valueRequired":true,"valueName":"search_term_string"}}],"inLanguage":"de"},{"@type":"Organization","@id":"https:\/\/z-bike.ch\/#organization","name":"Z-Bike","url":"https:\/\/z-bike.ch\/","logo":{"@type":"ImageObject","inLanguage":"de","@id":"https:\/\/z-bike.ch\/#\/schema\/logo\/image\/","url":"https:\/\/z-bike.ch\/wp-content\/uploads\/2023\/07\/logo_z-bike_ori.svg","contentUrl":"https:\/\/z-bike.ch\/wp-content\/uploads\/2023\/07\/logo_z-bike_ori.svg","width":1,"height":1,"caption":"Z-Bike"},"image":{"@id":"https:\/\/z-bike.ch\/#\/schema\/logo\/image\/"},"sameAs":["https:\/\/www.facebook.com\/zbikelugano","https:\/\/www.instagram.com\/zbike.ebike"]}]}},"_links":{"self":[{"href":"https:\/\/z-bike.ch\/de\/wp-json\/wp\/v2\/product\/125500"}],"collection":[{"href":"https:\/\/z-bike.ch\/de\/wp-json\/wp\/v2\/product"}],"about":[{"href":"https:\/\/z-bike.ch\/de\/wp-json\/wp\/v2\/types\/product"}],"replies":[{"embeddable":true,"href":"https:\/\/z-bike.ch\/de\/wp-json\/wp\/v2\/comments?post=125500"}],"wp:featuredmedia":[{"embeddable":true,"href":"https:\/\/z-bike.ch\/de\/wp-json\/wp\/v2\/media\/125273"}],"wp:attachment":[{"href":"https:\/\/z-bike.ch\/de\/wp-json\/wp\/v2\/media?parent=125500"}],"wp:term":[{"taxonomy":"product_cat","embeddable":true,"href":"https:\/\/z-bike.ch\/de\/wp-json\/wp\/v2\/product_cat?post=125500"},{"taxonomy":"product_tag","embeddable":true,"href":"https:\/\/z-bike.ch\/de\/wp-json\/wp\/v2\/product_tag?post=125500"}],"curies":[{"name":"wp","href":"https:\/\/api.w.org\/{rel}","templated":true}]}}