{"id":125543,"date":"2025-02-12T17:59:35","date_gmt":"2025-02-12T16:59:35","guid":{"rendered":"https:\/\/z-bike.ch\/shop\/unkategorisiert\/o-race-c7-4\/"},"modified":"2025-02-14T17:57:43","modified_gmt":"2025-02-14T16:57:43","slug":"o-race-c7-4","status":"publish","type":"product","link":"https:\/\/z-bike.ch\/de\/shop\/e-bike-de\/o-race-c7-4\/","title":{"rendered":"O-Race C7.4"},"content":{"rendered":"<section class=\"wpb-content-wrapper\"><p>[vc_row][vc_column][vc_column_text uncode_shortcode_id=&#8220;130272&#8243; css=&#8220;.vc_custom_1739378653550{padding-bottom: 36px !important;}&#8220;]Die Whistle O-Race C7.4 ist ein elektrisches Mountainbike, das f\u00fcr Offroad-Enthusiasten entwickelt wurde, die eine perfekte Mischung aus Leistung, Leichtigkeit und Design suchen. Ihr Rahmen aus <strong>Toray T700-Carbonfaser<\/strong> garantiert Robustheit und geringes Gewicht, w\u00e4hrend das moderne und aerodynamische Design durch die integrierte Batterie und die innenverlegte Verkabelung unterstrichen wird.<\/p>\n<p>Entwickelt f\u00fcr die anspruchsvollsten Strecken, bietet dieses MTB ein fl\u00fcssiges und reaktionsschnelles Fahrverhalten, das maximale Stabilit\u00e4t und Kontrolle selbst auf unwegsamem Gel\u00e4nde gew\u00e4hrleistet. Der Komfort wird durch eine ergonomisch optimierte Geometrie und hochwertige Komponenten sichergestellt, die das Fahrerlebnis auf ein neues Niveau heben.<\/p>\n<p>Erh\u00e4ltlich in verschiedenen Gr\u00f6\u00dfen und eleganten Farbvarianten, ist die O-Race C7.4 die ideale Wahl f\u00fcr alle, die ein hochleistungsf\u00e4higes Mountainbike mit durchdachtem Design und modernsten Materialien suchen.[\/vc_column_text][vc_single_image media=&#8220;125374&#8243; media_width_percent=&#8220;70&#8243; alignment=&#8220;center&#8220; uncode_shortcode_id=&#8220;139888&#8243;][\/vc_column][\/vc_row]<\/p>\n<\/section>","protected":false},"excerpt":{"rendered":"<p>[vc_row][vc_column][vc_column_text uncode_shortcode_id=&#8220;130272&#8243; css=&#8220;.vc_custom_1739378653550{padding-bottom: 36px !important;}&#8220;]Die Whistle O-Race C7.4 ist ein elektrisches Mountainbike, das f\u00fcr Offroad-Enthusiasten entwickelt wurde, die eine perfekte [&hellip;]<\/p>\n","protected":false},"featured_media":125365,"comment_status":"open","ping_status":"closed","template":"","meta":[],"product_cat":[283],"product_tag":[450,482,489],"yoast_head":"<!-- This site is optimized with the Yoast SEO plugin v23.6 - https:\/\/yoast.com\/wordpress\/plugins\/seo\/ -->\n<title>O-Race C7.4 - Z-Bike<\/title>\n<meta name=\"robots\" content=\"index, follow, max-snippet:-1, max-image-preview:large, max-video-preview:-1\" \/>\n<link rel=\"canonical\" href=\"https:\/\/z-bike.ch\/de\/shop\/e-bike-de\/o-race-c7-4\/\" \/>\n<meta property=\"og:locale\" content=\"de_DE\" \/>\n<meta property=\"og:type\" content=\"article\" \/>\n<meta property=\"og:title\" content=\"O-Race C7.4 - Z-Bike\" \/>\n<meta property=\"og:description\" content=\"[vc_row][vc_column][vc_column_text uncode_shortcode_id=&#8220;130272&#8243; css=&#8220;.vc_custom_1739378653550{padding-bottom: 36px !important;}&#8220;]Die Whistle O-Race C7.4 ist ein elektrisches Mountainbike, das f\u00fcr Offroad-Enthusiasten entwickelt wurde, die eine perfekte [&hellip;]\" \/>\n<meta property=\"og:url\" content=\"https:\/\/z-bike.ch\/de\/shop\/e-bike-de\/o-race-c7-4\/\" \/>\n<meta property=\"og:site_name\" content=\"Z-Bike\" \/>\n<meta property=\"article:publisher\" content=\"https:\/\/www.facebook.com\/zbikelugano\" \/>\n<meta property=\"article:modified_time\" content=\"2025-02-14T16:57:43+00:00\" \/>\n<meta property=\"og:image\" content=\"https:\/\/z-bike.ch\/wp-content\/uploads\/2025\/02\/whistle-red.png\" \/>\n\t<meta property=\"og:image:width\" content=\"2812\" \/>\n\t<meta property=\"og:image:height\" content=\"1718\" \/>\n\t<meta property=\"og:image:type\" content=\"image\/png\" \/>\n<meta name=\"twitter:card\" content=\"summary_large_image\" \/>\n<meta name=\"twitter:label1\" content=\"Gesch\u00e4tzte Lesezeit\" \/>\n\t<meta name=\"twitter:data1\" content=\"1\u00a0Minute\" \/>\n<script type=\"application\/ld+json\" class=\"yoast-schema-graph\">{\"@context\":\"https:\/\/schema.org\",\"@graph\":[{\"@type\":\"WebPage\",\"@id\":\"https:\/\/z-bike.ch\/de\/shop\/e-bike-de\/o-race-c7-4\/\",\"url\":\"https:\/\/z-bike.ch\/de\/shop\/e-bike-de\/o-race-c7-4\/\",\"name\":\"O-Race C7.4 - Z-Bike\",\"isPartOf\":{\"@id\":\"https:\/\/z-bike.ch\/#website\"},\"primaryImageOfPage\":{\"@id\":\"https:\/\/z-bike.ch\/de\/shop\/e-bike-de\/o-race-c7-4\/#primaryimage\"},\"image\":{\"@id\":\"https:\/\/z-bike.ch\/de\/shop\/e-bike-de\/o-race-c7-4\/#primaryimage\"},\"thumbnailUrl\":\"https:\/\/z-bike.ch\/wp-content\/uploads\/2025\/02\/whistle-red.png\",\"datePublished\":\"2025-02-12T16:59:35+00:00\",\"dateModified\":\"2025-02-14T16:57:43+00:00\",\"breadcrumb\":{\"@id\":\"https:\/\/z-bike.ch\/de\/shop\/e-bike-de\/o-race-c7-4\/#breadcrumb\"},\"inLanguage\":\"de\",\"potentialAction\":[{\"@type\":\"ReadAction\",\"target\":[\"https:\/\/z-bike.ch\/de\/shop\/e-bike-de\/o-race-c7-4\/\"]}]},{\"@type\":\"ImageObject\",\"inLanguage\":\"de\",\"@id\":\"https:\/\/z-bike.ch\/de\/shop\/e-bike-de\/o-race-c7-4\/#primaryimage\",\"url\":\"https:\/\/z-bike.ch\/wp-content\/uploads\/2025\/02\/whistle-red.png\",\"contentUrl\":\"https:\/\/z-bike.ch\/wp-content\/uploads\/2025\/02\/whistle-red.png\",\"width\":2812,\"height\":1718},{\"@type\":\"BreadcrumbList\",\"@id\":\"https:\/\/z-bike.ch\/de\/shop\/e-bike-de\/o-race-c7-4\/#breadcrumb\",\"itemListElement\":[{\"@type\":\"ListItem\",\"position\":1,\"name\":\"Home\",\"item\":\"https:\/\/z-bike.ch\/de\/\"},{\"@type\":\"ListItem\",\"position\":2,\"name\":\"Shop\",\"item\":\"https:\/\/z-bike.ch\/de\/shop-3\/\"},{\"@type\":\"ListItem\",\"position\":3,\"name\":\"O-Race C7.4\"}]},{\"@type\":\"WebSite\",\"@id\":\"https:\/\/z-bike.ch\/#website\",\"url\":\"https:\/\/z-bike.ch\/\",\"name\":\"Z-Bike\",\"description\":\"Bici Elettriche Online Svizzera: Miglior Prezzo | Consegna Rapida\",\"publisher\":{\"@id\":\"https:\/\/z-bike.ch\/#organization\"},\"alternateName\":\"ZBike\",\"potentialAction\":[{\"@type\":\"SearchAction\",\"target\":{\"@type\":\"EntryPoint\",\"urlTemplate\":\"https:\/\/z-bike.ch\/?s={search_term_string}\"},\"query-input\":{\"@type\":\"PropertyValueSpecification\",\"valueRequired\":true,\"valueName\":\"search_term_string\"}}],\"inLanguage\":\"de\"},{\"@type\":\"Organization\",\"@id\":\"https:\/\/z-bike.ch\/#organization\",\"name\":\"Z-Bike\",\"url\":\"https:\/\/z-bike.ch\/\",\"logo\":{\"@type\":\"ImageObject\",\"inLanguage\":\"de\",\"@id\":\"https:\/\/z-bike.ch\/#\/schema\/logo\/image\/\",\"url\":\"https:\/\/z-bike.ch\/wp-content\/uploads\/2023\/07\/logo_z-bike_ori.svg\",\"contentUrl\":\"https:\/\/z-bike.ch\/wp-content\/uploads\/2023\/07\/logo_z-bike_ori.svg\",\"width\":1,\"height\":1,\"caption\":\"Z-Bike\"},\"image\":{\"@id\":\"https:\/\/z-bike.ch\/#\/schema\/logo\/image\/\"},\"sameAs\":[\"https:\/\/www.facebook.com\/zbikelugano\",\"https:\/\/www.instagram.com\/zbike.ebike\"]}]}<\/script>\n<!-- \/ Yoast SEO plugin. -->","yoast_head_json":{"title":"O-Race C7.4 - Z-Bike","robots":{"index":"index","follow":"follow","max-snippet":"max-snippet:-1","max-image-preview":"max-image-preview:large","max-video-preview":"max-video-preview:-1"},"canonical":"https:\/\/z-bike.ch\/de\/shop\/e-bike-de\/o-race-c7-4\/","og_locale":"de_DE","og_type":"article","og_title":"O-Race C7.4 - Z-Bike","og_description":"[vc_row][vc_column][vc_column_text uncode_shortcode_id=&#8220;130272&#8243; css=&#8220;.vc_custom_1739378653550{padding-bottom: 36px !important;}&#8220;]Die Whistle O-Race C7.4 ist ein elektrisches Mountainbike, das f\u00fcr Offroad-Enthusiasten entwickelt wurde, die eine perfekte [&hellip;]","og_url":"https:\/\/z-bike.ch\/de\/shop\/e-bike-de\/o-race-c7-4\/","og_site_name":"Z-Bike","article_publisher":"https:\/\/www.facebook.com\/zbikelugano","article_modified_time":"2025-02-14T16:57:43+00:00","og_image":[{"width":2812,"height":1718,"url":"https:\/\/z-bike.ch\/wp-content\/uploads\/2025\/02\/whistle-red.png","type":"image\/png"}],"twitter_card":"summary_large_image","twitter_misc":{"Gesch\u00e4tzte Lesezeit":"1\u00a0Minute"},"schema":{"@context":"https:\/\/schema.org","@graph":[{"@type":"WebPage","@id":"https:\/\/z-bike.ch\/de\/shop\/e-bike-de\/o-race-c7-4\/","url":"https:\/\/z-bike.ch\/de\/shop\/e-bike-de\/o-race-c7-4\/","name":"O-Race C7.4 - Z-Bike","isPartOf":{"@id":"https:\/\/z-bike.ch\/#website"},"primaryImageOfPage":{"@id":"https:\/\/z-bike.ch\/de\/shop\/e-bike-de\/o-race-c7-4\/#primaryimage"},"image":{"@id":"https:\/\/z-bike.ch\/de\/shop\/e-bike-de\/o-race-c7-4\/#primaryimage"},"thumbnailUrl":"https:\/\/z-bike.ch\/wp-content\/uploads\/2025\/02\/whistle-red.png","datePublished":"2025-02-12T16:59:35+00:00","dateModified":"2025-02-14T16:57:43+00:00","breadcrumb":{"@id":"https:\/\/z-bike.ch\/de\/shop\/e-bike-de\/o-race-c7-4\/#breadcrumb"},"inLanguage":"de","potentialAction":[{"@type":"ReadAction","target":["https:\/\/z-bike.ch\/de\/shop\/e-bike-de\/o-race-c7-4\/"]}]},{"@type":"ImageObject","inLanguage":"de","@id":"https:\/\/z-bike.ch\/de\/shop\/e-bike-de\/o-race-c7-4\/#primaryimage","url":"https:\/\/z-bike.ch\/wp-content\/uploads\/2025\/02\/whistle-red.png","contentUrl":"https:\/\/z-bike.ch\/wp-content\/uploads\/2025\/02\/whistle-red.png","width":2812,"height":1718},{"@type":"BreadcrumbList","@id":"https:\/\/z-bike.ch\/de\/shop\/e-bike-de\/o-race-c7-4\/#breadcrumb","itemListElement":[{"@type":"ListItem","position":1,"name":"Home","item":"https:\/\/z-bike.ch\/de\/"},{"@type":"ListItem","position":2,"name":"Shop","item":"https:\/\/z-bike.ch\/de\/shop-3\/"},{"@type":"ListItem","position":3,"name":"O-Race C7.4"}]},{"@type":"WebSite","@id":"https:\/\/z-bike.ch\/#website","url":"https:\/\/z-bike.ch\/","name":"Z-Bike","description":"Bici Elettriche Online Svizzera: Miglior Prezzo | Consegna Rapida","publisher":{"@id":"https:\/\/z-bike.ch\/#organization"},"alternateName":"ZBike","potentialAction":[{"@type":"SearchAction","target":{"@type":"EntryPoint","urlTemplate":"https:\/\/z-bike.ch\/?s={search_term_string}"},"query-input":{"@type":"PropertyValueSpecification","valueRequired":true,"valueName":"search_term_string"}}],"inLanguage":"de"},{"@type":"Organization","@id":"https:\/\/z-bike.ch\/#organization","name":"Z-Bike","url":"https:\/\/z-bike.ch\/","logo":{"@type":"ImageObject","inLanguage":"de","@id":"https:\/\/z-bike.ch\/#\/schema\/logo\/image\/","url":"https:\/\/z-bike.ch\/wp-content\/uploads\/2023\/07\/logo_z-bike_ori.svg","contentUrl":"https:\/\/z-bike.ch\/wp-content\/uploads\/2023\/07\/logo_z-bike_ori.svg","width":1,"height":1,"caption":"Z-Bike"},"image":{"@id":"https:\/\/z-bike.ch\/#\/schema\/logo\/image\/"},"sameAs":["https:\/\/www.facebook.com\/zbikelugano","https:\/\/www.instagram.com\/zbike.ebike"]}]}},"_links":{"self":[{"href":"https:\/\/z-bike.ch\/de\/wp-json\/wp\/v2\/product\/125543"}],"collection":[{"href":"https:\/\/z-bike.ch\/de\/wp-json\/wp\/v2\/product"}],"about":[{"href":"https:\/\/z-bike.ch\/de\/wp-json\/wp\/v2\/types\/product"}],"replies":[{"embeddable":true,"href":"https:\/\/z-bike.ch\/de\/wp-json\/wp\/v2\/comments?post=125543"}],"wp:featuredmedia":[{"embeddable":true,"href":"https:\/\/z-bike.ch\/de\/wp-json\/wp\/v2\/media\/125365"}],"wp:attachment":[{"href":"https:\/\/z-bike.ch\/de\/wp-json\/wp\/v2\/media?parent=125543"}],"wp:term":[{"taxonomy":"product_cat","embeddable":true,"href":"https:\/\/z-bike.ch\/de\/wp-json\/wp\/v2\/product_cat?post=125543"},{"taxonomy":"product_tag","embeddable":true,"href":"https:\/\/z-bike.ch\/de\/wp-json\/wp\/v2\/product_tag?post=125543"}],"curies":[{"name":"wp","href":"https:\/\/api.w.org\/{rel}","templated":true}]}}