{"id":126084,"date":"2025-08-08T12:07:08","date_gmt":"2025-08-08T10:07:08","guid":{"rendered":"https:\/\/z-bike.ch\/shop\/unkategorisiert\/moterra-3\/"},"modified":"2025-08-08T12:24:59","modified_gmt":"2025-08-08T10:24:59","slug":"moterra-3","status":"publish","type":"product","link":"https:\/\/z-bike.ch\/de\/shop\/e-bike-de\/moterra-3\/","title":{"rendered":"Moterra 3"},"content":{"rendered":"<section class=\"wpb-content-wrapper\"><p>[vc_row][vc_column][vc_column_text uncode_shortcode_id=&#8220;127770&#8243; css=&#8220;.vc_custom_1754645789658{padding-bottom: 36px !important;}&#8220;]<\/p>\n<h3 data-start=\"162\" data-end=\"190\"><strong data-start=\"166\" data-end=\"190\">Entdecke Ohne Grenzen<\/strong><\/h3>\n<p data-start=\"191\" data-end=\"399\">Die Moterra 3 ist f\u00fcr alle, die den Trail \u00fcber seine Grenzen hinaus erleben wollen. Jede Fahrt ist eine Einladung, das Unbekannte zu erkunden.<\/p>\n<h3 data-start=\"401\" data-end=\"428\"><strong data-start=\"405\" data-end=\"428\">Sofortige Reaktion<\/strong><\/h3>\n<p data-start=\"429\" data-end=\"599\">Schon beim Aufsitzen sp\u00fcrst du die Harmonie zwischen dir und dem Bike \u2013 es reagiert, als w\u00fcrde es deine Gedanken lesen.<\/p>\n<h3 data-start=\"601\" data-end=\"628\"><strong data-start=\"605\" data-end=\"628\">Kontrollierte Energie<\/strong><\/h3>\n<p data-start=\"629\" data-end=\"806\">Die Unterst\u00fctzung ist kraftvoll, aber stets im Hintergrund. Du bleibst der Kapit\u00e4n, sie ist dein Verst\u00e4rker<\/p>\n<h3 data-start=\"808\" data-end=\"852\"><strong data-start=\"812\" data-end=\"852\">Perfekte Verbindung zum Trail<\/strong><\/h3>\n<p data-start=\"853\" data-end=\"1053\">Kurven, Abfahrten, technische Passagen \u2013 alles geht leicht von der Hand, mit Stabilit\u00e4t und Wendigkeit in perfektem Gleichgewicht.<\/p>\n<h3 data-start=\"1055\" data-end=\"1090\"><strong data-start=\"1059\" data-end=\"1090\">Weiter Fahren als Gedacht<\/strong><\/h3>\n<p data-start=\"1091\" data-end=\"1264\">Ob spontane Extra-Runde oder ganzt\u00e4gige Tour \u2013 sie ist immer bereit, mit dir weiter zu gehen.<\/p>\n<p>[\/vc_column_text][\/vc_column][\/vc_row]<\/p>\n<\/section>","protected":false},"excerpt":{"rendered":"<p>[vc_row][vc_column][vc_column_text uncode_shortcode_id=&#8220;127770&#8243; css=&#8220;.vc_custom_1754645789658{padding-bottom: 36px !important;}&#8220;] Entdecke Ohne Grenzen Die Moterra 3 ist f\u00fcr alle, die den Trail \u00fcber seine Grenzen [&hellip;]<\/p>\n","protected":false},"featured_media":126072,"comment_status":"open","ping_status":"closed","template":"","meta":[],"product_cat":[283],"product_tag":[489],"yoast_head":"<!-- This site is optimized with the Yoast SEO plugin v23.6 - https:\/\/yoast.com\/wordpress\/plugins\/seo\/ -->\n<title>Moterra 3 - Z-Bike<\/title>\n<meta name=\"robots\" content=\"index, follow, max-snippet:-1, max-image-preview:large, max-video-preview:-1\" \/>\n<link rel=\"canonical\" href=\"https:\/\/z-bike.ch\/de\/shop\/e-bike-de\/moterra-3\/\" \/>\n<meta property=\"og:locale\" content=\"de_DE\" \/>\n<meta property=\"og:type\" content=\"article\" \/>\n<meta property=\"og:title\" content=\"Moterra 3 - Z-Bike\" \/>\n<meta property=\"og:description\" content=\"[vc_row][vc_column][vc_column_text uncode_shortcode_id=&#8220;127770&#8243; css=&#8220;.vc_custom_1754645789658{padding-bottom: 36px !important;}&#8220;] Entdecke Ohne Grenzen Die Moterra 3 ist f\u00fcr alle, die den Trail \u00fcber seine Grenzen [&hellip;]\" \/>\n<meta property=\"og:url\" content=\"https:\/\/z-bike.ch\/de\/shop\/e-bike-de\/moterra-3\/\" \/>\n<meta property=\"og:site_name\" content=\"Z-Bike\" \/>\n<meta property=\"article:publisher\" content=\"https:\/\/www.facebook.com\/zbikelugano\" \/>\n<meta property=\"article:modified_time\" content=\"2025-08-08T10:24:59+00:00\" \/>\n<meta property=\"og:image\" content=\"https:\/\/z-bike.ch\/wp-content\/uploads\/2025\/08\/C25_C65194U_Moterra_Neo_3_EU_OBS_PD.png\" \/>\n\t<meta property=\"og:image:width\" content=\"1700\" \/>\n\t<meta property=\"og:image:height\" content=\"953\" \/>\n\t<meta property=\"og:image:type\" content=\"image\/png\" \/>\n<meta name=\"twitter:card\" content=\"summary_large_image\" \/>\n<meta name=\"twitter:label1\" content=\"Gesch\u00e4tzte Lesezeit\" \/>\n\t<meta name=\"twitter:data1\" content=\"1\u00a0Minute\" \/>\n<script type=\"application\/ld+json\" class=\"yoast-schema-graph\">{\"@context\":\"https:\/\/schema.org\",\"@graph\":[{\"@type\":\"WebPage\",\"@id\":\"https:\/\/z-bike.ch\/de\/shop\/e-bike-de\/moterra-3\/\",\"url\":\"https:\/\/z-bike.ch\/de\/shop\/e-bike-de\/moterra-3\/\",\"name\":\"Moterra 3 - Z-Bike\",\"isPartOf\":{\"@id\":\"https:\/\/z-bike.ch\/#website\"},\"primaryImageOfPage\":{\"@id\":\"https:\/\/z-bike.ch\/de\/shop\/e-bike-de\/moterra-3\/#primaryimage\"},\"image\":{\"@id\":\"https:\/\/z-bike.ch\/de\/shop\/e-bike-de\/moterra-3\/#primaryimage\"},\"thumbnailUrl\":\"https:\/\/z-bike.ch\/wp-content\/uploads\/2025\/08\/C25_C65194U_Moterra_Neo_3_EU_OBS_PD.png\",\"datePublished\":\"2025-08-08T10:07:08+00:00\",\"dateModified\":\"2025-08-08T10:24:59+00:00\",\"breadcrumb\":{\"@id\":\"https:\/\/z-bike.ch\/de\/shop\/e-bike-de\/moterra-3\/#breadcrumb\"},\"inLanguage\":\"de\",\"potentialAction\":[{\"@type\":\"ReadAction\",\"target\":[\"https:\/\/z-bike.ch\/de\/shop\/e-bike-de\/moterra-3\/\"]}]},{\"@type\":\"ImageObject\",\"inLanguage\":\"de\",\"@id\":\"https:\/\/z-bike.ch\/de\/shop\/e-bike-de\/moterra-3\/#primaryimage\",\"url\":\"https:\/\/z-bike.ch\/wp-content\/uploads\/2025\/08\/C25_C65194U_Moterra_Neo_3_EU_OBS_PD.png\",\"contentUrl\":\"https:\/\/z-bike.ch\/wp-content\/uploads\/2025\/08\/C25_C65194U_Moterra_Neo_3_EU_OBS_PD.png\",\"width\":1700,\"height\":953},{\"@type\":\"BreadcrumbList\",\"@id\":\"https:\/\/z-bike.ch\/de\/shop\/e-bike-de\/moterra-3\/#breadcrumb\",\"itemListElement\":[{\"@type\":\"ListItem\",\"position\":1,\"name\":\"Home\",\"item\":\"https:\/\/z-bike.ch\/de\/\"},{\"@type\":\"ListItem\",\"position\":2,\"name\":\"Shop\",\"item\":\"https:\/\/z-bike.ch\/de\/shop-3\/\"},{\"@type\":\"ListItem\",\"position\":3,\"name\":\"Moterra 3\"}]},{\"@type\":\"WebSite\",\"@id\":\"https:\/\/z-bike.ch\/#website\",\"url\":\"https:\/\/z-bike.ch\/\",\"name\":\"Z-Bike\",\"description\":\"Bici Elettriche Online Svizzera: Miglior Prezzo | Consegna Rapida\",\"publisher\":{\"@id\":\"https:\/\/z-bike.ch\/#organization\"},\"alternateName\":\"ZBike\",\"potentialAction\":[{\"@type\":\"SearchAction\",\"target\":{\"@type\":\"EntryPoint\",\"urlTemplate\":\"https:\/\/z-bike.ch\/?s={search_term_string}\"},\"query-input\":{\"@type\":\"PropertyValueSpecification\",\"valueRequired\":true,\"valueName\":\"search_term_string\"}}],\"inLanguage\":\"de\"},{\"@type\":\"Organization\",\"@id\":\"https:\/\/z-bike.ch\/#organization\",\"name\":\"Z-Bike\",\"url\":\"https:\/\/z-bike.ch\/\",\"logo\":{\"@type\":\"ImageObject\",\"inLanguage\":\"de\",\"@id\":\"https:\/\/z-bike.ch\/#\/schema\/logo\/image\/\",\"url\":\"https:\/\/z-bike.ch\/wp-content\/uploads\/2023\/07\/logo_z-bike_ori.svg\",\"contentUrl\":\"https:\/\/z-bike.ch\/wp-content\/uploads\/2023\/07\/logo_z-bike_ori.svg\",\"width\":1,\"height\":1,\"caption\":\"Z-Bike\"},\"image\":{\"@id\":\"https:\/\/z-bike.ch\/#\/schema\/logo\/image\/\"},\"sameAs\":[\"https:\/\/www.facebook.com\/zbikelugano\",\"https:\/\/www.instagram.com\/zbike.ebike\"]}]}<\/script>\n<!-- \/ Yoast SEO plugin. -->","yoast_head_json":{"title":"Moterra 3 - Z-Bike","robots":{"index":"index","follow":"follow","max-snippet":"max-snippet:-1","max-image-preview":"max-image-preview:large","max-video-preview":"max-video-preview:-1"},"canonical":"https:\/\/z-bike.ch\/de\/shop\/e-bike-de\/moterra-3\/","og_locale":"de_DE","og_type":"article","og_title":"Moterra 3 - Z-Bike","og_description":"[vc_row][vc_column][vc_column_text uncode_shortcode_id=&#8220;127770&#8243; css=&#8220;.vc_custom_1754645789658{padding-bottom: 36px !important;}&#8220;] Entdecke Ohne Grenzen Die Moterra 3 ist f\u00fcr alle, die den Trail \u00fcber seine Grenzen [&hellip;]","og_url":"https:\/\/z-bike.ch\/de\/shop\/e-bike-de\/moterra-3\/","og_site_name":"Z-Bike","article_publisher":"https:\/\/www.facebook.com\/zbikelugano","article_modified_time":"2025-08-08T10:24:59+00:00","og_image":[{"width":1700,"height":953,"url":"https:\/\/z-bike.ch\/wp-content\/uploads\/2025\/08\/C25_C65194U_Moterra_Neo_3_EU_OBS_PD.png","type":"image\/png"}],"twitter_card":"summary_large_image","twitter_misc":{"Gesch\u00e4tzte Lesezeit":"1\u00a0Minute"},"schema":{"@context":"https:\/\/schema.org","@graph":[{"@type":"WebPage","@id":"https:\/\/z-bike.ch\/de\/shop\/e-bike-de\/moterra-3\/","url":"https:\/\/z-bike.ch\/de\/shop\/e-bike-de\/moterra-3\/","name":"Moterra 3 - Z-Bike","isPartOf":{"@id":"https:\/\/z-bike.ch\/#website"},"primaryImageOfPage":{"@id":"https:\/\/z-bike.ch\/de\/shop\/e-bike-de\/moterra-3\/#primaryimage"},"image":{"@id":"https:\/\/z-bike.ch\/de\/shop\/e-bike-de\/moterra-3\/#primaryimage"},"thumbnailUrl":"https:\/\/z-bike.ch\/wp-content\/uploads\/2025\/08\/C25_C65194U_Moterra_Neo_3_EU_OBS_PD.png","datePublished":"2025-08-08T10:07:08+00:00","dateModified":"2025-08-08T10:24:59+00:00","breadcrumb":{"@id":"https:\/\/z-bike.ch\/de\/shop\/e-bike-de\/moterra-3\/#breadcrumb"},"inLanguage":"de","potentialAction":[{"@type":"ReadAction","target":["https:\/\/z-bike.ch\/de\/shop\/e-bike-de\/moterra-3\/"]}]},{"@type":"ImageObject","inLanguage":"de","@id":"https:\/\/z-bike.ch\/de\/shop\/e-bike-de\/moterra-3\/#primaryimage","url":"https:\/\/z-bike.ch\/wp-content\/uploads\/2025\/08\/C25_C65194U_Moterra_Neo_3_EU_OBS_PD.png","contentUrl":"https:\/\/z-bike.ch\/wp-content\/uploads\/2025\/08\/C25_C65194U_Moterra_Neo_3_EU_OBS_PD.png","width":1700,"height":953},{"@type":"BreadcrumbList","@id":"https:\/\/z-bike.ch\/de\/shop\/e-bike-de\/moterra-3\/#breadcrumb","itemListElement":[{"@type":"ListItem","position":1,"name":"Home","item":"https:\/\/z-bike.ch\/de\/"},{"@type":"ListItem","position":2,"name":"Shop","item":"https:\/\/z-bike.ch\/de\/shop-3\/"},{"@type":"ListItem","position":3,"name":"Moterra 3"}]},{"@type":"WebSite","@id":"https:\/\/z-bike.ch\/#website","url":"https:\/\/z-bike.ch\/","name":"Z-Bike","description":"Bici Elettriche Online Svizzera: Miglior Prezzo | Consegna Rapida","publisher":{"@id":"https:\/\/z-bike.ch\/#organization"},"alternateName":"ZBike","potentialAction":[{"@type":"SearchAction","target":{"@type":"EntryPoint","urlTemplate":"https:\/\/z-bike.ch\/?s={search_term_string}"},"query-input":{"@type":"PropertyValueSpecification","valueRequired":true,"valueName":"search_term_string"}}],"inLanguage":"de"},{"@type":"Organization","@id":"https:\/\/z-bike.ch\/#organization","name":"Z-Bike","url":"https:\/\/z-bike.ch\/","logo":{"@type":"ImageObject","inLanguage":"de","@id":"https:\/\/z-bike.ch\/#\/schema\/logo\/image\/","url":"https:\/\/z-bike.ch\/wp-content\/uploads\/2023\/07\/logo_z-bike_ori.svg","contentUrl":"https:\/\/z-bike.ch\/wp-content\/uploads\/2023\/07\/logo_z-bike_ori.svg","width":1,"height":1,"caption":"Z-Bike"},"image":{"@id":"https:\/\/z-bike.ch\/#\/schema\/logo\/image\/"},"sameAs":["https:\/\/www.facebook.com\/zbikelugano","https:\/\/www.instagram.com\/zbike.ebike"]}]}},"_links":{"self":[{"href":"https:\/\/z-bike.ch\/de\/wp-json\/wp\/v2\/product\/126084"}],"collection":[{"href":"https:\/\/z-bike.ch\/de\/wp-json\/wp\/v2\/product"}],"about":[{"href":"https:\/\/z-bike.ch\/de\/wp-json\/wp\/v2\/types\/product"}],"replies":[{"embeddable":true,"href":"https:\/\/z-bike.ch\/de\/wp-json\/wp\/v2\/comments?post=126084"}],"wp:featuredmedia":[{"embeddable":true,"href":"https:\/\/z-bike.ch\/de\/wp-json\/wp\/v2\/media\/126072"}],"wp:attachment":[{"href":"https:\/\/z-bike.ch\/de\/wp-json\/wp\/v2\/media?parent=126084"}],"wp:term":[{"taxonomy":"product_cat","embeddable":true,"href":"https:\/\/z-bike.ch\/de\/wp-json\/wp\/v2\/product_cat?post=126084"},{"taxonomy":"product_tag","embeddable":true,"href":"https:\/\/z-bike.ch\/de\/wp-json\/wp\/v2\/product_tag?post=126084"}],"curies":[{"name":"wp","href":"https:\/\/api.w.org\/{rel}","templated":true}]}}