{"id":126444,"date":"2025-09-18T16:14:43","date_gmt":"2025-09-18T14:14:43","guid":{"rendered":"https:\/\/z-bike.ch\/?post_type=product&#038;p=126444"},"modified":"2025-09-18T16:14:43","modified_gmt":"2025-09-18T14:14:43","slug":"turbo-tero-x-5-0","status":"publish","type":"product","link":"https:\/\/z-bike.ch\/de\/shop\/e-bike-de\/turbo-tero-x-5-0\/","title":{"rendered":"Turbo Tero X 5.0"},"content":{"rendered":"<section class=\"wpb-content-wrapper\"><p>[vc_row][vc_column][vc_column_text uncode_shortcode_id=&#8220;139535&#8243; css=&#8220;.vc_custom_1758186235630{padding-bottom: 36px !important;}&#8220;]<\/p>\n<h3 data-start=\"130\" data-end=\"155\">Entdeckergeist<\/h3>\n<p data-start=\"156\" data-end=\"415\">Die <strong data-start=\"159\" data-end=\"179\">Turbo Tero X 5.0<\/strong> ist f\u00fcr diejenigen gemacht, die \u00fcber den Stra\u00dfenrand hinauswollen: sie bew\u00e4ltigt unwegsames Gel\u00e4nde, Anstiege und Abfahrten, und erlaubt es, alles Notwendige auf Tour mitzunehmen \u2013 ohne beim Komfort Einbu\u00dfen zu machen.<\/p>\n<h3 data-start=\"417\" data-end=\"446\">Komfort auf jedem Terrain<\/h3>\n<p data-start=\"447\" data-end=\"741\">Mit gro\u00dfz\u00fcgiger Federung vorne und hinten, robusten Rohren und einer durchdachten Geometrie gl\u00e4ttet die Tero X 5.0 Hindernisse und mildert Schlagl\u00f6cher. Grip-Reifen, versenkbarer Sattel und eine halboffene Sitzhaltung erleichtern das Fahren in schwierigem Terrain ebenso wie in st\u00e4dtischeren Passagen. <\/p>\n<h3 data-start=\"743\" data-end=\"774\">Vielseitigkeit, die \u00fcberrascht<\/h3>\n<p data-start=\"775\" data-end=\"1089\">Nicht nur ein Offroad-Bike: starke Lichter, ein Hinterradgep\u00e4cktr\u00e4ger mit hoher Traglast und die M\u00f6glichkeit, einen vorderen Gep\u00e4cktr\u00e4ger anzubringen, machen sie auch im Alltag n\u00fctzlich \u2013 f\u00fcr Besorgungen, f\u00fcr Reisen mit leichtem Gep\u00e4ck. Sie nimmt Zubeh\u00f6r auf, bleibt aber agil, wenn\u2019s drauf ankommt. <\/p>\n<h3 data-start=\"1091\" data-end=\"1116\">Vertrauen und Sicherheit<\/h3>\n<p data-start=\"1117\" data-end=\"1440\">Von Anfang an vermittelt sie Stabilit\u00e4t: kraftvolle Bremsen, bew\u00e4hrte Federung, solide Komponenten tragen dazu bei, in schwierigerem Gel\u00e4nde, bei Abfahrten, in Kurven ein Gef\u00fchl der Kontrolle zu geben. Die Steuerung der Unterst\u00fctzungsmodi via Display und App bringt eine zus\u00e4tzliche Ebene der Zuverl\u00e4ssigkeit.  <\/p>\n<h3 data-start=\"1442\" data-end=\"1468\">Einladung zum Abenteuer<\/h3>\n<p data-start=\"1469\" data-end=\"1705\">Die Tero X 5.0 scheint zu sagen: \u201eWage mehr als die \u00fcblichen Pfade.\u201c Ob Trails, W\u00e4lder, Anstiege oder Pendelwege, oft genug ist der Alltag schon gepr\u00e4gt \u2013 diese Bike fordert heraus, dar\u00fcber hinauszugehen, Neues zu erleben, Grenzen zu erweitern. <\/p>\n<p>[\/vc_column_text][\/vc_column][\/vc_row]<\/p>\n<\/section>","protected":false},"excerpt":{"rendered":"<p>[vc_row][vc_column][vc_column_text uncode_shortcode_id=&#8220;139535&#8243; css=&#8220;.vc_custom_1758186235630{padding-bottom: 36px !important;}&#8220;] Entdeckergeist Die Turbo Tero X 5.0 ist f\u00fcr diejenigen gemacht, die \u00fcber den Stra\u00dfenrand hinauswollen: [&hellip;]<\/p>\n","protected":false},"featured_media":126409,"comment_status":"open","ping_status":"closed","template":"","meta":[],"product_cat":[283],"product_tag":[],"yoast_head":"<!-- This site is optimized with the Yoast SEO plugin v23.6 - https:\/\/yoast.com\/wordpress\/plugins\/seo\/ -->\n<title>Turbo Tero X 5.0 - Z-Bike<\/title>\n<meta name=\"robots\" content=\"index, follow, max-snippet:-1, max-image-preview:large, max-video-preview:-1\" \/>\n<link rel=\"canonical\" href=\"https:\/\/z-bike.ch\/de\/shop\/e-bike-de\/turbo-tero-x-5-0\/\" \/>\n<meta property=\"og:locale\" content=\"de_DE\" \/>\n<meta property=\"og:type\" content=\"article\" \/>\n<meta property=\"og:title\" content=\"Turbo Tero X 5.0 - Z-Bike\" \/>\n<meta property=\"og:description\" content=\"[vc_row][vc_column][vc_column_text uncode_shortcode_id=&#8220;139535&#8243; css=&#8220;.vc_custom_1758186235630{padding-bottom: 36px !important;}&#8220;] Entdeckergeist Die Turbo Tero X 5.0 ist f\u00fcr diejenigen gemacht, die \u00fcber den Stra\u00dfenrand hinauswollen: [&hellip;]\" \/>\n<meta property=\"og:url\" content=\"https:\/\/z-bike.ch\/de\/shop\/e-bike-de\/turbo-tero-x-5-0\/\" \/>\n<meta property=\"og:site_name\" content=\"Z-Bike\" \/>\n<meta property=\"article:publisher\" content=\"https:\/\/www.facebook.com\/zbikelugano\" \/>\n<meta property=\"og:image\" content=\"https:\/\/z-bike.ch\/wp-content\/uploads\/2025\/09\/91622-31_TERO-X-50-29-OAKGRNMET-OAKGRN_HERO-removebg.png\" \/>\n\t<meta property=\"og:image:width\" content=\"2000\" \/>\n\t<meta property=\"og:image:height\" content=\"1125\" \/>\n\t<meta property=\"og:image:type\" content=\"image\/png\" \/>\n<meta name=\"twitter:card\" content=\"summary_large_image\" \/>\n<meta name=\"twitter:label1\" content=\"Gesch\u00e4tzte Lesezeit\" \/>\n\t<meta name=\"twitter:data1\" content=\"1\u00a0Minute\" \/>\n<script type=\"application\/ld+json\" class=\"yoast-schema-graph\">{\"@context\":\"https:\/\/schema.org\",\"@graph\":[{\"@type\":\"WebPage\",\"@id\":\"https:\/\/z-bike.ch\/de\/shop\/e-bike-de\/turbo-tero-x-5-0\/\",\"url\":\"https:\/\/z-bike.ch\/de\/shop\/e-bike-de\/turbo-tero-x-5-0\/\",\"name\":\"Turbo Tero X 5.0 - Z-Bike\",\"isPartOf\":{\"@id\":\"https:\/\/z-bike.ch\/#website\"},\"primaryImageOfPage\":{\"@id\":\"https:\/\/z-bike.ch\/de\/shop\/e-bike-de\/turbo-tero-x-5-0\/#primaryimage\"},\"image\":{\"@id\":\"https:\/\/z-bike.ch\/de\/shop\/e-bike-de\/turbo-tero-x-5-0\/#primaryimage\"},\"thumbnailUrl\":\"https:\/\/z-bike.ch\/wp-content\/uploads\/2025\/09\/91622-31_TERO-X-50-29-OAKGRNMET-OAKGRN_HERO-removebg.png\",\"datePublished\":\"2025-09-18T14:14:43+00:00\",\"dateModified\":\"2025-09-18T14:14:43+00:00\",\"breadcrumb\":{\"@id\":\"https:\/\/z-bike.ch\/de\/shop\/e-bike-de\/turbo-tero-x-5-0\/#breadcrumb\"},\"inLanguage\":\"de\",\"potentialAction\":[{\"@type\":\"ReadAction\",\"target\":[\"https:\/\/z-bike.ch\/de\/shop\/e-bike-de\/turbo-tero-x-5-0\/\"]}]},{\"@type\":\"ImageObject\",\"inLanguage\":\"de\",\"@id\":\"https:\/\/z-bike.ch\/de\/shop\/e-bike-de\/turbo-tero-x-5-0\/#primaryimage\",\"url\":\"https:\/\/z-bike.ch\/wp-content\/uploads\/2025\/09\/91622-31_TERO-X-50-29-OAKGRNMET-OAKGRN_HERO-removebg.png\",\"contentUrl\":\"https:\/\/z-bike.ch\/wp-content\/uploads\/2025\/09\/91622-31_TERO-X-50-29-OAKGRNMET-OAKGRN_HERO-removebg.png\",\"width\":2000,\"height\":1125},{\"@type\":\"BreadcrumbList\",\"@id\":\"https:\/\/z-bike.ch\/de\/shop\/e-bike-de\/turbo-tero-x-5-0\/#breadcrumb\",\"itemListElement\":[{\"@type\":\"ListItem\",\"position\":1,\"name\":\"Home\",\"item\":\"https:\/\/z-bike.ch\/de\/\"},{\"@type\":\"ListItem\",\"position\":2,\"name\":\"Shop\",\"item\":\"https:\/\/z-bike.ch\/de\/shop-3\/\"},{\"@type\":\"ListItem\",\"position\":3,\"name\":\"Turbo Tero X 5.0\"}]},{\"@type\":\"WebSite\",\"@id\":\"https:\/\/z-bike.ch\/#website\",\"url\":\"https:\/\/z-bike.ch\/\",\"name\":\"Z-Bike\",\"description\":\"Bici Elettriche Online Svizzera: Miglior Prezzo | Consegna Rapida\",\"publisher\":{\"@id\":\"https:\/\/z-bike.ch\/#organization\"},\"alternateName\":\"ZBike\",\"potentialAction\":[{\"@type\":\"SearchAction\",\"target\":{\"@type\":\"EntryPoint\",\"urlTemplate\":\"https:\/\/z-bike.ch\/?s={search_term_string}\"},\"query-input\":{\"@type\":\"PropertyValueSpecification\",\"valueRequired\":true,\"valueName\":\"search_term_string\"}}],\"inLanguage\":\"de\"},{\"@type\":\"Organization\",\"@id\":\"https:\/\/z-bike.ch\/#organization\",\"name\":\"Z-Bike\",\"url\":\"https:\/\/z-bike.ch\/\",\"logo\":{\"@type\":\"ImageObject\",\"inLanguage\":\"de\",\"@id\":\"https:\/\/z-bike.ch\/#\/schema\/logo\/image\/\",\"url\":\"https:\/\/z-bike.ch\/wp-content\/uploads\/2023\/07\/logo_z-bike_ori.svg\",\"contentUrl\":\"https:\/\/z-bike.ch\/wp-content\/uploads\/2023\/07\/logo_z-bike_ori.svg\",\"width\":1,\"height\":1,\"caption\":\"Z-Bike\"},\"image\":{\"@id\":\"https:\/\/z-bike.ch\/#\/schema\/logo\/image\/\"},\"sameAs\":[\"https:\/\/www.facebook.com\/zbikelugano\",\"https:\/\/www.instagram.com\/zbike.ebike\"]}]}<\/script>\n<!-- \/ Yoast SEO plugin. -->","yoast_head_json":{"title":"Turbo Tero X 5.0 - Z-Bike","robots":{"index":"index","follow":"follow","max-snippet":"max-snippet:-1","max-image-preview":"max-image-preview:large","max-video-preview":"max-video-preview:-1"},"canonical":"https:\/\/z-bike.ch\/de\/shop\/e-bike-de\/turbo-tero-x-5-0\/","og_locale":"de_DE","og_type":"article","og_title":"Turbo Tero X 5.0 - Z-Bike","og_description":"[vc_row][vc_column][vc_column_text uncode_shortcode_id=&#8220;139535&#8243; css=&#8220;.vc_custom_1758186235630{padding-bottom: 36px !important;}&#8220;] Entdeckergeist Die Turbo Tero X 5.0 ist f\u00fcr diejenigen gemacht, die \u00fcber den Stra\u00dfenrand hinauswollen: [&hellip;]","og_url":"https:\/\/z-bike.ch\/de\/shop\/e-bike-de\/turbo-tero-x-5-0\/","og_site_name":"Z-Bike","article_publisher":"https:\/\/www.facebook.com\/zbikelugano","og_image":[{"width":2000,"height":1125,"url":"https:\/\/z-bike.ch\/wp-content\/uploads\/2025\/09\/91622-31_TERO-X-50-29-OAKGRNMET-OAKGRN_HERO-removebg.png","type":"image\/png"}],"twitter_card":"summary_large_image","twitter_misc":{"Gesch\u00e4tzte Lesezeit":"1\u00a0Minute"},"schema":{"@context":"https:\/\/schema.org","@graph":[{"@type":"WebPage","@id":"https:\/\/z-bike.ch\/de\/shop\/e-bike-de\/turbo-tero-x-5-0\/","url":"https:\/\/z-bike.ch\/de\/shop\/e-bike-de\/turbo-tero-x-5-0\/","name":"Turbo Tero X 5.0 - Z-Bike","isPartOf":{"@id":"https:\/\/z-bike.ch\/#website"},"primaryImageOfPage":{"@id":"https:\/\/z-bike.ch\/de\/shop\/e-bike-de\/turbo-tero-x-5-0\/#primaryimage"},"image":{"@id":"https:\/\/z-bike.ch\/de\/shop\/e-bike-de\/turbo-tero-x-5-0\/#primaryimage"},"thumbnailUrl":"https:\/\/z-bike.ch\/wp-content\/uploads\/2025\/09\/91622-31_TERO-X-50-29-OAKGRNMET-OAKGRN_HERO-removebg.png","datePublished":"2025-09-18T14:14:43+00:00","dateModified":"2025-09-18T14:14:43+00:00","breadcrumb":{"@id":"https:\/\/z-bike.ch\/de\/shop\/e-bike-de\/turbo-tero-x-5-0\/#breadcrumb"},"inLanguage":"de","potentialAction":[{"@type":"ReadAction","target":["https:\/\/z-bike.ch\/de\/shop\/e-bike-de\/turbo-tero-x-5-0\/"]}]},{"@type":"ImageObject","inLanguage":"de","@id":"https:\/\/z-bike.ch\/de\/shop\/e-bike-de\/turbo-tero-x-5-0\/#primaryimage","url":"https:\/\/z-bike.ch\/wp-content\/uploads\/2025\/09\/91622-31_TERO-X-50-29-OAKGRNMET-OAKGRN_HERO-removebg.png","contentUrl":"https:\/\/z-bike.ch\/wp-content\/uploads\/2025\/09\/91622-31_TERO-X-50-29-OAKGRNMET-OAKGRN_HERO-removebg.png","width":2000,"height":1125},{"@type":"BreadcrumbList","@id":"https:\/\/z-bike.ch\/de\/shop\/e-bike-de\/turbo-tero-x-5-0\/#breadcrumb","itemListElement":[{"@type":"ListItem","position":1,"name":"Home","item":"https:\/\/z-bike.ch\/de\/"},{"@type":"ListItem","position":2,"name":"Shop","item":"https:\/\/z-bike.ch\/de\/shop-3\/"},{"@type":"ListItem","position":3,"name":"Turbo Tero X 5.0"}]},{"@type":"WebSite","@id":"https:\/\/z-bike.ch\/#website","url":"https:\/\/z-bike.ch\/","name":"Z-Bike","description":"Bici Elettriche Online Svizzera: Miglior Prezzo | Consegna Rapida","publisher":{"@id":"https:\/\/z-bike.ch\/#organization"},"alternateName":"ZBike","potentialAction":[{"@type":"SearchAction","target":{"@type":"EntryPoint","urlTemplate":"https:\/\/z-bike.ch\/?s={search_term_string}"},"query-input":{"@type":"PropertyValueSpecification","valueRequired":true,"valueName":"search_term_string"}}],"inLanguage":"de"},{"@type":"Organization","@id":"https:\/\/z-bike.ch\/#organization","name":"Z-Bike","url":"https:\/\/z-bike.ch\/","logo":{"@type":"ImageObject","inLanguage":"de","@id":"https:\/\/z-bike.ch\/#\/schema\/logo\/image\/","url":"https:\/\/z-bike.ch\/wp-content\/uploads\/2023\/07\/logo_z-bike_ori.svg","contentUrl":"https:\/\/z-bike.ch\/wp-content\/uploads\/2023\/07\/logo_z-bike_ori.svg","width":1,"height":1,"caption":"Z-Bike"},"image":{"@id":"https:\/\/z-bike.ch\/#\/schema\/logo\/image\/"},"sameAs":["https:\/\/www.facebook.com\/zbikelugano","https:\/\/www.instagram.com\/zbike.ebike"]}]}},"_links":{"self":[{"href":"https:\/\/z-bike.ch\/de\/wp-json\/wp\/v2\/product\/126444"}],"collection":[{"href":"https:\/\/z-bike.ch\/de\/wp-json\/wp\/v2\/product"}],"about":[{"href":"https:\/\/z-bike.ch\/de\/wp-json\/wp\/v2\/types\/product"}],"replies":[{"embeddable":true,"href":"https:\/\/z-bike.ch\/de\/wp-json\/wp\/v2\/comments?post=126444"}],"wp:featuredmedia":[{"embeddable":true,"href":"https:\/\/z-bike.ch\/de\/wp-json\/wp\/v2\/media\/126409"}],"wp:attachment":[{"href":"https:\/\/z-bike.ch\/de\/wp-json\/wp\/v2\/media?parent=126444"}],"wp:term":[{"taxonomy":"product_cat","embeddable":true,"href":"https:\/\/z-bike.ch\/de\/wp-json\/wp\/v2\/product_cat?post=126444"},{"taxonomy":"product_tag","embeddable":true,"href":"https:\/\/z-bike.ch\/de\/wp-json\/wp\/v2\/product_tag?post=126444"}],"curies":[{"name":"wp","href":"https:\/\/api.w.org\/{rel}","templated":true}]}}