{"id":126502,"date":"2025-09-25T10:33:50","date_gmt":"2025-09-25T08:33:50","guid":{"rendered":"https:\/\/z-bike.ch\/shop\/unkategorisiert\/bmc-teammachine-r-01-one\/"},"modified":"2025-09-25T10:41:59","modified_gmt":"2025-09-25T08:41:59","slug":"bmc-teammachine-r-01-one","status":"publish","type":"product","link":"https:\/\/z-bike.ch\/de\/shop\/muscolari-de\/bmc-teammachine-r-01-one\/","title":{"rendered":"BMC Teammachine R 01 ONE"},"content":{"rendered":"<section class=\"wpb-content-wrapper\"><p>[vc_row][vc_column][vc_column_text uncode_shortcode_id=&#8220;138327&#8243; css=&#8220;.vc_custom_1758788873637{padding-bottom: 36px !important;}&#8220;]<\/p>\n<h3 data-start=\"235\" data-end=\"257\">Podium-Geist<\/h3>\n<p data-start=\"258\" data-end=\"497\">Die Teammachine R 01 ONE strahlt die Energie derjenigen aus, die nach H\u00f6chstem streben \u2013 sie ist nicht blo\u00df ein Fahrrad zum Fahren, sondern Partner f\u00fcr Spitzenleistungen mit dem Blick auf den Sieg.<\/p>\n<h3 data-start=\"499\" data-end=\"529\">Raffinierte Aerodynamik<\/h3>\n<p data-start=\"530\" data-end=\"800\">Schlanke Linien, integriertes Cockpit und versteckte Details zeigen ein Streben nach perfektem Luftfluss: jede Fl\u00e4che tr\u00e4gt dazu bei, der Luft zu trotzen, jeder Teil arbeitet im Einklang mit dem Wind. Es ist ein Fahrrad, das gegen den Widerstand tanzt.<\/p>\n<h3 data-start=\"802\" data-end=\"833\">Pr\u00e4zision in der Reaktion<\/h3>\n<p data-start=\"834\" data-end=\"1070\">Die Geometrie ist abgestimmt auf jene, die Tempo machen, Rhythmuswechsel lieben, schnelle Kurven lieben. Das Rad antwortet pr\u00e4zise und agil, verleiht Sicherheit auf Abfahrten wie auf Geraden. Ein Fahrrad, das Vertrauen bei jedem Impuls weckt.<\/p>\n<h3 data-start=\"1072\" data-end=\"1094\">Technische Eleganz<\/h3>\n<p data-start=\"1095\" data-end=\"1377\">\u00dcber Leistung hinaus tr\u00e4gt die Teammachine R 01 ONE eine moderne, raffinierte \u00c4sthetik \u2013 kein Protzen, aber klare Ausdruckskraft. Carbon, sorgsam ausgew\u00e4hlte Komponenten, kr\u00e4ftiger Farbton kombiniert mit High-End-Elementen \u2013 das Gesamtbild wirkt stark und kultiviert.<\/p>\n<h3 data-start=\"1379\" data-end=\"1418\">Einladung zur pers\u00f6nlichen Entwicklung<\/h3>\n<p data-start=\"1419\" data-end=\"1697\">Mit diesem Bike zu fahren hei\u00dft, die eigenen Grenzen herauszufordern: Anstiege, Sprints, Momente, in denen du alles gibst. Aber auch Augenblicke von Leichtigkeit, Freude an der Stra\u00dfe, am gleichm\u00e4\u00dfigen Tritt. Ein Aufruf, zu wachsen, sich zu verbessern, jeden Tag ein St\u00fcck weiter.<\/p>\n<p>[\/vc_column_text][\/vc_column][\/vc_row]<\/p>\n<\/section>","protected":false},"excerpt":{"rendered":"<p>[vc_row][vc_column][vc_column_text uncode_shortcode_id=&#8220;138327&#8243; css=&#8220;.vc_custom_1758788873637{padding-bottom: 36px !important;}&#8220;] Podium-Geist Die Teammachine R 01 ONE strahlt die Energie derjenigen aus, die nach H\u00f6chstem streben [&hellip;]<\/p>\n","protected":false},"featured_media":126488,"comment_status":"open","ping_status":"closed","template":"","meta":[],"product_cat":[429],"product_tag":[],"yoast_head":"<!-- This site is optimized with the Yoast SEO plugin v23.6 - https:\/\/yoast.com\/wordpress\/plugins\/seo\/ -->\n<title>BMC Teammachine R 01 ONE - Z-Bike<\/title>\n<meta name=\"robots\" content=\"index, follow, max-snippet:-1, max-image-preview:large, max-video-preview:-1\" \/>\n<link rel=\"canonical\" href=\"https:\/\/z-bike.ch\/de\/shop\/muscolari-de\/bmc-teammachine-r-01-one\/\" \/>\n<meta property=\"og:locale\" content=\"de_DE\" \/>\n<meta property=\"og:type\" content=\"article\" \/>\n<meta property=\"og:title\" content=\"BMC Teammachine R 01 ONE - Z-Bike\" \/>\n<meta property=\"og:description\" content=\"[vc_row][vc_column][vc_column_text uncode_shortcode_id=&#8220;138327&#8243; css=&#8220;.vc_custom_1758788873637{padding-bottom: 36px !important;}&#8220;] Podium-Geist Die Teammachine R 01 ONE strahlt die Energie derjenigen aus, die nach H\u00f6chstem streben [&hellip;]\" \/>\n<meta property=\"og:url\" content=\"https:\/\/z-bike.ch\/de\/shop\/muscolari-de\/bmc-teammachine-r-01-one\/\" \/>\n<meta property=\"og:site_name\" content=\"Z-Bike\" \/>\n<meta property=\"article:publisher\" content=\"https:\/\/www.facebook.com\/zbikelugano\" \/>\n<meta property=\"article:modified_time\" content=\"2025-09-25T08:41:59+00:00\" \/>\n<meta property=\"og:image\" content=\"https:\/\/z-bike.ch\/wp-content\/uploads\/2025\/09\/bmc-2026-teammachine-r-01-one-road-bike-black-1-removebg.png\" \/>\n\t<meta property=\"og:image:width\" content=\"1891\" \/>\n\t<meta property=\"og:image:height\" content=\"1102\" \/>\n\t<meta property=\"og:image:type\" content=\"image\/png\" \/>\n<meta name=\"twitter:card\" content=\"summary_large_image\" \/>\n<meta name=\"twitter:label1\" content=\"Gesch\u00e4tzte Lesezeit\" \/>\n\t<meta name=\"twitter:data1\" content=\"1\u00a0Minute\" \/>\n<script type=\"application\/ld+json\" class=\"yoast-schema-graph\">{\"@context\":\"https:\/\/schema.org\",\"@graph\":[{\"@type\":\"WebPage\",\"@id\":\"https:\/\/z-bike.ch\/de\/shop\/muscolari-de\/bmc-teammachine-r-01-one\/\",\"url\":\"https:\/\/z-bike.ch\/de\/shop\/muscolari-de\/bmc-teammachine-r-01-one\/\",\"name\":\"BMC Teammachine R 01 ONE - Z-Bike\",\"isPartOf\":{\"@id\":\"https:\/\/z-bike.ch\/#website\"},\"primaryImageOfPage\":{\"@id\":\"https:\/\/z-bike.ch\/de\/shop\/muscolari-de\/bmc-teammachine-r-01-one\/#primaryimage\"},\"image\":{\"@id\":\"https:\/\/z-bike.ch\/de\/shop\/muscolari-de\/bmc-teammachine-r-01-one\/#primaryimage\"},\"thumbnailUrl\":\"https:\/\/z-bike.ch\/wp-content\/uploads\/2025\/09\/bmc-2026-teammachine-r-01-one-road-bike-black-1-removebg.png\",\"datePublished\":\"2025-09-25T08:33:50+00:00\",\"dateModified\":\"2025-09-25T08:41:59+00:00\",\"breadcrumb\":{\"@id\":\"https:\/\/z-bike.ch\/de\/shop\/muscolari-de\/bmc-teammachine-r-01-one\/#breadcrumb\"},\"inLanguage\":\"de\",\"potentialAction\":[{\"@type\":\"ReadAction\",\"target\":[\"https:\/\/z-bike.ch\/de\/shop\/muscolari-de\/bmc-teammachine-r-01-one\/\"]}]},{\"@type\":\"ImageObject\",\"inLanguage\":\"de\",\"@id\":\"https:\/\/z-bike.ch\/de\/shop\/muscolari-de\/bmc-teammachine-r-01-one\/#primaryimage\",\"url\":\"https:\/\/z-bike.ch\/wp-content\/uploads\/2025\/09\/bmc-2026-teammachine-r-01-one-road-bike-black-1-removebg.png\",\"contentUrl\":\"https:\/\/z-bike.ch\/wp-content\/uploads\/2025\/09\/bmc-2026-teammachine-r-01-one-road-bike-black-1-removebg.png\",\"width\":1891,\"height\":1102},{\"@type\":\"BreadcrumbList\",\"@id\":\"https:\/\/z-bike.ch\/de\/shop\/muscolari-de\/bmc-teammachine-r-01-one\/#breadcrumb\",\"itemListElement\":[{\"@type\":\"ListItem\",\"position\":1,\"name\":\"Home\",\"item\":\"https:\/\/z-bike.ch\/de\/\"},{\"@type\":\"ListItem\",\"position\":2,\"name\":\"Shop\",\"item\":\"https:\/\/z-bike.ch\/de\/shop-3\/\"},{\"@type\":\"ListItem\",\"position\":3,\"name\":\"BMC Teammachine R 01 ONE\"}]},{\"@type\":\"WebSite\",\"@id\":\"https:\/\/z-bike.ch\/#website\",\"url\":\"https:\/\/z-bike.ch\/\",\"name\":\"Z-Bike\",\"description\":\"Bici Elettriche Online Svizzera: Miglior Prezzo | Consegna Rapida\",\"publisher\":{\"@id\":\"https:\/\/z-bike.ch\/#organization\"},\"alternateName\":\"ZBike\",\"potentialAction\":[{\"@type\":\"SearchAction\",\"target\":{\"@type\":\"EntryPoint\",\"urlTemplate\":\"https:\/\/z-bike.ch\/?s={search_term_string}\"},\"query-input\":{\"@type\":\"PropertyValueSpecification\",\"valueRequired\":true,\"valueName\":\"search_term_string\"}}],\"inLanguage\":\"de\"},{\"@type\":\"Organization\",\"@id\":\"https:\/\/z-bike.ch\/#organization\",\"name\":\"Z-Bike\",\"url\":\"https:\/\/z-bike.ch\/\",\"logo\":{\"@type\":\"ImageObject\",\"inLanguage\":\"de\",\"@id\":\"https:\/\/z-bike.ch\/#\/schema\/logo\/image\/\",\"url\":\"https:\/\/z-bike.ch\/wp-content\/uploads\/2023\/07\/logo_z-bike_ori.svg\",\"contentUrl\":\"https:\/\/z-bike.ch\/wp-content\/uploads\/2023\/07\/logo_z-bike_ori.svg\",\"width\":1,\"height\":1,\"caption\":\"Z-Bike\"},\"image\":{\"@id\":\"https:\/\/z-bike.ch\/#\/schema\/logo\/image\/\"},\"sameAs\":[\"https:\/\/www.facebook.com\/zbikelugano\",\"https:\/\/www.instagram.com\/zbike.ebike\"]}]}<\/script>\n<!-- \/ Yoast SEO plugin. -->","yoast_head_json":{"title":"BMC Teammachine R 01 ONE - Z-Bike","robots":{"index":"index","follow":"follow","max-snippet":"max-snippet:-1","max-image-preview":"max-image-preview:large","max-video-preview":"max-video-preview:-1"},"canonical":"https:\/\/z-bike.ch\/de\/shop\/muscolari-de\/bmc-teammachine-r-01-one\/","og_locale":"de_DE","og_type":"article","og_title":"BMC Teammachine R 01 ONE - Z-Bike","og_description":"[vc_row][vc_column][vc_column_text uncode_shortcode_id=&#8220;138327&#8243; css=&#8220;.vc_custom_1758788873637{padding-bottom: 36px !important;}&#8220;] Podium-Geist Die Teammachine R 01 ONE strahlt die Energie derjenigen aus, die nach H\u00f6chstem streben [&hellip;]","og_url":"https:\/\/z-bike.ch\/de\/shop\/muscolari-de\/bmc-teammachine-r-01-one\/","og_site_name":"Z-Bike","article_publisher":"https:\/\/www.facebook.com\/zbikelugano","article_modified_time":"2025-09-25T08:41:59+00:00","og_image":[{"width":1891,"height":1102,"url":"https:\/\/z-bike.ch\/wp-content\/uploads\/2025\/09\/bmc-2026-teammachine-r-01-one-road-bike-black-1-removebg.png","type":"image\/png"}],"twitter_card":"summary_large_image","twitter_misc":{"Gesch\u00e4tzte Lesezeit":"1\u00a0Minute"},"schema":{"@context":"https:\/\/schema.org","@graph":[{"@type":"WebPage","@id":"https:\/\/z-bike.ch\/de\/shop\/muscolari-de\/bmc-teammachine-r-01-one\/","url":"https:\/\/z-bike.ch\/de\/shop\/muscolari-de\/bmc-teammachine-r-01-one\/","name":"BMC Teammachine R 01 ONE - Z-Bike","isPartOf":{"@id":"https:\/\/z-bike.ch\/#website"},"primaryImageOfPage":{"@id":"https:\/\/z-bike.ch\/de\/shop\/muscolari-de\/bmc-teammachine-r-01-one\/#primaryimage"},"image":{"@id":"https:\/\/z-bike.ch\/de\/shop\/muscolari-de\/bmc-teammachine-r-01-one\/#primaryimage"},"thumbnailUrl":"https:\/\/z-bike.ch\/wp-content\/uploads\/2025\/09\/bmc-2026-teammachine-r-01-one-road-bike-black-1-removebg.png","datePublished":"2025-09-25T08:33:50+00:00","dateModified":"2025-09-25T08:41:59+00:00","breadcrumb":{"@id":"https:\/\/z-bike.ch\/de\/shop\/muscolari-de\/bmc-teammachine-r-01-one\/#breadcrumb"},"inLanguage":"de","potentialAction":[{"@type":"ReadAction","target":["https:\/\/z-bike.ch\/de\/shop\/muscolari-de\/bmc-teammachine-r-01-one\/"]}]},{"@type":"ImageObject","inLanguage":"de","@id":"https:\/\/z-bike.ch\/de\/shop\/muscolari-de\/bmc-teammachine-r-01-one\/#primaryimage","url":"https:\/\/z-bike.ch\/wp-content\/uploads\/2025\/09\/bmc-2026-teammachine-r-01-one-road-bike-black-1-removebg.png","contentUrl":"https:\/\/z-bike.ch\/wp-content\/uploads\/2025\/09\/bmc-2026-teammachine-r-01-one-road-bike-black-1-removebg.png","width":1891,"height":1102},{"@type":"BreadcrumbList","@id":"https:\/\/z-bike.ch\/de\/shop\/muscolari-de\/bmc-teammachine-r-01-one\/#breadcrumb","itemListElement":[{"@type":"ListItem","position":1,"name":"Home","item":"https:\/\/z-bike.ch\/de\/"},{"@type":"ListItem","position":2,"name":"Shop","item":"https:\/\/z-bike.ch\/de\/shop-3\/"},{"@type":"ListItem","position":3,"name":"BMC Teammachine R 01 ONE"}]},{"@type":"WebSite","@id":"https:\/\/z-bike.ch\/#website","url":"https:\/\/z-bike.ch\/","name":"Z-Bike","description":"Bici Elettriche Online Svizzera: Miglior Prezzo | Consegna Rapida","publisher":{"@id":"https:\/\/z-bike.ch\/#organization"},"alternateName":"ZBike","potentialAction":[{"@type":"SearchAction","target":{"@type":"EntryPoint","urlTemplate":"https:\/\/z-bike.ch\/?s={search_term_string}"},"query-input":{"@type":"PropertyValueSpecification","valueRequired":true,"valueName":"search_term_string"}}],"inLanguage":"de"},{"@type":"Organization","@id":"https:\/\/z-bike.ch\/#organization","name":"Z-Bike","url":"https:\/\/z-bike.ch\/","logo":{"@type":"ImageObject","inLanguage":"de","@id":"https:\/\/z-bike.ch\/#\/schema\/logo\/image\/","url":"https:\/\/z-bike.ch\/wp-content\/uploads\/2023\/07\/logo_z-bike_ori.svg","contentUrl":"https:\/\/z-bike.ch\/wp-content\/uploads\/2023\/07\/logo_z-bike_ori.svg","width":1,"height":1,"caption":"Z-Bike"},"image":{"@id":"https:\/\/z-bike.ch\/#\/schema\/logo\/image\/"},"sameAs":["https:\/\/www.facebook.com\/zbikelugano","https:\/\/www.instagram.com\/zbike.ebike"]}]}},"_links":{"self":[{"href":"https:\/\/z-bike.ch\/de\/wp-json\/wp\/v2\/product\/126502"}],"collection":[{"href":"https:\/\/z-bike.ch\/de\/wp-json\/wp\/v2\/product"}],"about":[{"href":"https:\/\/z-bike.ch\/de\/wp-json\/wp\/v2\/types\/product"}],"replies":[{"embeddable":true,"href":"https:\/\/z-bike.ch\/de\/wp-json\/wp\/v2\/comments?post=126502"}],"wp:featuredmedia":[{"embeddable":true,"href":"https:\/\/z-bike.ch\/de\/wp-json\/wp\/v2\/media\/126488"}],"wp:attachment":[{"href":"https:\/\/z-bike.ch\/de\/wp-json\/wp\/v2\/media?parent=126502"}],"wp:term":[{"taxonomy":"product_cat","embeddable":true,"href":"https:\/\/z-bike.ch\/de\/wp-json\/wp\/v2\/product_cat?post=126502"},{"taxonomy":"product_tag","embeddable":true,"href":"https:\/\/z-bike.ch\/de\/wp-json\/wp\/v2\/product_tag?post=126502"}],"curies":[{"name":"wp","href":"https:\/\/api.w.org\/{rel}","templated":true}]}}