{"id":126584,"date":"2025-09-25T12:59:53","date_gmt":"2025-09-25T10:59:53","guid":{"rendered":"https:\/\/z-bike.ch\/shop\/unkategorisiert\/teammachine-slr-01-one-2\/"},"modified":"2025-09-25T13:07:25","modified_gmt":"2025-09-25T11:07:25","slug":"teammachine-slr-01-one-2","status":"publish","type":"product","link":"https:\/\/z-bike.ch\/de\/shop\/muscolari-de\/teammachine-slr-01-one-2\/","title":{"rendered":"Teammachine SLR 01 ONE"},"content":{"rendered":"<section class=\"wpb-content-wrapper\"><p>[vc_row][vc_column][vc_column_text uncode_shortcode_id=&#8220;203864&#8243; css=&#8220;.vc_custom_1758797050857{padding-bottom: 36px !important;}&#8220;]<\/p>\n<h3 data-start=\"172\" data-end=\"209\">Reine Leistung f\u00fcr den Wettk\u00e4mpfer<\/h3>\n<p data-start=\"210\" data-end=\"440\">Die <strong data-start=\"213\" data-end=\"239\">Teammachine SLR 01 ONE<\/strong> wurde f\u00fcr alle entwickelt, die maximale Performance suchen. Mit extrem niedrigem Gewicht bietet sie eine perfekte Balance aus Leichtigkeit und Aerodynamik, ideal f\u00fcr Fahrer, die jede Pedalumdrehung sp\u00fcren wollen.<\/p>\n<h3 data-start=\"442\" data-end=\"469\">Fortschrittliche Aerodynamik<\/h3>\n<p data-start=\"470\" data-end=\"712\">Der Premium-Carbonrahmen nutzt flie\u00dfende Linien und ein integriertes Cockpit, optimiert, um den Luftwiderstand zu minimieren. Jedes Detail tr\u00e4gt zur Verbesserung der aerodynamischen Effizienz bei und erm\u00f6glicht hohe Geschwindigkeiten bei minimalem Aufwand.<\/p>\n<h3 data-start=\"714\" data-end=\"749\">Hochwertige Komponenten<\/h3>\n<p data-start=\"750\" data-end=\"1018\">Ausgestattet mit einer modernen elektronischen Schaltung, gew\u00e4hrleistet das Rad schnelle und pr\u00e4zise Gangwechsel. Die hydraulischen Scheibenbremsen sorgen f\u00fcr starke Bremskraft unter allen Bedingungen, w\u00e4hrend die Komponenten auf maximale Leichtigkeit, Kontrolle und Reaktionsfreudigkeit ausgelegt sind.<\/p>\n<h3 data-start=\"1020\" data-end=\"1045\">Komfort und Kontrolle<\/h3>\n<p data-start=\"1046\" data-end=\"1308\">Die Rahmgeometrie bietet eine aggressive, aber komfortable Position, ideal f\u00fcr lange Distanzen und Rennen. Das integrierte Steuersystem verbessert die Handhabung, w\u00e4hrend Reifenfreiheit bis zu 30 mm das Fahren auf unterschiedlichen Stra\u00dfenoberfl\u00e4chen erlaubt.<\/p>\n<h3 data-start=\"1310\" data-end=\"1331\">Elegantes Design<\/h3>\n<p data-start=\"1332\" data-end=\"1534\">Erh\u00e4ltlich in modernen Farbkombinationen, besticht die Teammachine SLR 01 ONE durch ein klares, harmonisches Design und sorgf\u00e4ltige Details. Ein Rad, das Performance und Stil perfekt vereint.<\/p>\n<p>[\/vc_column_text][vc_single_image media=&#8220;126566&#8243; media_width_percent=&#8220;100&#8243; uncode_shortcode_id=&#8220;187217&#8243;][\/vc_column][\/vc_row]<\/p>\n<\/section>","protected":false},"excerpt":{"rendered":"<p>[vc_row][vc_column][vc_column_text uncode_shortcode_id=&#8220;203864&#8243; css=&#8220;.vc_custom_1758797050857{padding-bottom: 36px !important;}&#8220;] Reine Leistung f\u00fcr den Wettk\u00e4mpfer Die Teammachine SLR 01 ONE wurde f\u00fcr alle entwickelt, die [&hellip;]<\/p>\n","protected":false},"featured_media":126570,"comment_status":"open","ping_status":"closed","template":"","meta":[],"product_cat":[429],"product_tag":[],"yoast_head":"<!-- This site is optimized with the Yoast SEO plugin v23.6 - https:\/\/yoast.com\/wordpress\/plugins\/seo\/ -->\n<title>Teammachine SLR 01 ONE - Z-Bike<\/title>\n<meta name=\"robots\" content=\"index, follow, max-snippet:-1, max-image-preview:large, max-video-preview:-1\" \/>\n<link rel=\"canonical\" href=\"https:\/\/z-bike.ch\/de\/shop\/muscolari-de\/teammachine-slr-01-one-2\/\" \/>\n<meta property=\"og:locale\" content=\"de_DE\" \/>\n<meta property=\"og:type\" content=\"article\" \/>\n<meta property=\"og:title\" content=\"Teammachine SLR 01 ONE - Z-Bike\" \/>\n<meta property=\"og:description\" content=\"[vc_row][vc_column][vc_column_text uncode_shortcode_id=&#8220;203864&#8243; css=&#8220;.vc_custom_1758797050857{padding-bottom: 36px !important;}&#8220;] Reine Leistung f\u00fcr den Wettk\u00e4mpfer Die Teammachine SLR 01 ONE wurde f\u00fcr alle entwickelt, die [&hellip;]\" \/>\n<meta property=\"og:url\" content=\"https:\/\/z-bike.ch\/de\/shop\/muscolari-de\/teammachine-slr-01-one-2\/\" \/>\n<meta property=\"og:site_name\" content=\"Z-Bike\" \/>\n<meta property=\"article:publisher\" content=\"https:\/\/www.facebook.com\/zbikelugano\" \/>\n<meta property=\"article:modified_time\" content=\"2025-09-25T11:07:25+00:00\" \/>\n<meta property=\"og:image\" content=\"https:\/\/z-bike.ch\/wp-content\/uploads\/2025\/09\/bmc-2026-teammachine-slr-01-one-road-bike-black-1-removebg.png\" \/>\n\t<meta property=\"og:image:width\" content=\"1866\" \/>\n\t<meta property=\"og:image:height\" content=\"1130\" \/>\n\t<meta property=\"og:image:type\" content=\"image\/png\" \/>\n<meta name=\"twitter:card\" content=\"summary_large_image\" \/>\n<meta name=\"twitter:label1\" content=\"Gesch\u00e4tzte Lesezeit\" \/>\n\t<meta name=\"twitter:data1\" content=\"1\u00a0Minute\" \/>\n<script type=\"application\/ld+json\" class=\"yoast-schema-graph\">{\"@context\":\"https:\/\/schema.org\",\"@graph\":[{\"@type\":\"WebPage\",\"@id\":\"https:\/\/z-bike.ch\/de\/shop\/muscolari-de\/teammachine-slr-01-one-2\/\",\"url\":\"https:\/\/z-bike.ch\/de\/shop\/muscolari-de\/teammachine-slr-01-one-2\/\",\"name\":\"Teammachine SLR 01 ONE - Z-Bike\",\"isPartOf\":{\"@id\":\"https:\/\/z-bike.ch\/#website\"},\"primaryImageOfPage\":{\"@id\":\"https:\/\/z-bike.ch\/de\/shop\/muscolari-de\/teammachine-slr-01-one-2\/#primaryimage\"},\"image\":{\"@id\":\"https:\/\/z-bike.ch\/de\/shop\/muscolari-de\/teammachine-slr-01-one-2\/#primaryimage\"},\"thumbnailUrl\":\"https:\/\/z-bike.ch\/wp-content\/uploads\/2025\/09\/bmc-2026-teammachine-slr-01-one-road-bike-black-1-removebg.png\",\"datePublished\":\"2025-09-25T10:59:53+00:00\",\"dateModified\":\"2025-09-25T11:07:25+00:00\",\"breadcrumb\":{\"@id\":\"https:\/\/z-bike.ch\/de\/shop\/muscolari-de\/teammachine-slr-01-one-2\/#breadcrumb\"},\"inLanguage\":\"de\",\"potentialAction\":[{\"@type\":\"ReadAction\",\"target\":[\"https:\/\/z-bike.ch\/de\/shop\/muscolari-de\/teammachine-slr-01-one-2\/\"]}]},{\"@type\":\"ImageObject\",\"inLanguage\":\"de\",\"@id\":\"https:\/\/z-bike.ch\/de\/shop\/muscolari-de\/teammachine-slr-01-one-2\/#primaryimage\",\"url\":\"https:\/\/z-bike.ch\/wp-content\/uploads\/2025\/09\/bmc-2026-teammachine-slr-01-one-road-bike-black-1-removebg.png\",\"contentUrl\":\"https:\/\/z-bike.ch\/wp-content\/uploads\/2025\/09\/bmc-2026-teammachine-slr-01-one-road-bike-black-1-removebg.png\",\"width\":1866,\"height\":1130},{\"@type\":\"BreadcrumbList\",\"@id\":\"https:\/\/z-bike.ch\/de\/shop\/muscolari-de\/teammachine-slr-01-one-2\/#breadcrumb\",\"itemListElement\":[{\"@type\":\"ListItem\",\"position\":1,\"name\":\"Home\",\"item\":\"https:\/\/z-bike.ch\/de\/\"},{\"@type\":\"ListItem\",\"position\":2,\"name\":\"Shop\",\"item\":\"https:\/\/z-bike.ch\/de\/shop-3\/\"},{\"@type\":\"ListItem\",\"position\":3,\"name\":\"Teammachine SLR 01 ONE\"}]},{\"@type\":\"WebSite\",\"@id\":\"https:\/\/z-bike.ch\/#website\",\"url\":\"https:\/\/z-bike.ch\/\",\"name\":\"Z-Bike\",\"description\":\"Bici Elettriche Online Svizzera: Miglior Prezzo | Consegna Rapida\",\"publisher\":{\"@id\":\"https:\/\/z-bike.ch\/#organization\"},\"alternateName\":\"ZBike\",\"potentialAction\":[{\"@type\":\"SearchAction\",\"target\":{\"@type\":\"EntryPoint\",\"urlTemplate\":\"https:\/\/z-bike.ch\/?s={search_term_string}\"},\"query-input\":{\"@type\":\"PropertyValueSpecification\",\"valueRequired\":true,\"valueName\":\"search_term_string\"}}],\"inLanguage\":\"de\"},{\"@type\":\"Organization\",\"@id\":\"https:\/\/z-bike.ch\/#organization\",\"name\":\"Z-Bike\",\"url\":\"https:\/\/z-bike.ch\/\",\"logo\":{\"@type\":\"ImageObject\",\"inLanguage\":\"de\",\"@id\":\"https:\/\/z-bike.ch\/#\/schema\/logo\/image\/\",\"url\":\"https:\/\/z-bike.ch\/wp-content\/uploads\/2023\/07\/logo_z-bike_ori.svg\",\"contentUrl\":\"https:\/\/z-bike.ch\/wp-content\/uploads\/2023\/07\/logo_z-bike_ori.svg\",\"width\":1,\"height\":1,\"caption\":\"Z-Bike\"},\"image\":{\"@id\":\"https:\/\/z-bike.ch\/#\/schema\/logo\/image\/\"},\"sameAs\":[\"https:\/\/www.facebook.com\/zbikelugano\",\"https:\/\/www.instagram.com\/zbike.ebike\"]}]}<\/script>\n<!-- \/ Yoast SEO plugin. -->","yoast_head_json":{"title":"Teammachine SLR 01 ONE - Z-Bike","robots":{"index":"index","follow":"follow","max-snippet":"max-snippet:-1","max-image-preview":"max-image-preview:large","max-video-preview":"max-video-preview:-1"},"canonical":"https:\/\/z-bike.ch\/de\/shop\/muscolari-de\/teammachine-slr-01-one-2\/","og_locale":"de_DE","og_type":"article","og_title":"Teammachine SLR 01 ONE - Z-Bike","og_description":"[vc_row][vc_column][vc_column_text uncode_shortcode_id=&#8220;203864&#8243; css=&#8220;.vc_custom_1758797050857{padding-bottom: 36px !important;}&#8220;] Reine Leistung f\u00fcr den Wettk\u00e4mpfer Die Teammachine SLR 01 ONE wurde f\u00fcr alle entwickelt, die [&hellip;]","og_url":"https:\/\/z-bike.ch\/de\/shop\/muscolari-de\/teammachine-slr-01-one-2\/","og_site_name":"Z-Bike","article_publisher":"https:\/\/www.facebook.com\/zbikelugano","article_modified_time":"2025-09-25T11:07:25+00:00","og_image":[{"width":1866,"height":1130,"url":"https:\/\/z-bike.ch\/wp-content\/uploads\/2025\/09\/bmc-2026-teammachine-slr-01-one-road-bike-black-1-removebg.png","type":"image\/png"}],"twitter_card":"summary_large_image","twitter_misc":{"Gesch\u00e4tzte Lesezeit":"1\u00a0Minute"},"schema":{"@context":"https:\/\/schema.org","@graph":[{"@type":"WebPage","@id":"https:\/\/z-bike.ch\/de\/shop\/muscolari-de\/teammachine-slr-01-one-2\/","url":"https:\/\/z-bike.ch\/de\/shop\/muscolari-de\/teammachine-slr-01-one-2\/","name":"Teammachine SLR 01 ONE - Z-Bike","isPartOf":{"@id":"https:\/\/z-bike.ch\/#website"},"primaryImageOfPage":{"@id":"https:\/\/z-bike.ch\/de\/shop\/muscolari-de\/teammachine-slr-01-one-2\/#primaryimage"},"image":{"@id":"https:\/\/z-bike.ch\/de\/shop\/muscolari-de\/teammachine-slr-01-one-2\/#primaryimage"},"thumbnailUrl":"https:\/\/z-bike.ch\/wp-content\/uploads\/2025\/09\/bmc-2026-teammachine-slr-01-one-road-bike-black-1-removebg.png","datePublished":"2025-09-25T10:59:53+00:00","dateModified":"2025-09-25T11:07:25+00:00","breadcrumb":{"@id":"https:\/\/z-bike.ch\/de\/shop\/muscolari-de\/teammachine-slr-01-one-2\/#breadcrumb"},"inLanguage":"de","potentialAction":[{"@type":"ReadAction","target":["https:\/\/z-bike.ch\/de\/shop\/muscolari-de\/teammachine-slr-01-one-2\/"]}]},{"@type":"ImageObject","inLanguage":"de","@id":"https:\/\/z-bike.ch\/de\/shop\/muscolari-de\/teammachine-slr-01-one-2\/#primaryimage","url":"https:\/\/z-bike.ch\/wp-content\/uploads\/2025\/09\/bmc-2026-teammachine-slr-01-one-road-bike-black-1-removebg.png","contentUrl":"https:\/\/z-bike.ch\/wp-content\/uploads\/2025\/09\/bmc-2026-teammachine-slr-01-one-road-bike-black-1-removebg.png","width":1866,"height":1130},{"@type":"BreadcrumbList","@id":"https:\/\/z-bike.ch\/de\/shop\/muscolari-de\/teammachine-slr-01-one-2\/#breadcrumb","itemListElement":[{"@type":"ListItem","position":1,"name":"Home","item":"https:\/\/z-bike.ch\/de\/"},{"@type":"ListItem","position":2,"name":"Shop","item":"https:\/\/z-bike.ch\/de\/shop-3\/"},{"@type":"ListItem","position":3,"name":"Teammachine SLR 01 ONE"}]},{"@type":"WebSite","@id":"https:\/\/z-bike.ch\/#website","url":"https:\/\/z-bike.ch\/","name":"Z-Bike","description":"Bici Elettriche Online Svizzera: Miglior Prezzo | Consegna Rapida","publisher":{"@id":"https:\/\/z-bike.ch\/#organization"},"alternateName":"ZBike","potentialAction":[{"@type":"SearchAction","target":{"@type":"EntryPoint","urlTemplate":"https:\/\/z-bike.ch\/?s={search_term_string}"},"query-input":{"@type":"PropertyValueSpecification","valueRequired":true,"valueName":"search_term_string"}}],"inLanguage":"de"},{"@type":"Organization","@id":"https:\/\/z-bike.ch\/#organization","name":"Z-Bike","url":"https:\/\/z-bike.ch\/","logo":{"@type":"ImageObject","inLanguage":"de","@id":"https:\/\/z-bike.ch\/#\/schema\/logo\/image\/","url":"https:\/\/z-bike.ch\/wp-content\/uploads\/2023\/07\/logo_z-bike_ori.svg","contentUrl":"https:\/\/z-bike.ch\/wp-content\/uploads\/2023\/07\/logo_z-bike_ori.svg","width":1,"height":1,"caption":"Z-Bike"},"image":{"@id":"https:\/\/z-bike.ch\/#\/schema\/logo\/image\/"},"sameAs":["https:\/\/www.facebook.com\/zbikelugano","https:\/\/www.instagram.com\/zbike.ebike"]}]}},"_links":{"self":[{"href":"https:\/\/z-bike.ch\/de\/wp-json\/wp\/v2\/product\/126584"}],"collection":[{"href":"https:\/\/z-bike.ch\/de\/wp-json\/wp\/v2\/product"}],"about":[{"href":"https:\/\/z-bike.ch\/de\/wp-json\/wp\/v2\/types\/product"}],"replies":[{"embeddable":true,"href":"https:\/\/z-bike.ch\/de\/wp-json\/wp\/v2\/comments?post=126584"}],"wp:featuredmedia":[{"embeddable":true,"href":"https:\/\/z-bike.ch\/de\/wp-json\/wp\/v2\/media\/126570"}],"wp:attachment":[{"href":"https:\/\/z-bike.ch\/de\/wp-json\/wp\/v2\/media?parent=126584"}],"wp:term":[{"taxonomy":"product_cat","embeddable":true,"href":"https:\/\/z-bike.ch\/de\/wp-json\/wp\/v2\/product_cat?post=126584"},{"taxonomy":"product_tag","embeddable":true,"href":"https:\/\/z-bike.ch\/de\/wp-json\/wp\/v2\/product_tag?post=126584"}],"curies":[{"name":"wp","href":"https:\/\/api.w.org\/{rel}","templated":true}]}}