{"id":126627,"date":"2025-09-25T16:14:55","date_gmt":"2025-09-25T14:14:55","guid":{"rendered":"https:\/\/z-bike.ch\/shop\/unkategorisiert\/bmc-teammachine-slr-01-three\/"},"modified":"2025-09-25T16:19:19","modified_gmt":"2025-09-25T14:19:19","slug":"bmc-teammachine-slr-01-three","status":"publish","type":"product","link":"https:\/\/z-bike.ch\/de\/shop\/muscolari-de\/bmc-teammachine-slr-01-three\/","title":{"rendered":"BMC Teammachine SLR 01 THREE"},"content":{"rendered":"<section class=\"wpb-content-wrapper\"><p>[vc_row][vc_column][vc_column_text uncode_shortcode_id=&#8220;475011&#8243; css=&#8220;.vc_custom_1758807549533{padding-bottom: 36px !important;}&#8220;]<\/p>\n<h3 data-start=\"173\" data-end=\"199\">Kletternder Charakter<\/h3>\n<p data-start=\"200\" data-end=\"448\">Die <strong data-start=\"203\" data-end=\"231\">Teammachine SLR 01 THREE<\/strong> weckt sofort Lust, Serpentinen und Gipfel in Angriff zu nehmen. Es ist ein Rad, das zum Steigen, zum Risiko, zum Vorw\u00e4rtsdrang motiviert. Jede Steigung wird zur B\u00fchne f\u00fcr dein K\u00f6nnen.<\/p>\n<h3 data-start=\"450\" data-end=\"477\">Skulpturale Aerodynamik<\/h3>\n<p data-start=\"478\" data-end=\"710\">Rahmen, Rohre, integriertes Cockpit \u2013 alles ist so gestaltet, dass es \u201edie Luft durchschneidet\u201c. Die Linienf\u00fchrung ist klar und durchdacht, jedes Teil harmoniert mit dem anderen, um Widerstand zu minimieren und die Pedalbewegung gleitend zu machen.<\/p>\n<h3 data-start=\"712\" data-end=\"733\">Sofortige Reaktionsfreudigkeit<\/h3>\n<p data-start=\"734\" data-end=\"959\">Wenn du beschleunigst oder den Rhythmus wechselst, reagiert das Rad pr\u00e4zise. In Kurven zeigt es Zugkraft, in Abfahrten Stabilit\u00e4t. Es ist ein Rad, das auf deine Eingaben reagiert, wie eine direkte Verl\u00e4ngerung deines K\u00f6rpers.<\/p>\n<h3 data-start=\"961\" data-end=\"983\">Technische Eleganz<\/h3>\n<p data-start=\"984\" data-end=\"1230\">Die SLR 01 THREE sucht kein Rampenlicht mit Effekten: ihre Eleganz ist dezent, technisch, zuverl\u00e4ssig. Verarbeitung, stimmiger Stil, harmonisches Zusammenspiel der Komponenten \u2013 all das ergibt eine zur\u00fcckhaltende und kraftvolle Sch\u00f6nheit.<\/p>\n<h3 data-start=\"1232\" data-end=\"1258\">Ansporn zur Verbesserung<\/h3>\n<p data-start=\"1259\" data-end=\"1482\">Jede Ausfahrt mit diesem Rad bietet die Chance, \u00fcber sich hinauszuwachsen. Anstiege, Tempowechsel, schwierige Momente sind Herausforderungen, keine H\u00fcrden. Es ist ein Rad, das motiviert, t\u00e4glich etwas besser zu werden.<\/p>\n<p>[\/vc_column_text][vc_single_image media=&#8220;126610&#8243; media_width_percent=&#8220;100&#8243; uncode_shortcode_id=&#8220;625954&#8243;][\/vc_column][\/vc_row]<\/p>\n<\/section>","protected":false},"excerpt":{"rendered":"<p>[vc_row][vc_column][vc_column_text uncode_shortcode_id=&#8220;475011&#8243; css=&#8220;.vc_custom_1758807549533{padding-bottom: 36px !important;}&#8220;] Kletternder Charakter Die Teammachine SLR 01 THREE weckt sofort Lust, Serpentinen und Gipfel in Angriff [&hellip;]<\/p>\n","protected":false},"featured_media":126614,"comment_status":"open","ping_status":"closed","template":"","meta":[],"product_cat":[429],"product_tag":[],"yoast_head":"<!-- This site is optimized with the Yoast SEO plugin v23.6 - https:\/\/yoast.com\/wordpress\/plugins\/seo\/ -->\n<title>BMC Teammachine SLR 01 THREE - Z-Bike<\/title>\n<meta name=\"robots\" content=\"index, follow, max-snippet:-1, max-image-preview:large, max-video-preview:-1\" \/>\n<link rel=\"canonical\" href=\"https:\/\/z-bike.ch\/de\/shop\/muscolari-de\/bmc-teammachine-slr-01-three\/\" \/>\n<meta property=\"og:locale\" content=\"de_DE\" \/>\n<meta property=\"og:type\" content=\"article\" \/>\n<meta property=\"og:title\" content=\"BMC Teammachine SLR 01 THREE - Z-Bike\" \/>\n<meta property=\"og:description\" content=\"[vc_row][vc_column][vc_column_text uncode_shortcode_id=&#8220;475011&#8243; css=&#8220;.vc_custom_1758807549533{padding-bottom: 36px !important;}&#8220;] Kletternder Charakter Die Teammachine SLR 01 THREE weckt sofort Lust, Serpentinen und Gipfel in Angriff [&hellip;]\" \/>\n<meta property=\"og:url\" content=\"https:\/\/z-bike.ch\/de\/shop\/muscolari-de\/bmc-teammachine-slr-01-three\/\" \/>\n<meta property=\"og:site_name\" content=\"Z-Bike\" \/>\n<meta property=\"article:publisher\" content=\"https:\/\/www.facebook.com\/zbikelugano\" \/>\n<meta property=\"article:modified_time\" content=\"2025-09-25T14:19:19+00:00\" \/>\n<meta property=\"og:image\" content=\"https:\/\/z-bike.ch\/wp-content\/uploads\/2025\/09\/bmc-2026-teammachine-slr-01-three-road-bike-white-1_6f6aa220-91a0-49d2-845c-bd713f43ed62-removebg.png\" \/>\n\t<meta property=\"og:image:width\" content=\"941\" \/>\n\t<meta property=\"og:image:height\" content=\"559\" \/>\n\t<meta property=\"og:image:type\" content=\"image\/png\" \/>\n<meta name=\"twitter:card\" content=\"summary_large_image\" \/>\n<meta name=\"twitter:label1\" content=\"Gesch\u00e4tzte Lesezeit\" \/>\n\t<meta name=\"twitter:data1\" content=\"1\u00a0Minute\" \/>\n<script type=\"application\/ld+json\" class=\"yoast-schema-graph\">{\"@context\":\"https:\/\/schema.org\",\"@graph\":[{\"@type\":\"WebPage\",\"@id\":\"https:\/\/z-bike.ch\/de\/shop\/muscolari-de\/bmc-teammachine-slr-01-three\/\",\"url\":\"https:\/\/z-bike.ch\/de\/shop\/muscolari-de\/bmc-teammachine-slr-01-three\/\",\"name\":\"BMC Teammachine SLR 01 THREE - Z-Bike\",\"isPartOf\":{\"@id\":\"https:\/\/z-bike.ch\/#website\"},\"primaryImageOfPage\":{\"@id\":\"https:\/\/z-bike.ch\/de\/shop\/muscolari-de\/bmc-teammachine-slr-01-three\/#primaryimage\"},\"image\":{\"@id\":\"https:\/\/z-bike.ch\/de\/shop\/muscolari-de\/bmc-teammachine-slr-01-three\/#primaryimage\"},\"thumbnailUrl\":\"https:\/\/z-bike.ch\/wp-content\/uploads\/2025\/09\/bmc-2026-teammachine-slr-01-three-road-bike-white-1_6f6aa220-91a0-49d2-845c-bd713f43ed62-removebg.png\",\"datePublished\":\"2025-09-25T14:14:55+00:00\",\"dateModified\":\"2025-09-25T14:19:19+00:00\",\"breadcrumb\":{\"@id\":\"https:\/\/z-bike.ch\/de\/shop\/muscolari-de\/bmc-teammachine-slr-01-three\/#breadcrumb\"},\"inLanguage\":\"de\",\"potentialAction\":[{\"@type\":\"ReadAction\",\"target\":[\"https:\/\/z-bike.ch\/de\/shop\/muscolari-de\/bmc-teammachine-slr-01-three\/\"]}]},{\"@type\":\"ImageObject\",\"inLanguage\":\"de\",\"@id\":\"https:\/\/z-bike.ch\/de\/shop\/muscolari-de\/bmc-teammachine-slr-01-three\/#primaryimage\",\"url\":\"https:\/\/z-bike.ch\/wp-content\/uploads\/2025\/09\/bmc-2026-teammachine-slr-01-three-road-bike-white-1_6f6aa220-91a0-49d2-845c-bd713f43ed62-removebg.png\",\"contentUrl\":\"https:\/\/z-bike.ch\/wp-content\/uploads\/2025\/09\/bmc-2026-teammachine-slr-01-three-road-bike-white-1_6f6aa220-91a0-49d2-845c-bd713f43ed62-removebg.png\",\"width\":941,\"height\":559},{\"@type\":\"BreadcrumbList\",\"@id\":\"https:\/\/z-bike.ch\/de\/shop\/muscolari-de\/bmc-teammachine-slr-01-three\/#breadcrumb\",\"itemListElement\":[{\"@type\":\"ListItem\",\"position\":1,\"name\":\"Home\",\"item\":\"https:\/\/z-bike.ch\/de\/\"},{\"@type\":\"ListItem\",\"position\":2,\"name\":\"Shop\",\"item\":\"https:\/\/z-bike.ch\/de\/shop-3\/\"},{\"@type\":\"ListItem\",\"position\":3,\"name\":\"BMC Teammachine SLR 01 THREE\"}]},{\"@type\":\"WebSite\",\"@id\":\"https:\/\/z-bike.ch\/#website\",\"url\":\"https:\/\/z-bike.ch\/\",\"name\":\"Z-Bike\",\"description\":\"Bici Elettriche Online Svizzera: Miglior Prezzo | Consegna Rapida\",\"publisher\":{\"@id\":\"https:\/\/z-bike.ch\/#organization\"},\"alternateName\":\"ZBike\",\"potentialAction\":[{\"@type\":\"SearchAction\",\"target\":{\"@type\":\"EntryPoint\",\"urlTemplate\":\"https:\/\/z-bike.ch\/?s={search_term_string}\"},\"query-input\":{\"@type\":\"PropertyValueSpecification\",\"valueRequired\":true,\"valueName\":\"search_term_string\"}}],\"inLanguage\":\"de\"},{\"@type\":\"Organization\",\"@id\":\"https:\/\/z-bike.ch\/#organization\",\"name\":\"Z-Bike\",\"url\":\"https:\/\/z-bike.ch\/\",\"logo\":{\"@type\":\"ImageObject\",\"inLanguage\":\"de\",\"@id\":\"https:\/\/z-bike.ch\/#\/schema\/logo\/image\/\",\"url\":\"https:\/\/z-bike.ch\/wp-content\/uploads\/2023\/07\/logo_z-bike_ori.svg\",\"contentUrl\":\"https:\/\/z-bike.ch\/wp-content\/uploads\/2023\/07\/logo_z-bike_ori.svg\",\"width\":1,\"height\":1,\"caption\":\"Z-Bike\"},\"image\":{\"@id\":\"https:\/\/z-bike.ch\/#\/schema\/logo\/image\/\"},\"sameAs\":[\"https:\/\/www.facebook.com\/zbikelugano\",\"https:\/\/www.instagram.com\/zbike.ebike\"]}]}<\/script>\n<!-- \/ Yoast SEO plugin. -->","yoast_head_json":{"title":"BMC Teammachine SLR 01 THREE - Z-Bike","robots":{"index":"index","follow":"follow","max-snippet":"max-snippet:-1","max-image-preview":"max-image-preview:large","max-video-preview":"max-video-preview:-1"},"canonical":"https:\/\/z-bike.ch\/de\/shop\/muscolari-de\/bmc-teammachine-slr-01-three\/","og_locale":"de_DE","og_type":"article","og_title":"BMC Teammachine SLR 01 THREE - Z-Bike","og_description":"[vc_row][vc_column][vc_column_text uncode_shortcode_id=&#8220;475011&#8243; css=&#8220;.vc_custom_1758807549533{padding-bottom: 36px !important;}&#8220;] Kletternder Charakter Die Teammachine SLR 01 THREE weckt sofort Lust, Serpentinen und Gipfel in Angriff [&hellip;]","og_url":"https:\/\/z-bike.ch\/de\/shop\/muscolari-de\/bmc-teammachine-slr-01-three\/","og_site_name":"Z-Bike","article_publisher":"https:\/\/www.facebook.com\/zbikelugano","article_modified_time":"2025-09-25T14:19:19+00:00","og_image":[{"width":941,"height":559,"url":"https:\/\/z-bike.ch\/wp-content\/uploads\/2025\/09\/bmc-2026-teammachine-slr-01-three-road-bike-white-1_6f6aa220-91a0-49d2-845c-bd713f43ed62-removebg.png","type":"image\/png"}],"twitter_card":"summary_large_image","twitter_misc":{"Gesch\u00e4tzte Lesezeit":"1\u00a0Minute"},"schema":{"@context":"https:\/\/schema.org","@graph":[{"@type":"WebPage","@id":"https:\/\/z-bike.ch\/de\/shop\/muscolari-de\/bmc-teammachine-slr-01-three\/","url":"https:\/\/z-bike.ch\/de\/shop\/muscolari-de\/bmc-teammachine-slr-01-three\/","name":"BMC Teammachine SLR 01 THREE - Z-Bike","isPartOf":{"@id":"https:\/\/z-bike.ch\/#website"},"primaryImageOfPage":{"@id":"https:\/\/z-bike.ch\/de\/shop\/muscolari-de\/bmc-teammachine-slr-01-three\/#primaryimage"},"image":{"@id":"https:\/\/z-bike.ch\/de\/shop\/muscolari-de\/bmc-teammachine-slr-01-three\/#primaryimage"},"thumbnailUrl":"https:\/\/z-bike.ch\/wp-content\/uploads\/2025\/09\/bmc-2026-teammachine-slr-01-three-road-bike-white-1_6f6aa220-91a0-49d2-845c-bd713f43ed62-removebg.png","datePublished":"2025-09-25T14:14:55+00:00","dateModified":"2025-09-25T14:19:19+00:00","breadcrumb":{"@id":"https:\/\/z-bike.ch\/de\/shop\/muscolari-de\/bmc-teammachine-slr-01-three\/#breadcrumb"},"inLanguage":"de","potentialAction":[{"@type":"ReadAction","target":["https:\/\/z-bike.ch\/de\/shop\/muscolari-de\/bmc-teammachine-slr-01-three\/"]}]},{"@type":"ImageObject","inLanguage":"de","@id":"https:\/\/z-bike.ch\/de\/shop\/muscolari-de\/bmc-teammachine-slr-01-three\/#primaryimage","url":"https:\/\/z-bike.ch\/wp-content\/uploads\/2025\/09\/bmc-2026-teammachine-slr-01-three-road-bike-white-1_6f6aa220-91a0-49d2-845c-bd713f43ed62-removebg.png","contentUrl":"https:\/\/z-bike.ch\/wp-content\/uploads\/2025\/09\/bmc-2026-teammachine-slr-01-three-road-bike-white-1_6f6aa220-91a0-49d2-845c-bd713f43ed62-removebg.png","width":941,"height":559},{"@type":"BreadcrumbList","@id":"https:\/\/z-bike.ch\/de\/shop\/muscolari-de\/bmc-teammachine-slr-01-three\/#breadcrumb","itemListElement":[{"@type":"ListItem","position":1,"name":"Home","item":"https:\/\/z-bike.ch\/de\/"},{"@type":"ListItem","position":2,"name":"Shop","item":"https:\/\/z-bike.ch\/de\/shop-3\/"},{"@type":"ListItem","position":3,"name":"BMC Teammachine SLR 01 THREE"}]},{"@type":"WebSite","@id":"https:\/\/z-bike.ch\/#website","url":"https:\/\/z-bike.ch\/","name":"Z-Bike","description":"Bici Elettriche Online Svizzera: Miglior Prezzo | Consegna Rapida","publisher":{"@id":"https:\/\/z-bike.ch\/#organization"},"alternateName":"ZBike","potentialAction":[{"@type":"SearchAction","target":{"@type":"EntryPoint","urlTemplate":"https:\/\/z-bike.ch\/?s={search_term_string}"},"query-input":{"@type":"PropertyValueSpecification","valueRequired":true,"valueName":"search_term_string"}}],"inLanguage":"de"},{"@type":"Organization","@id":"https:\/\/z-bike.ch\/#organization","name":"Z-Bike","url":"https:\/\/z-bike.ch\/","logo":{"@type":"ImageObject","inLanguage":"de","@id":"https:\/\/z-bike.ch\/#\/schema\/logo\/image\/","url":"https:\/\/z-bike.ch\/wp-content\/uploads\/2023\/07\/logo_z-bike_ori.svg","contentUrl":"https:\/\/z-bike.ch\/wp-content\/uploads\/2023\/07\/logo_z-bike_ori.svg","width":1,"height":1,"caption":"Z-Bike"},"image":{"@id":"https:\/\/z-bike.ch\/#\/schema\/logo\/image\/"},"sameAs":["https:\/\/www.facebook.com\/zbikelugano","https:\/\/www.instagram.com\/zbike.ebike"]}]}},"_links":{"self":[{"href":"https:\/\/z-bike.ch\/de\/wp-json\/wp\/v2\/product\/126627"}],"collection":[{"href":"https:\/\/z-bike.ch\/de\/wp-json\/wp\/v2\/product"}],"about":[{"href":"https:\/\/z-bike.ch\/de\/wp-json\/wp\/v2\/types\/product"}],"replies":[{"embeddable":true,"href":"https:\/\/z-bike.ch\/de\/wp-json\/wp\/v2\/comments?post=126627"}],"wp:featuredmedia":[{"embeddable":true,"href":"https:\/\/z-bike.ch\/de\/wp-json\/wp\/v2\/media\/126614"}],"wp:attachment":[{"href":"https:\/\/z-bike.ch\/de\/wp-json\/wp\/v2\/media?parent=126627"}],"wp:term":[{"taxonomy":"product_cat","embeddable":true,"href":"https:\/\/z-bike.ch\/de\/wp-json\/wp\/v2\/product_cat?post=126627"},{"taxonomy":"product_tag","embeddable":true,"href":"https:\/\/z-bike.ch\/de\/wp-json\/wp\/v2\/product_tag?post=126627"}],"curies":[{"name":"wp","href":"https:\/\/api.w.org\/{rel}","templated":true}]}}