{"id":126731,"date":"2025-10-03T17:41:00","date_gmt":"2025-10-03T15:41:00","guid":{"rendered":"https:\/\/z-bike.ch\/?post_type=product&#038;p=126731"},"modified":"2025-10-03T18:15:24","modified_gmt":"2025-10-03T16:15:24","slug":"sram-force-axs","status":"publish","type":"product","link":"https:\/\/z-bike.ch\/de\/shop\/componenti-de\/gruppen-abschliesen\/sram-force-axs\/","title":{"rendered":"Sram Force AXS"},"content":{"rendered":"<div class=\"ng-tns-c3475640348-85\">\n<section id=\"processing-state-1\" class=\"processing-state_container ng-tns-c3475640348-85 is-gpi-avatar ng-trigger ng-trigger-processingStateShowHide ng-star-inserted is-done-processing\">\n<div id=\"processing-state-1-summary\" class=\"processing-state_details ng-trigger ng-trigger-menuExpansion ng-tns-c3475640348-85 is-gpi-avatar ng-star-inserted\" aria-hidden=\"true\">\n<h2>M\u00fchelose Leistung f\u00fcr Alle<\/h2>\n<p>Sram hat die <b>Force AXS E1 <\/b>Gruppe mit dem Ziel entwickelt, die Leistung zu maximieren. Diese Gruppe erweitert die kabellosen Technologien und das unglaubliche Fahrgef\u00fchl, die bereits in der oberen Kategorie gesch\u00e4tzt werden, und macht sie einem breiteren Publikum zug\u00e4nglich. Die verfeinerte Ergonomie der neuen HRD-Hebel erm\u00f6glicht ein <b>Bremsen mit nur einem Finger <\/b>in jedem Gel\u00e4nde und unter allen Bedingungen, wodurch die Anstrengung und Erm\u00fcdung der H\u00e4nde reduziert wird. Die Force AXS zeichnet sich durch AXS-Integration, schnelleres Schalten und ein geringes Gesamtgewicht aus. Mit ihrem leichten, professionellen Antriebsstrang und der f\u00fcr Gravel notwendigen Robustheit gew\u00e4hrleistet die Force AXS dank Yaw-Technologie ein pr\u00e4zises und schnelles Schalten am Umwerfer sowie ein \u00fcberarbeitetes Schaltwerk, das bereit ist, Ihre Leidenschaft f\u00fcr den Radsport zu unterst\u00fctzen.    <\/p>\n<h2>Technische Merkmale der 2X Konfiguration mit Powermeter<\/h2>\n<ul>\n<li><b>Kurbelgarnitur mit Leistungsmesser<\/b>: Sram Force E1 Dub Powermeter 2x, konfiguriert mit ausgewogenen <b>48\/35 Z\u00e4hnen <\/b>und einer <b>170 mm Kurbelarml\u00e4nge<\/b>. Der integrierte Powermeter (Spider oder Achse) gew\u00e4hrleistet die f\u00fcr das RED AXS Niveau typische Stabilit\u00e4t und Pr\u00e4zision. (Das Referenzgewicht f\u00fcr eine 170 mm 50\/37D Kurbel betr\u00e4gt 477 g).  <\/li>\n<li><b>Zahnkranzpaket<\/b>: Sram Force XG-1270 XDR 12-fach Kassette, mit der gro\u00dfen Bandbreite von <b>10-36 Z\u00e4hnen<\/b>, die eine hohe Vielseitigkeit an jeder Steigung bietet (reales Gewicht <b>301 g <\/b>f\u00fcr 10-36T).<\/li>\n<li><b>Antrieb und Kette<\/b>: Die Force E1 Kette mit Flattop-Technologie ist leichter, leiser und haltbarer. Die Gruppe umfasst Force AXS E1 Umwerfer und Schaltwerk, kompatibel mit Kassetten bis 10-36 Z\u00e4hne.\\ <\/li>\n<li><b>Bremsen<\/b>: HRD Brems-\/Schaltsystem mit steiferen Bremss\u00e4tteln und Sram Paceline A2 Centerlock Bremsscheiben. Die verbesserte Ergonomie umfasst &#8222;Bonus Buttons&#8220; an den Bedienelementen f\u00fcr eine individuelle Steuerung. <\/li>\n<li><b>Elektronik und Zubeh\u00f6r<\/b>: Die Gruppe umfasst Schalthebel (links 362 g, rechts 379 g), Sram eTap AXS Ladeger\u00e4t und 2 Sram eTap\/AXS Batterien. (Tretlager NICHT enthalten). <\/li>\n<li><b>Hinweis zur Flexibilit\u00e4t<\/b>: Dies ist die Standardkonfiguration; Kurbeln, Kettenbl\u00e4tter und Kassetten in verschiedenen Gr\u00f6\u00dfen (z. B. 46\/33, 10-33, 10-30) sind <b>auf Anfrage erh\u00e4ltlich<\/b>, um sich jedem Radfahrer anzupassen.<\/li>\n<\/ul>\n<\/div>\n<\/section>\n<\/div>\n","protected":false},"excerpt":{"rendered":"<p>M\u00fchelose Leistung f\u00fcr Alle Sram hat die Force AXS E1 Gruppe mit dem Ziel entwickelt, die Leistung zu maximieren. Diese [&hellip;]<\/p>\n","protected":false},"featured_media":126797,"comment_status":"open","ping_status":"closed","template":"","meta":[],"product_cat":[496],"product_tag":[],"yoast_head":"<!-- This site is optimized with the Yoast SEO plugin v23.6 - https:\/\/yoast.com\/wordpress\/plugins\/seo\/ -->\n<title>Sram Force AXS - Z-Bike<\/title>\n<meta name=\"robots\" content=\"index, follow, max-snippet:-1, max-image-preview:large, max-video-preview:-1\" \/>\n<link rel=\"canonical\" href=\"https:\/\/z-bike.ch\/de\/shop\/componenti-de\/gruppen-abschliesen\/sram-force-axs\/\" \/>\n<meta property=\"og:locale\" content=\"de_DE\" \/>\n<meta property=\"og:type\" content=\"article\" \/>\n<meta property=\"og:title\" content=\"Sram Force AXS - Z-Bike\" \/>\n<meta property=\"og:description\" content=\"M\u00fchelose Leistung f\u00fcr Alle Sram hat die Force AXS E1 Gruppe mit dem Ziel entwickelt, die Leistung zu maximieren. Diese [&hellip;]\" \/>\n<meta property=\"og:url\" content=\"https:\/\/z-bike.ch\/de\/shop\/componenti-de\/gruppen-abschliesen\/sram-force-axs\/\" \/>\n<meta property=\"og:site_name\" content=\"Z-Bike\" \/>\n<meta property=\"article:publisher\" content=\"https:\/\/www.facebook.com\/zbikelugano\" \/>\n<meta property=\"article:modified_time\" content=\"2025-10-03T16:15:24+00:00\" \/>\n<meta property=\"og:image\" content=\"https:\/\/z-bike.ch\/wp-content\/uploads\/2025\/10\/bg_20250617-104356-removebg-1.png\" \/>\n\t<meta property=\"og:image:width\" content=\"581\" \/>\n\t<meta property=\"og:image:height\" content=\"524\" \/>\n\t<meta property=\"og:image:type\" content=\"image\/png\" \/>\n<meta name=\"twitter:card\" content=\"summary_large_image\" \/>\n<meta name=\"twitter:label1\" content=\"Gesch\u00e4tzte Lesezeit\" \/>\n\t<meta name=\"twitter:data1\" content=\"2\u00a0Minuten\" \/>\n<script type=\"application\/ld+json\" class=\"yoast-schema-graph\">{\"@context\":\"https:\/\/schema.org\",\"@graph\":[{\"@type\":\"WebPage\",\"@id\":\"https:\/\/z-bike.ch\/de\/shop\/componenti-de\/gruppen-abschliesen\/sram-force-axs\/\",\"url\":\"https:\/\/z-bike.ch\/de\/shop\/componenti-de\/gruppen-abschliesen\/sram-force-axs\/\",\"name\":\"Sram Force AXS - Z-Bike\",\"isPartOf\":{\"@id\":\"https:\/\/z-bike.ch\/#website\"},\"primaryImageOfPage\":{\"@id\":\"https:\/\/z-bike.ch\/de\/shop\/componenti-de\/gruppen-abschliesen\/sram-force-axs\/#primaryimage\"},\"image\":{\"@id\":\"https:\/\/z-bike.ch\/de\/shop\/componenti-de\/gruppen-abschliesen\/sram-force-axs\/#primaryimage\"},\"thumbnailUrl\":\"https:\/\/z-bike.ch\/wp-content\/uploads\/2025\/10\/bg_20250617-104356-removebg-1.png\",\"datePublished\":\"2025-10-03T15:41:00+00:00\",\"dateModified\":\"2025-10-03T16:15:24+00:00\",\"breadcrumb\":{\"@id\":\"https:\/\/z-bike.ch\/de\/shop\/componenti-de\/gruppen-abschliesen\/sram-force-axs\/#breadcrumb\"},\"inLanguage\":\"de\",\"potentialAction\":[{\"@type\":\"ReadAction\",\"target\":[\"https:\/\/z-bike.ch\/de\/shop\/componenti-de\/gruppen-abschliesen\/sram-force-axs\/\"]}]},{\"@type\":\"ImageObject\",\"inLanguage\":\"de\",\"@id\":\"https:\/\/z-bike.ch\/de\/shop\/componenti-de\/gruppen-abschliesen\/sram-force-axs\/#primaryimage\",\"url\":\"https:\/\/z-bike.ch\/wp-content\/uploads\/2025\/10\/bg_20250617-104356-removebg-1.png\",\"contentUrl\":\"https:\/\/z-bike.ch\/wp-content\/uploads\/2025\/10\/bg_20250617-104356-removebg-1.png\",\"width\":581,\"height\":524},{\"@type\":\"BreadcrumbList\",\"@id\":\"https:\/\/z-bike.ch\/de\/shop\/componenti-de\/gruppen-abschliesen\/sram-force-axs\/#breadcrumb\",\"itemListElement\":[{\"@type\":\"ListItem\",\"position\":1,\"name\":\"Home\",\"item\":\"https:\/\/z-bike.ch\/de\/\"},{\"@type\":\"ListItem\",\"position\":2,\"name\":\"Shop\",\"item\":\"https:\/\/z-bike.ch\/de\/shop-3\/\"},{\"@type\":\"ListItem\",\"position\":3,\"name\":\"Sram Force AXS\"}]},{\"@type\":\"WebSite\",\"@id\":\"https:\/\/z-bike.ch\/#website\",\"url\":\"https:\/\/z-bike.ch\/\",\"name\":\"Z-Bike\",\"description\":\"Bici Elettriche Online Svizzera: Miglior Prezzo | Consegna Rapida\",\"publisher\":{\"@id\":\"https:\/\/z-bike.ch\/#organization\"},\"alternateName\":\"ZBike\",\"potentialAction\":[{\"@type\":\"SearchAction\",\"target\":{\"@type\":\"EntryPoint\",\"urlTemplate\":\"https:\/\/z-bike.ch\/?s={search_term_string}\"},\"query-input\":{\"@type\":\"PropertyValueSpecification\",\"valueRequired\":true,\"valueName\":\"search_term_string\"}}],\"inLanguage\":\"de\"},{\"@type\":\"Organization\",\"@id\":\"https:\/\/z-bike.ch\/#organization\",\"name\":\"Z-Bike\",\"url\":\"https:\/\/z-bike.ch\/\",\"logo\":{\"@type\":\"ImageObject\",\"inLanguage\":\"de\",\"@id\":\"https:\/\/z-bike.ch\/#\/schema\/logo\/image\/\",\"url\":\"https:\/\/z-bike.ch\/wp-content\/uploads\/2023\/07\/logo_z-bike_ori.svg\",\"contentUrl\":\"https:\/\/z-bike.ch\/wp-content\/uploads\/2023\/07\/logo_z-bike_ori.svg\",\"width\":1,\"height\":1,\"caption\":\"Z-Bike\"},\"image\":{\"@id\":\"https:\/\/z-bike.ch\/#\/schema\/logo\/image\/\"},\"sameAs\":[\"https:\/\/www.facebook.com\/zbikelugano\",\"https:\/\/www.instagram.com\/zbike.ebike\"]}]}<\/script>\n<!-- \/ Yoast SEO plugin. -->","yoast_head_json":{"title":"Sram Force AXS - Z-Bike","robots":{"index":"index","follow":"follow","max-snippet":"max-snippet:-1","max-image-preview":"max-image-preview:large","max-video-preview":"max-video-preview:-1"},"canonical":"https:\/\/z-bike.ch\/de\/shop\/componenti-de\/gruppen-abschliesen\/sram-force-axs\/","og_locale":"de_DE","og_type":"article","og_title":"Sram Force AXS - Z-Bike","og_description":"M\u00fchelose Leistung f\u00fcr Alle Sram hat die Force AXS E1 Gruppe mit dem Ziel entwickelt, die Leistung zu maximieren. Diese [&hellip;]","og_url":"https:\/\/z-bike.ch\/de\/shop\/componenti-de\/gruppen-abschliesen\/sram-force-axs\/","og_site_name":"Z-Bike","article_publisher":"https:\/\/www.facebook.com\/zbikelugano","article_modified_time":"2025-10-03T16:15:24+00:00","og_image":[{"width":581,"height":524,"url":"https:\/\/z-bike.ch\/wp-content\/uploads\/2025\/10\/bg_20250617-104356-removebg-1.png","type":"image\/png"}],"twitter_card":"summary_large_image","twitter_misc":{"Gesch\u00e4tzte Lesezeit":"2\u00a0Minuten"},"schema":{"@context":"https:\/\/schema.org","@graph":[{"@type":"WebPage","@id":"https:\/\/z-bike.ch\/de\/shop\/componenti-de\/gruppen-abschliesen\/sram-force-axs\/","url":"https:\/\/z-bike.ch\/de\/shop\/componenti-de\/gruppen-abschliesen\/sram-force-axs\/","name":"Sram Force AXS - Z-Bike","isPartOf":{"@id":"https:\/\/z-bike.ch\/#website"},"primaryImageOfPage":{"@id":"https:\/\/z-bike.ch\/de\/shop\/componenti-de\/gruppen-abschliesen\/sram-force-axs\/#primaryimage"},"image":{"@id":"https:\/\/z-bike.ch\/de\/shop\/componenti-de\/gruppen-abschliesen\/sram-force-axs\/#primaryimage"},"thumbnailUrl":"https:\/\/z-bike.ch\/wp-content\/uploads\/2025\/10\/bg_20250617-104356-removebg-1.png","datePublished":"2025-10-03T15:41:00+00:00","dateModified":"2025-10-03T16:15:24+00:00","breadcrumb":{"@id":"https:\/\/z-bike.ch\/de\/shop\/componenti-de\/gruppen-abschliesen\/sram-force-axs\/#breadcrumb"},"inLanguage":"de","potentialAction":[{"@type":"ReadAction","target":["https:\/\/z-bike.ch\/de\/shop\/componenti-de\/gruppen-abschliesen\/sram-force-axs\/"]}]},{"@type":"ImageObject","inLanguage":"de","@id":"https:\/\/z-bike.ch\/de\/shop\/componenti-de\/gruppen-abschliesen\/sram-force-axs\/#primaryimage","url":"https:\/\/z-bike.ch\/wp-content\/uploads\/2025\/10\/bg_20250617-104356-removebg-1.png","contentUrl":"https:\/\/z-bike.ch\/wp-content\/uploads\/2025\/10\/bg_20250617-104356-removebg-1.png","width":581,"height":524},{"@type":"BreadcrumbList","@id":"https:\/\/z-bike.ch\/de\/shop\/componenti-de\/gruppen-abschliesen\/sram-force-axs\/#breadcrumb","itemListElement":[{"@type":"ListItem","position":1,"name":"Home","item":"https:\/\/z-bike.ch\/de\/"},{"@type":"ListItem","position":2,"name":"Shop","item":"https:\/\/z-bike.ch\/de\/shop-3\/"},{"@type":"ListItem","position":3,"name":"Sram Force AXS"}]},{"@type":"WebSite","@id":"https:\/\/z-bike.ch\/#website","url":"https:\/\/z-bike.ch\/","name":"Z-Bike","description":"Bici Elettriche Online Svizzera: Miglior Prezzo | Consegna Rapida","publisher":{"@id":"https:\/\/z-bike.ch\/#organization"},"alternateName":"ZBike","potentialAction":[{"@type":"SearchAction","target":{"@type":"EntryPoint","urlTemplate":"https:\/\/z-bike.ch\/?s={search_term_string}"},"query-input":{"@type":"PropertyValueSpecification","valueRequired":true,"valueName":"search_term_string"}}],"inLanguage":"de"},{"@type":"Organization","@id":"https:\/\/z-bike.ch\/#organization","name":"Z-Bike","url":"https:\/\/z-bike.ch\/","logo":{"@type":"ImageObject","inLanguage":"de","@id":"https:\/\/z-bike.ch\/#\/schema\/logo\/image\/","url":"https:\/\/z-bike.ch\/wp-content\/uploads\/2023\/07\/logo_z-bike_ori.svg","contentUrl":"https:\/\/z-bike.ch\/wp-content\/uploads\/2023\/07\/logo_z-bike_ori.svg","width":1,"height":1,"caption":"Z-Bike"},"image":{"@id":"https:\/\/z-bike.ch\/#\/schema\/logo\/image\/"},"sameAs":["https:\/\/www.facebook.com\/zbikelugano","https:\/\/www.instagram.com\/zbike.ebike"]}]}},"_links":{"self":[{"href":"https:\/\/z-bike.ch\/de\/wp-json\/wp\/v2\/product\/126731"}],"collection":[{"href":"https:\/\/z-bike.ch\/de\/wp-json\/wp\/v2\/product"}],"about":[{"href":"https:\/\/z-bike.ch\/de\/wp-json\/wp\/v2\/types\/product"}],"replies":[{"embeddable":true,"href":"https:\/\/z-bike.ch\/de\/wp-json\/wp\/v2\/comments?post=126731"}],"wp:featuredmedia":[{"embeddable":true,"href":"https:\/\/z-bike.ch\/de\/wp-json\/wp\/v2\/media\/126797"}],"wp:attachment":[{"href":"https:\/\/z-bike.ch\/de\/wp-json\/wp\/v2\/media?parent=126731"}],"wp:term":[{"taxonomy":"product_cat","embeddable":true,"href":"https:\/\/z-bike.ch\/de\/wp-json\/wp\/v2\/product_cat?post=126731"},{"taxonomy":"product_tag","embeddable":true,"href":"https:\/\/z-bike.ch\/de\/wp-json\/wp\/v2\/product_tag?post=126731"}],"curies":[{"name":"wp","href":"https:\/\/api.w.org\/{rel}","templated":true}]}}