{"id":126781,"date":"2025-10-03T17:40:59","date_gmt":"2025-10-03T15:40:59","guid":{"rendered":"https:\/\/z-bike.ch\/?post_type=product&#038;p=126781"},"modified":"2025-10-03T18:15:25","modified_gmt":"2025-10-03T16:15:25","slug":"shimano-ultegra-di2","status":"publish","type":"product","link":"https:\/\/z-bike.ch\/de\/shop\/componenti-de\/gruppen-abschliesen\/shimano-ultegra-di2\/","title":{"rendered":"Shimano Ultegra Di2"},"content":{"rendered":"<p data-start=\"168\" data-end=\"336\">Pedalarm<br data-start=\"181\" data-end=\"184\">Die Pedalarm hat eine L\u00e4nge von 170 mm, entwickelt, um die Kraft effizient zu \u00fcbertragen und ein gleichm\u00e4\u00dfiges Treten auf jedem Untergrund zu gew\u00e4hrleisten.<\/p>\n<p data-start=\"338\" data-end=\"496\">Kettenbl\u00e4tter<br data-start=\"348\" data-end=\"351\">Die Kettenbl\u00e4tter 50\/34 bieten ein gutes Gleichgewicht zwischen H\u00f6chstgeschwindigkeit und der F\u00e4higkeit, steile Anstiege zu bew\u00e4ltigen, und erm\u00f6glichen schnelle und pr\u00e4zise Gangwechsel.<\/p>\n<p data-start=\"498\" data-end=\"684\">Kasette<br data-start=\"510\" data-end=\"513\">Die 11\/34-Kassette bietet eine gro\u00dfe \u00dcbersetzungsbandbreite und passt sich m\u00fchelos schnellen Abfahrten sowie anspruchsvollen Steigungen an, ohne die Pedalierfl\u00fcssigkeit zu beeintr\u00e4chtigen.<\/p>\n","protected":false},"excerpt":{"rendered":"<p class=\"product_headline\">Shimano Ultegra Di2 sorgt unter allen Bedingungen f\u00fcr ein fl\u00fcssiges und effizientes Pedalieren.<br data-start=\"80\" data-end=\"83\">Es gew\u00e4hrleistet schnelle und pr\u00e4zise Gangwechsel, um Anstiege und Abfahrten m\u00fchelos zu bew\u00e4ltigen.<br data-start=\"160\" data-end=\"163\">Entwickelt f\u00fcr Leichtigkeit, Reaktionsfreudigkeit und hohe Leistung, ist es ideal f\u00fcr Profi-Radfahrer und begeisterte Amateure.<\/p>\n","protected":false},"featured_media":126812,"comment_status":"open","ping_status":"closed","template":"","meta":[],"product_cat":[496],"product_tag":[],"yoast_head":"<!-- This site is optimized with the Yoast SEO plugin v23.6 - https:\/\/yoast.com\/wordpress\/plugins\/seo\/ -->\n<title>Shimano Ultegra Di2 - Z-Bike<\/title>\n<meta name=\"robots\" content=\"index, follow, max-snippet:-1, max-image-preview:large, max-video-preview:-1\" \/>\n<link rel=\"canonical\" href=\"https:\/\/z-bike.ch\/de\/shop\/componenti-de\/gruppen-abschliesen\/shimano-ultegra-di2\/\" \/>\n<meta property=\"og:locale\" content=\"de_DE\" \/>\n<meta property=\"og:type\" content=\"article\" \/>\n<meta property=\"og:title\" content=\"Shimano Ultegra Di2 - Z-Bike\" \/>\n<meta property=\"og:description\" content=\"Shimano Ultegra Di2 sorgt unter allen Bedingungen f\u00fcr ein fl\u00fcssiges und effizientes Pedalieren.Es gew\u00e4hrleistet schnelle und pr\u00e4zise Gangwechsel, um Anstiege und Abfahrten m\u00fchelos zu bew\u00e4ltigen.Entwickelt f\u00fcr Leichtigkeit, Reaktionsfreudigkeit und hohe Leistung, ist es ideal f\u00fcr Profi-Radfahrer und begeisterte Amateure.\" \/>\n<meta property=\"og:url\" content=\"https:\/\/z-bike.ch\/de\/shop\/componenti-de\/gruppen-abschliesen\/shimano-ultegra-di2\/\" \/>\n<meta property=\"og:site_name\" content=\"Z-Bike\" \/>\n<meta property=\"article:publisher\" content=\"https:\/\/www.facebook.com\/zbikelugano\" \/>\n<meta property=\"article:modified_time\" content=\"2025-10-03T16:15:25+00:00\" \/>\n<meta property=\"og:image\" content=\"https:\/\/z-bike.ch\/wp-content\/uploads\/2025\/10\/59822_0_Montagegruppe_Ultegra_Di2_8170_Powermeter-removebg.png\" \/>\n\t<meta property=\"og:image:width\" content=\"1200\" \/>\n\t<meta property=\"og:image:height\" content=\"1200\" \/>\n\t<meta property=\"og:image:type\" content=\"image\/png\" \/>\n<meta name=\"twitter:card\" content=\"summary_large_image\" \/>\n<script type=\"application\/ld+json\" class=\"yoast-schema-graph\">{\"@context\":\"https:\/\/schema.org\",\"@graph\":[{\"@type\":\"WebPage\",\"@id\":\"https:\/\/z-bike.ch\/de\/shop\/componenti-de\/gruppen-abschliesen\/shimano-ultegra-di2\/\",\"url\":\"https:\/\/z-bike.ch\/de\/shop\/componenti-de\/gruppen-abschliesen\/shimano-ultegra-di2\/\",\"name\":\"Shimano Ultegra Di2 - Z-Bike\",\"isPartOf\":{\"@id\":\"https:\/\/z-bike.ch\/#website\"},\"primaryImageOfPage\":{\"@id\":\"https:\/\/z-bike.ch\/de\/shop\/componenti-de\/gruppen-abschliesen\/shimano-ultegra-di2\/#primaryimage\"},\"image\":{\"@id\":\"https:\/\/z-bike.ch\/de\/shop\/componenti-de\/gruppen-abschliesen\/shimano-ultegra-di2\/#primaryimage\"},\"thumbnailUrl\":\"https:\/\/z-bike.ch\/wp-content\/uploads\/2025\/10\/59822_0_Montagegruppe_Ultegra_Di2_8170_Powermeter-removebg.png\",\"datePublished\":\"2025-10-03T15:40:59+00:00\",\"dateModified\":\"2025-10-03T16:15:25+00:00\",\"breadcrumb\":{\"@id\":\"https:\/\/z-bike.ch\/de\/shop\/componenti-de\/gruppen-abschliesen\/shimano-ultegra-di2\/#breadcrumb\"},\"inLanguage\":\"de\",\"potentialAction\":[{\"@type\":\"ReadAction\",\"target\":[\"https:\/\/z-bike.ch\/de\/shop\/componenti-de\/gruppen-abschliesen\/shimano-ultegra-di2\/\"]}]},{\"@type\":\"ImageObject\",\"inLanguage\":\"de\",\"@id\":\"https:\/\/z-bike.ch\/de\/shop\/componenti-de\/gruppen-abschliesen\/shimano-ultegra-di2\/#primaryimage\",\"url\":\"https:\/\/z-bike.ch\/wp-content\/uploads\/2025\/10\/59822_0_Montagegruppe_Ultegra_Di2_8170_Powermeter-removebg.png\",\"contentUrl\":\"https:\/\/z-bike.ch\/wp-content\/uploads\/2025\/10\/59822_0_Montagegruppe_Ultegra_Di2_8170_Powermeter-removebg.png\",\"width\":1200,\"height\":1200},{\"@type\":\"BreadcrumbList\",\"@id\":\"https:\/\/z-bike.ch\/de\/shop\/componenti-de\/gruppen-abschliesen\/shimano-ultegra-di2\/#breadcrumb\",\"itemListElement\":[{\"@type\":\"ListItem\",\"position\":1,\"name\":\"Home\",\"item\":\"https:\/\/z-bike.ch\/de\/\"},{\"@type\":\"ListItem\",\"position\":2,\"name\":\"Shop\",\"item\":\"https:\/\/z-bike.ch\/de\/shop-3\/\"},{\"@type\":\"ListItem\",\"position\":3,\"name\":\"Shimano Ultegra Di2\"}]},{\"@type\":\"WebSite\",\"@id\":\"https:\/\/z-bike.ch\/#website\",\"url\":\"https:\/\/z-bike.ch\/\",\"name\":\"Z-Bike\",\"description\":\"Bici Elettriche Online Svizzera: Miglior Prezzo | Consegna Rapida\",\"publisher\":{\"@id\":\"https:\/\/z-bike.ch\/#organization\"},\"alternateName\":\"ZBike\",\"potentialAction\":[{\"@type\":\"SearchAction\",\"target\":{\"@type\":\"EntryPoint\",\"urlTemplate\":\"https:\/\/z-bike.ch\/?s={search_term_string}\"},\"query-input\":{\"@type\":\"PropertyValueSpecification\",\"valueRequired\":true,\"valueName\":\"search_term_string\"}}],\"inLanguage\":\"de\"},{\"@type\":\"Organization\",\"@id\":\"https:\/\/z-bike.ch\/#organization\",\"name\":\"Z-Bike\",\"url\":\"https:\/\/z-bike.ch\/\",\"logo\":{\"@type\":\"ImageObject\",\"inLanguage\":\"de\",\"@id\":\"https:\/\/z-bike.ch\/#\/schema\/logo\/image\/\",\"url\":\"https:\/\/z-bike.ch\/wp-content\/uploads\/2023\/07\/logo_z-bike_ori.svg\",\"contentUrl\":\"https:\/\/z-bike.ch\/wp-content\/uploads\/2023\/07\/logo_z-bike_ori.svg\",\"width\":1,\"height\":1,\"caption\":\"Z-Bike\"},\"image\":{\"@id\":\"https:\/\/z-bike.ch\/#\/schema\/logo\/image\/\"},\"sameAs\":[\"https:\/\/www.facebook.com\/zbikelugano\",\"https:\/\/www.instagram.com\/zbike.ebike\"]}]}<\/script>\n<!-- \/ Yoast SEO plugin. -->","yoast_head_json":{"title":"Shimano Ultegra Di2 - Z-Bike","robots":{"index":"index","follow":"follow","max-snippet":"max-snippet:-1","max-image-preview":"max-image-preview:large","max-video-preview":"max-video-preview:-1"},"canonical":"https:\/\/z-bike.ch\/de\/shop\/componenti-de\/gruppen-abschliesen\/shimano-ultegra-di2\/","og_locale":"de_DE","og_type":"article","og_title":"Shimano Ultegra Di2 - Z-Bike","og_description":"Shimano Ultegra Di2 sorgt unter allen Bedingungen f\u00fcr ein fl\u00fcssiges und effizientes Pedalieren.Es gew\u00e4hrleistet schnelle und pr\u00e4zise Gangwechsel, um Anstiege und Abfahrten m\u00fchelos zu bew\u00e4ltigen.Entwickelt f\u00fcr Leichtigkeit, Reaktionsfreudigkeit und hohe Leistung, ist es ideal f\u00fcr Profi-Radfahrer und begeisterte Amateure.","og_url":"https:\/\/z-bike.ch\/de\/shop\/componenti-de\/gruppen-abschliesen\/shimano-ultegra-di2\/","og_site_name":"Z-Bike","article_publisher":"https:\/\/www.facebook.com\/zbikelugano","article_modified_time":"2025-10-03T16:15:25+00:00","og_image":[{"width":1200,"height":1200,"url":"https:\/\/z-bike.ch\/wp-content\/uploads\/2025\/10\/59822_0_Montagegruppe_Ultegra_Di2_8170_Powermeter-removebg.png","type":"image\/png"}],"twitter_card":"summary_large_image","schema":{"@context":"https:\/\/schema.org","@graph":[{"@type":"WebPage","@id":"https:\/\/z-bike.ch\/de\/shop\/componenti-de\/gruppen-abschliesen\/shimano-ultegra-di2\/","url":"https:\/\/z-bike.ch\/de\/shop\/componenti-de\/gruppen-abschliesen\/shimano-ultegra-di2\/","name":"Shimano Ultegra Di2 - Z-Bike","isPartOf":{"@id":"https:\/\/z-bike.ch\/#website"},"primaryImageOfPage":{"@id":"https:\/\/z-bike.ch\/de\/shop\/componenti-de\/gruppen-abschliesen\/shimano-ultegra-di2\/#primaryimage"},"image":{"@id":"https:\/\/z-bike.ch\/de\/shop\/componenti-de\/gruppen-abschliesen\/shimano-ultegra-di2\/#primaryimage"},"thumbnailUrl":"https:\/\/z-bike.ch\/wp-content\/uploads\/2025\/10\/59822_0_Montagegruppe_Ultegra_Di2_8170_Powermeter-removebg.png","datePublished":"2025-10-03T15:40:59+00:00","dateModified":"2025-10-03T16:15:25+00:00","breadcrumb":{"@id":"https:\/\/z-bike.ch\/de\/shop\/componenti-de\/gruppen-abschliesen\/shimano-ultegra-di2\/#breadcrumb"},"inLanguage":"de","potentialAction":[{"@type":"ReadAction","target":["https:\/\/z-bike.ch\/de\/shop\/componenti-de\/gruppen-abschliesen\/shimano-ultegra-di2\/"]}]},{"@type":"ImageObject","inLanguage":"de","@id":"https:\/\/z-bike.ch\/de\/shop\/componenti-de\/gruppen-abschliesen\/shimano-ultegra-di2\/#primaryimage","url":"https:\/\/z-bike.ch\/wp-content\/uploads\/2025\/10\/59822_0_Montagegruppe_Ultegra_Di2_8170_Powermeter-removebg.png","contentUrl":"https:\/\/z-bike.ch\/wp-content\/uploads\/2025\/10\/59822_0_Montagegruppe_Ultegra_Di2_8170_Powermeter-removebg.png","width":1200,"height":1200},{"@type":"BreadcrumbList","@id":"https:\/\/z-bike.ch\/de\/shop\/componenti-de\/gruppen-abschliesen\/shimano-ultegra-di2\/#breadcrumb","itemListElement":[{"@type":"ListItem","position":1,"name":"Home","item":"https:\/\/z-bike.ch\/de\/"},{"@type":"ListItem","position":2,"name":"Shop","item":"https:\/\/z-bike.ch\/de\/shop-3\/"},{"@type":"ListItem","position":3,"name":"Shimano Ultegra Di2"}]},{"@type":"WebSite","@id":"https:\/\/z-bike.ch\/#website","url":"https:\/\/z-bike.ch\/","name":"Z-Bike","description":"Bici Elettriche Online Svizzera: Miglior Prezzo | Consegna Rapida","publisher":{"@id":"https:\/\/z-bike.ch\/#organization"},"alternateName":"ZBike","potentialAction":[{"@type":"SearchAction","target":{"@type":"EntryPoint","urlTemplate":"https:\/\/z-bike.ch\/?s={search_term_string}"},"query-input":{"@type":"PropertyValueSpecification","valueRequired":true,"valueName":"search_term_string"}}],"inLanguage":"de"},{"@type":"Organization","@id":"https:\/\/z-bike.ch\/#organization","name":"Z-Bike","url":"https:\/\/z-bike.ch\/","logo":{"@type":"ImageObject","inLanguage":"de","@id":"https:\/\/z-bike.ch\/#\/schema\/logo\/image\/","url":"https:\/\/z-bike.ch\/wp-content\/uploads\/2023\/07\/logo_z-bike_ori.svg","contentUrl":"https:\/\/z-bike.ch\/wp-content\/uploads\/2023\/07\/logo_z-bike_ori.svg","width":1,"height":1,"caption":"Z-Bike"},"image":{"@id":"https:\/\/z-bike.ch\/#\/schema\/logo\/image\/"},"sameAs":["https:\/\/www.facebook.com\/zbikelugano","https:\/\/www.instagram.com\/zbike.ebike"]}]}},"_links":{"self":[{"href":"https:\/\/z-bike.ch\/de\/wp-json\/wp\/v2\/product\/126781"}],"collection":[{"href":"https:\/\/z-bike.ch\/de\/wp-json\/wp\/v2\/product"}],"about":[{"href":"https:\/\/z-bike.ch\/de\/wp-json\/wp\/v2\/types\/product"}],"replies":[{"embeddable":true,"href":"https:\/\/z-bike.ch\/de\/wp-json\/wp\/v2\/comments?post=126781"}],"wp:featuredmedia":[{"embeddable":true,"href":"https:\/\/z-bike.ch\/de\/wp-json\/wp\/v2\/media\/126812"}],"wp:attachment":[{"href":"https:\/\/z-bike.ch\/de\/wp-json\/wp\/v2\/media?parent=126781"}],"wp:term":[{"taxonomy":"product_cat","embeddable":true,"href":"https:\/\/z-bike.ch\/de\/wp-json\/wp\/v2\/product_cat?post=126781"},{"taxonomy":"product_tag","embeddable":true,"href":"https:\/\/z-bike.ch\/de\/wp-json\/wp\/v2\/product_tag?post=126781"}],"curies":[{"name":"wp","href":"https:\/\/api.w.org\/{rel}","templated":true}]}}