{"id":127366,"date":"2025-11-04T11:46:28","date_gmt":"2025-11-04T10:46:28","guid":{"rendered":"https:\/\/z-bike.ch\/?post_type=product&#038;p=127366"},"modified":"2025-11-21T20:13:36","modified_gmt":"2025-11-21T19:13:36","slug":"s-works-crux","status":"publish","type":"product","link":"https:\/\/z-bike.ch\/de\/shop\/muscolari-de\/s-works-crux\/","title":{"rendered":"S-Works Crux"},"content":{"rendered":"<section class=\"wpb-content-wrapper\"><p>[vc_row][vc_column][vc_column_text uncode_shortcode_id=&#8220;167282&#8243; css=&#8220;.vc_custom_1762252354510{padding-bottom: 36px !important;}&#8220;]<\/p>\n<h3 data-start=\"204\" data-end=\"496\"><strong data-start=\"204\" data-end=\"247\">Leichtigkeit und Leistung auf h\u00f6chstem Niveau<\/strong><\/h3>\n<p data-start=\"204\" data-end=\"496\">Das S-Works Crux ist ein Bike f\u00fcr alle, die auf jedem Terrain das Beste verlangen. Au\u00dfergew\u00f6hnlich leicht und reaktionsfreudig bietet es unmittelbare Beschleunigung und makelloses Handling \u2013 und verwandelt jede Fahrt in ein Erlebnis purer Geschwindigkeit. <\/p>\n<h3 data-start=\"498\" data-end=\"844\"><strong data-start=\"498\" data-end=\"538\">Raffiniertes Design und Materialien der Spitzenklasse<\/strong><\/h3>\n<p data-start=\"498\" data-end=\"844\">Jede Linie und jede Konstruktionsentscheidung verk\u00f6rpern die S-Works-Philosophie: absolute Leistung, kompromisslose Liebe zum Detail und ein elegantes Design, das \u00c4sthetik und Funktionalit\u00e4t vereint. Die Kombination aus hochwertigen Materialien und perfekt ausbalancierten Geometrien schafft ein ideales Gleichgewicht zwischen Steifigkeit und Komfort. <\/p>\n<h3 data-start=\"846\" data-end=\"1172\"><strong data-start=\"846\" data-end=\"879\">Leistung ohne Kompromisse<\/strong><\/h3>\n<p data-start=\"846\" data-end=\"1172\">Entwickelt, um unter allen Bedingungen zu \u00fcberzeugen, bietet die Crux S-Works ein geschmeidiges, pr\u00e4zises und stabiles Fahrverhalten \u2013 sowohl auf anspruchsvollen Gravel-Strecken als auch auf langen Schotterstra\u00dfen. Sie ist das ideale Bike f\u00fcr Enthusiasten, die ihre Grenzen mit einer in jedem Detail rennorientierten Maschine erweitern wollen. <\/p>\n<h3 data-start=\"1174\" data-end=\"1457\"><strong data-start=\"1174\" data-end=\"1206\">Vielseitigkeit und totale Freiheit<\/strong><\/h3>\n<p data-start=\"1174\" data-end=\"1457\">Von Gravel-Rennen bis zu Langstreckenabenteuern \u2013 die S-Works Crux ist f\u00fcr alles bereit. So leicht wie ein Rennrad, aber mit der Robustheit und Sicherheit eines echten Allrounders, bietet sie absolute Freiheit, jede Strecke zu erkunden. <\/p>\n<p>[\/vc_column_text][\/vc_column][\/vc_row]<\/p>\n<\/section>","protected":false},"excerpt":{"rendered":"<p>[vc_row][vc_column][vc_column_text uncode_shortcode_id=&#8220;167282&#8243; css=&#8220;.vc_custom_1762252354510{padding-bottom: 36px !important;}&#8220;] Leichtigkeit und Leistung auf h\u00f6chstem Niveau Das S-Works Crux ist ein Bike f\u00fcr alle, die [&hellip;]<\/p>\n","protected":false},"featured_media":127364,"comment_status":"open","ping_status":"closed","template":"","meta":[],"product_cat":[429],"product_tag":[],"yoast_head":"<!-- This site is optimized with the Yoast SEO plugin v23.6 - https:\/\/yoast.com\/wordpress\/plugins\/seo\/ -->\n<title>S-Works Crux - Z-Bike<\/title>\n<meta name=\"robots\" content=\"index, follow, max-snippet:-1, max-image-preview:large, max-video-preview:-1\" \/>\n<link rel=\"canonical\" href=\"https:\/\/z-bike.ch\/de\/shop\/muscolari-de\/s-works-crux\/\" \/>\n<meta property=\"og:locale\" content=\"de_DE\" \/>\n<meta property=\"og:type\" content=\"article\" \/>\n<meta property=\"og:title\" content=\"S-Works Crux - Z-Bike\" \/>\n<meta property=\"og:description\" content=\"[vc_row][vc_column][vc_column_text uncode_shortcode_id=&#8220;167282&#8243; css=&#8220;.vc_custom_1762252354510{padding-bottom: 36px !important;}&#8220;] Leichtigkeit und Leistung auf h\u00f6chstem Niveau Das S-Works Crux ist ein Bike f\u00fcr alle, die [&hellip;]\" \/>\n<meta property=\"og:url\" content=\"https:\/\/z-bike.ch\/de\/shop\/muscolari-de\/s-works-crux\/\" \/>\n<meta property=\"og:site_name\" content=\"Z-Bike\" \/>\n<meta property=\"article:publisher\" content=\"https:\/\/www.facebook.com\/zbikelugano\" \/>\n<meta property=\"article:modified_time\" content=\"2025-11-21T19:13:36+00:00\" \/>\n<meta property=\"og:image\" content=\"https:\/\/z-bike.ch\/wp-content\/uploads\/2025\/11\/91426-00_CRUX-SW-FJDMET-DLMMET_HERO-PDP_DARK-1-1.png\" \/>\n\t<meta property=\"og:image:width\" content=\"1920\" \/>\n\t<meta property=\"og:image:height\" content=\"1136\" \/>\n\t<meta property=\"og:image:type\" content=\"image\/png\" \/>\n<meta name=\"twitter:card\" content=\"summary_large_image\" \/>\n<meta name=\"twitter:label1\" content=\"Gesch\u00e4tzte Lesezeit\" \/>\n\t<meta name=\"twitter:data1\" content=\"1\u00a0Minute\" \/>\n<script type=\"application\/ld+json\" class=\"yoast-schema-graph\">{\"@context\":\"https:\/\/schema.org\",\"@graph\":[{\"@type\":\"WebPage\",\"@id\":\"https:\/\/z-bike.ch\/de\/shop\/muscolari-de\/s-works-crux\/\",\"url\":\"https:\/\/z-bike.ch\/de\/shop\/muscolari-de\/s-works-crux\/\",\"name\":\"S-Works Crux - Z-Bike\",\"isPartOf\":{\"@id\":\"https:\/\/z-bike.ch\/#website\"},\"primaryImageOfPage\":{\"@id\":\"https:\/\/z-bike.ch\/de\/shop\/muscolari-de\/s-works-crux\/#primaryimage\"},\"image\":{\"@id\":\"https:\/\/z-bike.ch\/de\/shop\/muscolari-de\/s-works-crux\/#primaryimage\"},\"thumbnailUrl\":\"https:\/\/z-bike.ch\/wp-content\/uploads\/2025\/11\/91426-00_CRUX-SW-FJDMET-DLMMET_HERO-PDP_DARK-1-1.png\",\"datePublished\":\"2025-11-04T10:46:28+00:00\",\"dateModified\":\"2025-11-21T19:13:36+00:00\",\"breadcrumb\":{\"@id\":\"https:\/\/z-bike.ch\/de\/shop\/muscolari-de\/s-works-crux\/#breadcrumb\"},\"inLanguage\":\"de\",\"potentialAction\":[{\"@type\":\"ReadAction\",\"target\":[\"https:\/\/z-bike.ch\/de\/shop\/muscolari-de\/s-works-crux\/\"]}]},{\"@type\":\"ImageObject\",\"inLanguage\":\"de\",\"@id\":\"https:\/\/z-bike.ch\/de\/shop\/muscolari-de\/s-works-crux\/#primaryimage\",\"url\":\"https:\/\/z-bike.ch\/wp-content\/uploads\/2025\/11\/91426-00_CRUX-SW-FJDMET-DLMMET_HERO-PDP_DARK-1-1.png\",\"contentUrl\":\"https:\/\/z-bike.ch\/wp-content\/uploads\/2025\/11\/91426-00_CRUX-SW-FJDMET-DLMMET_HERO-PDP_DARK-1-1.png\",\"width\":1920,\"height\":1136},{\"@type\":\"BreadcrumbList\",\"@id\":\"https:\/\/z-bike.ch\/de\/shop\/muscolari-de\/s-works-crux\/#breadcrumb\",\"itemListElement\":[{\"@type\":\"ListItem\",\"position\":1,\"name\":\"Home\",\"item\":\"https:\/\/z-bike.ch\/de\/\"},{\"@type\":\"ListItem\",\"position\":2,\"name\":\"Shop\",\"item\":\"https:\/\/z-bike.ch\/de\/shop-3\/\"},{\"@type\":\"ListItem\",\"position\":3,\"name\":\"S-Works Crux\"}]},{\"@type\":\"WebSite\",\"@id\":\"https:\/\/z-bike.ch\/#website\",\"url\":\"https:\/\/z-bike.ch\/\",\"name\":\"Z-Bike\",\"description\":\"Bici Elettriche Online Svizzera: Miglior Prezzo | Consegna Rapida\",\"publisher\":{\"@id\":\"https:\/\/z-bike.ch\/#organization\"},\"alternateName\":\"ZBike\",\"potentialAction\":[{\"@type\":\"SearchAction\",\"target\":{\"@type\":\"EntryPoint\",\"urlTemplate\":\"https:\/\/z-bike.ch\/?s={search_term_string}\"},\"query-input\":{\"@type\":\"PropertyValueSpecification\",\"valueRequired\":true,\"valueName\":\"search_term_string\"}}],\"inLanguage\":\"de\"},{\"@type\":\"Organization\",\"@id\":\"https:\/\/z-bike.ch\/#organization\",\"name\":\"Z-Bike\",\"url\":\"https:\/\/z-bike.ch\/\",\"logo\":{\"@type\":\"ImageObject\",\"inLanguage\":\"de\",\"@id\":\"https:\/\/z-bike.ch\/#\/schema\/logo\/image\/\",\"url\":\"https:\/\/z-bike.ch\/wp-content\/uploads\/2023\/07\/logo_z-bike_ori.svg\",\"contentUrl\":\"https:\/\/z-bike.ch\/wp-content\/uploads\/2023\/07\/logo_z-bike_ori.svg\",\"width\":1,\"height\":1,\"caption\":\"Z-Bike\"},\"image\":{\"@id\":\"https:\/\/z-bike.ch\/#\/schema\/logo\/image\/\"},\"sameAs\":[\"https:\/\/www.facebook.com\/zbikelugano\",\"https:\/\/www.instagram.com\/zbike.ebike\"]}]}<\/script>\n<!-- \/ Yoast SEO plugin. -->","yoast_head_json":{"title":"S-Works Crux - Z-Bike","robots":{"index":"index","follow":"follow","max-snippet":"max-snippet:-1","max-image-preview":"max-image-preview:large","max-video-preview":"max-video-preview:-1"},"canonical":"https:\/\/z-bike.ch\/de\/shop\/muscolari-de\/s-works-crux\/","og_locale":"de_DE","og_type":"article","og_title":"S-Works Crux - Z-Bike","og_description":"[vc_row][vc_column][vc_column_text uncode_shortcode_id=&#8220;167282&#8243; css=&#8220;.vc_custom_1762252354510{padding-bottom: 36px !important;}&#8220;] Leichtigkeit und Leistung auf h\u00f6chstem Niveau Das S-Works Crux ist ein Bike f\u00fcr alle, die [&hellip;]","og_url":"https:\/\/z-bike.ch\/de\/shop\/muscolari-de\/s-works-crux\/","og_site_name":"Z-Bike","article_publisher":"https:\/\/www.facebook.com\/zbikelugano","article_modified_time":"2025-11-21T19:13:36+00:00","og_image":[{"width":1920,"height":1136,"url":"https:\/\/z-bike.ch\/wp-content\/uploads\/2025\/11\/91426-00_CRUX-SW-FJDMET-DLMMET_HERO-PDP_DARK-1-1.png","type":"image\/png"}],"twitter_card":"summary_large_image","twitter_misc":{"Gesch\u00e4tzte Lesezeit":"1\u00a0Minute"},"schema":{"@context":"https:\/\/schema.org","@graph":[{"@type":"WebPage","@id":"https:\/\/z-bike.ch\/de\/shop\/muscolari-de\/s-works-crux\/","url":"https:\/\/z-bike.ch\/de\/shop\/muscolari-de\/s-works-crux\/","name":"S-Works Crux - Z-Bike","isPartOf":{"@id":"https:\/\/z-bike.ch\/#website"},"primaryImageOfPage":{"@id":"https:\/\/z-bike.ch\/de\/shop\/muscolari-de\/s-works-crux\/#primaryimage"},"image":{"@id":"https:\/\/z-bike.ch\/de\/shop\/muscolari-de\/s-works-crux\/#primaryimage"},"thumbnailUrl":"https:\/\/z-bike.ch\/wp-content\/uploads\/2025\/11\/91426-00_CRUX-SW-FJDMET-DLMMET_HERO-PDP_DARK-1-1.png","datePublished":"2025-11-04T10:46:28+00:00","dateModified":"2025-11-21T19:13:36+00:00","breadcrumb":{"@id":"https:\/\/z-bike.ch\/de\/shop\/muscolari-de\/s-works-crux\/#breadcrumb"},"inLanguage":"de","potentialAction":[{"@type":"ReadAction","target":["https:\/\/z-bike.ch\/de\/shop\/muscolari-de\/s-works-crux\/"]}]},{"@type":"ImageObject","inLanguage":"de","@id":"https:\/\/z-bike.ch\/de\/shop\/muscolari-de\/s-works-crux\/#primaryimage","url":"https:\/\/z-bike.ch\/wp-content\/uploads\/2025\/11\/91426-00_CRUX-SW-FJDMET-DLMMET_HERO-PDP_DARK-1-1.png","contentUrl":"https:\/\/z-bike.ch\/wp-content\/uploads\/2025\/11\/91426-00_CRUX-SW-FJDMET-DLMMET_HERO-PDP_DARK-1-1.png","width":1920,"height":1136},{"@type":"BreadcrumbList","@id":"https:\/\/z-bike.ch\/de\/shop\/muscolari-de\/s-works-crux\/#breadcrumb","itemListElement":[{"@type":"ListItem","position":1,"name":"Home","item":"https:\/\/z-bike.ch\/de\/"},{"@type":"ListItem","position":2,"name":"Shop","item":"https:\/\/z-bike.ch\/de\/shop-3\/"},{"@type":"ListItem","position":3,"name":"S-Works Crux"}]},{"@type":"WebSite","@id":"https:\/\/z-bike.ch\/#website","url":"https:\/\/z-bike.ch\/","name":"Z-Bike","description":"Bici Elettriche Online Svizzera: Miglior Prezzo | Consegna Rapida","publisher":{"@id":"https:\/\/z-bike.ch\/#organization"},"alternateName":"ZBike","potentialAction":[{"@type":"SearchAction","target":{"@type":"EntryPoint","urlTemplate":"https:\/\/z-bike.ch\/?s={search_term_string}"},"query-input":{"@type":"PropertyValueSpecification","valueRequired":true,"valueName":"search_term_string"}}],"inLanguage":"de"},{"@type":"Organization","@id":"https:\/\/z-bike.ch\/#organization","name":"Z-Bike","url":"https:\/\/z-bike.ch\/","logo":{"@type":"ImageObject","inLanguage":"de","@id":"https:\/\/z-bike.ch\/#\/schema\/logo\/image\/","url":"https:\/\/z-bike.ch\/wp-content\/uploads\/2023\/07\/logo_z-bike_ori.svg","contentUrl":"https:\/\/z-bike.ch\/wp-content\/uploads\/2023\/07\/logo_z-bike_ori.svg","width":1,"height":1,"caption":"Z-Bike"},"image":{"@id":"https:\/\/z-bike.ch\/#\/schema\/logo\/image\/"},"sameAs":["https:\/\/www.facebook.com\/zbikelugano","https:\/\/www.instagram.com\/zbike.ebike"]}]}},"_links":{"self":[{"href":"https:\/\/z-bike.ch\/de\/wp-json\/wp\/v2\/product\/127366"}],"collection":[{"href":"https:\/\/z-bike.ch\/de\/wp-json\/wp\/v2\/product"}],"about":[{"href":"https:\/\/z-bike.ch\/de\/wp-json\/wp\/v2\/types\/product"}],"replies":[{"embeddable":true,"href":"https:\/\/z-bike.ch\/de\/wp-json\/wp\/v2\/comments?post=127366"}],"wp:featuredmedia":[{"embeddable":true,"href":"https:\/\/z-bike.ch\/de\/wp-json\/wp\/v2\/media\/127364"}],"wp:attachment":[{"href":"https:\/\/z-bike.ch\/de\/wp-json\/wp\/v2\/media?parent=127366"}],"wp:term":[{"taxonomy":"product_cat","embeddable":true,"href":"https:\/\/z-bike.ch\/de\/wp-json\/wp\/v2\/product_cat?post=127366"},{"taxonomy":"product_tag","embeddable":true,"href":"https:\/\/z-bike.ch\/de\/wp-json\/wp\/v2\/product_tag?post=127366"}],"curies":[{"name":"wp","href":"https:\/\/api.w.org\/{rel}","templated":true}]}}