{"id":127515,"date":"2025-11-05T18:08:29","date_gmt":"2025-11-05T17:08:29","guid":{"rendered":"https:\/\/z-bike.ch\/?post_type=product&#038;p=127515"},"modified":"2025-11-21T20:13:35","modified_gmt":"2025-11-21T19:13:35","slug":"s-works-aethos-2","status":"publish","type":"product","link":"https:\/\/z-bike.ch\/de\/shop\/muscolari-de\/s-works-aethos-2\/","title":{"rendered":"S-Works Aethos 2 \u2013 Shimano Dura-Ace Di2"},"content":{"rendered":"<section class=\"wpb-content-wrapper\"><p>[vc_row][vc_column][vc_column_text uncode_shortcode_id=&#8220;146995&#8243; css=&#8220;.vc_custom_1762360911185{padding-bottom: 36px !important;}&#8220;]<\/p>\n<h3 data-start=\"243\" data-end=\"620\"><strong data-start=\"243\" data-end=\"286\">Ein neuer Ma\u00dfstab f\u00fcr das Rennrad<\/strong><\/h3>\n<p data-start=\"243\" data-end=\"620\">Das S-Works Aethos 2 verk\u00f6rpert den h\u00f6chsten Ausdruck von Specializeds Streben, das leichteste, eleganteste und leistungsst\u00e4rkste Rennrad aller Zeiten zu schaffen. Jedes Detail wurde mit einem einzigen Ziel entwickelt: das Gef\u00fchl eines reinen, flie\u00dfenden und intuitiven Pedalierens zu bieten \u2013 in perfektem Gleichgewicht zwischen Geschwindigkeit und Kontrolle. <\/p>\n<h3 data-start=\"622\" data-end=\"993\"><strong data-start=\"622\" data-end=\"655\">Leistung ohne Kompromisse<\/strong><\/h3>\n<p data-start=\"622\" data-end=\"993\">Jede Kurve, jeder Anstieg und jede Beschleunigung werden zu einem Erlebnis absoluter Pr\u00e4zision. Die Kombination aus Steifigkeit, Reaktionsfreude und Komfort erm\u00f6glicht es, maximale Leistung zu entfalten, ohne die Nat\u00fcrlichkeit des Fahrgef\u00fchls zu beeintr\u00e4chtigen \u2013 und macht das Aethos 2 zur idealen Begleiterin sowohl f\u00fcr epische Touren als auch f\u00fcr Tage puren Fahrvergn\u00fcgens. <\/p>\n<h3 data-start=\"995\" data-end=\"1287\"><strong data-start=\"995\" data-end=\"1020\">Eleganz und Schlichtheit<\/strong><\/h3>\n<p data-start=\"995\" data-end=\"1287\">Das minimalistische Design und die klaren Linien verk\u00f6rpern die Essenz der Aethos-Philosophie: weniger Gewicht, mehr Gef\u00fchl. Jede Form, jede Verbindung und jedes \u00e4sthetische Detail sind darauf ausgelegt, Sch\u00f6nheit und Funktionalit\u00e4t zu vereinen \u2013 f\u00fcr einen eleganten, zeitlosen Look. <\/p>\n<h3 data-start=\"1289\" data-end=\"1620\"><strong data-start=\"1289\" data-end=\"1339\">Das ultimative Erlebnis des Stra\u00dfenradsports<\/strong><\/h3>\n<p data-start=\"1289\" data-end=\"1620\">Mit dem S-Works Aethos 2 trifft Leichtigkeit auf absolute Pr\u00e4zision. Dieses Bike ist f\u00fcr Puristen gemacht \u2013 f\u00fcr alle, die glauben, dass wahre Leistung aus der perfekten Harmonie zwischen Fahrer und Maschine entsteht. Ein Fahrrad, das jede Fahrt in ein Erlebnis aus Freiheit, Kraft und Stil verwandelt.  <\/p>\n<p>[\/vc_column_text][\/vc_column][\/vc_row]<\/p>\n<\/section>","protected":false},"excerpt":{"rendered":"<p>[vc_row][vc_column][vc_column_text uncode_shortcode_id=&#8220;146995&#8243; css=&#8220;.vc_custom_1762360911185{padding-bottom: 36px !important;}&#8220;] Ein neuer Ma\u00dfstab f\u00fcr das Rennrad Das S-Works Aethos 2 verk\u00f6rpert den h\u00f6chsten Ausdruck von [&hellip;]<\/p>\n","protected":false},"featured_media":127503,"comment_status":"open","ping_status":"closed","template":"","meta":[],"product_cat":[429],"product_tag":[],"yoast_head":"<!-- This site is optimized with the Yoast SEO plugin v23.6 - https:\/\/yoast.com\/wordpress\/plugins\/seo\/ -->\n<title>S-Works Aethos 2 \u2013 Shimano Dura-Ace Di2 - Z-Bike<\/title>\n<meta name=\"robots\" content=\"index, follow, max-snippet:-1, max-image-preview:large, max-video-preview:-1\" \/>\n<link rel=\"canonical\" href=\"https:\/\/z-bike.ch\/de\/shop\/muscolari-de\/s-works-aethos-2\/\" \/>\n<meta property=\"og:locale\" content=\"de_DE\" \/>\n<meta property=\"og:type\" content=\"article\" \/>\n<meta property=\"og:title\" content=\"S-Works Aethos 2 \u2013 Shimano Dura-Ace Di2 - Z-Bike\" \/>\n<meta property=\"og:description\" content=\"[vc_row][vc_column][vc_column_text uncode_shortcode_id=&#8220;146995&#8243; css=&#8220;.vc_custom_1762360911185{padding-bottom: 36px !important;}&#8220;] Ein neuer Ma\u00dfstab f\u00fcr das Rennrad Das S-Works Aethos 2 verk\u00f6rpert den h\u00f6chsten Ausdruck von [&hellip;]\" \/>\n<meta property=\"og:url\" content=\"https:\/\/z-bike.ch\/de\/shop\/muscolari-de\/s-works-aethos-2\/\" \/>\n<meta property=\"og:site_name\" content=\"Z-Bike\" \/>\n<meta property=\"article:publisher\" content=\"https:\/\/www.facebook.com\/zbikelugano\" \/>\n<meta property=\"article:modified_time\" content=\"2025-11-21T19:13:35+00:00\" \/>\n<meta property=\"og:image\" content=\"https:\/\/z-bike.ch\/wp-content\/uploads\/2025\/11\/97226-00_AETHOS-SW-DI2-PRMFJDMET-DLMMET_HERO_DARK-PDP-1-1.png\" \/>\n\t<meta property=\"og:image:width\" content=\"1920\" \/>\n\t<meta property=\"og:image:height\" content=\"1166\" \/>\n\t<meta property=\"og:image:type\" content=\"image\/png\" \/>\n<meta name=\"twitter:card\" content=\"summary_large_image\" \/>\n<meta name=\"twitter:label1\" content=\"Gesch\u00e4tzte Lesezeit\" \/>\n\t<meta name=\"twitter:data1\" content=\"1\u00a0Minute\" \/>\n<script type=\"application\/ld+json\" class=\"yoast-schema-graph\">{\"@context\":\"https:\/\/schema.org\",\"@graph\":[{\"@type\":\"WebPage\",\"@id\":\"https:\/\/z-bike.ch\/de\/shop\/muscolari-de\/s-works-aethos-2\/\",\"url\":\"https:\/\/z-bike.ch\/de\/shop\/muscolari-de\/s-works-aethos-2\/\",\"name\":\"S-Works Aethos 2 \u2013 Shimano Dura-Ace Di2 - Z-Bike\",\"isPartOf\":{\"@id\":\"https:\/\/z-bike.ch\/#website\"},\"primaryImageOfPage\":{\"@id\":\"https:\/\/z-bike.ch\/de\/shop\/muscolari-de\/s-works-aethos-2\/#primaryimage\"},\"image\":{\"@id\":\"https:\/\/z-bike.ch\/de\/shop\/muscolari-de\/s-works-aethos-2\/#primaryimage\"},\"thumbnailUrl\":\"https:\/\/z-bike.ch\/wp-content\/uploads\/2025\/11\/97226-00_AETHOS-SW-DI2-PRMFJDMET-DLMMET_HERO_DARK-PDP-1-1.png\",\"datePublished\":\"2025-11-05T17:08:29+00:00\",\"dateModified\":\"2025-11-21T19:13:35+00:00\",\"breadcrumb\":{\"@id\":\"https:\/\/z-bike.ch\/de\/shop\/muscolari-de\/s-works-aethos-2\/#breadcrumb\"},\"inLanguage\":\"de\",\"potentialAction\":[{\"@type\":\"ReadAction\",\"target\":[\"https:\/\/z-bike.ch\/de\/shop\/muscolari-de\/s-works-aethos-2\/\"]}]},{\"@type\":\"ImageObject\",\"inLanguage\":\"de\",\"@id\":\"https:\/\/z-bike.ch\/de\/shop\/muscolari-de\/s-works-aethos-2\/#primaryimage\",\"url\":\"https:\/\/z-bike.ch\/wp-content\/uploads\/2025\/11\/97226-00_AETHOS-SW-DI2-PRMFJDMET-DLMMET_HERO_DARK-PDP-1-1.png\",\"contentUrl\":\"https:\/\/z-bike.ch\/wp-content\/uploads\/2025\/11\/97226-00_AETHOS-SW-DI2-PRMFJDMET-DLMMET_HERO_DARK-PDP-1-1.png\",\"width\":1920,\"height\":1166},{\"@type\":\"BreadcrumbList\",\"@id\":\"https:\/\/z-bike.ch\/de\/shop\/muscolari-de\/s-works-aethos-2\/#breadcrumb\",\"itemListElement\":[{\"@type\":\"ListItem\",\"position\":1,\"name\":\"Home\",\"item\":\"https:\/\/z-bike.ch\/de\/\"},{\"@type\":\"ListItem\",\"position\":2,\"name\":\"Shop\",\"item\":\"https:\/\/z-bike.ch\/de\/shop-3\/\"},{\"@type\":\"ListItem\",\"position\":3,\"name\":\"S-Works Aethos 2 \u2013 Shimano Dura-Ace Di2\"}]},{\"@type\":\"WebSite\",\"@id\":\"https:\/\/z-bike.ch\/#website\",\"url\":\"https:\/\/z-bike.ch\/\",\"name\":\"Z-Bike\",\"description\":\"Bici Elettriche Online Svizzera: Miglior Prezzo | Consegna Rapida\",\"publisher\":{\"@id\":\"https:\/\/z-bike.ch\/#organization\"},\"alternateName\":\"ZBike\",\"potentialAction\":[{\"@type\":\"SearchAction\",\"target\":{\"@type\":\"EntryPoint\",\"urlTemplate\":\"https:\/\/z-bike.ch\/?s={search_term_string}\"},\"query-input\":{\"@type\":\"PropertyValueSpecification\",\"valueRequired\":true,\"valueName\":\"search_term_string\"}}],\"inLanguage\":\"de\"},{\"@type\":\"Organization\",\"@id\":\"https:\/\/z-bike.ch\/#organization\",\"name\":\"Z-Bike\",\"url\":\"https:\/\/z-bike.ch\/\",\"logo\":{\"@type\":\"ImageObject\",\"inLanguage\":\"de\",\"@id\":\"https:\/\/z-bike.ch\/#\/schema\/logo\/image\/\",\"url\":\"https:\/\/z-bike.ch\/wp-content\/uploads\/2023\/07\/logo_z-bike_ori.svg\",\"contentUrl\":\"https:\/\/z-bike.ch\/wp-content\/uploads\/2023\/07\/logo_z-bike_ori.svg\",\"width\":1,\"height\":1,\"caption\":\"Z-Bike\"},\"image\":{\"@id\":\"https:\/\/z-bike.ch\/#\/schema\/logo\/image\/\"},\"sameAs\":[\"https:\/\/www.facebook.com\/zbikelugano\",\"https:\/\/www.instagram.com\/zbike.ebike\"]}]}<\/script>\n<!-- \/ Yoast SEO plugin. -->","yoast_head_json":{"title":"S-Works Aethos 2 \u2013 Shimano Dura-Ace Di2 - Z-Bike","robots":{"index":"index","follow":"follow","max-snippet":"max-snippet:-1","max-image-preview":"max-image-preview:large","max-video-preview":"max-video-preview:-1"},"canonical":"https:\/\/z-bike.ch\/de\/shop\/muscolari-de\/s-works-aethos-2\/","og_locale":"de_DE","og_type":"article","og_title":"S-Works Aethos 2 \u2013 Shimano Dura-Ace Di2 - Z-Bike","og_description":"[vc_row][vc_column][vc_column_text uncode_shortcode_id=&#8220;146995&#8243; css=&#8220;.vc_custom_1762360911185{padding-bottom: 36px !important;}&#8220;] Ein neuer Ma\u00dfstab f\u00fcr das Rennrad Das S-Works Aethos 2 verk\u00f6rpert den h\u00f6chsten Ausdruck von [&hellip;]","og_url":"https:\/\/z-bike.ch\/de\/shop\/muscolari-de\/s-works-aethos-2\/","og_site_name":"Z-Bike","article_publisher":"https:\/\/www.facebook.com\/zbikelugano","article_modified_time":"2025-11-21T19:13:35+00:00","og_image":[{"width":1920,"height":1166,"url":"https:\/\/z-bike.ch\/wp-content\/uploads\/2025\/11\/97226-00_AETHOS-SW-DI2-PRMFJDMET-DLMMET_HERO_DARK-PDP-1-1.png","type":"image\/png"}],"twitter_card":"summary_large_image","twitter_misc":{"Gesch\u00e4tzte Lesezeit":"1\u00a0Minute"},"schema":{"@context":"https:\/\/schema.org","@graph":[{"@type":"WebPage","@id":"https:\/\/z-bike.ch\/de\/shop\/muscolari-de\/s-works-aethos-2\/","url":"https:\/\/z-bike.ch\/de\/shop\/muscolari-de\/s-works-aethos-2\/","name":"S-Works Aethos 2 \u2013 Shimano Dura-Ace Di2 - Z-Bike","isPartOf":{"@id":"https:\/\/z-bike.ch\/#website"},"primaryImageOfPage":{"@id":"https:\/\/z-bike.ch\/de\/shop\/muscolari-de\/s-works-aethos-2\/#primaryimage"},"image":{"@id":"https:\/\/z-bike.ch\/de\/shop\/muscolari-de\/s-works-aethos-2\/#primaryimage"},"thumbnailUrl":"https:\/\/z-bike.ch\/wp-content\/uploads\/2025\/11\/97226-00_AETHOS-SW-DI2-PRMFJDMET-DLMMET_HERO_DARK-PDP-1-1.png","datePublished":"2025-11-05T17:08:29+00:00","dateModified":"2025-11-21T19:13:35+00:00","breadcrumb":{"@id":"https:\/\/z-bike.ch\/de\/shop\/muscolari-de\/s-works-aethos-2\/#breadcrumb"},"inLanguage":"de","potentialAction":[{"@type":"ReadAction","target":["https:\/\/z-bike.ch\/de\/shop\/muscolari-de\/s-works-aethos-2\/"]}]},{"@type":"ImageObject","inLanguage":"de","@id":"https:\/\/z-bike.ch\/de\/shop\/muscolari-de\/s-works-aethos-2\/#primaryimage","url":"https:\/\/z-bike.ch\/wp-content\/uploads\/2025\/11\/97226-00_AETHOS-SW-DI2-PRMFJDMET-DLMMET_HERO_DARK-PDP-1-1.png","contentUrl":"https:\/\/z-bike.ch\/wp-content\/uploads\/2025\/11\/97226-00_AETHOS-SW-DI2-PRMFJDMET-DLMMET_HERO_DARK-PDP-1-1.png","width":1920,"height":1166},{"@type":"BreadcrumbList","@id":"https:\/\/z-bike.ch\/de\/shop\/muscolari-de\/s-works-aethos-2\/#breadcrumb","itemListElement":[{"@type":"ListItem","position":1,"name":"Home","item":"https:\/\/z-bike.ch\/de\/"},{"@type":"ListItem","position":2,"name":"Shop","item":"https:\/\/z-bike.ch\/de\/shop-3\/"},{"@type":"ListItem","position":3,"name":"S-Works Aethos 2 \u2013 Shimano Dura-Ace Di2"}]},{"@type":"WebSite","@id":"https:\/\/z-bike.ch\/#website","url":"https:\/\/z-bike.ch\/","name":"Z-Bike","description":"Bici Elettriche Online Svizzera: Miglior Prezzo | Consegna Rapida","publisher":{"@id":"https:\/\/z-bike.ch\/#organization"},"alternateName":"ZBike","potentialAction":[{"@type":"SearchAction","target":{"@type":"EntryPoint","urlTemplate":"https:\/\/z-bike.ch\/?s={search_term_string}"},"query-input":{"@type":"PropertyValueSpecification","valueRequired":true,"valueName":"search_term_string"}}],"inLanguage":"de"},{"@type":"Organization","@id":"https:\/\/z-bike.ch\/#organization","name":"Z-Bike","url":"https:\/\/z-bike.ch\/","logo":{"@type":"ImageObject","inLanguage":"de","@id":"https:\/\/z-bike.ch\/#\/schema\/logo\/image\/","url":"https:\/\/z-bike.ch\/wp-content\/uploads\/2023\/07\/logo_z-bike_ori.svg","contentUrl":"https:\/\/z-bike.ch\/wp-content\/uploads\/2023\/07\/logo_z-bike_ori.svg","width":1,"height":1,"caption":"Z-Bike"},"image":{"@id":"https:\/\/z-bike.ch\/#\/schema\/logo\/image\/"},"sameAs":["https:\/\/www.facebook.com\/zbikelugano","https:\/\/www.instagram.com\/zbike.ebike"]}]}},"_links":{"self":[{"href":"https:\/\/z-bike.ch\/de\/wp-json\/wp\/v2\/product\/127515"}],"collection":[{"href":"https:\/\/z-bike.ch\/de\/wp-json\/wp\/v2\/product"}],"about":[{"href":"https:\/\/z-bike.ch\/de\/wp-json\/wp\/v2\/types\/product"}],"replies":[{"embeddable":true,"href":"https:\/\/z-bike.ch\/de\/wp-json\/wp\/v2\/comments?post=127515"}],"wp:featuredmedia":[{"embeddable":true,"href":"https:\/\/z-bike.ch\/de\/wp-json\/wp\/v2\/media\/127503"}],"wp:attachment":[{"href":"https:\/\/z-bike.ch\/de\/wp-json\/wp\/v2\/media?parent=127515"}],"wp:term":[{"taxonomy":"product_cat","embeddable":true,"href":"https:\/\/z-bike.ch\/de\/wp-json\/wp\/v2\/product_cat?post=127515"},{"taxonomy":"product_tag","embeddable":true,"href":"https:\/\/z-bike.ch\/de\/wp-json\/wp\/v2\/product_tag?post=127515"}],"curies":[{"name":"wp","href":"https:\/\/api.w.org\/{rel}","templated":true}]}}