{"id":127641,"date":"2025-11-11T10:41:58","date_gmt":"2025-11-11T09:41:58","guid":{"rendered":"https:\/\/z-bike.ch\/?post_type=product&#038;p=127641"},"modified":"2025-11-21T20:13:35","modified_gmt":"2025-11-21T19:13:35","slug":"aethos-2-pro-shimano-ultegra-di2","status":"publish","type":"product","link":"https:\/\/z-bike.ch\/de\/shop\/muscolari-de\/aethos-2-pro-shimano-ultegra-di2\/","title":{"rendered":"Aethos 2 Pro \u2013 Shimano Ultegra Di2"},"content":{"rendered":"<section class=\"wpb-content-wrapper\"><p>[vc_row][vc_column][vc_column_text uncode_shortcode_id=&#8220;156947&#8243; css=&#8220;.vc_custom_1762770230491{padding-bottom: 36px !important;}&#8220;]<\/p>\n<h3 data-start=\"223\" data-end=\"485\"><strong data-start=\"223\" data-end=\"257\">Ein Fahrrad, gemacht f\u00fcr die Stra\u00dfe<\/strong><\/h3>\n<p data-start=\"223\" data-end=\"485\">Das Aethos 2 Pro wurde f\u00fcr alle entwickelt, die maximale Leichtigkeit mit exzellenter Stra\u00dfenleistung verbinden m\u00f6chten. Jeder Pedaltritt ist geschmeidig, nat\u00fcrlich und pr\u00e4zise, wodurch selbst lange Fahrten zu einem angenehmen und erf\u00fcllenden Erlebnis werden. <\/p>\n<h3 data-start=\"487\" data-end=\"775\"><strong data-start=\"487\" data-end=\"523\">Ausgewogenheit zwischen Kraft und Komfort<\/strong><\/h3>\n<p data-start=\"487\" data-end=\"775\">Dank ihres ausgewogenen Designs bietet das Bike Stabilit\u00e4t und Kontrolle, sodass Anstiege, Abfahrten und Kurven sicher gemeistert werden k\u00f6nnen. Die Kombination aus Steifigkeit und Komfort macht jede Fahrt effizient, ohne das nat\u00fcrliche Fahrgef\u00fchl zu beeintr\u00e4chtigen. <\/p>\n<h3 data-start=\"777\" data-end=\"1046\"><strong data-start=\"777\" data-end=\"801\">Minimalistische Eleganz<\/strong><\/h3>\n<p data-start=\"777\" data-end=\"1046\">Klare Linien und harmonische Proportionen verleihen der Aethos 2 Pro ein raffiniertes und zeitloses Erscheinungsbild. Jedes \u00e4sthetische Detail spiegelt die Liebe zur Qualit\u00e4t und Funktionalit\u00e4t wider und schafft ein Bike, das Sch\u00f6nheit und Leistung vereint. <\/p>\n<h3 data-start=\"1048\" data-end=\"1325\"><strong data-start=\"1048\" data-end=\"1078\">F\u00fcr alle, die Exzellenz suchen<\/strong><\/h3>\n<p data-start=\"1048\" data-end=\"1325\">Die Aethos 2 Pro l\u00e4dt dazu ein, Radfahren als Ausdruck von Freiheit und Vergn\u00fcgen zu erleben. Sie ist ideal f\u00fcr alle, die ein Bike suchen, das auf jeden Impuls perfekt reagiert und ein pr\u00e4zises, reaktionsfreudiges und befriedigendes Fahrerlebnis auf jeder Strecke bietet. <\/p>\n<p>[\/vc_column_text][\/vc_column][\/vc_row]<\/p>\n<\/section>","protected":false},"excerpt":{"rendered":"<p>[vc_row][vc_column][vc_column_text uncode_shortcode_id=&#8220;156947&#8243; css=&#8220;.vc_custom_1762770230491{padding-bottom: 36px !important;}&#8220;] Ein Fahrrad, gemacht f\u00fcr die Stra\u00dfe Das Aethos 2 Pro wurde f\u00fcr alle entwickelt, die [&hellip;]<\/p>\n","protected":false},"featured_media":127541,"comment_status":"open","ping_status":"closed","template":"","meta":[],"product_cat":[429],"product_tag":[],"yoast_head":"<!-- This site is optimized with the Yoast SEO plugin v23.6 - https:\/\/yoast.com\/wordpress\/plugins\/seo\/ -->\n<title>Aethos 2 Pro \u2013 Shimano Ultegra Di2 - Z-Bike<\/title>\n<meta name=\"robots\" content=\"index, follow, max-snippet:-1, max-image-preview:large, max-video-preview:-1\" \/>\n<link rel=\"canonical\" href=\"https:\/\/z-bike.ch\/de\/shop\/muscolari-de\/aethos-2-pro-shimano-ultegra-di2\/\" \/>\n<meta property=\"og:locale\" content=\"de_DE\" \/>\n<meta property=\"og:type\" content=\"article\" \/>\n<meta property=\"og:title\" content=\"Aethos 2 Pro \u2013 Shimano Ultegra Di2 - Z-Bike\" \/>\n<meta property=\"og:description\" content=\"[vc_row][vc_column][vc_column_text uncode_shortcode_id=&#8220;156947&#8243; css=&#8220;.vc_custom_1762770230491{padding-bottom: 36px !important;}&#8220;] Ein Fahrrad, gemacht f\u00fcr die Stra\u00dfe Das Aethos 2 Pro wurde f\u00fcr alle entwickelt, die [&hellip;]\" \/>\n<meta property=\"og:url\" content=\"https:\/\/z-bike.ch\/de\/shop\/muscolari-de\/aethos-2-pro-shimano-ultegra-di2\/\" \/>\n<meta property=\"og:site_name\" content=\"Z-Bike\" \/>\n<meta property=\"article:publisher\" content=\"https:\/\/www.facebook.com\/zbikelugano\" \/>\n<meta property=\"article:modified_time\" content=\"2025-11-21T19:13:35+00:00\" \/>\n<meta property=\"og:image\" content=\"https:\/\/z-bike.ch\/wp-content\/uploads\/2025\/11\/97226-11_AETHOS-PRO-DI2-REDSKY-CHRM_HERO-PDP-1-1-4.png\" \/>\n\t<meta property=\"og:image:width\" content=\"1920\" \/>\n\t<meta property=\"og:image:height\" content=\"1168\" \/>\n\t<meta property=\"og:image:type\" content=\"image\/png\" \/>\n<meta name=\"twitter:card\" content=\"summary_large_image\" \/>\n<meta name=\"twitter:label1\" content=\"Gesch\u00e4tzte Lesezeit\" \/>\n\t<meta name=\"twitter:data1\" content=\"1\u00a0Minute\" \/>\n<script type=\"application\/ld+json\" class=\"yoast-schema-graph\">{\"@context\":\"https:\/\/schema.org\",\"@graph\":[{\"@type\":\"WebPage\",\"@id\":\"https:\/\/z-bike.ch\/de\/shop\/muscolari-de\/aethos-2-pro-shimano-ultegra-di2\/\",\"url\":\"https:\/\/z-bike.ch\/de\/shop\/muscolari-de\/aethos-2-pro-shimano-ultegra-di2\/\",\"name\":\"Aethos 2 Pro \u2013 Shimano Ultegra Di2 - Z-Bike\",\"isPartOf\":{\"@id\":\"https:\/\/z-bike.ch\/#website\"},\"primaryImageOfPage\":{\"@id\":\"https:\/\/z-bike.ch\/de\/shop\/muscolari-de\/aethos-2-pro-shimano-ultegra-di2\/#primaryimage\"},\"image\":{\"@id\":\"https:\/\/z-bike.ch\/de\/shop\/muscolari-de\/aethos-2-pro-shimano-ultegra-di2\/#primaryimage\"},\"thumbnailUrl\":\"https:\/\/z-bike.ch\/wp-content\/uploads\/2025\/11\/97226-11_AETHOS-PRO-DI2-REDSKY-CHRM_HERO-PDP-1-1-4.png\",\"datePublished\":\"2025-11-11T09:41:58+00:00\",\"dateModified\":\"2025-11-21T19:13:35+00:00\",\"breadcrumb\":{\"@id\":\"https:\/\/z-bike.ch\/de\/shop\/muscolari-de\/aethos-2-pro-shimano-ultegra-di2\/#breadcrumb\"},\"inLanguage\":\"de\",\"potentialAction\":[{\"@type\":\"ReadAction\",\"target\":[\"https:\/\/z-bike.ch\/de\/shop\/muscolari-de\/aethos-2-pro-shimano-ultegra-di2\/\"]}]},{\"@type\":\"ImageObject\",\"inLanguage\":\"de\",\"@id\":\"https:\/\/z-bike.ch\/de\/shop\/muscolari-de\/aethos-2-pro-shimano-ultegra-di2\/#primaryimage\",\"url\":\"https:\/\/z-bike.ch\/wp-content\/uploads\/2025\/11\/97226-11_AETHOS-PRO-DI2-REDSKY-CHRM_HERO-PDP-1-1-4.png\",\"contentUrl\":\"https:\/\/z-bike.ch\/wp-content\/uploads\/2025\/11\/97226-11_AETHOS-PRO-DI2-REDSKY-CHRM_HERO-PDP-1-1-4.png\",\"width\":1920,\"height\":1168},{\"@type\":\"BreadcrumbList\",\"@id\":\"https:\/\/z-bike.ch\/de\/shop\/muscolari-de\/aethos-2-pro-shimano-ultegra-di2\/#breadcrumb\",\"itemListElement\":[{\"@type\":\"ListItem\",\"position\":1,\"name\":\"Home\",\"item\":\"https:\/\/z-bike.ch\/de\/\"},{\"@type\":\"ListItem\",\"position\":2,\"name\":\"Shop\",\"item\":\"https:\/\/z-bike.ch\/de\/shop-3\/\"},{\"@type\":\"ListItem\",\"position\":3,\"name\":\"Aethos 2 Pro \u2013 Shimano Ultegra Di2\"}]},{\"@type\":\"WebSite\",\"@id\":\"https:\/\/z-bike.ch\/#website\",\"url\":\"https:\/\/z-bike.ch\/\",\"name\":\"Z-Bike\",\"description\":\"Bici Elettriche Online Svizzera: Miglior Prezzo | Consegna Rapida\",\"publisher\":{\"@id\":\"https:\/\/z-bike.ch\/#organization\"},\"alternateName\":\"ZBike\",\"potentialAction\":[{\"@type\":\"SearchAction\",\"target\":{\"@type\":\"EntryPoint\",\"urlTemplate\":\"https:\/\/z-bike.ch\/?s={search_term_string}\"},\"query-input\":{\"@type\":\"PropertyValueSpecification\",\"valueRequired\":true,\"valueName\":\"search_term_string\"}}],\"inLanguage\":\"de\"},{\"@type\":\"Organization\",\"@id\":\"https:\/\/z-bike.ch\/#organization\",\"name\":\"Z-Bike\",\"url\":\"https:\/\/z-bike.ch\/\",\"logo\":{\"@type\":\"ImageObject\",\"inLanguage\":\"de\",\"@id\":\"https:\/\/z-bike.ch\/#\/schema\/logo\/image\/\",\"url\":\"https:\/\/z-bike.ch\/wp-content\/uploads\/2023\/07\/logo_z-bike_ori.svg\",\"contentUrl\":\"https:\/\/z-bike.ch\/wp-content\/uploads\/2023\/07\/logo_z-bike_ori.svg\",\"width\":1,\"height\":1,\"caption\":\"Z-Bike\"},\"image\":{\"@id\":\"https:\/\/z-bike.ch\/#\/schema\/logo\/image\/\"},\"sameAs\":[\"https:\/\/www.facebook.com\/zbikelugano\",\"https:\/\/www.instagram.com\/zbike.ebike\"]}]}<\/script>\n<!-- \/ Yoast SEO plugin. -->","yoast_head_json":{"title":"Aethos 2 Pro \u2013 Shimano Ultegra Di2 - Z-Bike","robots":{"index":"index","follow":"follow","max-snippet":"max-snippet:-1","max-image-preview":"max-image-preview:large","max-video-preview":"max-video-preview:-1"},"canonical":"https:\/\/z-bike.ch\/de\/shop\/muscolari-de\/aethos-2-pro-shimano-ultegra-di2\/","og_locale":"de_DE","og_type":"article","og_title":"Aethos 2 Pro \u2013 Shimano Ultegra Di2 - Z-Bike","og_description":"[vc_row][vc_column][vc_column_text uncode_shortcode_id=&#8220;156947&#8243; css=&#8220;.vc_custom_1762770230491{padding-bottom: 36px !important;}&#8220;] Ein Fahrrad, gemacht f\u00fcr die Stra\u00dfe Das Aethos 2 Pro wurde f\u00fcr alle entwickelt, die [&hellip;]","og_url":"https:\/\/z-bike.ch\/de\/shop\/muscolari-de\/aethos-2-pro-shimano-ultegra-di2\/","og_site_name":"Z-Bike","article_publisher":"https:\/\/www.facebook.com\/zbikelugano","article_modified_time":"2025-11-21T19:13:35+00:00","og_image":[{"width":1920,"height":1168,"url":"https:\/\/z-bike.ch\/wp-content\/uploads\/2025\/11\/97226-11_AETHOS-PRO-DI2-REDSKY-CHRM_HERO-PDP-1-1-4.png","type":"image\/png"}],"twitter_card":"summary_large_image","twitter_misc":{"Gesch\u00e4tzte Lesezeit":"1\u00a0Minute"},"schema":{"@context":"https:\/\/schema.org","@graph":[{"@type":"WebPage","@id":"https:\/\/z-bike.ch\/de\/shop\/muscolari-de\/aethos-2-pro-shimano-ultegra-di2\/","url":"https:\/\/z-bike.ch\/de\/shop\/muscolari-de\/aethos-2-pro-shimano-ultegra-di2\/","name":"Aethos 2 Pro \u2013 Shimano Ultegra Di2 - Z-Bike","isPartOf":{"@id":"https:\/\/z-bike.ch\/#website"},"primaryImageOfPage":{"@id":"https:\/\/z-bike.ch\/de\/shop\/muscolari-de\/aethos-2-pro-shimano-ultegra-di2\/#primaryimage"},"image":{"@id":"https:\/\/z-bike.ch\/de\/shop\/muscolari-de\/aethos-2-pro-shimano-ultegra-di2\/#primaryimage"},"thumbnailUrl":"https:\/\/z-bike.ch\/wp-content\/uploads\/2025\/11\/97226-11_AETHOS-PRO-DI2-REDSKY-CHRM_HERO-PDP-1-1-4.png","datePublished":"2025-11-11T09:41:58+00:00","dateModified":"2025-11-21T19:13:35+00:00","breadcrumb":{"@id":"https:\/\/z-bike.ch\/de\/shop\/muscolari-de\/aethos-2-pro-shimano-ultegra-di2\/#breadcrumb"},"inLanguage":"de","potentialAction":[{"@type":"ReadAction","target":["https:\/\/z-bike.ch\/de\/shop\/muscolari-de\/aethos-2-pro-shimano-ultegra-di2\/"]}]},{"@type":"ImageObject","inLanguage":"de","@id":"https:\/\/z-bike.ch\/de\/shop\/muscolari-de\/aethos-2-pro-shimano-ultegra-di2\/#primaryimage","url":"https:\/\/z-bike.ch\/wp-content\/uploads\/2025\/11\/97226-11_AETHOS-PRO-DI2-REDSKY-CHRM_HERO-PDP-1-1-4.png","contentUrl":"https:\/\/z-bike.ch\/wp-content\/uploads\/2025\/11\/97226-11_AETHOS-PRO-DI2-REDSKY-CHRM_HERO-PDP-1-1-4.png","width":1920,"height":1168},{"@type":"BreadcrumbList","@id":"https:\/\/z-bike.ch\/de\/shop\/muscolari-de\/aethos-2-pro-shimano-ultegra-di2\/#breadcrumb","itemListElement":[{"@type":"ListItem","position":1,"name":"Home","item":"https:\/\/z-bike.ch\/de\/"},{"@type":"ListItem","position":2,"name":"Shop","item":"https:\/\/z-bike.ch\/de\/shop-3\/"},{"@type":"ListItem","position":3,"name":"Aethos 2 Pro \u2013 Shimano Ultegra Di2"}]},{"@type":"WebSite","@id":"https:\/\/z-bike.ch\/#website","url":"https:\/\/z-bike.ch\/","name":"Z-Bike","description":"Bici Elettriche Online Svizzera: Miglior Prezzo | Consegna Rapida","publisher":{"@id":"https:\/\/z-bike.ch\/#organization"},"alternateName":"ZBike","potentialAction":[{"@type":"SearchAction","target":{"@type":"EntryPoint","urlTemplate":"https:\/\/z-bike.ch\/?s={search_term_string}"},"query-input":{"@type":"PropertyValueSpecification","valueRequired":true,"valueName":"search_term_string"}}],"inLanguage":"de"},{"@type":"Organization","@id":"https:\/\/z-bike.ch\/#organization","name":"Z-Bike","url":"https:\/\/z-bike.ch\/","logo":{"@type":"ImageObject","inLanguage":"de","@id":"https:\/\/z-bike.ch\/#\/schema\/logo\/image\/","url":"https:\/\/z-bike.ch\/wp-content\/uploads\/2023\/07\/logo_z-bike_ori.svg","contentUrl":"https:\/\/z-bike.ch\/wp-content\/uploads\/2023\/07\/logo_z-bike_ori.svg","width":1,"height":1,"caption":"Z-Bike"},"image":{"@id":"https:\/\/z-bike.ch\/#\/schema\/logo\/image\/"},"sameAs":["https:\/\/www.facebook.com\/zbikelugano","https:\/\/www.instagram.com\/zbike.ebike"]}]}},"_links":{"self":[{"href":"https:\/\/z-bike.ch\/de\/wp-json\/wp\/v2\/product\/127641"}],"collection":[{"href":"https:\/\/z-bike.ch\/de\/wp-json\/wp\/v2\/product"}],"about":[{"href":"https:\/\/z-bike.ch\/de\/wp-json\/wp\/v2\/types\/product"}],"replies":[{"embeddable":true,"href":"https:\/\/z-bike.ch\/de\/wp-json\/wp\/v2\/comments?post=127641"}],"wp:featuredmedia":[{"embeddable":true,"href":"https:\/\/z-bike.ch\/de\/wp-json\/wp\/v2\/media\/127541"}],"wp:attachment":[{"href":"https:\/\/z-bike.ch\/de\/wp-json\/wp\/v2\/media?parent=127641"}],"wp:term":[{"taxonomy":"product_cat","embeddable":true,"href":"https:\/\/z-bike.ch\/de\/wp-json\/wp\/v2\/product_cat?post=127641"},{"taxonomy":"product_tag","embeddable":true,"href":"https:\/\/z-bike.ch\/de\/wp-json\/wp\/v2\/product_tag?post=127641"}],"curies":[{"name":"wp","href":"https:\/\/api.w.org\/{rel}","templated":true}]}}