{"id":127643,"date":"2025-11-11T10:42:42","date_gmt":"2025-11-11T09:42:42","guid":{"rendered":"https:\/\/z-bike.ch\/?post_type=product&#038;p=127643"},"modified":"2025-11-21T20:13:35","modified_gmt":"2025-11-21T19:13:35","slug":"tarmac-sl8-comp-shimano-105-di2","status":"publish","type":"product","link":"https:\/\/z-bike.ch\/de\/shop\/muscolari-de\/tarmac-sl8-comp-shimano-105-di2\/","title":{"rendered":"Tarmac SL8 Comp \u2013 Shimano 105 Di2"},"content":{"rendered":"<section class=\"wpb-content-wrapper\"><p>[vc_row][vc_column][vc_column_text uncode_shortcode_id=&#8220;583767&#8243; css=&#8220;.vc_custom_1762772062938{padding-bottom: 36px !important;}&#8220;]<\/p>\n<h3 data-start=\"205\" data-end=\"452\"><strong data-start=\"205\" data-end=\"240\">Das ultimative Rennrad<\/strong><\/h3>\n<p data-start=\"205\" data-end=\"452\">Das Tarmac SL8 Comp ist f\u00fcr alle gedacht, die die Stra\u00dfe lieben und ein Bike suchen, das Leichtigkeit, Steifigkeit und Agilit\u00e4t vereint. Jeder Pedaltritt ist geschmeidig und reaktionsfreudig, und das Bike bietet volle Kontrolle in jeder Kurve, jedem Anstieg und jeder Abfahrt. <\/p>\n<h3 data-start=\"454\" data-end=\"709\"><strong data-start=\"454\" data-end=\"481\">Optimierte Leistung<\/strong><\/h3>\n<p data-start=\"454\" data-end=\"709\">Ihr Design erm\u00f6glicht eine direkte und effiziente Kraft\u00fcbertragung vom Fahrer, maximiert die Geschwindigkeit und beeintr\u00e4chtigt dabei nicht den Komfort. Sie ist die ideale Wahl f\u00fcr Rennen, intensives Training und lange Ausfahrten auf der Stra\u00dfe. <\/p>\n<h3 data-start=\"711\" data-end=\"956\"><strong data-start=\"711\" data-end=\"738\">Eleganz und Funktionalit\u00e4t<\/strong><\/h3>\n<p data-start=\"711\" data-end=\"956\">Die klaren Linien und das raffinierte Erscheinungsbild machen das Tarmac SL8 Comp zu einem modernen und ansprechenden Bike, das Leistung und Stil vereint. Jedes Detail ist darauf ausgelegt, ein pr\u00e4zises und angenehmes Fahrerlebnis zu bieten. <\/p>\n<h3 data-start=\"958\" data-end=\"1180\"><strong data-start=\"958\" data-end=\"998\">F\u00fcr alle, die Exzellenz auf der Stra\u00dfe suchen<\/strong><\/h3>\n<p data-start=\"958\" data-end=\"1180\">Das Tarmac SL8 Comp ist das perfekte Bike f\u00fcr alle, die sich vollkommen mit der Stra\u00dfe verbunden f\u00fchlen m\u00f6chten und jede Fahrt als Erlebnis von Geschwindigkeit, Kontrolle und purem Fahrvergn\u00fcgen erleben wollen.<\/p>\n<p>[\/vc_column_text][\/vc_column][\/vc_row]<\/p>\n<\/section>","protected":false},"excerpt":{"rendered":"<p>[vc_row][vc_column][vc_column_text uncode_shortcode_id=&#8220;583767&#8243; css=&#8220;.vc_custom_1762772062938{padding-bottom: 36px !important;}&#8220;] Das ultimative Rennrad Das Tarmac SL8 Comp ist f\u00fcr alle gedacht, die die Stra\u00dfe lieben [&hellip;]<\/p>\n","protected":false},"featured_media":127557,"comment_status":"open","ping_status":"closed","template":"","meta":[],"product_cat":[429],"product_tag":[],"yoast_head":"<!-- This site is optimized with the Yoast SEO plugin v23.6 - https:\/\/yoast.com\/wordpress\/plugins\/seo\/ -->\n<title>Tarmac SL8 Comp \u2013 Shimano 105 Di2 - Z-Bike<\/title>\n<meta name=\"robots\" content=\"index, follow, max-snippet:-1, max-image-preview:large, max-video-preview:-1\" \/>\n<link rel=\"canonical\" href=\"https:\/\/z-bike.ch\/de\/shop\/muscolari-de\/tarmac-sl8-comp-shimano-105-di2\/\" \/>\n<meta property=\"og:locale\" content=\"de_DE\" \/>\n<meta property=\"og:type\" content=\"article\" \/>\n<meta property=\"og:title\" content=\"Tarmac SL8 Comp \u2013 Shimano 105 Di2 - Z-Bike\" \/>\n<meta property=\"og:description\" content=\"[vc_row][vc_column][vc_column_text uncode_shortcode_id=&#8220;583767&#8243; css=&#8220;.vc_custom_1762772062938{padding-bottom: 36px !important;}&#8220;] Das ultimative Rennrad Das Tarmac SL8 Comp ist f\u00fcr alle gedacht, die die Stra\u00dfe lieben [&hellip;]\" \/>\n<meta property=\"og:url\" content=\"https:\/\/z-bike.ch\/de\/shop\/muscolari-de\/tarmac-sl8-comp-shimano-105-di2\/\" \/>\n<meta property=\"og:site_name\" content=\"Z-Bike\" \/>\n<meta property=\"article:publisher\" content=\"https:\/\/www.facebook.com\/zbikelugano\" \/>\n<meta property=\"article:modified_time\" content=\"2025-11-21T19:13:35+00:00\" \/>\n<meta property=\"og:image\" content=\"https:\/\/z-bike.ch\/wp-content\/uploads\/2025\/11\/94926-50_TARMAC-SL8-COMP-DI2-CARB-WHT_HERO-PDP-1-1.png\" \/>\n\t<meta property=\"og:image:width\" content=\"1920\" \/>\n\t<meta property=\"og:image:height\" content=\"1174\" \/>\n\t<meta property=\"og:image:type\" content=\"image\/png\" \/>\n<meta name=\"twitter:card\" content=\"summary_large_image\" \/>\n<meta name=\"twitter:label1\" content=\"Gesch\u00e4tzte Lesezeit\" \/>\n\t<meta name=\"twitter:data1\" content=\"1\u00a0Minute\" \/>\n<script type=\"application\/ld+json\" class=\"yoast-schema-graph\">{\"@context\":\"https:\/\/schema.org\",\"@graph\":[{\"@type\":\"WebPage\",\"@id\":\"https:\/\/z-bike.ch\/de\/shop\/muscolari-de\/tarmac-sl8-comp-shimano-105-di2\/\",\"url\":\"https:\/\/z-bike.ch\/de\/shop\/muscolari-de\/tarmac-sl8-comp-shimano-105-di2\/\",\"name\":\"Tarmac SL8 Comp \u2013 Shimano 105 Di2 - Z-Bike\",\"isPartOf\":{\"@id\":\"https:\/\/z-bike.ch\/#website\"},\"primaryImageOfPage\":{\"@id\":\"https:\/\/z-bike.ch\/de\/shop\/muscolari-de\/tarmac-sl8-comp-shimano-105-di2\/#primaryimage\"},\"image\":{\"@id\":\"https:\/\/z-bike.ch\/de\/shop\/muscolari-de\/tarmac-sl8-comp-shimano-105-di2\/#primaryimage\"},\"thumbnailUrl\":\"https:\/\/z-bike.ch\/wp-content\/uploads\/2025\/11\/94926-50_TARMAC-SL8-COMP-DI2-CARB-WHT_HERO-PDP-1-1.png\",\"datePublished\":\"2025-11-11T09:42:42+00:00\",\"dateModified\":\"2025-11-21T19:13:35+00:00\",\"breadcrumb\":{\"@id\":\"https:\/\/z-bike.ch\/de\/shop\/muscolari-de\/tarmac-sl8-comp-shimano-105-di2\/#breadcrumb\"},\"inLanguage\":\"de\",\"potentialAction\":[{\"@type\":\"ReadAction\",\"target\":[\"https:\/\/z-bike.ch\/de\/shop\/muscolari-de\/tarmac-sl8-comp-shimano-105-di2\/\"]}]},{\"@type\":\"ImageObject\",\"inLanguage\":\"de\",\"@id\":\"https:\/\/z-bike.ch\/de\/shop\/muscolari-de\/tarmac-sl8-comp-shimano-105-di2\/#primaryimage\",\"url\":\"https:\/\/z-bike.ch\/wp-content\/uploads\/2025\/11\/94926-50_TARMAC-SL8-COMP-DI2-CARB-WHT_HERO-PDP-1-1.png\",\"contentUrl\":\"https:\/\/z-bike.ch\/wp-content\/uploads\/2025\/11\/94926-50_TARMAC-SL8-COMP-DI2-CARB-WHT_HERO-PDP-1-1.png\",\"width\":1920,\"height\":1174},{\"@type\":\"BreadcrumbList\",\"@id\":\"https:\/\/z-bike.ch\/de\/shop\/muscolari-de\/tarmac-sl8-comp-shimano-105-di2\/#breadcrumb\",\"itemListElement\":[{\"@type\":\"ListItem\",\"position\":1,\"name\":\"Home\",\"item\":\"https:\/\/z-bike.ch\/de\/\"},{\"@type\":\"ListItem\",\"position\":2,\"name\":\"Shop\",\"item\":\"https:\/\/z-bike.ch\/de\/shop-3\/\"},{\"@type\":\"ListItem\",\"position\":3,\"name\":\"Tarmac SL8 Comp \u2013 Shimano 105 Di2\"}]},{\"@type\":\"WebSite\",\"@id\":\"https:\/\/z-bike.ch\/#website\",\"url\":\"https:\/\/z-bike.ch\/\",\"name\":\"Z-Bike\",\"description\":\"Bici Elettriche Online Svizzera: Miglior Prezzo | Consegna Rapida\",\"publisher\":{\"@id\":\"https:\/\/z-bike.ch\/#organization\"},\"alternateName\":\"ZBike\",\"potentialAction\":[{\"@type\":\"SearchAction\",\"target\":{\"@type\":\"EntryPoint\",\"urlTemplate\":\"https:\/\/z-bike.ch\/?s={search_term_string}\"},\"query-input\":{\"@type\":\"PropertyValueSpecification\",\"valueRequired\":true,\"valueName\":\"search_term_string\"}}],\"inLanguage\":\"de\"},{\"@type\":\"Organization\",\"@id\":\"https:\/\/z-bike.ch\/#organization\",\"name\":\"Z-Bike\",\"url\":\"https:\/\/z-bike.ch\/\",\"logo\":{\"@type\":\"ImageObject\",\"inLanguage\":\"de\",\"@id\":\"https:\/\/z-bike.ch\/#\/schema\/logo\/image\/\",\"url\":\"https:\/\/z-bike.ch\/wp-content\/uploads\/2023\/07\/logo_z-bike_ori.svg\",\"contentUrl\":\"https:\/\/z-bike.ch\/wp-content\/uploads\/2023\/07\/logo_z-bike_ori.svg\",\"width\":1,\"height\":1,\"caption\":\"Z-Bike\"},\"image\":{\"@id\":\"https:\/\/z-bike.ch\/#\/schema\/logo\/image\/\"},\"sameAs\":[\"https:\/\/www.facebook.com\/zbikelugano\",\"https:\/\/www.instagram.com\/zbike.ebike\"]}]}<\/script>\n<!-- \/ Yoast SEO plugin. -->","yoast_head_json":{"title":"Tarmac SL8 Comp \u2013 Shimano 105 Di2 - Z-Bike","robots":{"index":"index","follow":"follow","max-snippet":"max-snippet:-1","max-image-preview":"max-image-preview:large","max-video-preview":"max-video-preview:-1"},"canonical":"https:\/\/z-bike.ch\/de\/shop\/muscolari-de\/tarmac-sl8-comp-shimano-105-di2\/","og_locale":"de_DE","og_type":"article","og_title":"Tarmac SL8 Comp \u2013 Shimano 105 Di2 - Z-Bike","og_description":"[vc_row][vc_column][vc_column_text uncode_shortcode_id=&#8220;583767&#8243; css=&#8220;.vc_custom_1762772062938{padding-bottom: 36px !important;}&#8220;] Das ultimative Rennrad Das Tarmac SL8 Comp ist f\u00fcr alle gedacht, die die Stra\u00dfe lieben [&hellip;]","og_url":"https:\/\/z-bike.ch\/de\/shop\/muscolari-de\/tarmac-sl8-comp-shimano-105-di2\/","og_site_name":"Z-Bike","article_publisher":"https:\/\/www.facebook.com\/zbikelugano","article_modified_time":"2025-11-21T19:13:35+00:00","og_image":[{"width":1920,"height":1174,"url":"https:\/\/z-bike.ch\/wp-content\/uploads\/2025\/11\/94926-50_TARMAC-SL8-COMP-DI2-CARB-WHT_HERO-PDP-1-1.png","type":"image\/png"}],"twitter_card":"summary_large_image","twitter_misc":{"Gesch\u00e4tzte Lesezeit":"1\u00a0Minute"},"schema":{"@context":"https:\/\/schema.org","@graph":[{"@type":"WebPage","@id":"https:\/\/z-bike.ch\/de\/shop\/muscolari-de\/tarmac-sl8-comp-shimano-105-di2\/","url":"https:\/\/z-bike.ch\/de\/shop\/muscolari-de\/tarmac-sl8-comp-shimano-105-di2\/","name":"Tarmac SL8 Comp \u2013 Shimano 105 Di2 - Z-Bike","isPartOf":{"@id":"https:\/\/z-bike.ch\/#website"},"primaryImageOfPage":{"@id":"https:\/\/z-bike.ch\/de\/shop\/muscolari-de\/tarmac-sl8-comp-shimano-105-di2\/#primaryimage"},"image":{"@id":"https:\/\/z-bike.ch\/de\/shop\/muscolari-de\/tarmac-sl8-comp-shimano-105-di2\/#primaryimage"},"thumbnailUrl":"https:\/\/z-bike.ch\/wp-content\/uploads\/2025\/11\/94926-50_TARMAC-SL8-COMP-DI2-CARB-WHT_HERO-PDP-1-1.png","datePublished":"2025-11-11T09:42:42+00:00","dateModified":"2025-11-21T19:13:35+00:00","breadcrumb":{"@id":"https:\/\/z-bike.ch\/de\/shop\/muscolari-de\/tarmac-sl8-comp-shimano-105-di2\/#breadcrumb"},"inLanguage":"de","potentialAction":[{"@type":"ReadAction","target":["https:\/\/z-bike.ch\/de\/shop\/muscolari-de\/tarmac-sl8-comp-shimano-105-di2\/"]}]},{"@type":"ImageObject","inLanguage":"de","@id":"https:\/\/z-bike.ch\/de\/shop\/muscolari-de\/tarmac-sl8-comp-shimano-105-di2\/#primaryimage","url":"https:\/\/z-bike.ch\/wp-content\/uploads\/2025\/11\/94926-50_TARMAC-SL8-COMP-DI2-CARB-WHT_HERO-PDP-1-1.png","contentUrl":"https:\/\/z-bike.ch\/wp-content\/uploads\/2025\/11\/94926-50_TARMAC-SL8-COMP-DI2-CARB-WHT_HERO-PDP-1-1.png","width":1920,"height":1174},{"@type":"BreadcrumbList","@id":"https:\/\/z-bike.ch\/de\/shop\/muscolari-de\/tarmac-sl8-comp-shimano-105-di2\/#breadcrumb","itemListElement":[{"@type":"ListItem","position":1,"name":"Home","item":"https:\/\/z-bike.ch\/de\/"},{"@type":"ListItem","position":2,"name":"Shop","item":"https:\/\/z-bike.ch\/de\/shop-3\/"},{"@type":"ListItem","position":3,"name":"Tarmac SL8 Comp \u2013 Shimano 105 Di2"}]},{"@type":"WebSite","@id":"https:\/\/z-bike.ch\/#website","url":"https:\/\/z-bike.ch\/","name":"Z-Bike","description":"Bici Elettriche Online Svizzera: Miglior Prezzo | Consegna Rapida","publisher":{"@id":"https:\/\/z-bike.ch\/#organization"},"alternateName":"ZBike","potentialAction":[{"@type":"SearchAction","target":{"@type":"EntryPoint","urlTemplate":"https:\/\/z-bike.ch\/?s={search_term_string}"},"query-input":{"@type":"PropertyValueSpecification","valueRequired":true,"valueName":"search_term_string"}}],"inLanguage":"de"},{"@type":"Organization","@id":"https:\/\/z-bike.ch\/#organization","name":"Z-Bike","url":"https:\/\/z-bike.ch\/","logo":{"@type":"ImageObject","inLanguage":"de","@id":"https:\/\/z-bike.ch\/#\/schema\/logo\/image\/","url":"https:\/\/z-bike.ch\/wp-content\/uploads\/2023\/07\/logo_z-bike_ori.svg","contentUrl":"https:\/\/z-bike.ch\/wp-content\/uploads\/2023\/07\/logo_z-bike_ori.svg","width":1,"height":1,"caption":"Z-Bike"},"image":{"@id":"https:\/\/z-bike.ch\/#\/schema\/logo\/image\/"},"sameAs":["https:\/\/www.facebook.com\/zbikelugano","https:\/\/www.instagram.com\/zbike.ebike"]}]}},"_links":{"self":[{"href":"https:\/\/z-bike.ch\/de\/wp-json\/wp\/v2\/product\/127643"}],"collection":[{"href":"https:\/\/z-bike.ch\/de\/wp-json\/wp\/v2\/product"}],"about":[{"href":"https:\/\/z-bike.ch\/de\/wp-json\/wp\/v2\/types\/product"}],"replies":[{"embeddable":true,"href":"https:\/\/z-bike.ch\/de\/wp-json\/wp\/v2\/comments?post=127643"}],"wp:featuredmedia":[{"embeddable":true,"href":"https:\/\/z-bike.ch\/de\/wp-json\/wp\/v2\/media\/127557"}],"wp:attachment":[{"href":"https:\/\/z-bike.ch\/de\/wp-json\/wp\/v2\/media?parent=127643"}],"wp:term":[{"taxonomy":"product_cat","embeddable":true,"href":"https:\/\/z-bike.ch\/de\/wp-json\/wp\/v2\/product_cat?post=127643"},{"taxonomy":"product_tag","embeddable":true,"href":"https:\/\/z-bike.ch\/de\/wp-json\/wp\/v2\/product_tag?post=127643"}],"curies":[{"name":"wp","href":"https:\/\/api.w.org\/{rel}","templated":true}]}}