{"id":127975,"date":"2026-01-21T16:54:53","date_gmt":"2026-01-21T15:54:53","guid":{"rendered":"https:\/\/z-bike.ch\/shop\/unkategorisiert\/thron%c2%b2-6-7-eqp\/"},"modified":"2026-01-26T13:08:28","modified_gmt":"2026-01-26T12:08:28","slug":"thron%c2%b2-6-7-eqp","status":"publish","type":"product","link":"https:\/\/z-bike.ch\/de\/shop\/e-bike-de\/thron%c2%b2-6-7-eqp\/","title":{"rendered":"THRON\u00b2 6.7 EQP"},"content":{"rendered":"<section class=\"wpb-content-wrapper\"><p>[vc_row][vc_column][vc_column_text uncode_shortcode_id=&#8220;210212&#8243; css=&#8220;.vc_custom_1769009473028{padding-bottom: 36px !important;}&#8220;]<\/p>\n<h2 data-path-to-node=\"3\">SuperNatural Power und Instinkt<\/h2>\n<p data-path-to-node=\"4\">Die Grenze zwischen Mensch und Technik verschwindet mit dem FOCUS THRON\u00b2 6.7 EQP. Dies ist nicht nur ein Fahrrad, es ist eine Erweiterung deines Instinkts, ein SuperNatural-System, das es dir erm\u00f6glicht, st\u00e4dtische Stra\u00dfen und die entlegensten Pfade mit derselben unaufhaltsamen Kraft zu durchqueren. Mit der Power des Bosch-Motors und einer fast unendlichen Energiereserve wird jeder Anstieg zu einer Aufforderung zum Handeln und jede Abfahrt zu einer Hymne auf die absolute Kontrolle. Du und dein THRON\u00b2 werdet zu einer Einheit, die jedes Gel\u00e4nde dominiert und Anstrengung in pure Superkraft verwandelt.   <\/p>\n<h2 data-path-to-node=\"5\">Super-Rahmen und totale Vielseitigkeit<\/h2>\n<p data-path-to-node=\"6\">Basierend auf einem Design, das Komfort und Leistung vereint, bietet der Rahmen des THRON\u00b2 6.7 EQP einen Federweg von 130 mm an Front und Heck. Die F.O.L.D.-Kinematik ist optimiert, um eine perfekte Progression und unglaubliche Sensibilit\u00e4t zu garantieren. Das K\u00fcrzel EQP (Equipped) bedeutet, dass du auf alles vorbereitet bist: Schutzbleche, Gep\u00e4cktr\u00e4ger, St\u00e4nder und ein integriertes Beleuchtungssystem machen dieses Bike zu einer Naturgewalt, sowohl f\u00fcr das t\u00e4gliche Pendeln als auch f\u00fcr mehrt\u00e4gige Offroad-Expeditionen.  <\/p>\n<h2 data-path-to-node=\"7\">SuperNatural Unterst\u00fctzung: Bosch Performance CX<\/h2>\n<p data-path-to-node=\"8\">Das pulsierende Herz dieser Maschine ist der Bosch Performance Line CX Motor der 4. Generation (Smart System). Mit seinen 85 Nm Drehmoment ist die Pedalunterst\u00fctzung so geschmeidig und kraftvoll, dass sie wie eine Verl\u00e4ngerung deiner Muskeln wirkt. In Kombination mit dem neuen PowerTube-Akku mit satten 800 Wh geh\u00f6rt die Sorge um die Reichweite der Vergangenheit an, sodass du Horizonte erkunden kannst, die zuvor unerreichbar schienen.  <\/p>\n<p>[\/vc_column_text][\/vc_column][\/vc_row]<\/p>\n<\/section>","protected":false},"excerpt":{"rendered":"<p>[vc_row][vc_column][vc_column_text uncode_shortcode_id=&#8220;210212&#8243; css=&#8220;.vc_custom_1769009473028{padding-bottom: 36px !important;}&#8220;] SuperNatural Power und Instinkt Die Grenze zwischen Mensch und Technik verschwindet mit dem FOCUS THRON\u00b2 [&hellip;]<\/p>\n","protected":false},"featured_media":127958,"comment_status":"open","ping_status":"closed","template":"","meta":[],"product_cat":[283],"product_tag":[],"yoast_head":"<!-- This site is optimized with the Yoast SEO plugin v23.6 - https:\/\/yoast.com\/wordpress\/plugins\/seo\/ -->\n<title>THRON\u00b2 6.7 EQP - Z-Bike<\/title>\n<meta name=\"robots\" content=\"index, follow, max-snippet:-1, max-image-preview:large, max-video-preview:-1\" \/>\n<link rel=\"canonical\" href=\"https:\/\/z-bike.ch\/de\/shop\/e-bike-de\/thron\u00b2-6-7-eqp\/\" \/>\n<meta property=\"og:locale\" content=\"de_DE\" \/>\n<meta property=\"og:type\" content=\"article\" \/>\n<meta property=\"og:title\" content=\"THRON\u00b2 6.7 EQP - Z-Bike\" \/>\n<meta property=\"og:description\" content=\"[vc_row][vc_column][vc_column_text uncode_shortcode_id=&#8220;210212&#8243; css=&#8220;.vc_custom_1769009473028{padding-bottom: 36px !important;}&#8220;] SuperNatural Power und Instinkt Die Grenze zwischen Mensch und Technik verschwindet mit dem FOCUS THRON\u00b2 [&hellip;]\" \/>\n<meta property=\"og:url\" content=\"https:\/\/z-bike.ch\/de\/shop\/e-bike-de\/thron\u00b2-6-7-eqp\/\" \/>\n<meta property=\"og:site_name\" content=\"Z-Bike\" \/>\n<meta property=\"article:publisher\" content=\"https:\/\/www.facebook.com\/zbikelugano\" \/>\n<meta property=\"article:modified_time\" content=\"2026-01-26T12:08:28+00:00\" \/>\n<meta property=\"og:image\" content=\"https:\/\/z-bike.ch\/wp-content\/uploads\/2026\/01\/imgi_76_161986128-removebg.png\" \/>\n\t<meta property=\"og:image:width\" content=\"2253\" \/>\n\t<meta property=\"og:image:height\" content=\"1243\" \/>\n\t<meta property=\"og:image:type\" content=\"image\/png\" \/>\n<meta name=\"twitter:card\" content=\"summary_large_image\" \/>\n<meta name=\"twitter:label1\" content=\"Gesch\u00e4tzte Lesezeit\" \/>\n\t<meta name=\"twitter:data1\" content=\"1\u00a0Minute\" \/>\n<script type=\"application\/ld+json\" class=\"yoast-schema-graph\">{\"@context\":\"https:\/\/schema.org\",\"@graph\":[{\"@type\":\"WebPage\",\"@id\":\"https:\/\/z-bike.ch\/de\/shop\/e-bike-de\/thron%c2%b2-6-7-eqp\/\",\"url\":\"https:\/\/z-bike.ch\/de\/shop\/e-bike-de\/thron%c2%b2-6-7-eqp\/\",\"name\":\"THRON\u00b2 6.7 EQP - Z-Bike\",\"isPartOf\":{\"@id\":\"https:\/\/z-bike.ch\/#website\"},\"primaryImageOfPage\":{\"@id\":\"https:\/\/z-bike.ch\/de\/shop\/e-bike-de\/thron%c2%b2-6-7-eqp\/#primaryimage\"},\"image\":{\"@id\":\"https:\/\/z-bike.ch\/de\/shop\/e-bike-de\/thron%c2%b2-6-7-eqp\/#primaryimage\"},\"thumbnailUrl\":\"https:\/\/z-bike.ch\/wp-content\/uploads\/2026\/01\/imgi_76_161986128-removebg.png\",\"datePublished\":\"2026-01-21T15:54:53+00:00\",\"dateModified\":\"2026-01-26T12:08:28+00:00\",\"breadcrumb\":{\"@id\":\"https:\/\/z-bike.ch\/de\/shop\/e-bike-de\/thron%c2%b2-6-7-eqp\/#breadcrumb\"},\"inLanguage\":\"de\",\"potentialAction\":[{\"@type\":\"ReadAction\",\"target\":[\"https:\/\/z-bike.ch\/de\/shop\/e-bike-de\/thron%c2%b2-6-7-eqp\/\"]}]},{\"@type\":\"ImageObject\",\"inLanguage\":\"de\",\"@id\":\"https:\/\/z-bike.ch\/de\/shop\/e-bike-de\/thron%c2%b2-6-7-eqp\/#primaryimage\",\"url\":\"https:\/\/z-bike.ch\/wp-content\/uploads\/2026\/01\/imgi_76_161986128-removebg.png\",\"contentUrl\":\"https:\/\/z-bike.ch\/wp-content\/uploads\/2026\/01\/imgi_76_161986128-removebg.png\",\"width\":2253,\"height\":1243},{\"@type\":\"BreadcrumbList\",\"@id\":\"https:\/\/z-bike.ch\/de\/shop\/e-bike-de\/thron%c2%b2-6-7-eqp\/#breadcrumb\",\"itemListElement\":[{\"@type\":\"ListItem\",\"position\":1,\"name\":\"Home\",\"item\":\"https:\/\/z-bike.ch\/de\/\"},{\"@type\":\"ListItem\",\"position\":2,\"name\":\"Shop\",\"item\":\"https:\/\/z-bike.ch\/de\/shop-3\/\"},{\"@type\":\"ListItem\",\"position\":3,\"name\":\"THRON\u00b2 6.7 EQP\"}]},{\"@type\":\"WebSite\",\"@id\":\"https:\/\/z-bike.ch\/#website\",\"url\":\"https:\/\/z-bike.ch\/\",\"name\":\"Z-Bike\",\"description\":\"Bici Elettriche Online Svizzera: Miglior Prezzo | Consegna Rapida\",\"publisher\":{\"@id\":\"https:\/\/z-bike.ch\/#organization\"},\"alternateName\":\"ZBike\",\"potentialAction\":[{\"@type\":\"SearchAction\",\"target\":{\"@type\":\"EntryPoint\",\"urlTemplate\":\"https:\/\/z-bike.ch\/?s={search_term_string}\"},\"query-input\":{\"@type\":\"PropertyValueSpecification\",\"valueRequired\":true,\"valueName\":\"search_term_string\"}}],\"inLanguage\":\"de\"},{\"@type\":\"Organization\",\"@id\":\"https:\/\/z-bike.ch\/#organization\",\"name\":\"Z-Bike\",\"url\":\"https:\/\/z-bike.ch\/\",\"logo\":{\"@type\":\"ImageObject\",\"inLanguage\":\"de\",\"@id\":\"https:\/\/z-bike.ch\/#\/schema\/logo\/image\/\",\"url\":\"https:\/\/z-bike.ch\/wp-content\/uploads\/2023\/07\/logo_z-bike_ori.svg\",\"contentUrl\":\"https:\/\/z-bike.ch\/wp-content\/uploads\/2023\/07\/logo_z-bike_ori.svg\",\"width\":1,\"height\":1,\"caption\":\"Z-Bike\"},\"image\":{\"@id\":\"https:\/\/z-bike.ch\/#\/schema\/logo\/image\/\"},\"sameAs\":[\"https:\/\/www.facebook.com\/zbikelugano\",\"https:\/\/www.instagram.com\/zbike.ebike\"]}]}<\/script>\n<!-- \/ Yoast SEO plugin. -->","yoast_head_json":{"title":"THRON\u00b2 6.7 EQP - Z-Bike","robots":{"index":"index","follow":"follow","max-snippet":"max-snippet:-1","max-image-preview":"max-image-preview:large","max-video-preview":"max-video-preview:-1"},"canonical":"https:\/\/z-bike.ch\/de\/shop\/e-bike-de\/thron\u00b2-6-7-eqp\/","og_locale":"de_DE","og_type":"article","og_title":"THRON\u00b2 6.7 EQP - Z-Bike","og_description":"[vc_row][vc_column][vc_column_text uncode_shortcode_id=&#8220;210212&#8243; css=&#8220;.vc_custom_1769009473028{padding-bottom: 36px !important;}&#8220;] SuperNatural Power und Instinkt Die Grenze zwischen Mensch und Technik verschwindet mit dem FOCUS THRON\u00b2 [&hellip;]","og_url":"https:\/\/z-bike.ch\/de\/shop\/e-bike-de\/thron\u00b2-6-7-eqp\/","og_site_name":"Z-Bike","article_publisher":"https:\/\/www.facebook.com\/zbikelugano","article_modified_time":"2026-01-26T12:08:28+00:00","og_image":[{"width":2253,"height":1243,"url":"https:\/\/z-bike.ch\/wp-content\/uploads\/2026\/01\/imgi_76_161986128-removebg.png","type":"image\/png"}],"twitter_card":"summary_large_image","twitter_misc":{"Gesch\u00e4tzte Lesezeit":"1\u00a0Minute"},"schema":{"@context":"https:\/\/schema.org","@graph":[{"@type":"WebPage","@id":"https:\/\/z-bike.ch\/de\/shop\/e-bike-de\/thron%c2%b2-6-7-eqp\/","url":"https:\/\/z-bike.ch\/de\/shop\/e-bike-de\/thron%c2%b2-6-7-eqp\/","name":"THRON\u00b2 6.7 EQP - Z-Bike","isPartOf":{"@id":"https:\/\/z-bike.ch\/#website"},"primaryImageOfPage":{"@id":"https:\/\/z-bike.ch\/de\/shop\/e-bike-de\/thron%c2%b2-6-7-eqp\/#primaryimage"},"image":{"@id":"https:\/\/z-bike.ch\/de\/shop\/e-bike-de\/thron%c2%b2-6-7-eqp\/#primaryimage"},"thumbnailUrl":"https:\/\/z-bike.ch\/wp-content\/uploads\/2026\/01\/imgi_76_161986128-removebg.png","datePublished":"2026-01-21T15:54:53+00:00","dateModified":"2026-01-26T12:08:28+00:00","breadcrumb":{"@id":"https:\/\/z-bike.ch\/de\/shop\/e-bike-de\/thron%c2%b2-6-7-eqp\/#breadcrumb"},"inLanguage":"de","potentialAction":[{"@type":"ReadAction","target":["https:\/\/z-bike.ch\/de\/shop\/e-bike-de\/thron%c2%b2-6-7-eqp\/"]}]},{"@type":"ImageObject","inLanguage":"de","@id":"https:\/\/z-bike.ch\/de\/shop\/e-bike-de\/thron%c2%b2-6-7-eqp\/#primaryimage","url":"https:\/\/z-bike.ch\/wp-content\/uploads\/2026\/01\/imgi_76_161986128-removebg.png","contentUrl":"https:\/\/z-bike.ch\/wp-content\/uploads\/2026\/01\/imgi_76_161986128-removebg.png","width":2253,"height":1243},{"@type":"BreadcrumbList","@id":"https:\/\/z-bike.ch\/de\/shop\/e-bike-de\/thron%c2%b2-6-7-eqp\/#breadcrumb","itemListElement":[{"@type":"ListItem","position":1,"name":"Home","item":"https:\/\/z-bike.ch\/de\/"},{"@type":"ListItem","position":2,"name":"Shop","item":"https:\/\/z-bike.ch\/de\/shop-3\/"},{"@type":"ListItem","position":3,"name":"THRON\u00b2 6.7 EQP"}]},{"@type":"WebSite","@id":"https:\/\/z-bike.ch\/#website","url":"https:\/\/z-bike.ch\/","name":"Z-Bike","description":"Bici Elettriche Online Svizzera: Miglior Prezzo | Consegna Rapida","publisher":{"@id":"https:\/\/z-bike.ch\/#organization"},"alternateName":"ZBike","potentialAction":[{"@type":"SearchAction","target":{"@type":"EntryPoint","urlTemplate":"https:\/\/z-bike.ch\/?s={search_term_string}"},"query-input":{"@type":"PropertyValueSpecification","valueRequired":true,"valueName":"search_term_string"}}],"inLanguage":"de"},{"@type":"Organization","@id":"https:\/\/z-bike.ch\/#organization","name":"Z-Bike","url":"https:\/\/z-bike.ch\/","logo":{"@type":"ImageObject","inLanguage":"de","@id":"https:\/\/z-bike.ch\/#\/schema\/logo\/image\/","url":"https:\/\/z-bike.ch\/wp-content\/uploads\/2023\/07\/logo_z-bike_ori.svg","contentUrl":"https:\/\/z-bike.ch\/wp-content\/uploads\/2023\/07\/logo_z-bike_ori.svg","width":1,"height":1,"caption":"Z-Bike"},"image":{"@id":"https:\/\/z-bike.ch\/#\/schema\/logo\/image\/"},"sameAs":["https:\/\/www.facebook.com\/zbikelugano","https:\/\/www.instagram.com\/zbike.ebike"]}]}},"_links":{"self":[{"href":"https:\/\/z-bike.ch\/de\/wp-json\/wp\/v2\/product\/127975"}],"collection":[{"href":"https:\/\/z-bike.ch\/de\/wp-json\/wp\/v2\/product"}],"about":[{"href":"https:\/\/z-bike.ch\/de\/wp-json\/wp\/v2\/types\/product"}],"replies":[{"embeddable":true,"href":"https:\/\/z-bike.ch\/de\/wp-json\/wp\/v2\/comments?post=127975"}],"wp:featuredmedia":[{"embeddable":true,"href":"https:\/\/z-bike.ch\/de\/wp-json\/wp\/v2\/media\/127958"}],"wp:attachment":[{"href":"https:\/\/z-bike.ch\/de\/wp-json\/wp\/v2\/media?parent=127975"}],"wp:term":[{"taxonomy":"product_cat","embeddable":true,"href":"https:\/\/z-bike.ch\/de\/wp-json\/wp\/v2\/product_cat?post=127975"},{"taxonomy":"product_tag","embeddable":true,"href":"https:\/\/z-bike.ch\/de\/wp-json\/wp\/v2\/product_tag?post=127975"}],"curies":[{"name":"wp","href":"https:\/\/api.w.org\/{rel}","templated":true}]}}