{"id":128239,"date":"2026-01-26T11:05:02","date_gmt":"2026-01-26T10:05:02","guid":{"rendered":"https:\/\/z-bike.ch\/shop\/unkategorisiert\/izalco-max-9-7\/"},"modified":"2026-01-26T13:08:25","modified_gmt":"2026-01-26T12:08:25","slug":"izalco-max-9-7","status":"publish","type":"product","link":"https:\/\/z-bike.ch\/de\/shop\/muscolari-de\/izalco-max-9-7\/","title":{"rendered":"IZALCO MAX 9.7"},"content":{"rendered":"<section class=\"wpb-content-wrapper\"><p>[vc_row][vc_column][vc_column_text uncode_shortcode_id=&#8220;174466&#8243; css=&#8220;.vc_custom_1769420328968{padding-bottom: 36px !important;}&#8220;]<\/p>\n<h2 data-path-to-node=\"3\">Pure Geschwindigkeit und SuperNatural Instinkt<br \/><\/h2>\n<p data-path-to-node=\"4\">Betreten Sie eine neue Dimension mit dem FOCUS IZALCO MAX 9.7, dem Gipfel der auf Carbon angewandten aerodynamischen Technologie. Diese Maschine ist nicht nur ein Rennrad, sie ist eine SuperNatural-Erweiterung Ihres Verlangens, jede Grenze zu \u00fcberschreiten. Dank des Carbonrahmens mit MAX-Technologie setzt jeder Tritt in die Pedale eine kinetische Kraft frei, die Sie in einen Cyborg der Stra\u00dfe verwandelt. Sie und Ihr IZALCO werden zu einem integrierten System, das die Luft mit \u00fcbernat\u00fcrlicher Leichtigkeit durchschneidet, wo der Widerstand schwindet und nur die reine Geschwindigkeit bleibt. IZALCO MAX 9.7: Where Super Meets Natural.    <\/p>\n<h2 data-path-to-node=\"5\">Super-Rahmen aus MAX Carbon<br \/><\/h2>\n<p data-path-to-node=\"6\">Entdecken Sie ein Leistungsniveau, das auf unserer fortschrittlichsten Carbon-Technologie basiert. Der Rahmen des IZALCO MAX 9.7 mit seiner MAX Carbon Technology wurde im Windkanal optimiert, um den Luftwiderstand im Vergleich zum Vorg\u00e4ngermodell um 6,6 % zu reduzieren. Mit der vollst\u00e4ndig integrierten C.I.S. Kabelf\u00fchrung und einem unglaublich geringen Rahmengewicht bietet er eine Fahrqualit\u00e4t, Kontrolle und Reaktionsfreudigkeit ohnegleichen. Alles ist darauf ausgelegt, jedes Gramm Energie in pure Bewegung umzuwandeln.   <\/p>\n<h2 data-path-to-node=\"7\">SuperSmart Fahrqualit\u00e4t und Kontrolle<br \/><\/h2>\n<p data-path-to-node=\"8\">Millimetergenaue Kontrolle wird durch die intelligente Integration jeder Komponente garantiert. Das IZALCO MAX 9.7 ist mit der elektronischen SRAM Force AXS 12-Gang-Gruppe ausgestattet, die ein SuperNatural-Schalten bietet \u2013 sofortig und kabellos. Dieses Smart-System erm\u00f6glicht es Ihnen, sich ausschlie\u00dflich auf Ihre Linie zu konzentrieren, w\u00e4hrend die Hochprofil-Carbonlaufr\u00e4der von Novatec Stabilit\u00e4t und aerodynamische Effizienz gew\u00e4hrleisten, damit Sie sich unter allen Bedingungen als Herr der Stra\u00dfe f\u00fchlen.  <\/p>\n<p>[\/vc_column_text][\/vc_column][\/vc_row]<\/p>\n<\/section>","protected":false},"excerpt":{"rendered":"<p>[vc_row][vc_column][vc_column_text uncode_shortcode_id=&#8220;174466&#8243; css=&#8220;.vc_custom_1769420328968{padding-bottom: 36px !important;}&#8220;] Pure Geschwindigkeit und SuperNatural Instinkt Betreten Sie eine neue Dimension mit dem FOCUS IZALCO MAX [&hellip;]<\/p>\n","protected":false},"featured_media":128226,"comment_status":"open","ping_status":"closed","template":"","meta":[],"product_cat":[429,484],"product_tag":[],"yoast_head":"<!-- This site is optimized with the Yoast SEO plugin v23.6 - https:\/\/yoast.com\/wordpress\/plugins\/seo\/ -->\n<title>IZALCO MAX 9.7 - Z-Bike<\/title>\n<meta name=\"robots\" content=\"index, follow, max-snippet:-1, max-image-preview:large, max-video-preview:-1\" \/>\n<link rel=\"canonical\" href=\"https:\/\/z-bike.ch\/de\/shop\/muscolari-de\/izalco-max-9-7\/\" \/>\n<meta property=\"og:locale\" content=\"de_DE\" \/>\n<meta property=\"og:type\" content=\"article\" \/>\n<meta property=\"og:title\" content=\"IZALCO MAX 9.7 - Z-Bike\" \/>\n<meta property=\"og:description\" content=\"[vc_row][vc_column][vc_column_text uncode_shortcode_id=&#8220;174466&#8243; css=&#8220;.vc_custom_1769420328968{padding-bottom: 36px !important;}&#8220;] Pure Geschwindigkeit und SuperNatural Instinkt Betreten Sie eine neue Dimension mit dem FOCUS IZALCO MAX [&hellip;]\" \/>\n<meta property=\"og:url\" content=\"https:\/\/z-bike.ch\/de\/shop\/muscolari-de\/izalco-max-9-7\/\" \/>\n<meta property=\"og:site_name\" content=\"Z-Bike\" \/>\n<meta property=\"article:publisher\" content=\"https:\/\/www.facebook.com\/zbikelugano\" \/>\n<meta property=\"article:modified_time\" content=\"2026-01-26T12:08:25+00:00\" \/>\n<meta property=\"og:image\" content=\"https:\/\/z-bike.ch\/wp-content\/uploads\/2026\/01\/imgi_10_6000_uZ5ZnD4vs022o3LA.png\" \/>\n\t<meta property=\"og:image:width\" content=\"2280\" \/>\n\t<meta property=\"og:image:height\" content=\"1381\" \/>\n\t<meta property=\"og:image:type\" content=\"image\/png\" \/>\n<meta name=\"twitter:card\" content=\"summary_large_image\" \/>\n<meta name=\"twitter:label1\" content=\"Gesch\u00e4tzte Lesezeit\" \/>\n\t<meta name=\"twitter:data1\" content=\"1\u00a0Minute\" \/>\n<script type=\"application\/ld+json\" class=\"yoast-schema-graph\">{\"@context\":\"https:\/\/schema.org\",\"@graph\":[{\"@type\":\"WebPage\",\"@id\":\"https:\/\/z-bike.ch\/de\/shop\/muscolari-de\/izalco-max-9-7\/\",\"url\":\"https:\/\/z-bike.ch\/de\/shop\/muscolari-de\/izalco-max-9-7\/\",\"name\":\"IZALCO MAX 9.7 - Z-Bike\",\"isPartOf\":{\"@id\":\"https:\/\/z-bike.ch\/#website\"},\"primaryImageOfPage\":{\"@id\":\"https:\/\/z-bike.ch\/de\/shop\/muscolari-de\/izalco-max-9-7\/#primaryimage\"},\"image\":{\"@id\":\"https:\/\/z-bike.ch\/de\/shop\/muscolari-de\/izalco-max-9-7\/#primaryimage\"},\"thumbnailUrl\":\"https:\/\/z-bike.ch\/wp-content\/uploads\/2026\/01\/imgi_10_6000_uZ5ZnD4vs022o3LA.png\",\"datePublished\":\"2026-01-26T10:05:02+00:00\",\"dateModified\":\"2026-01-26T12:08:25+00:00\",\"breadcrumb\":{\"@id\":\"https:\/\/z-bike.ch\/de\/shop\/muscolari-de\/izalco-max-9-7\/#breadcrumb\"},\"inLanguage\":\"de\",\"potentialAction\":[{\"@type\":\"ReadAction\",\"target\":[\"https:\/\/z-bike.ch\/de\/shop\/muscolari-de\/izalco-max-9-7\/\"]}]},{\"@type\":\"ImageObject\",\"inLanguage\":\"de\",\"@id\":\"https:\/\/z-bike.ch\/de\/shop\/muscolari-de\/izalco-max-9-7\/#primaryimage\",\"url\":\"https:\/\/z-bike.ch\/wp-content\/uploads\/2026\/01\/imgi_10_6000_uZ5ZnD4vs022o3LA.png\",\"contentUrl\":\"https:\/\/z-bike.ch\/wp-content\/uploads\/2026\/01\/imgi_10_6000_uZ5ZnD4vs022o3LA.png\",\"width\":2280,\"height\":1381},{\"@type\":\"BreadcrumbList\",\"@id\":\"https:\/\/z-bike.ch\/de\/shop\/muscolari-de\/izalco-max-9-7\/#breadcrumb\",\"itemListElement\":[{\"@type\":\"ListItem\",\"position\":1,\"name\":\"Home\",\"item\":\"https:\/\/z-bike.ch\/de\/vendita-assistenza\/\"},{\"@type\":\"ListItem\",\"position\":2,\"name\":\"Shop\",\"item\":\"https:\/\/z-bike.ch\/de\/shop-3\/\"},{\"@type\":\"ListItem\",\"position\":3,\"name\":\"IZALCO MAX 9.7\"}]},{\"@type\":\"WebSite\",\"@id\":\"https:\/\/z-bike.ch\/#website\",\"url\":\"https:\/\/z-bike.ch\/\",\"name\":\"Z-Bike\",\"description\":\"Bici Elettriche Online Svizzera: Miglior Prezzo | Consegna Rapida\",\"publisher\":{\"@id\":\"https:\/\/z-bike.ch\/#organization\"},\"alternateName\":\"ZBike\",\"potentialAction\":[{\"@type\":\"SearchAction\",\"target\":{\"@type\":\"EntryPoint\",\"urlTemplate\":\"https:\/\/z-bike.ch\/?s={search_term_string}\"},\"query-input\":{\"@type\":\"PropertyValueSpecification\",\"valueRequired\":true,\"valueName\":\"search_term_string\"}}],\"inLanguage\":\"de\"},{\"@type\":\"Organization\",\"@id\":\"https:\/\/z-bike.ch\/#organization\",\"name\":\"Z-Bike\",\"url\":\"https:\/\/z-bike.ch\/\",\"logo\":{\"@type\":\"ImageObject\",\"inLanguage\":\"de\",\"@id\":\"https:\/\/z-bike.ch\/#\/schema\/logo\/image\/\",\"url\":\"https:\/\/z-bike.ch\/wp-content\/uploads\/2023\/07\/logo_z-bike_ori.svg\",\"contentUrl\":\"https:\/\/z-bike.ch\/wp-content\/uploads\/2023\/07\/logo_z-bike_ori.svg\",\"width\":1,\"height\":1,\"caption\":\"Z-Bike\"},\"image\":{\"@id\":\"https:\/\/z-bike.ch\/#\/schema\/logo\/image\/\"},\"sameAs\":[\"https:\/\/www.facebook.com\/zbikelugano\",\"https:\/\/www.instagram.com\/zbike.ebike\"]}]}<\/script>\n<!-- \/ Yoast SEO plugin. -->","yoast_head_json":{"title":"IZALCO MAX 9.7 - Z-Bike","robots":{"index":"index","follow":"follow","max-snippet":"max-snippet:-1","max-image-preview":"max-image-preview:large","max-video-preview":"max-video-preview:-1"},"canonical":"https:\/\/z-bike.ch\/de\/shop\/muscolari-de\/izalco-max-9-7\/","og_locale":"de_DE","og_type":"article","og_title":"IZALCO MAX 9.7 - Z-Bike","og_description":"[vc_row][vc_column][vc_column_text uncode_shortcode_id=&#8220;174466&#8243; css=&#8220;.vc_custom_1769420328968{padding-bottom: 36px !important;}&#8220;] Pure Geschwindigkeit und SuperNatural Instinkt Betreten Sie eine neue Dimension mit dem FOCUS IZALCO MAX [&hellip;]","og_url":"https:\/\/z-bike.ch\/de\/shop\/muscolari-de\/izalco-max-9-7\/","og_site_name":"Z-Bike","article_publisher":"https:\/\/www.facebook.com\/zbikelugano","article_modified_time":"2026-01-26T12:08:25+00:00","og_image":[{"width":2280,"height":1381,"url":"https:\/\/z-bike.ch\/wp-content\/uploads\/2026\/01\/imgi_10_6000_uZ5ZnD4vs022o3LA.png","type":"image\/png"}],"twitter_card":"summary_large_image","twitter_misc":{"Gesch\u00e4tzte Lesezeit":"1\u00a0Minute"},"schema":{"@context":"https:\/\/schema.org","@graph":[{"@type":"WebPage","@id":"https:\/\/z-bike.ch\/de\/shop\/muscolari-de\/izalco-max-9-7\/","url":"https:\/\/z-bike.ch\/de\/shop\/muscolari-de\/izalco-max-9-7\/","name":"IZALCO MAX 9.7 - Z-Bike","isPartOf":{"@id":"https:\/\/z-bike.ch\/#website"},"primaryImageOfPage":{"@id":"https:\/\/z-bike.ch\/de\/shop\/muscolari-de\/izalco-max-9-7\/#primaryimage"},"image":{"@id":"https:\/\/z-bike.ch\/de\/shop\/muscolari-de\/izalco-max-9-7\/#primaryimage"},"thumbnailUrl":"https:\/\/z-bike.ch\/wp-content\/uploads\/2026\/01\/imgi_10_6000_uZ5ZnD4vs022o3LA.png","datePublished":"2026-01-26T10:05:02+00:00","dateModified":"2026-01-26T12:08:25+00:00","breadcrumb":{"@id":"https:\/\/z-bike.ch\/de\/shop\/muscolari-de\/izalco-max-9-7\/#breadcrumb"},"inLanguage":"de","potentialAction":[{"@type":"ReadAction","target":["https:\/\/z-bike.ch\/de\/shop\/muscolari-de\/izalco-max-9-7\/"]}]},{"@type":"ImageObject","inLanguage":"de","@id":"https:\/\/z-bike.ch\/de\/shop\/muscolari-de\/izalco-max-9-7\/#primaryimage","url":"https:\/\/z-bike.ch\/wp-content\/uploads\/2026\/01\/imgi_10_6000_uZ5ZnD4vs022o3LA.png","contentUrl":"https:\/\/z-bike.ch\/wp-content\/uploads\/2026\/01\/imgi_10_6000_uZ5ZnD4vs022o3LA.png","width":2280,"height":1381},{"@type":"BreadcrumbList","@id":"https:\/\/z-bike.ch\/de\/shop\/muscolari-de\/izalco-max-9-7\/#breadcrumb","itemListElement":[{"@type":"ListItem","position":1,"name":"Home","item":"https:\/\/z-bike.ch\/de\/vendita-assistenza\/"},{"@type":"ListItem","position":2,"name":"Shop","item":"https:\/\/z-bike.ch\/de\/shop-3\/"},{"@type":"ListItem","position":3,"name":"IZALCO MAX 9.7"}]},{"@type":"WebSite","@id":"https:\/\/z-bike.ch\/#website","url":"https:\/\/z-bike.ch\/","name":"Z-Bike","description":"Bici Elettriche Online Svizzera: Miglior Prezzo | Consegna Rapida","publisher":{"@id":"https:\/\/z-bike.ch\/#organization"},"alternateName":"ZBike","potentialAction":[{"@type":"SearchAction","target":{"@type":"EntryPoint","urlTemplate":"https:\/\/z-bike.ch\/?s={search_term_string}"},"query-input":{"@type":"PropertyValueSpecification","valueRequired":true,"valueName":"search_term_string"}}],"inLanguage":"de"},{"@type":"Organization","@id":"https:\/\/z-bike.ch\/#organization","name":"Z-Bike","url":"https:\/\/z-bike.ch\/","logo":{"@type":"ImageObject","inLanguage":"de","@id":"https:\/\/z-bike.ch\/#\/schema\/logo\/image\/","url":"https:\/\/z-bike.ch\/wp-content\/uploads\/2023\/07\/logo_z-bike_ori.svg","contentUrl":"https:\/\/z-bike.ch\/wp-content\/uploads\/2023\/07\/logo_z-bike_ori.svg","width":1,"height":1,"caption":"Z-Bike"},"image":{"@id":"https:\/\/z-bike.ch\/#\/schema\/logo\/image\/"},"sameAs":["https:\/\/www.facebook.com\/zbikelugano","https:\/\/www.instagram.com\/zbike.ebike"]}]}},"_links":{"self":[{"href":"https:\/\/z-bike.ch\/de\/wp-json\/wp\/v2\/product\/128239"}],"collection":[{"href":"https:\/\/z-bike.ch\/de\/wp-json\/wp\/v2\/product"}],"about":[{"href":"https:\/\/z-bike.ch\/de\/wp-json\/wp\/v2\/types\/product"}],"replies":[{"embeddable":true,"href":"https:\/\/z-bike.ch\/de\/wp-json\/wp\/v2\/comments?post=128239"}],"wp:featuredmedia":[{"embeddable":true,"href":"https:\/\/z-bike.ch\/de\/wp-json\/wp\/v2\/media\/128226"}],"wp:attachment":[{"href":"https:\/\/z-bike.ch\/de\/wp-json\/wp\/v2\/media?parent=128239"}],"wp:term":[{"taxonomy":"product_cat","embeddable":true,"href":"https:\/\/z-bike.ch\/de\/wp-json\/wp\/v2\/product_cat?post=128239"},{"taxonomy":"product_tag","embeddable":true,"href":"https:\/\/z-bike.ch\/de\/wp-json\/wp\/v2\/product_tag?post=128239"}],"curies":[{"name":"wp","href":"https:\/\/api.w.org\/{rel}","templated":true}]}}