{"id":128651,"date":"2026-03-02T17:51:21","date_gmt":"2026-03-02T16:51:21","guid":{"rendered":"https:\/\/z-bike.ch\/shop\/unkategorisiert\/kit-cannondale-supersix-evo-hi-mod-3\/"},"modified":"2026-04-08T12:16:12","modified_gmt":"2026-04-08T10:16:12","slug":"kit-cannondale-supersix-evo-hi-mod-3","status":"publish","type":"product","link":"https:\/\/z-bike.ch\/de\/shop\/muscolari-de\/kit-cannondale-supersix-evo-hi-mod-3\/","title":{"rendered":"Kit Cannondale SuperSix EVO Hi-MOD"},"content":{"rendered":"<section class=\"wpb-content-wrapper\"><p>[vc_row][vc_column][vc_column_text uncode_shortcode_id=&#8220;147998&#8243; css=&#8220;.vc_custom_1775643247304{padding-bottom: 36px !important;}&#8220;]<\/p>\n<h3 class=\"\" data-path-to-node=\"2\">Cannondale SuperSix EVO Hi-MOD Rahmen<\/h3>\n<p data-path-to-node=\"3\">Der SuperSix EVO Hi-MOD Rahmen repr\u00e4sentiert den Stand der Technik in der Verarbeitung von High-Modulus-Carbon. Extrem leicht und unglaublich steif, wurde er durch CFD-Simulationen geformt, um den Frontalwiderstand zu minimieren und die aerodynamische Effizienz zu verbessern, ohne ein einziges Gramm zu viel hinzuzuf\u00fcgen. Seine ausgewogene Geometrie bietet ein sofortiges Fahrgef\u00fchl und verwandelt jeden Antritt in eine fl\u00fcssige Beschleunigung. Es ist die ultimative Wahl f\u00fcr alle, die Anstiege dominieren und mit der Sicherheit einer echten Rennmaschine sprinten wollen. competizione.<\/p>\n<h3 class=\"\" data-path-to-node=\"4\">SRAM Force AXS Gruppe<br \/><\/h3>\n<p data-path-to-node=\"5\">Der \u00dcbergang zur kabellosen Schaltung war noch nie so reibungslos und leistungsstark. Die SRAM Force AXS Gruppe bietet sofortige und leise elektronische Schaltvorg\u00e4nge und eliminiert jegliche mechanische Komplexit\u00e4t. Dank der eTap-Technologie und der AXS-Konnektivit\u00e4t werden die Anpassung der \u00dcbersetzungen und die Leistungs\u00fcberwachung intuitiv. Ein pr\u00e4zises, robustes System mit modernem Design, entwickelt f\u00fcr Radfahrer, die unter allen Bedingungen Geschwindigkeit und Zuverl\u00e4ssigkeit verlangen.<\/p>\n<h3 data-path-to-node=\"0\">Laufr\u00e4der Zipp 303 S Tubeless Disc-brake<\/h3>\n<p data-path-to-node=\"1\">Die Zipp 303 S Carbon-Laufr\u00e4der bieten die ideale Balance zwischen Aerodynamik und Vielseitigkeit. Das 45-mm-Profil garantiert Geschwindigkeit und Stabilit\u00e4t unter allen Bedingungen, w\u00e4hrend die moderne Hookless-Felge mit 23 mm Innenweite f\u00fcr die Verwendung breiterer Tubeless-Reifen optimiert ist. Diese Technologie erm\u00f6glicht das Fahren mit geringerem Reifendruck, was den Rollwiderstand verringert und gleichzeitig Grip sowie Komfort maximiert. Ein leichtes und reaktionsfreudiges Set, perfekt, um die Leistung jedes Setups zu steigern.   <\/p>\n<h3 class=\"\" data-path-to-node=\"8\">SystemBar Road Carbon Lenker<\/h3>\n<p data-path-to-node=\"9\">Die Kontrolle wird durch die Integration des SystemBar Road Carbon Lenkers perfektioniert. Speziell entwickelt, um mit dem Design des SuperSix-Rahmens zu verschmelzen, reduziert dieser Lenker dank seines Fl\u00fcgelprofils drastisch den Luftwiderstand. Neben den aerodynamischen Vorteilen bietet die Carbonstruktur eine hervorragende Vibrationsd\u00e4mpfung, was den Komfort auf langen Fahrten verbessert und einen sicheren, nat\u00fcrlichen Griff gew\u00e4hrleistet.<\/p>\n<p>[\/vc_column_text][\/vc_column][\/vc_row]<\/p>\n<\/section>","protected":false},"excerpt":{"rendered":"<p>[vc_row][vc_column][vc_column_text uncode_shortcode_id=&#8220;147998&#8243; css=&#8220;.vc_custom_1775643247304{padding-bottom: 36px !important;}&#8220;] Cannondale SuperSix EVO Hi-MOD Rahmen Der SuperSix EVO Hi-MOD Rahmen repr\u00e4sentiert den Stand der Technik [&hellip;]<\/p>\n","protected":false},"featured_media":128624,"comment_status":"open","ping_status":"closed","template":"","meta":[],"product_cat":[429],"product_tag":[],"yoast_head":"<!-- This site is optimized with the Yoast SEO plugin v23.6 - https:\/\/yoast.com\/wordpress\/plugins\/seo\/ -->\n<title>Kit Cannondale SuperSix EVO Hi-MOD - Z-Bike<\/title>\n<meta name=\"robots\" content=\"index, follow, max-snippet:-1, max-image-preview:large, max-video-preview:-1\" \/>\n<link rel=\"canonical\" href=\"https:\/\/z-bike.ch\/de\/shop\/muscolari-de\/kit-cannondale-supersix-evo-hi-mod-3\/\" \/>\n<meta property=\"og:locale\" content=\"de_DE\" \/>\n<meta property=\"og:type\" content=\"article\" \/>\n<meta property=\"og:title\" content=\"Kit Cannondale SuperSix EVO Hi-MOD - Z-Bike\" \/>\n<meta property=\"og:description\" content=\"[vc_row][vc_column][vc_column_text uncode_shortcode_id=&#8220;147998&#8243; css=&#8220;.vc_custom_1775643247304{padding-bottom: 36px !important;}&#8220;] Cannondale SuperSix EVO Hi-MOD Rahmen Der SuperSix EVO Hi-MOD Rahmen repr\u00e4sentiert den Stand der Technik [&hellip;]\" \/>\n<meta property=\"og:url\" content=\"https:\/\/z-bike.ch\/de\/shop\/muscolari-de\/kit-cannondale-supersix-evo-hi-mod-3\/\" \/>\n<meta property=\"og:site_name\" content=\"Z-Bike\" \/>\n<meta property=\"article:publisher\" content=\"https:\/\/www.facebook.com\/zbikelugano\" \/>\n<meta property=\"article:modified_time\" content=\"2026-04-08T10:16:12+00:00\" \/>\n<meta property=\"og:image\" content=\"https:\/\/z-bike.ch\/wp-content\/uploads\/2026\/03\/SuperSix-EVO-Hi-MOD-kit.png\" \/>\n\t<meta property=\"og:image:width\" content=\"1160\" \/>\n\t<meta property=\"og:image:height\" content=\"817\" \/>\n\t<meta property=\"og:image:type\" content=\"image\/png\" \/>\n<meta name=\"twitter:card\" content=\"summary_large_image\" \/>\n<meta name=\"twitter:label1\" content=\"Gesch\u00e4tzte Lesezeit\" \/>\n\t<meta name=\"twitter:data1\" content=\"2\u00a0Minuten\" \/>\n<script type=\"application\/ld+json\" class=\"yoast-schema-graph\">{\"@context\":\"https:\/\/schema.org\",\"@graph\":[{\"@type\":\"WebPage\",\"@id\":\"https:\/\/z-bike.ch\/de\/shop\/muscolari-de\/kit-cannondale-supersix-evo-hi-mod-3\/\",\"url\":\"https:\/\/z-bike.ch\/de\/shop\/muscolari-de\/kit-cannondale-supersix-evo-hi-mod-3\/\",\"name\":\"Kit Cannondale SuperSix EVO Hi-MOD - Z-Bike\",\"isPartOf\":{\"@id\":\"https:\/\/z-bike.ch\/#website\"},\"primaryImageOfPage\":{\"@id\":\"https:\/\/z-bike.ch\/de\/shop\/muscolari-de\/kit-cannondale-supersix-evo-hi-mod-3\/#primaryimage\"},\"image\":{\"@id\":\"https:\/\/z-bike.ch\/de\/shop\/muscolari-de\/kit-cannondale-supersix-evo-hi-mod-3\/#primaryimage\"},\"thumbnailUrl\":\"https:\/\/z-bike.ch\/wp-content\/uploads\/2026\/03\/SuperSix-EVO-Hi-MOD-kit.png\",\"datePublished\":\"2026-03-02T16:51:21+00:00\",\"dateModified\":\"2026-04-08T10:16:12+00:00\",\"breadcrumb\":{\"@id\":\"https:\/\/z-bike.ch\/de\/shop\/muscolari-de\/kit-cannondale-supersix-evo-hi-mod-3\/#breadcrumb\"},\"inLanguage\":\"de\",\"potentialAction\":[{\"@type\":\"ReadAction\",\"target\":[\"https:\/\/z-bike.ch\/de\/shop\/muscolari-de\/kit-cannondale-supersix-evo-hi-mod-3\/\"]}]},{\"@type\":\"ImageObject\",\"inLanguage\":\"de\",\"@id\":\"https:\/\/z-bike.ch\/de\/shop\/muscolari-de\/kit-cannondale-supersix-evo-hi-mod-3\/#primaryimage\",\"url\":\"https:\/\/z-bike.ch\/wp-content\/uploads\/2026\/03\/SuperSix-EVO-Hi-MOD-kit.png\",\"contentUrl\":\"https:\/\/z-bike.ch\/wp-content\/uploads\/2026\/03\/SuperSix-EVO-Hi-MOD-kit.png\",\"width\":1160,\"height\":817},{\"@type\":\"BreadcrumbList\",\"@id\":\"https:\/\/z-bike.ch\/de\/shop\/muscolari-de\/kit-cannondale-supersix-evo-hi-mod-3\/#breadcrumb\",\"itemListElement\":[{\"@type\":\"ListItem\",\"position\":1,\"name\":\"Home\",\"item\":\"https:\/\/z-bike.ch\/de\/\"},{\"@type\":\"ListItem\",\"position\":2,\"name\":\"Shop\",\"item\":\"https:\/\/z-bike.ch\/de\/shop-3\/\"},{\"@type\":\"ListItem\",\"position\":3,\"name\":\"Kit Cannondale SuperSix EVO Hi-MOD\"}]},{\"@type\":\"WebSite\",\"@id\":\"https:\/\/z-bike.ch\/#website\",\"url\":\"https:\/\/z-bike.ch\/\",\"name\":\"Z-Bike\",\"description\":\"Bici Elettriche Online Svizzera: Miglior Prezzo | Consegna Rapida\",\"publisher\":{\"@id\":\"https:\/\/z-bike.ch\/#organization\"},\"alternateName\":\"ZBike\",\"potentialAction\":[{\"@type\":\"SearchAction\",\"target\":{\"@type\":\"EntryPoint\",\"urlTemplate\":\"https:\/\/z-bike.ch\/?s={search_term_string}\"},\"query-input\":{\"@type\":\"PropertyValueSpecification\",\"valueRequired\":true,\"valueName\":\"search_term_string\"}}],\"inLanguage\":\"de\"},{\"@type\":\"Organization\",\"@id\":\"https:\/\/z-bike.ch\/#organization\",\"name\":\"Z-Bike\",\"url\":\"https:\/\/z-bike.ch\/\",\"logo\":{\"@type\":\"ImageObject\",\"inLanguage\":\"de\",\"@id\":\"https:\/\/z-bike.ch\/#\/schema\/logo\/image\/\",\"url\":\"https:\/\/z-bike.ch\/wp-content\/uploads\/2023\/07\/logo_z-bike_ori.svg\",\"contentUrl\":\"https:\/\/z-bike.ch\/wp-content\/uploads\/2023\/07\/logo_z-bike_ori.svg\",\"width\":1,\"height\":1,\"caption\":\"Z-Bike\"},\"image\":{\"@id\":\"https:\/\/z-bike.ch\/#\/schema\/logo\/image\/\"},\"sameAs\":[\"https:\/\/www.facebook.com\/zbikelugano\",\"https:\/\/www.instagram.com\/zbike.ebike\"]}]}<\/script>\n<!-- \/ Yoast SEO plugin. -->","yoast_head_json":{"title":"Kit Cannondale SuperSix EVO Hi-MOD - Z-Bike","robots":{"index":"index","follow":"follow","max-snippet":"max-snippet:-1","max-image-preview":"max-image-preview:large","max-video-preview":"max-video-preview:-1"},"canonical":"https:\/\/z-bike.ch\/de\/shop\/muscolari-de\/kit-cannondale-supersix-evo-hi-mod-3\/","og_locale":"de_DE","og_type":"article","og_title":"Kit Cannondale SuperSix EVO Hi-MOD - Z-Bike","og_description":"[vc_row][vc_column][vc_column_text uncode_shortcode_id=&#8220;147998&#8243; css=&#8220;.vc_custom_1775643247304{padding-bottom: 36px !important;}&#8220;] Cannondale SuperSix EVO Hi-MOD Rahmen Der SuperSix EVO Hi-MOD Rahmen repr\u00e4sentiert den Stand der Technik [&hellip;]","og_url":"https:\/\/z-bike.ch\/de\/shop\/muscolari-de\/kit-cannondale-supersix-evo-hi-mod-3\/","og_site_name":"Z-Bike","article_publisher":"https:\/\/www.facebook.com\/zbikelugano","article_modified_time":"2026-04-08T10:16:12+00:00","og_image":[{"width":1160,"height":817,"url":"https:\/\/z-bike.ch\/wp-content\/uploads\/2026\/03\/SuperSix-EVO-Hi-MOD-kit.png","type":"image\/png"}],"twitter_card":"summary_large_image","twitter_misc":{"Gesch\u00e4tzte Lesezeit":"2\u00a0Minuten"},"schema":{"@context":"https:\/\/schema.org","@graph":[{"@type":"WebPage","@id":"https:\/\/z-bike.ch\/de\/shop\/muscolari-de\/kit-cannondale-supersix-evo-hi-mod-3\/","url":"https:\/\/z-bike.ch\/de\/shop\/muscolari-de\/kit-cannondale-supersix-evo-hi-mod-3\/","name":"Kit Cannondale SuperSix EVO Hi-MOD - Z-Bike","isPartOf":{"@id":"https:\/\/z-bike.ch\/#website"},"primaryImageOfPage":{"@id":"https:\/\/z-bike.ch\/de\/shop\/muscolari-de\/kit-cannondale-supersix-evo-hi-mod-3\/#primaryimage"},"image":{"@id":"https:\/\/z-bike.ch\/de\/shop\/muscolari-de\/kit-cannondale-supersix-evo-hi-mod-3\/#primaryimage"},"thumbnailUrl":"https:\/\/z-bike.ch\/wp-content\/uploads\/2026\/03\/SuperSix-EVO-Hi-MOD-kit.png","datePublished":"2026-03-02T16:51:21+00:00","dateModified":"2026-04-08T10:16:12+00:00","breadcrumb":{"@id":"https:\/\/z-bike.ch\/de\/shop\/muscolari-de\/kit-cannondale-supersix-evo-hi-mod-3\/#breadcrumb"},"inLanguage":"de","potentialAction":[{"@type":"ReadAction","target":["https:\/\/z-bike.ch\/de\/shop\/muscolari-de\/kit-cannondale-supersix-evo-hi-mod-3\/"]}]},{"@type":"ImageObject","inLanguage":"de","@id":"https:\/\/z-bike.ch\/de\/shop\/muscolari-de\/kit-cannondale-supersix-evo-hi-mod-3\/#primaryimage","url":"https:\/\/z-bike.ch\/wp-content\/uploads\/2026\/03\/SuperSix-EVO-Hi-MOD-kit.png","contentUrl":"https:\/\/z-bike.ch\/wp-content\/uploads\/2026\/03\/SuperSix-EVO-Hi-MOD-kit.png","width":1160,"height":817},{"@type":"BreadcrumbList","@id":"https:\/\/z-bike.ch\/de\/shop\/muscolari-de\/kit-cannondale-supersix-evo-hi-mod-3\/#breadcrumb","itemListElement":[{"@type":"ListItem","position":1,"name":"Home","item":"https:\/\/z-bike.ch\/de\/"},{"@type":"ListItem","position":2,"name":"Shop","item":"https:\/\/z-bike.ch\/de\/shop-3\/"},{"@type":"ListItem","position":3,"name":"Kit Cannondale SuperSix EVO Hi-MOD"}]},{"@type":"WebSite","@id":"https:\/\/z-bike.ch\/#website","url":"https:\/\/z-bike.ch\/","name":"Z-Bike","description":"Bici Elettriche Online Svizzera: Miglior Prezzo | Consegna Rapida","publisher":{"@id":"https:\/\/z-bike.ch\/#organization"},"alternateName":"ZBike","potentialAction":[{"@type":"SearchAction","target":{"@type":"EntryPoint","urlTemplate":"https:\/\/z-bike.ch\/?s={search_term_string}"},"query-input":{"@type":"PropertyValueSpecification","valueRequired":true,"valueName":"search_term_string"}}],"inLanguage":"de"},{"@type":"Organization","@id":"https:\/\/z-bike.ch\/#organization","name":"Z-Bike","url":"https:\/\/z-bike.ch\/","logo":{"@type":"ImageObject","inLanguage":"de","@id":"https:\/\/z-bike.ch\/#\/schema\/logo\/image\/","url":"https:\/\/z-bike.ch\/wp-content\/uploads\/2023\/07\/logo_z-bike_ori.svg","contentUrl":"https:\/\/z-bike.ch\/wp-content\/uploads\/2023\/07\/logo_z-bike_ori.svg","width":1,"height":1,"caption":"Z-Bike"},"image":{"@id":"https:\/\/z-bike.ch\/#\/schema\/logo\/image\/"},"sameAs":["https:\/\/www.facebook.com\/zbikelugano","https:\/\/www.instagram.com\/zbike.ebike"]}]}},"_links":{"self":[{"href":"https:\/\/z-bike.ch\/de\/wp-json\/wp\/v2\/product\/128651"}],"collection":[{"href":"https:\/\/z-bike.ch\/de\/wp-json\/wp\/v2\/product"}],"about":[{"href":"https:\/\/z-bike.ch\/de\/wp-json\/wp\/v2\/types\/product"}],"replies":[{"embeddable":true,"href":"https:\/\/z-bike.ch\/de\/wp-json\/wp\/v2\/comments?post=128651"}],"wp:featuredmedia":[{"embeddable":true,"href":"https:\/\/z-bike.ch\/de\/wp-json\/wp\/v2\/media\/128624"}],"wp:attachment":[{"href":"https:\/\/z-bike.ch\/de\/wp-json\/wp\/v2\/media?parent=128651"}],"wp:term":[{"taxonomy":"product_cat","embeddable":true,"href":"https:\/\/z-bike.ch\/de\/wp-json\/wp\/v2\/product_cat?post=128651"},{"taxonomy":"product_tag","embeddable":true,"href":"https:\/\/z-bike.ch\/de\/wp-json\/wp\/v2\/product_tag?post=128651"}],"curies":[{"name":"wp","href":"https:\/\/api.w.org\/{rel}","templated":true}]}}