{"id":129121,"date":"2026-04-23T12:34:41","date_gmt":"2026-04-23T10:34:41","guid":{"rendered":"https:\/\/z-bike.ch\/shop\/unkategorisiert\/nerva-exe-ii\/"},"modified":"2026-04-23T12:42:02","modified_gmt":"2026-04-23T10:42:02","slug":"nerva-exe-ii","status":"publish","type":"product","link":"https:\/\/z-bike.ch\/de\/shop\/e-moto-de\/nerva-exe-ii\/","title":{"rendered":"Nerva exe II"},"content":{"rendered":"<section class=\"wpb-content-wrapper\"><p>[vc_row][vc_column][vc_column_text uncode_shortcode_id=&#8220;137717&#8243; css=&#8220;.vc_custom_1776940155135{padding-bottom: 36px !important;}&#8220;]<\/p>\n<h3 data-path-to-node=\"1\">MEHR LEISTUNG UND MEHR EFFIZIENZ<\/h3>\n<p data-path-to-node=\"2\">Der Nerva EXE II ist mit einem leisen Motor ausgestattet, der ein hervorragendes Ansprechverhalten bei der Beschleunigung bietet und eine perfekte Reaktion sowohl im Stadtverkehr als auch auf der Autobahn garantiert. Mit einer Spitzenleistung von 19 kW erreicht er eine H\u00f6chstgeschwindigkeit von 130 km\/h und beschleunigt in nur 5 Sekunden von 0 auf 50 km\/h. All dies mit der Zug\u00e4nglichkeit des A1- oder B-F\u00fchrerscheins (125 ccm).<\/p>\n<h3 data-path-to-node=\"3\">AUFLADEN MIT LICHTGESCHWINDIGKEIT<\/h3>\n<p data-path-to-node=\"4\">Machen Sie sich bereit f\u00fcr grenzenloses Reisen mit einer Reichweite von bis zu 180 km im Eco-Modus (140 km im Normal-Modus). Mit dem leistungsstarken integrierten 3,3-kW-Ladeger\u00e4t l\u00e4sst sich der Akku in nur 2 Stunden auf 80 % und in 2 Stunden und 40 Minuten vollst\u00e4ndig aufladen. Mit dem Typ-2-Stecker k\u00f6nnen Sie bequem an jeder \u00f6ffentlichen Lades\u00e4ule aufladen, und ein Anschluss f\u00fcr die direkte Ladung an der Haushaltssteckdose ist ebenfalls im Lieferumfang enthalten.<\/p>\n<h3 data-path-to-node=\"5\">SMART CONNECTIVITY IMMER DABEI<\/h3>\n<p data-path-to-node=\"6\">Erleben Sie ein intelligentes und vernetztes Fahrerlebnis dank des gro\u00dfen 8,8-Zoll-LED-Displays, das mit automatischer Tag-\/Nachtanpassung, navigierbarem Men\u00fc und OBD-Option ausgestattet ist. Mit der Mirroring-Funktion \u00fcber die Carbit-App k\u00f6nnen Sie den Bildschirm Ihres Smartphones direkt auf das Armaturenbrett projizieren, problemlos mit Google Maps navigieren und haben alle Informationen immer wunderbar klar im Blick.<\/p>\n<p>[\/vc_column_text][\/vc_column][\/vc_row]<\/p>\n<\/section>","protected":false},"excerpt":{"rendered":"<p>[vc_row][vc_column][vc_column_text uncode_shortcode_id=&#8220;137717&#8243; css=&#8220;.vc_custom_1776940155135{padding-bottom: 36px !important;}&#8220;] MEHR LEISTUNG UND MEHR EFFIZIENZ Der Nerva EXE II ist mit einem leisen Motor ausgestattet, [&hellip;]<\/p>\n","protected":false},"featured_media":129104,"comment_status":"open","ping_status":"closed","template":"","meta":[],"product_cat":[296],"product_tag":[],"yoast_head":"<!-- This site is optimized with the Yoast SEO plugin v23.6 - https:\/\/yoast.com\/wordpress\/plugins\/seo\/ -->\n<title>Nerva exe II - Z-Bike<\/title>\n<meta name=\"robots\" content=\"index, follow, max-snippet:-1, max-image-preview:large, max-video-preview:-1\" \/>\n<link rel=\"canonical\" href=\"https:\/\/z-bike.ch\/de\/shop\/e-moto-de\/nerva-exe-ii\/\" \/>\n<meta property=\"og:locale\" content=\"de_DE\" \/>\n<meta property=\"og:type\" content=\"article\" \/>\n<meta property=\"og:title\" content=\"Nerva exe II - Z-Bike\" \/>\n<meta property=\"og:description\" content=\"[vc_row][vc_column][vc_column_text uncode_shortcode_id=&#8220;137717&#8243; css=&#8220;.vc_custom_1776940155135{padding-bottom: 36px !important;}&#8220;] MEHR LEISTUNG UND MEHR EFFIZIENZ Der Nerva EXE II ist mit einem leisen Motor ausgestattet, [&hellip;]\" \/>\n<meta property=\"og:url\" content=\"https:\/\/z-bike.ch\/de\/shop\/e-moto-de\/nerva-exe-ii\/\" \/>\n<meta property=\"og:site_name\" content=\"Z-Bike\" \/>\n<meta property=\"article:publisher\" content=\"https:\/\/www.facebook.com\/zbikelugano\" \/>\n<meta property=\"article:modified_time\" content=\"2026-04-23T10:42:02+00:00\" \/>\n<meta property=\"og:image\" content=\"https:\/\/z-bike.ch\/wp-content\/uploads\/2026\/04\/exe-2.png\" \/>\n\t<meta property=\"og:image:width\" content=\"1200\" \/>\n\t<meta property=\"og:image:height\" content=\"750\" \/>\n\t<meta property=\"og:image:type\" content=\"image\/png\" \/>\n<meta name=\"twitter:card\" content=\"summary_large_image\" \/>\n<meta name=\"twitter:label1\" content=\"Gesch\u00e4tzte Lesezeit\" \/>\n\t<meta name=\"twitter:data1\" content=\"2\u00a0Minuten\" \/>\n<script type=\"application\/ld+json\" class=\"yoast-schema-graph\">{\"@context\":\"https:\/\/schema.org\",\"@graph\":[{\"@type\":\"WebPage\",\"@id\":\"https:\/\/z-bike.ch\/de\/shop\/e-moto-de\/nerva-exe-ii\/\",\"url\":\"https:\/\/z-bike.ch\/de\/shop\/e-moto-de\/nerva-exe-ii\/\",\"name\":\"Nerva exe II - Z-Bike\",\"isPartOf\":{\"@id\":\"https:\/\/z-bike.ch\/#website\"},\"primaryImageOfPage\":{\"@id\":\"https:\/\/z-bike.ch\/de\/shop\/e-moto-de\/nerva-exe-ii\/#primaryimage\"},\"image\":{\"@id\":\"https:\/\/z-bike.ch\/de\/shop\/e-moto-de\/nerva-exe-ii\/#primaryimage\"},\"thumbnailUrl\":\"https:\/\/z-bike.ch\/wp-content\/uploads\/2026\/04\/exe-2.png\",\"datePublished\":\"2026-04-23T10:34:41+00:00\",\"dateModified\":\"2026-04-23T10:42:02+00:00\",\"breadcrumb\":{\"@id\":\"https:\/\/z-bike.ch\/de\/shop\/e-moto-de\/nerva-exe-ii\/#breadcrumb\"},\"inLanguage\":\"de\",\"potentialAction\":[{\"@type\":\"ReadAction\",\"target\":[\"https:\/\/z-bike.ch\/de\/shop\/e-moto-de\/nerva-exe-ii\/\"]}]},{\"@type\":\"ImageObject\",\"inLanguage\":\"de\",\"@id\":\"https:\/\/z-bike.ch\/de\/shop\/e-moto-de\/nerva-exe-ii\/#primaryimage\",\"url\":\"https:\/\/z-bike.ch\/wp-content\/uploads\/2026\/04\/exe-2.png\",\"contentUrl\":\"https:\/\/z-bike.ch\/wp-content\/uploads\/2026\/04\/exe-2.png\",\"width\":1200,\"height\":750},{\"@type\":\"BreadcrumbList\",\"@id\":\"https:\/\/z-bike.ch\/de\/shop\/e-moto-de\/nerva-exe-ii\/#breadcrumb\",\"itemListElement\":[{\"@type\":\"ListItem\",\"position\":1,\"name\":\"Home\",\"item\":\"https:\/\/z-bike.ch\/de\/\"},{\"@type\":\"ListItem\",\"position\":2,\"name\":\"Shop\",\"item\":\"https:\/\/z-bike.ch\/de\/shop-3\/\"},{\"@type\":\"ListItem\",\"position\":3,\"name\":\"Nerva exe II\"}]},{\"@type\":\"WebSite\",\"@id\":\"https:\/\/z-bike.ch\/#website\",\"url\":\"https:\/\/z-bike.ch\/\",\"name\":\"Z-Bike\",\"description\":\"Bici Elettriche Online Svizzera: Miglior Prezzo | Consegna Rapida\",\"publisher\":{\"@id\":\"https:\/\/z-bike.ch\/#organization\"},\"alternateName\":\"ZBike\",\"potentialAction\":[{\"@type\":\"SearchAction\",\"target\":{\"@type\":\"EntryPoint\",\"urlTemplate\":\"https:\/\/z-bike.ch\/?s={search_term_string}\"},\"query-input\":{\"@type\":\"PropertyValueSpecification\",\"valueRequired\":true,\"valueName\":\"search_term_string\"}}],\"inLanguage\":\"de\"},{\"@type\":\"Organization\",\"@id\":\"https:\/\/z-bike.ch\/#organization\",\"name\":\"Z-Bike\",\"url\":\"https:\/\/z-bike.ch\/\",\"logo\":{\"@type\":\"ImageObject\",\"inLanguage\":\"de\",\"@id\":\"https:\/\/z-bike.ch\/#\/schema\/logo\/image\/\",\"url\":\"https:\/\/z-bike.ch\/wp-content\/uploads\/2023\/07\/logo_z-bike_ori.svg\",\"contentUrl\":\"https:\/\/z-bike.ch\/wp-content\/uploads\/2023\/07\/logo_z-bike_ori.svg\",\"width\":1,\"height\":1,\"caption\":\"Z-Bike\"},\"image\":{\"@id\":\"https:\/\/z-bike.ch\/#\/schema\/logo\/image\/\"},\"sameAs\":[\"https:\/\/www.facebook.com\/zbikelugano\",\"https:\/\/www.instagram.com\/zbike.ebike\"]}]}<\/script>\n<!-- \/ Yoast SEO plugin. -->","yoast_head_json":{"title":"Nerva exe II - Z-Bike","robots":{"index":"index","follow":"follow","max-snippet":"max-snippet:-1","max-image-preview":"max-image-preview:large","max-video-preview":"max-video-preview:-1"},"canonical":"https:\/\/z-bike.ch\/de\/shop\/e-moto-de\/nerva-exe-ii\/","og_locale":"de_DE","og_type":"article","og_title":"Nerva exe II - Z-Bike","og_description":"[vc_row][vc_column][vc_column_text uncode_shortcode_id=&#8220;137717&#8243; css=&#8220;.vc_custom_1776940155135{padding-bottom: 36px !important;}&#8220;] MEHR LEISTUNG UND MEHR EFFIZIENZ Der Nerva EXE II ist mit einem leisen Motor ausgestattet, [&hellip;]","og_url":"https:\/\/z-bike.ch\/de\/shop\/e-moto-de\/nerva-exe-ii\/","og_site_name":"Z-Bike","article_publisher":"https:\/\/www.facebook.com\/zbikelugano","article_modified_time":"2026-04-23T10:42:02+00:00","og_image":[{"width":1200,"height":750,"url":"https:\/\/z-bike.ch\/wp-content\/uploads\/2026\/04\/exe-2.png","type":"image\/png"}],"twitter_card":"summary_large_image","twitter_misc":{"Gesch\u00e4tzte Lesezeit":"2\u00a0Minuten"},"schema":{"@context":"https:\/\/schema.org","@graph":[{"@type":"WebPage","@id":"https:\/\/z-bike.ch\/de\/shop\/e-moto-de\/nerva-exe-ii\/","url":"https:\/\/z-bike.ch\/de\/shop\/e-moto-de\/nerva-exe-ii\/","name":"Nerva exe II - Z-Bike","isPartOf":{"@id":"https:\/\/z-bike.ch\/#website"},"primaryImageOfPage":{"@id":"https:\/\/z-bike.ch\/de\/shop\/e-moto-de\/nerva-exe-ii\/#primaryimage"},"image":{"@id":"https:\/\/z-bike.ch\/de\/shop\/e-moto-de\/nerva-exe-ii\/#primaryimage"},"thumbnailUrl":"https:\/\/z-bike.ch\/wp-content\/uploads\/2026\/04\/exe-2.png","datePublished":"2026-04-23T10:34:41+00:00","dateModified":"2026-04-23T10:42:02+00:00","breadcrumb":{"@id":"https:\/\/z-bike.ch\/de\/shop\/e-moto-de\/nerva-exe-ii\/#breadcrumb"},"inLanguage":"de","potentialAction":[{"@type":"ReadAction","target":["https:\/\/z-bike.ch\/de\/shop\/e-moto-de\/nerva-exe-ii\/"]}]},{"@type":"ImageObject","inLanguage":"de","@id":"https:\/\/z-bike.ch\/de\/shop\/e-moto-de\/nerva-exe-ii\/#primaryimage","url":"https:\/\/z-bike.ch\/wp-content\/uploads\/2026\/04\/exe-2.png","contentUrl":"https:\/\/z-bike.ch\/wp-content\/uploads\/2026\/04\/exe-2.png","width":1200,"height":750},{"@type":"BreadcrumbList","@id":"https:\/\/z-bike.ch\/de\/shop\/e-moto-de\/nerva-exe-ii\/#breadcrumb","itemListElement":[{"@type":"ListItem","position":1,"name":"Home","item":"https:\/\/z-bike.ch\/de\/"},{"@type":"ListItem","position":2,"name":"Shop","item":"https:\/\/z-bike.ch\/de\/shop-3\/"},{"@type":"ListItem","position":3,"name":"Nerva exe II"}]},{"@type":"WebSite","@id":"https:\/\/z-bike.ch\/#website","url":"https:\/\/z-bike.ch\/","name":"Z-Bike","description":"Bici Elettriche Online Svizzera: Miglior Prezzo | Consegna Rapida","publisher":{"@id":"https:\/\/z-bike.ch\/#organization"},"alternateName":"ZBike","potentialAction":[{"@type":"SearchAction","target":{"@type":"EntryPoint","urlTemplate":"https:\/\/z-bike.ch\/?s={search_term_string}"},"query-input":{"@type":"PropertyValueSpecification","valueRequired":true,"valueName":"search_term_string"}}],"inLanguage":"de"},{"@type":"Organization","@id":"https:\/\/z-bike.ch\/#organization","name":"Z-Bike","url":"https:\/\/z-bike.ch\/","logo":{"@type":"ImageObject","inLanguage":"de","@id":"https:\/\/z-bike.ch\/#\/schema\/logo\/image\/","url":"https:\/\/z-bike.ch\/wp-content\/uploads\/2023\/07\/logo_z-bike_ori.svg","contentUrl":"https:\/\/z-bike.ch\/wp-content\/uploads\/2023\/07\/logo_z-bike_ori.svg","width":1,"height":1,"caption":"Z-Bike"},"image":{"@id":"https:\/\/z-bike.ch\/#\/schema\/logo\/image\/"},"sameAs":["https:\/\/www.facebook.com\/zbikelugano","https:\/\/www.instagram.com\/zbike.ebike"]}]}},"_links":{"self":[{"href":"https:\/\/z-bike.ch\/de\/wp-json\/wp\/v2\/product\/129121"}],"collection":[{"href":"https:\/\/z-bike.ch\/de\/wp-json\/wp\/v2\/product"}],"about":[{"href":"https:\/\/z-bike.ch\/de\/wp-json\/wp\/v2\/types\/product"}],"replies":[{"embeddable":true,"href":"https:\/\/z-bike.ch\/de\/wp-json\/wp\/v2\/comments?post=129121"}],"wp:featuredmedia":[{"embeddable":true,"href":"https:\/\/z-bike.ch\/de\/wp-json\/wp\/v2\/media\/129104"}],"wp:attachment":[{"href":"https:\/\/z-bike.ch\/de\/wp-json\/wp\/v2\/media?parent=129121"}],"wp:term":[{"taxonomy":"product_cat","embeddable":true,"href":"https:\/\/z-bike.ch\/de\/wp-json\/wp\/v2\/product_cat?post=129121"},{"taxonomy":"product_tag","embeddable":true,"href":"https:\/\/z-bike.ch\/de\/wp-json\/wp\/v2\/product_tag?post=129121"}],"curies":[{"name":"wp","href":"https:\/\/api.w.org\/{rel}","templated":true}]}}