{"id":129208,"date":"2026-05-04T15:50:01","date_gmt":"2026-05-04T13:50:01","guid":{"rendered":"https:\/\/z-bike.ch\/shop\/unkategorisiert\/fullseven-6\/"},"modified":"2026-05-05T17:47:52","modified_gmt":"2026-05-05T15:47:52","slug":"fullseven-6","status":"publish","type":"product","link":"https:\/\/z-bike.ch\/de\/shop\/gebraucht\/fullseven-6\/","title":{"rendered":"FullSeven 6"},"content":{"rendered":"<section class=\"wpb-content-wrapper\"><p>[vc_row][vc_column][vc_column_text uncode_shortcode_id=&#8220;533947&#8243; css=&#8220;.vc_custom_1777992812756{padding-bottom: 36px !important;}&#8220;]<\/p>\n<h3 data-path-to-node=\"1\">Leistung und Offroad-Komfort<\/h3>\n<p data-path-to-node=\"2\">Das <b data-path-to-node=\"2\" data-index-in-node=\"3\">Haibike FullSeven 6<\/b> ist ein vollgefedertes E-MTB, das von einem zuverl\u00e4ssigen Bosch-Motor und einem leistungsstarken 620-Wh-Akku angetrieben wird. Es wurde f\u00fcr h\u00f6chsten Komfort entwickelt und d\u00e4mpft dank der Doppelfederung, der gefederten Sattelst\u00fctze und der breiten Reifen Ersch\u00fctterungen auf jedem Terrain. So ist stets ein fl\u00fcssiges und sicheres Fahrgef\u00fchl garantiert.<\/p>\n<h3 data-path-to-node=\"3\">Bereit f\u00fcr Abenteuer und die Stadt<\/h3>\n<p data-path-to-node=\"4\">Neben seinem sportlichen Charakter ist dieses Bike bestens ausgestattet, um dir im Alltag maximale Vielseitigkeit zu bieten. Es verf\u00fcgt bereits \u00fcber einen Gep\u00e4cktr\u00e4ger, Schutzbleche, eine Lichtanlage f\u00fcr die Sicherheit bei Nacht und einen Fahrradst\u00e4nder. Ein Komplettpaket, das es sowohl f\u00fcr unbefestigte Wege als auch f\u00fcr das t\u00e4gliche Pendeln perfekt macht.<\/p>\n<p>[\/vc_column_text][\/vc_column][\/vc_row]<\/p>\n<\/section>","protected":false},"excerpt":{"rendered":"<p>Das Haibike FullSeven 6 ist ein vollgefedertes E-MTB, das f\u00fcr alle entwickelt wurde, die im Gel\u00e4nde die perfekte Balance zwischen Komfort und Leistung suchen.<\/p>\n","protected":false},"featured_media":129163,"comment_status":"open","ping_status":"closed","template":"","meta":[],"product_cat":[529],"product_tag":[],"yoast_head":"<!-- This site is optimized with the Yoast SEO plugin v23.6 - https:\/\/yoast.com\/wordpress\/plugins\/seo\/ -->\n<title>FullSeven 6 - Z-Bike<\/title>\n<meta name=\"robots\" content=\"index, follow, max-snippet:-1, max-image-preview:large, max-video-preview:-1\" \/>\n<link rel=\"canonical\" href=\"https:\/\/z-bike.ch\/de\/shop\/gebraucht\/fullseven-6\/\" \/>\n<meta property=\"og:locale\" content=\"de_DE\" \/>\n<meta property=\"og:type\" content=\"article\" \/>\n<meta property=\"og:title\" content=\"FullSeven 6 - Z-Bike\" \/>\n<meta property=\"og:description\" content=\"Das Haibike FullSeven 6 ist ein vollgefedertes E-MTB, das f\u00fcr alle entwickelt wurde, die im Gel\u00e4nde die perfekte Balance zwischen Komfort und Leistung suchen.\" \/>\n<meta property=\"og:url\" content=\"https:\/\/z-bike.ch\/de\/shop\/gebraucht\/fullseven-6\/\" \/>\n<meta property=\"og:site_name\" content=\"Z-Bike\" \/>\n<meta property=\"article:publisher\" content=\"https:\/\/www.facebook.com\/zbikelugano\" \/>\n<meta property=\"article:modified_time\" content=\"2026-05-05T15:47:52+00:00\" \/>\n<meta property=\"og:image\" content=\"https:\/\/z-bike.ch\/wp-content\/uploads\/2026\/05\/IMG_20260428_165826-1.jpg\" \/>\n\t<meta property=\"og:image:width\" content=\"2040\" \/>\n\t<meta property=\"og:image:height\" content=\"1536\" \/>\n\t<meta property=\"og:image:type\" content=\"image\/jpeg\" \/>\n<meta name=\"twitter:card\" content=\"summary_large_image\" \/>\n<meta name=\"twitter:label1\" content=\"Gesch\u00e4tzte Lesezeit\" \/>\n\t<meta name=\"twitter:data1\" content=\"1\u00a0Minute\" \/>\n<script type=\"application\/ld+json\" class=\"yoast-schema-graph\">{\"@context\":\"https:\/\/schema.org\",\"@graph\":[{\"@type\":\"WebPage\",\"@id\":\"https:\/\/z-bike.ch\/de\/shop\/gebraucht\/fullseven-6\/\",\"url\":\"https:\/\/z-bike.ch\/de\/shop\/gebraucht\/fullseven-6\/\",\"name\":\"FullSeven 6 - Z-Bike\",\"isPartOf\":{\"@id\":\"https:\/\/z-bike.ch\/#website\"},\"primaryImageOfPage\":{\"@id\":\"https:\/\/z-bike.ch\/de\/shop\/gebraucht\/fullseven-6\/#primaryimage\"},\"image\":{\"@id\":\"https:\/\/z-bike.ch\/de\/shop\/gebraucht\/fullseven-6\/#primaryimage\"},\"thumbnailUrl\":\"https:\/\/z-bike.ch\/wp-content\/uploads\/2026\/05\/IMG_20260428_165826-1.jpg\",\"datePublished\":\"2026-05-04T13:50:01+00:00\",\"dateModified\":\"2026-05-05T15:47:52+00:00\",\"breadcrumb\":{\"@id\":\"https:\/\/z-bike.ch\/de\/shop\/gebraucht\/fullseven-6\/#breadcrumb\"},\"inLanguage\":\"de\",\"potentialAction\":[{\"@type\":\"ReadAction\",\"target\":[\"https:\/\/z-bike.ch\/de\/shop\/gebraucht\/fullseven-6\/\"]}]},{\"@type\":\"ImageObject\",\"inLanguage\":\"de\",\"@id\":\"https:\/\/z-bike.ch\/de\/shop\/gebraucht\/fullseven-6\/#primaryimage\",\"url\":\"https:\/\/z-bike.ch\/wp-content\/uploads\/2026\/05\/IMG_20260428_165826-1.jpg\",\"contentUrl\":\"https:\/\/z-bike.ch\/wp-content\/uploads\/2026\/05\/IMG_20260428_165826-1.jpg\",\"width\":2040,\"height\":1536},{\"@type\":\"BreadcrumbList\",\"@id\":\"https:\/\/z-bike.ch\/de\/shop\/gebraucht\/fullseven-6\/#breadcrumb\",\"itemListElement\":[{\"@type\":\"ListItem\",\"position\":1,\"name\":\"Home\",\"item\":\"https:\/\/z-bike.ch\/de\/\"},{\"@type\":\"ListItem\",\"position\":2,\"name\":\"Shop\",\"item\":\"https:\/\/z-bike.ch\/de\/shop-3\/\"},{\"@type\":\"ListItem\",\"position\":3,\"name\":\"FullSeven 6\"}]},{\"@type\":\"WebSite\",\"@id\":\"https:\/\/z-bike.ch\/#website\",\"url\":\"https:\/\/z-bike.ch\/\",\"name\":\"Z-Bike\",\"description\":\"Bici Elettriche Online Svizzera: Miglior Prezzo | Consegna Rapida\",\"publisher\":{\"@id\":\"https:\/\/z-bike.ch\/#organization\"},\"alternateName\":\"ZBike\",\"potentialAction\":[{\"@type\":\"SearchAction\",\"target\":{\"@type\":\"EntryPoint\",\"urlTemplate\":\"https:\/\/z-bike.ch\/?s={search_term_string}\"},\"query-input\":{\"@type\":\"PropertyValueSpecification\",\"valueRequired\":true,\"valueName\":\"search_term_string\"}}],\"inLanguage\":\"de\"},{\"@type\":\"Organization\",\"@id\":\"https:\/\/z-bike.ch\/#organization\",\"name\":\"Z-Bike\",\"url\":\"https:\/\/z-bike.ch\/\",\"logo\":{\"@type\":\"ImageObject\",\"inLanguage\":\"de\",\"@id\":\"https:\/\/z-bike.ch\/#\/schema\/logo\/image\/\",\"url\":\"https:\/\/z-bike.ch\/wp-content\/uploads\/2023\/07\/logo_z-bike_ori.svg\",\"contentUrl\":\"https:\/\/z-bike.ch\/wp-content\/uploads\/2023\/07\/logo_z-bike_ori.svg\",\"width\":1,\"height\":1,\"caption\":\"Z-Bike\"},\"image\":{\"@id\":\"https:\/\/z-bike.ch\/#\/schema\/logo\/image\/\"},\"sameAs\":[\"https:\/\/www.facebook.com\/zbikelugano\",\"https:\/\/www.instagram.com\/zbike.ebike\"]}]}<\/script>\n<!-- \/ Yoast SEO plugin. -->","yoast_head_json":{"title":"FullSeven 6 - Z-Bike","robots":{"index":"index","follow":"follow","max-snippet":"max-snippet:-1","max-image-preview":"max-image-preview:large","max-video-preview":"max-video-preview:-1"},"canonical":"https:\/\/z-bike.ch\/de\/shop\/gebraucht\/fullseven-6\/","og_locale":"de_DE","og_type":"article","og_title":"FullSeven 6 - Z-Bike","og_description":"Das Haibike FullSeven 6 ist ein vollgefedertes E-MTB, das f\u00fcr alle entwickelt wurde, die im Gel\u00e4nde die perfekte Balance zwischen Komfort und Leistung suchen.","og_url":"https:\/\/z-bike.ch\/de\/shop\/gebraucht\/fullseven-6\/","og_site_name":"Z-Bike","article_publisher":"https:\/\/www.facebook.com\/zbikelugano","article_modified_time":"2026-05-05T15:47:52+00:00","og_image":[{"width":2040,"height":1536,"url":"https:\/\/z-bike.ch\/wp-content\/uploads\/2026\/05\/IMG_20260428_165826-1.jpg","type":"image\/jpeg"}],"twitter_card":"summary_large_image","twitter_misc":{"Gesch\u00e4tzte Lesezeit":"1\u00a0Minute"},"schema":{"@context":"https:\/\/schema.org","@graph":[{"@type":"WebPage","@id":"https:\/\/z-bike.ch\/de\/shop\/gebraucht\/fullseven-6\/","url":"https:\/\/z-bike.ch\/de\/shop\/gebraucht\/fullseven-6\/","name":"FullSeven 6 - Z-Bike","isPartOf":{"@id":"https:\/\/z-bike.ch\/#website"},"primaryImageOfPage":{"@id":"https:\/\/z-bike.ch\/de\/shop\/gebraucht\/fullseven-6\/#primaryimage"},"image":{"@id":"https:\/\/z-bike.ch\/de\/shop\/gebraucht\/fullseven-6\/#primaryimage"},"thumbnailUrl":"https:\/\/z-bike.ch\/wp-content\/uploads\/2026\/05\/IMG_20260428_165826-1.jpg","datePublished":"2026-05-04T13:50:01+00:00","dateModified":"2026-05-05T15:47:52+00:00","breadcrumb":{"@id":"https:\/\/z-bike.ch\/de\/shop\/gebraucht\/fullseven-6\/#breadcrumb"},"inLanguage":"de","potentialAction":[{"@type":"ReadAction","target":["https:\/\/z-bike.ch\/de\/shop\/gebraucht\/fullseven-6\/"]}]},{"@type":"ImageObject","inLanguage":"de","@id":"https:\/\/z-bike.ch\/de\/shop\/gebraucht\/fullseven-6\/#primaryimage","url":"https:\/\/z-bike.ch\/wp-content\/uploads\/2026\/05\/IMG_20260428_165826-1.jpg","contentUrl":"https:\/\/z-bike.ch\/wp-content\/uploads\/2026\/05\/IMG_20260428_165826-1.jpg","width":2040,"height":1536},{"@type":"BreadcrumbList","@id":"https:\/\/z-bike.ch\/de\/shop\/gebraucht\/fullseven-6\/#breadcrumb","itemListElement":[{"@type":"ListItem","position":1,"name":"Home","item":"https:\/\/z-bike.ch\/de\/"},{"@type":"ListItem","position":2,"name":"Shop","item":"https:\/\/z-bike.ch\/de\/shop-3\/"},{"@type":"ListItem","position":3,"name":"FullSeven 6"}]},{"@type":"WebSite","@id":"https:\/\/z-bike.ch\/#website","url":"https:\/\/z-bike.ch\/","name":"Z-Bike","description":"Bici Elettriche Online Svizzera: Miglior Prezzo | Consegna Rapida","publisher":{"@id":"https:\/\/z-bike.ch\/#organization"},"alternateName":"ZBike","potentialAction":[{"@type":"SearchAction","target":{"@type":"EntryPoint","urlTemplate":"https:\/\/z-bike.ch\/?s={search_term_string}"},"query-input":{"@type":"PropertyValueSpecification","valueRequired":true,"valueName":"search_term_string"}}],"inLanguage":"de"},{"@type":"Organization","@id":"https:\/\/z-bike.ch\/#organization","name":"Z-Bike","url":"https:\/\/z-bike.ch\/","logo":{"@type":"ImageObject","inLanguage":"de","@id":"https:\/\/z-bike.ch\/#\/schema\/logo\/image\/","url":"https:\/\/z-bike.ch\/wp-content\/uploads\/2023\/07\/logo_z-bike_ori.svg","contentUrl":"https:\/\/z-bike.ch\/wp-content\/uploads\/2023\/07\/logo_z-bike_ori.svg","width":1,"height":1,"caption":"Z-Bike"},"image":{"@id":"https:\/\/z-bike.ch\/#\/schema\/logo\/image\/"},"sameAs":["https:\/\/www.facebook.com\/zbikelugano","https:\/\/www.instagram.com\/zbike.ebike"]}]}},"_links":{"self":[{"href":"https:\/\/z-bike.ch\/de\/wp-json\/wp\/v2\/product\/129208"}],"collection":[{"href":"https:\/\/z-bike.ch\/de\/wp-json\/wp\/v2\/product"}],"about":[{"href":"https:\/\/z-bike.ch\/de\/wp-json\/wp\/v2\/types\/product"}],"replies":[{"embeddable":true,"href":"https:\/\/z-bike.ch\/de\/wp-json\/wp\/v2\/comments?post=129208"}],"wp:featuredmedia":[{"embeddable":true,"href":"https:\/\/z-bike.ch\/de\/wp-json\/wp\/v2\/media\/129163"}],"wp:attachment":[{"href":"https:\/\/z-bike.ch\/de\/wp-json\/wp\/v2\/media?parent=129208"}],"wp:term":[{"taxonomy":"product_cat","embeddable":true,"href":"https:\/\/z-bike.ch\/de\/wp-json\/wp\/v2\/product_cat?post=129208"},{"taxonomy":"product_tag","embeddable":true,"href":"https:\/\/z-bike.ch\/de\/wp-json\/wp\/v2\/product_tag?post=129208"}],"curies":[{"name":"wp","href":"https:\/\/api.w.org\/{rel}","templated":true}]}}