{"id":129309,"date":"2026-05-08T10:19:45","date_gmt":"2026-05-08T08:19:45","guid":{"rendered":"https:\/\/z-bike.ch\/shop\/unkategorisiert\/whistle-b-rush\/"},"modified":"2026-05-08T17:00:43","modified_gmt":"2026-05-08T15:00:43","slug":"whistle-b-rush","status":"publish","type":"product","link":"https:\/\/z-bike.ch\/de\/shop\/gebraucht\/whistle-b-rush\/","title":{"rendered":"Whistle b rush"},"content":{"rendered":"","protected":false},"excerpt":{"rendered":"<p>Diese Whistle B-Rush mit 750Wh und 1287 km ist ein exzellentes Angebot, das die Power des Bosch-Motors mit einer erstklassigen Ausstattung kombiniert. Dank des Upgrades auf DT Swiss 1700 Laufr\u00e4der und der GX AXS Schaltung gewinnt das Bike an elektronischer Pr\u00e4zision sowie professioneller Robustheit und ist somit f\u00fcr jede Herausforderung bereit.<\/p>\n","protected":false},"featured_media":129286,"comment_status":"open","ping_status":"closed","template":"","meta":[],"product_cat":[529],"product_tag":[],"yoast_head":"<!-- This site is optimized with the Yoast SEO plugin v23.6 - https:\/\/yoast.com\/wordpress\/plugins\/seo\/ -->\n<title>Whistle b rush - Z-Bike<\/title>\n<meta name=\"robots\" content=\"index, follow, max-snippet:-1, max-image-preview:large, max-video-preview:-1\" \/>\n<link rel=\"canonical\" href=\"https:\/\/z-bike.ch\/de\/shop\/gebraucht\/whistle-b-rush\/\" \/>\n<meta property=\"og:locale\" content=\"de_DE\" \/>\n<meta property=\"og:type\" content=\"article\" \/>\n<meta property=\"og:title\" content=\"Whistle b rush - Z-Bike\" \/>\n<meta property=\"og:description\" content=\"Diese Whistle B-Rush mit 750Wh und 1287 km ist ein exzellentes Angebot, das die Power des Bosch-Motors mit einer erstklassigen Ausstattung kombiniert. Dank des Upgrades auf DT Swiss 1700 Laufr\u00e4der und der GX AXS Schaltung gewinnt das Bike an elektronischer Pr\u00e4zision sowie professioneller Robustheit und ist somit f\u00fcr jede Herausforderung bereit.\" \/>\n<meta property=\"og:url\" content=\"https:\/\/z-bike.ch\/de\/shop\/gebraucht\/whistle-b-rush\/\" \/>\n<meta property=\"og:site_name\" content=\"Z-Bike\" \/>\n<meta property=\"article:publisher\" content=\"https:\/\/www.facebook.com\/zbikelugano\" \/>\n<meta property=\"article:modified_time\" content=\"2026-05-08T15:00:43+00:00\" \/>\n<meta property=\"og:image\" content=\"https:\/\/z-bike.ch\/wp-content\/uploads\/2026\/05\/20260506_165009.jpg.jpg\" \/>\n\t<meta property=\"og:image:width\" content=\"1440\" \/>\n\t<meta property=\"og:image:height\" content=\"1920\" \/>\n\t<meta property=\"og:image:type\" content=\"image\/jpeg\" \/>\n<meta name=\"twitter:card\" content=\"summary_large_image\" \/>\n<meta name=\"twitter:label1\" content=\"Gesch\u00e4tzte Lesezeit\" \/>\n\t<meta name=\"twitter:data1\" content=\"1\u00a0Minute\" \/>\n<script type=\"application\/ld+json\" class=\"yoast-schema-graph\">{\"@context\":\"https:\/\/schema.org\",\"@graph\":[{\"@type\":\"WebPage\",\"@id\":\"https:\/\/z-bike.ch\/de\/shop\/gebraucht\/whistle-b-rush\/\",\"url\":\"https:\/\/z-bike.ch\/de\/shop\/gebraucht\/whistle-b-rush\/\",\"name\":\"Whistle b rush - Z-Bike\",\"isPartOf\":{\"@id\":\"https:\/\/z-bike.ch\/#website\"},\"primaryImageOfPage\":{\"@id\":\"https:\/\/z-bike.ch\/de\/shop\/gebraucht\/whistle-b-rush\/#primaryimage\"},\"image\":{\"@id\":\"https:\/\/z-bike.ch\/de\/shop\/gebraucht\/whistle-b-rush\/#primaryimage\"},\"thumbnailUrl\":\"https:\/\/z-bike.ch\/wp-content\/uploads\/2026\/05\/20260506_165009.jpg.jpg\",\"datePublished\":\"2026-05-08T08:19:45+00:00\",\"dateModified\":\"2026-05-08T15:00:43+00:00\",\"breadcrumb\":{\"@id\":\"https:\/\/z-bike.ch\/de\/shop\/gebraucht\/whistle-b-rush\/#breadcrumb\"},\"inLanguage\":\"de\",\"potentialAction\":[{\"@type\":\"ReadAction\",\"target\":[\"https:\/\/z-bike.ch\/de\/shop\/gebraucht\/whistle-b-rush\/\"]}]},{\"@type\":\"ImageObject\",\"inLanguage\":\"de\",\"@id\":\"https:\/\/z-bike.ch\/de\/shop\/gebraucht\/whistle-b-rush\/#primaryimage\",\"url\":\"https:\/\/z-bike.ch\/wp-content\/uploads\/2026\/05\/20260506_165009.jpg.jpg\",\"contentUrl\":\"https:\/\/z-bike.ch\/wp-content\/uploads\/2026\/05\/20260506_165009.jpg.jpg\",\"width\":1440,\"height\":1920},{\"@type\":\"BreadcrumbList\",\"@id\":\"https:\/\/z-bike.ch\/de\/shop\/gebraucht\/whistle-b-rush\/#breadcrumb\",\"itemListElement\":[{\"@type\":\"ListItem\",\"position\":1,\"name\":\"Home\",\"item\":\"https:\/\/z-bike.ch\/de\/\"},{\"@type\":\"ListItem\",\"position\":2,\"name\":\"Shop\",\"item\":\"https:\/\/z-bike.ch\/de\/shop-3\/\"},{\"@type\":\"ListItem\",\"position\":3,\"name\":\"Whistle b rush\"}]},{\"@type\":\"WebSite\",\"@id\":\"https:\/\/z-bike.ch\/#website\",\"url\":\"https:\/\/z-bike.ch\/\",\"name\":\"Z-Bike\",\"description\":\"Bici Elettriche Online Svizzera: Miglior Prezzo | Consegna Rapida\",\"publisher\":{\"@id\":\"https:\/\/z-bike.ch\/#organization\"},\"alternateName\":\"ZBike\",\"potentialAction\":[{\"@type\":\"SearchAction\",\"target\":{\"@type\":\"EntryPoint\",\"urlTemplate\":\"https:\/\/z-bike.ch\/?s={search_term_string}\"},\"query-input\":{\"@type\":\"PropertyValueSpecification\",\"valueRequired\":true,\"valueName\":\"search_term_string\"}}],\"inLanguage\":\"de\"},{\"@type\":\"Organization\",\"@id\":\"https:\/\/z-bike.ch\/#organization\",\"name\":\"Z-Bike\",\"url\":\"https:\/\/z-bike.ch\/\",\"logo\":{\"@type\":\"ImageObject\",\"inLanguage\":\"de\",\"@id\":\"https:\/\/z-bike.ch\/#\/schema\/logo\/image\/\",\"url\":\"https:\/\/z-bike.ch\/wp-content\/uploads\/2023\/07\/logo_z-bike_ori.svg\",\"contentUrl\":\"https:\/\/z-bike.ch\/wp-content\/uploads\/2023\/07\/logo_z-bike_ori.svg\",\"width\":1,\"height\":1,\"caption\":\"Z-Bike\"},\"image\":{\"@id\":\"https:\/\/z-bike.ch\/#\/schema\/logo\/image\/\"},\"sameAs\":[\"https:\/\/www.facebook.com\/zbikelugano\",\"https:\/\/www.instagram.com\/zbike.ebike\"]}]}<\/script>\n<!-- \/ Yoast SEO plugin. -->","yoast_head_json":{"title":"Whistle b rush - Z-Bike","robots":{"index":"index","follow":"follow","max-snippet":"max-snippet:-1","max-image-preview":"max-image-preview:large","max-video-preview":"max-video-preview:-1"},"canonical":"https:\/\/z-bike.ch\/de\/shop\/gebraucht\/whistle-b-rush\/","og_locale":"de_DE","og_type":"article","og_title":"Whistle b rush - Z-Bike","og_description":"Diese Whistle B-Rush mit 750Wh und 1287 km ist ein exzellentes Angebot, das die Power des Bosch-Motors mit einer erstklassigen Ausstattung kombiniert. Dank des Upgrades auf DT Swiss 1700 Laufr\u00e4der und der GX AXS Schaltung gewinnt das Bike an elektronischer Pr\u00e4zision sowie professioneller Robustheit und ist somit f\u00fcr jede Herausforderung bereit.","og_url":"https:\/\/z-bike.ch\/de\/shop\/gebraucht\/whistle-b-rush\/","og_site_name":"Z-Bike","article_publisher":"https:\/\/www.facebook.com\/zbikelugano","article_modified_time":"2026-05-08T15:00:43+00:00","og_image":[{"width":1440,"height":1920,"url":"https:\/\/z-bike.ch\/wp-content\/uploads\/2026\/05\/20260506_165009.jpg.jpg","type":"image\/jpeg"}],"twitter_card":"summary_large_image","twitter_misc":{"Gesch\u00e4tzte Lesezeit":"1\u00a0Minute"},"schema":{"@context":"https:\/\/schema.org","@graph":[{"@type":"WebPage","@id":"https:\/\/z-bike.ch\/de\/shop\/gebraucht\/whistle-b-rush\/","url":"https:\/\/z-bike.ch\/de\/shop\/gebraucht\/whistle-b-rush\/","name":"Whistle b rush - Z-Bike","isPartOf":{"@id":"https:\/\/z-bike.ch\/#website"},"primaryImageOfPage":{"@id":"https:\/\/z-bike.ch\/de\/shop\/gebraucht\/whistle-b-rush\/#primaryimage"},"image":{"@id":"https:\/\/z-bike.ch\/de\/shop\/gebraucht\/whistle-b-rush\/#primaryimage"},"thumbnailUrl":"https:\/\/z-bike.ch\/wp-content\/uploads\/2026\/05\/20260506_165009.jpg.jpg","datePublished":"2026-05-08T08:19:45+00:00","dateModified":"2026-05-08T15:00:43+00:00","breadcrumb":{"@id":"https:\/\/z-bike.ch\/de\/shop\/gebraucht\/whistle-b-rush\/#breadcrumb"},"inLanguage":"de","potentialAction":[{"@type":"ReadAction","target":["https:\/\/z-bike.ch\/de\/shop\/gebraucht\/whistle-b-rush\/"]}]},{"@type":"ImageObject","inLanguage":"de","@id":"https:\/\/z-bike.ch\/de\/shop\/gebraucht\/whistle-b-rush\/#primaryimage","url":"https:\/\/z-bike.ch\/wp-content\/uploads\/2026\/05\/20260506_165009.jpg.jpg","contentUrl":"https:\/\/z-bike.ch\/wp-content\/uploads\/2026\/05\/20260506_165009.jpg.jpg","width":1440,"height":1920},{"@type":"BreadcrumbList","@id":"https:\/\/z-bike.ch\/de\/shop\/gebraucht\/whistle-b-rush\/#breadcrumb","itemListElement":[{"@type":"ListItem","position":1,"name":"Home","item":"https:\/\/z-bike.ch\/de\/"},{"@type":"ListItem","position":2,"name":"Shop","item":"https:\/\/z-bike.ch\/de\/shop-3\/"},{"@type":"ListItem","position":3,"name":"Whistle b rush"}]},{"@type":"WebSite","@id":"https:\/\/z-bike.ch\/#website","url":"https:\/\/z-bike.ch\/","name":"Z-Bike","description":"Bici Elettriche Online Svizzera: Miglior Prezzo | Consegna Rapida","publisher":{"@id":"https:\/\/z-bike.ch\/#organization"},"alternateName":"ZBike","potentialAction":[{"@type":"SearchAction","target":{"@type":"EntryPoint","urlTemplate":"https:\/\/z-bike.ch\/?s={search_term_string}"},"query-input":{"@type":"PropertyValueSpecification","valueRequired":true,"valueName":"search_term_string"}}],"inLanguage":"de"},{"@type":"Organization","@id":"https:\/\/z-bike.ch\/#organization","name":"Z-Bike","url":"https:\/\/z-bike.ch\/","logo":{"@type":"ImageObject","inLanguage":"de","@id":"https:\/\/z-bike.ch\/#\/schema\/logo\/image\/","url":"https:\/\/z-bike.ch\/wp-content\/uploads\/2023\/07\/logo_z-bike_ori.svg","contentUrl":"https:\/\/z-bike.ch\/wp-content\/uploads\/2023\/07\/logo_z-bike_ori.svg","width":1,"height":1,"caption":"Z-Bike"},"image":{"@id":"https:\/\/z-bike.ch\/#\/schema\/logo\/image\/"},"sameAs":["https:\/\/www.facebook.com\/zbikelugano","https:\/\/www.instagram.com\/zbike.ebike"]}]}},"_links":{"self":[{"href":"https:\/\/z-bike.ch\/de\/wp-json\/wp\/v2\/product\/129309"}],"collection":[{"href":"https:\/\/z-bike.ch\/de\/wp-json\/wp\/v2\/product"}],"about":[{"href":"https:\/\/z-bike.ch\/de\/wp-json\/wp\/v2\/types\/product"}],"replies":[{"embeddable":true,"href":"https:\/\/z-bike.ch\/de\/wp-json\/wp\/v2\/comments?post=129309"}],"wp:featuredmedia":[{"embeddable":true,"href":"https:\/\/z-bike.ch\/de\/wp-json\/wp\/v2\/media\/129286"}],"wp:attachment":[{"href":"https:\/\/z-bike.ch\/de\/wp-json\/wp\/v2\/media?parent=129309"}],"wp:term":[{"taxonomy":"product_cat","embeddable":true,"href":"https:\/\/z-bike.ch\/de\/wp-json\/wp\/v2\/product_cat?post=129309"},{"taxonomy":"product_tag","embeddable":true,"href":"https:\/\/z-bike.ch\/de\/wp-json\/wp\/v2\/product_tag?post=129309"}],"curies":[{"name":"wp","href":"https:\/\/api.w.org\/{rel}","templated":true}]}}