{"id":129329,"date":"2026-05-08T16:43:48","date_gmt":"2026-05-08T14:43:48","guid":{"rendered":"https:\/\/z-bike.ch\/shop\/unkategorisiert\/scor-4060-z\/"},"modified":"2026-05-08T16:47:45","modified_gmt":"2026-05-08T14:47:45","slug":"scor-4060-z","status":"publish","type":"product","link":"https:\/\/z-bike.ch\/de\/shop\/gebraucht\/scor-4060-z\/","title":{"rendered":"Scor 4060 Z"},"content":{"rendered":"","protected":false},"excerpt":{"rendered":"<p>Dieses Scor 4060 Z (Ref. T: 22-M23I0327) wird in einem Zustand wie neu angeboten und ist als \u201eDemo-Modell\u201c aus unserem Bestand klassifiziert. Mit nur 211 km Laufleistung wurde das Bike ausschlie\u00dflich f\u00fcr kurze Vorf\u00fchrfahrten genutzt, wodurch Optik und Funktionalit\u00e4t eines fabrikneuen Fahrrads zu einem exklusiven Preis garantiert sind.<\/p>\n","protected":false},"featured_media":129328,"comment_status":"open","ping_status":"closed","template":"","meta":[],"product_cat":[529],"product_tag":[],"yoast_head":"<!-- This site is optimized with the Yoast SEO plugin v23.6 - https:\/\/yoast.com\/wordpress\/plugins\/seo\/ -->\n<title>Scor 4060 Z - Z-Bike<\/title>\n<meta name=\"robots\" content=\"index, follow, max-snippet:-1, max-image-preview:large, max-video-preview:-1\" \/>\n<link rel=\"canonical\" href=\"https:\/\/z-bike.ch\/de\/shop\/gebraucht\/scor-4060-z\/\" \/>\n<meta property=\"og:locale\" content=\"de_DE\" \/>\n<meta property=\"og:type\" content=\"article\" \/>\n<meta property=\"og:title\" content=\"Scor 4060 Z - Z-Bike\" \/>\n<meta property=\"og:description\" content=\"Dieses Scor 4060 Z (Ref. T: 22-M23I0327) wird in einem Zustand wie neu angeboten und ist als \u201eDemo-Modell\u201c aus unserem Bestand klassifiziert. Mit nur 211 km Laufleistung wurde das Bike ausschlie\u00dflich f\u00fcr kurze Vorf\u00fchrfahrten genutzt, wodurch Optik und Funktionalit\u00e4t eines fabrikneuen Fahrrads zu einem exklusiven Preis garantiert sind.\" \/>\n<meta property=\"og:url\" content=\"https:\/\/z-bike.ch\/de\/shop\/gebraucht\/scor-4060-z\/\" \/>\n<meta property=\"og:site_name\" content=\"Z-Bike\" \/>\n<meta property=\"article:publisher\" content=\"https:\/\/www.facebook.com\/zbikelugano\" \/>\n<meta property=\"article:modified_time\" content=\"2026-05-08T14:47:45+00:00\" \/>\n<meta property=\"og:image\" content=\"https:\/\/z-bike.ch\/wp-content\/uploads\/2026\/05\/IMG_20260508_114936.jpg.jpg\" \/>\n\t<meta property=\"og:image:width\" content=\"1920\" \/>\n\t<meta property=\"og:image:height\" content=\"1446\" \/>\n\t<meta property=\"og:image:type\" content=\"image\/jpeg\" \/>\n<meta name=\"twitter:card\" content=\"summary_large_image\" \/>\n<meta name=\"twitter:label1\" content=\"Gesch\u00e4tzte Lesezeit\" \/>\n\t<meta name=\"twitter:data1\" content=\"1\u00a0Minute\" \/>\n<script type=\"application\/ld+json\" class=\"yoast-schema-graph\">{\"@context\":\"https:\/\/schema.org\",\"@graph\":[{\"@type\":\"WebPage\",\"@id\":\"https:\/\/z-bike.ch\/de\/shop\/gebraucht\/scor-4060-z\/\",\"url\":\"https:\/\/z-bike.ch\/de\/shop\/gebraucht\/scor-4060-z\/\",\"name\":\"Scor 4060 Z - Z-Bike\",\"isPartOf\":{\"@id\":\"https:\/\/z-bike.ch\/#website\"},\"primaryImageOfPage\":{\"@id\":\"https:\/\/z-bike.ch\/de\/shop\/gebraucht\/scor-4060-z\/#primaryimage\"},\"image\":{\"@id\":\"https:\/\/z-bike.ch\/de\/shop\/gebraucht\/scor-4060-z\/#primaryimage\"},\"thumbnailUrl\":\"https:\/\/z-bike.ch\/wp-content\/uploads\/2026\/05\/IMG_20260508_114936.jpg.jpg\",\"datePublished\":\"2026-05-08T14:43:48+00:00\",\"dateModified\":\"2026-05-08T14:47:45+00:00\",\"breadcrumb\":{\"@id\":\"https:\/\/z-bike.ch\/de\/shop\/gebraucht\/scor-4060-z\/#breadcrumb\"},\"inLanguage\":\"de\",\"potentialAction\":[{\"@type\":\"ReadAction\",\"target\":[\"https:\/\/z-bike.ch\/de\/shop\/gebraucht\/scor-4060-z\/\"]}]},{\"@type\":\"ImageObject\",\"inLanguage\":\"de\",\"@id\":\"https:\/\/z-bike.ch\/de\/shop\/gebraucht\/scor-4060-z\/#primaryimage\",\"url\":\"https:\/\/z-bike.ch\/wp-content\/uploads\/2026\/05\/IMG_20260508_114936.jpg.jpg\",\"contentUrl\":\"https:\/\/z-bike.ch\/wp-content\/uploads\/2026\/05\/IMG_20260508_114936.jpg.jpg\",\"width\":1920,\"height\":1446},{\"@type\":\"BreadcrumbList\",\"@id\":\"https:\/\/z-bike.ch\/de\/shop\/gebraucht\/scor-4060-z\/#breadcrumb\",\"itemListElement\":[{\"@type\":\"ListItem\",\"position\":1,\"name\":\"Home\",\"item\":\"https:\/\/z-bike.ch\/de\/\"},{\"@type\":\"ListItem\",\"position\":2,\"name\":\"Shop\",\"item\":\"https:\/\/z-bike.ch\/de\/shop-3\/\"},{\"@type\":\"ListItem\",\"position\":3,\"name\":\"Scor 4060 Z\"}]},{\"@type\":\"WebSite\",\"@id\":\"https:\/\/z-bike.ch\/#website\",\"url\":\"https:\/\/z-bike.ch\/\",\"name\":\"Z-Bike\",\"description\":\"Bici Elettriche Online Svizzera: Miglior Prezzo | Consegna Rapida\",\"publisher\":{\"@id\":\"https:\/\/z-bike.ch\/#organization\"},\"alternateName\":\"ZBike\",\"potentialAction\":[{\"@type\":\"SearchAction\",\"target\":{\"@type\":\"EntryPoint\",\"urlTemplate\":\"https:\/\/z-bike.ch\/?s={search_term_string}\"},\"query-input\":{\"@type\":\"PropertyValueSpecification\",\"valueRequired\":true,\"valueName\":\"search_term_string\"}}],\"inLanguage\":\"de\"},{\"@type\":\"Organization\",\"@id\":\"https:\/\/z-bike.ch\/#organization\",\"name\":\"Z-Bike\",\"url\":\"https:\/\/z-bike.ch\/\",\"logo\":{\"@type\":\"ImageObject\",\"inLanguage\":\"de\",\"@id\":\"https:\/\/z-bike.ch\/#\/schema\/logo\/image\/\",\"url\":\"https:\/\/z-bike.ch\/wp-content\/uploads\/2023\/07\/logo_z-bike_ori.svg\",\"contentUrl\":\"https:\/\/z-bike.ch\/wp-content\/uploads\/2023\/07\/logo_z-bike_ori.svg\",\"width\":1,\"height\":1,\"caption\":\"Z-Bike\"},\"image\":{\"@id\":\"https:\/\/z-bike.ch\/#\/schema\/logo\/image\/\"},\"sameAs\":[\"https:\/\/www.facebook.com\/zbikelugano\",\"https:\/\/www.instagram.com\/zbike.ebike\"]}]}<\/script>\n<!-- \/ Yoast SEO plugin. -->","yoast_head_json":{"title":"Scor 4060 Z - Z-Bike","robots":{"index":"index","follow":"follow","max-snippet":"max-snippet:-1","max-image-preview":"max-image-preview:large","max-video-preview":"max-video-preview:-1"},"canonical":"https:\/\/z-bike.ch\/de\/shop\/gebraucht\/scor-4060-z\/","og_locale":"de_DE","og_type":"article","og_title":"Scor 4060 Z - Z-Bike","og_description":"Dieses Scor 4060 Z (Ref. T: 22-M23I0327) wird in einem Zustand wie neu angeboten und ist als \u201eDemo-Modell\u201c aus unserem Bestand klassifiziert. Mit nur 211 km Laufleistung wurde das Bike ausschlie\u00dflich f\u00fcr kurze Vorf\u00fchrfahrten genutzt, wodurch Optik und Funktionalit\u00e4t eines fabrikneuen Fahrrads zu einem exklusiven Preis garantiert sind.","og_url":"https:\/\/z-bike.ch\/de\/shop\/gebraucht\/scor-4060-z\/","og_site_name":"Z-Bike","article_publisher":"https:\/\/www.facebook.com\/zbikelugano","article_modified_time":"2026-05-08T14:47:45+00:00","og_image":[{"width":1920,"height":1446,"url":"https:\/\/z-bike.ch\/wp-content\/uploads\/2026\/05\/IMG_20260508_114936.jpg.jpg","type":"image\/jpeg"}],"twitter_card":"summary_large_image","twitter_misc":{"Gesch\u00e4tzte Lesezeit":"1\u00a0Minute"},"schema":{"@context":"https:\/\/schema.org","@graph":[{"@type":"WebPage","@id":"https:\/\/z-bike.ch\/de\/shop\/gebraucht\/scor-4060-z\/","url":"https:\/\/z-bike.ch\/de\/shop\/gebraucht\/scor-4060-z\/","name":"Scor 4060 Z - Z-Bike","isPartOf":{"@id":"https:\/\/z-bike.ch\/#website"},"primaryImageOfPage":{"@id":"https:\/\/z-bike.ch\/de\/shop\/gebraucht\/scor-4060-z\/#primaryimage"},"image":{"@id":"https:\/\/z-bike.ch\/de\/shop\/gebraucht\/scor-4060-z\/#primaryimage"},"thumbnailUrl":"https:\/\/z-bike.ch\/wp-content\/uploads\/2026\/05\/IMG_20260508_114936.jpg.jpg","datePublished":"2026-05-08T14:43:48+00:00","dateModified":"2026-05-08T14:47:45+00:00","breadcrumb":{"@id":"https:\/\/z-bike.ch\/de\/shop\/gebraucht\/scor-4060-z\/#breadcrumb"},"inLanguage":"de","potentialAction":[{"@type":"ReadAction","target":["https:\/\/z-bike.ch\/de\/shop\/gebraucht\/scor-4060-z\/"]}]},{"@type":"ImageObject","inLanguage":"de","@id":"https:\/\/z-bike.ch\/de\/shop\/gebraucht\/scor-4060-z\/#primaryimage","url":"https:\/\/z-bike.ch\/wp-content\/uploads\/2026\/05\/IMG_20260508_114936.jpg.jpg","contentUrl":"https:\/\/z-bike.ch\/wp-content\/uploads\/2026\/05\/IMG_20260508_114936.jpg.jpg","width":1920,"height":1446},{"@type":"BreadcrumbList","@id":"https:\/\/z-bike.ch\/de\/shop\/gebraucht\/scor-4060-z\/#breadcrumb","itemListElement":[{"@type":"ListItem","position":1,"name":"Home","item":"https:\/\/z-bike.ch\/de\/"},{"@type":"ListItem","position":2,"name":"Shop","item":"https:\/\/z-bike.ch\/de\/shop-3\/"},{"@type":"ListItem","position":3,"name":"Scor 4060 Z"}]},{"@type":"WebSite","@id":"https:\/\/z-bike.ch\/#website","url":"https:\/\/z-bike.ch\/","name":"Z-Bike","description":"Bici Elettriche Online Svizzera: Miglior Prezzo | Consegna Rapida","publisher":{"@id":"https:\/\/z-bike.ch\/#organization"},"alternateName":"ZBike","potentialAction":[{"@type":"SearchAction","target":{"@type":"EntryPoint","urlTemplate":"https:\/\/z-bike.ch\/?s={search_term_string}"},"query-input":{"@type":"PropertyValueSpecification","valueRequired":true,"valueName":"search_term_string"}}],"inLanguage":"de"},{"@type":"Organization","@id":"https:\/\/z-bike.ch\/#organization","name":"Z-Bike","url":"https:\/\/z-bike.ch\/","logo":{"@type":"ImageObject","inLanguage":"de","@id":"https:\/\/z-bike.ch\/#\/schema\/logo\/image\/","url":"https:\/\/z-bike.ch\/wp-content\/uploads\/2023\/07\/logo_z-bike_ori.svg","contentUrl":"https:\/\/z-bike.ch\/wp-content\/uploads\/2023\/07\/logo_z-bike_ori.svg","width":1,"height":1,"caption":"Z-Bike"},"image":{"@id":"https:\/\/z-bike.ch\/#\/schema\/logo\/image\/"},"sameAs":["https:\/\/www.facebook.com\/zbikelugano","https:\/\/www.instagram.com\/zbike.ebike"]}]}},"_links":{"self":[{"href":"https:\/\/z-bike.ch\/de\/wp-json\/wp\/v2\/product\/129329"}],"collection":[{"href":"https:\/\/z-bike.ch\/de\/wp-json\/wp\/v2\/product"}],"about":[{"href":"https:\/\/z-bike.ch\/de\/wp-json\/wp\/v2\/types\/product"}],"replies":[{"embeddable":true,"href":"https:\/\/z-bike.ch\/de\/wp-json\/wp\/v2\/comments?post=129329"}],"wp:featuredmedia":[{"embeddable":true,"href":"https:\/\/z-bike.ch\/de\/wp-json\/wp\/v2\/media\/129328"}],"wp:attachment":[{"href":"https:\/\/z-bike.ch\/de\/wp-json\/wp\/v2\/media?parent=129329"}],"wp:term":[{"taxonomy":"product_cat","embeddable":true,"href":"https:\/\/z-bike.ch\/de\/wp-json\/wp\/v2\/product_cat?post=129329"},{"taxonomy":"product_tag","embeddable":true,"href":"https:\/\/z-bike.ch\/de\/wp-json\/wp\/v2\/product_tag?post=129329"}],"curies":[{"name":"wp","href":"https:\/\/api.w.org\/{rel}","templated":true}]}}